{"id":125,"date":"2017-01-30T13:03:56","date_gmt":"2017-01-30T11:03:56","guid":{"rendered":"http:\/\/cmcfinland.iwn.co?page_id=125"},"modified":"2023-12-18T09:54:01","modified_gmt":"2023-12-18T07:54:01","slug":"working-papers","status":"publish","type":"page","link":"https:\/\/www.cmcfinland.fi\/en\/what-we-do\/research-and-development\/publications\/working-papers\/","title":{"rendered":"Working papers"},"content":{"rendered":"<p>CMC Finland Working Papers analyse civilian contributions to peace operations and include recommendations for developing practical capabilities and improving effectiveness.<\/p>\n<p><a href=\"https:\/\/www.cmcfinland.fi\/wp-content\/uploads\/2023\/12\/32357252-CMC-Working-Papers-4_2023_web.pdf\" target=\"_blank\" rel=\"noopener\">Inklusiivinen rauha osana konfliktinratkaisua?<\/a><br \/>\nCMC Finland Working Papers, Vol 11: No. 4\/2023<br \/>\n<em>Sanna Valtonen &amp; Anisa Doty<\/em><\/p>\n<p><a href=\"https:\/\/www.cmcfinland.fi\/wp-content\/uploads\/2023\/06\/CMC-Three-steps-to-evaluating-effectiviness-WEB.pdf\" target=\"_blank\" rel=\"noopener\">Three Steps to Evaluating Effectiviness &#8211; Learning from Finnish Reports on Afghanistan<\/a><br \/>\nCMC Finland Working Papers, Vol 11: No. 3\/2023<br \/>\n<em>Jyrki Ruohom\u00e4ki &amp; Johanna Hakanen<\/em><\/p>\n<p><a href=\"https:\/\/www.cmcfinland.fi\/wp-content\/uploads\/2023\/03\/FINAL_CMC-Crisis-Management-from-a-Legal-Perspective-WEB-version.pdf\">\u00a0Crisis Management from a Legal Perspective; Finnish Crisis Management Framework within the EU<\/a><br \/>\nCMC Finland Working Papers, Vol 11: No. 2\/2023<br \/>\n<em>Sini Kuutamo<\/em><\/p>\n<p><a href=\"https:\/\/www.cmcfinland.fi\/wp-content\/uploads\/2023\/02\/FINAL_CMC-Systems-approaches-to-peace-operations-WEB-versio.pdf\" target=\"_blank\" rel=\"noopener\">Systems Approaches to Peace Operations<\/a><br \/>\nCMC Finland Working Papers, Vol 11: No. 1\/2023<br \/>\n<em>Saila Tykkyl\u00e4inen, Antti Karjalainen, Emery Brusset &amp; Pasi Hario<\/em><\/p>\n<p><a href=\"https:\/\/www.cmcfinland.fi\/wp-content\/uploads\/2022\/10\/2204415-CMC-Reflection-in-aid-of-interactionbuilding_WEB.pdf\">Reflection in Aid of Interaction &#8211; Building a Shared Understanding in Civilian Crisis Management\u00a0<\/a><br \/>\nCMC Finland Working Papers, Vol 10: No 1\/2022<br \/>\n<em>Miia Pylv\u00e4n\u00e4inen<\/em><\/p>\n<p><a href=\"https:\/\/www.cmcfinland.fi\/wp-content\/uploads\/2021\/02\/CMC-Finland-Working-Papers__Series-1-2021-WEB-2.pdf\">Kansainv\u00e4lisen kriisinhallinnan k\u00e4sitteellist\u00e4minen Suomessa, pdf<\/a><br \/>\nCMC Finland Working Papers, Vol 9: No 1\/2021<br \/>\n<em>Elina Nyholm<\/em><\/p>\n<p><a href=\"https:\/\/www.cmcfinland.fi\/wp-content\/uploads\/2020\/10\/CMC-Finland-Working-Papers__Series-1-WEB-SAAVUTETTAVA.pdf\" target=\"_blank\" rel=\"noopener noreferrer\">The Road to 40%: Recruiting Women in Finnish Civilian Crisis Management<\/a><br \/>\nCMC Finland Working Papers, Vol 8: No 1\/2020<br \/>\n<em>Ville Savoranta &amp; Kati Pitk\u00e4j\u00e4rvi<\/em><\/p>\n<p><span class=\"pdf fileinfo\"><a href=\"\/wp-content\/uploads\/2017\/01\/64781_Suomalaisten_siviilikriisinhallinnan_asiantuntijoiden_kokemuksia_vaikuttavuu-1.pdf\" target=\"_blank\" rel=\"noopener\"><u><span style=\"color: #0066cc;\">Suomalaisten siviilikriisinhallinnan asiantuntijoiden kokemuksia vaikuttavuudesta<\/span><\/u><\/a><\/span><br \/>\nCMC Finland Working Papers, Vol 7: No. 1\/2015<br \/>\n<em>Erkki M\u00e4ntym\u00e4ki<br \/>\nEditor-in-chief<\/em><br \/>\n<u><\/u><\/p>\n<p><span class=\"pdf fileinfo\"><a href=\"\/wp-content\/uploads\/2017\/01\/64781_Suomalaisten_siviilikriisinhallinnan_asiantuntijoiden_kokemuksia_vaikuttavuu-1.pdf\" target=\"_blank\" rel=\"noopener\"><u><span style=\"color: #0066cc;\">A Gender perspective in civilian crisis management: Experiences of Finnish Experts from the Field<\/span><\/u><\/a><\/span><br \/>\nCMC Finland Working Papers, Vol. 6: No. 2\/2012<br \/>\n<em>Anne M\u00e4ki-Rahkola &amp; Annika Launiala<\/em><br \/>\n<u><\/u><\/p>\n<p><span class=\"pdf fileinfo\"><a href=\"\/wp-content\/uploads\/2017\/01\/41598_WP-2011-1_Matine-1.pdf\" target=\"_blank\" rel=\"noopener\"><u><span style=\"color: #0066cc;\">Assessment of Finnish SSR Expertise in the Security Sector Reform in Afghanistan<\/span><\/u><\/a><\/span><br \/>\nCMC Finland Working Papers, Vol. 5: No. 1\/2011<br \/>\n<em>CMC Finland &amp; FINCENT<\/em><br \/>\nResearch Days 2010, Seminar Publication<br \/>\nCMC Finland Working Papers, Vol. 4: No. 2\/2010<br \/>\n<em>Meghan Riley<br \/>\nEditor-in-chief<\/em><br \/>\n<u><\/u><\/p>\n<p><span class=\"pdf fileinfo\"><a href=\"\/wp-content\/uploads\/2017\/01\/41600_WP-2010-1_KOVA-1.pdf\" target=\"_blank\" rel=\"noopener\"><u><span style=\"color: #0066cc;\">Kokonaisvaltainen kriisinhallinta &#8211; kenen asialla, kenen hyv\u00e4ksi? Seminaariraportti<\/span><\/u><\/a><\/span><br \/>\nCMC Finland Working Papers, Vol. 4: No. 1\/2010<br \/>\n<em>Jari Mustonen<br \/>\nEditor-in-chief<\/em><br \/>\n<u><\/u><\/p>\n<p><span class=\"pdf fileinfo\"><a href=\"\/wp-content\/uploads\/2017\/01\/41601_WP-2009-2_Matine-1.pdf\" target=\"_blank\" rel=\"noopener\"><u><span style=\"color: #0066cc;\">Kriisinhallinnan asiantuntijuus muutoksessa: siviili- ja sotlasteht\u00e4vien rajapinnat sek\u00e4 identiteetti<\/span><\/u><\/a><\/span><br \/>\nCMC Finland Working Papers, Vol. 3: No. 2\/2009<br \/>\n<em>CMC Finland &amp; TAPRI<\/em><br \/>\n<u><\/u><\/p>\n<p><span class=\"pdf fileinfo\"><a href=\"\/wp-content\/uploads\/2017\/01\/41602_WP-2009-1_Research_Days-1.pdf\" target=\"_blank\" rel=\"noopener\"><u><span style=\"color: #0066cc;\">Research Days 2009, Seminar Publication<\/span><\/u><\/a><\/span><br \/>\nCMC Finland Working Papers, Vol. 3: No. 1\/2009<br \/>\n<em>Kirsi Henriksson<br \/>\nEditor-in-chief<\/em><br \/>\n<u><\/u><\/p>\n<p><span class=\"pdf fileinfo\"><a href=\"\/wp-content\/uploads\/2017\/01\/41603_WP-2008-1_Rountable_Gender-1.pdf\" target=\"_blank\" rel=\"noopener\"><u><span style=\"color: #0066cc;\">Roundtable on Gender in Conflict and Crisis Management, Seminar Publication<\/span><\/u><\/a><\/span><br \/>\nCMC Finland Working Papers, Vol. 2: No. 1\/2008<br \/>\n<em>Kirsi Henriksson<br \/>\nEditor-in-chief<\/em><br \/>\n<u><\/u><\/p>\n<p><span class=\"pdf fileinfo\"><a href=\"\/wp-content\/uploads\/2017\/01\/41604_WP-2007-3_siviili-sotilas-1.pdf\" target=\"_blank\" rel=\"noopener\"><u><span style=\"color: #0066cc;\">Siviili-sotilasyhteistoiminta kansainv\u00e4lisess\u00e4 kriisinhallinnassa, seminaarikooste<\/span><\/u><\/a><\/span><br \/>\nCMC Finland Working Papers, Vol.1: No. 3\/2007<br \/>\n<em>Jari Mustonen<br \/>\nEditor-in-chief<\/em><br \/>\n<u><\/u><\/p>\n<p><span class=\"pdf fileinfo\"><a href=\"\/wp-content\/uploads\/2017\/01\/41605_WP-2007-2_environment-1.pdf\" target=\"_blank\" rel=\"noopener\"><u><span style=\"color: #0066cc;\">Round Table on Crises and Environment, Seminar Publication<\/span><\/u><\/a><\/span><br \/>\nCMC Finland Working Papers, Vol. 1: No. 2\/2007<br \/>\n<em>Kirsi Henriksson<br \/>\nEditor-in-chief<\/em><br \/>\n<u><\/u><\/p>\n<p><span class=\"pdf fileinfo\"><a href=\"\/wp-content\/uploads\/2017\/01\/41606_WP-2007-1_BEAR-1.pdf\" target=\"_blank\" rel=\"noopener\"><u><span style=\"color: #0066cc;\">Barents Rescue 2007, Seminar Publication<\/span><\/u><\/a><\/span><br \/>\nCMC Finland Working Papers, Vol. 1: No. 1\/2007<br \/>\n<em>Petteri Taitto<br \/>\nEditor-in-chief<\/em><\/p>\n","protected":false},"excerpt":{"rendered":"<p>CMC Finland Working Papers analyse civilian contributions to peace operations and include recommendations for developing practical capabilities and improving effectiveness. Inklusiivinen rauha osana konfliktinratkaisua? CMC Finland Working Papers, Vol 11: No. 4\/2023 Sanna Valtonen &amp; Anisa Doty Three Steps to Evaluating Effectiviness &#8211; Learning from Finnish Reports on Afghanistan CMC Finland Working Papers, Vol 11: &#8230; <a title=\"Working papers\" class=\"read-more\" href=\"https:\/\/www.cmcfinland.fi\/en\/what-we-do\/research-and-development\/publications\/working-papers\/\" aria-label=\"Read more about Working papers\">Read more<\/a><\/p>\n","protected":false},"author":1,"featured_media":0,"parent":1819,"menu_order":0,"comment_status":"closed","ping_status":"closed","template":"","meta":{"_acf_changed":false,"_relevanssi_hide_post":"","_relevanssi_hide_content":"","_relevanssi_pin_for_all":"","_relevanssi_pin_keywords":"","_relevanssi_unpin_keywords":"","_relevanssi_related_keywords":"","_relevanssi_related_include_ids":"","_relevanssi_related_exclude_ids":"","_relevanssi_related_no_append":"","_relevanssi_related_not_related":"","_relevanssi_related_posts":"","_relevanssi_noindex_reason":"","footnotes":""},"class_list":["post-125","page","type-page","status-publish"],"acf":[],"yoast_head":"<!-- This site is optimized with the Yoast SEO plugin v27.4 - https:\/\/yoast.com\/product\/yoast-seo-wordpress\/ -->\n<title>Working papers - CMC Finland<\/title>\n<meta name=\"robots\" content=\"index, follow, max-snippet:-1, max-image-preview:large, max-video-preview:-1\" \/>\n<link rel=\"canonical\" href=\"https:\/\/www.cmcfinland.fi\/en\/what-we-do\/research-and-development\/publications\/working-papers\/\" \/>\n<meta property=\"og:locale\" content=\"en_US\" \/>\n<meta property=\"og:type\" content=\"article\" \/>\n<meta property=\"og:title\" content=\"Working papers - CMC Finland\" \/>\n<meta property=\"og:description\" content=\"CMC Finland Working Papers analyse civilian contributions to peace operations and include recommendations for developing practical capabilities and improving effectiveness. Inklusiivinen rauha osana konfliktinratkaisua? CMC Finland Working Papers, Vol 11: No. 4\/2023 Sanna Valtonen &amp; Anisa Doty Three Steps to Evaluating Effectiviness &#8211; Learning from Finnish Reports on Afghanistan CMC Finland Working Papers, Vol 11: ... Read more\" \/>\n<meta property=\"og:url\" content=\"https:\/\/www.cmcfinland.fi\/en\/what-we-do\/research-and-development\/publications\/working-papers\/\" \/>\n<meta property=\"og:site_name\" content=\"CMC Finland\" \/>\n<meta property=\"article:publisher\" content=\"https:\/\/www.facebook.com\/cmc.finland\/\" \/>\n<meta property=\"article:modified_time\" content=\"2023-12-18T07:54:01+00:00\" \/>\n<meta name=\"twitter:card\" content=\"summary_large_image\" \/>\n<meta name=\"twitter:site\" content=\"@CMCFinland\" \/>\n<meta name=\"twitter:label1\" content=\"Est. reading time\" \/>\n\t<meta name=\"twitter:data1\" content=\"3 minutes\" \/>\n<script type=\"application\/ld+json\" class=\"yoast-schema-graph\">{\"@context\":\"https:\\\/\\\/schema.org\",\"@graph\":[{\"@type\":\"WebPage\",\"@id\":\"https:\\\/\\\/www.cmcfinland.fi\\\/en\\\/what-we-do\\\/research-and-development\\\/publications\\\/working-papers\\\/\",\"url\":\"https:\\\/\\\/www.cmcfinland.fi\\\/en\\\/what-we-do\\\/research-and-development\\\/publications\\\/working-papers\\\/\",\"name\":\"Working papers - CMC Finland\",\"isPartOf\":{\"@id\":\"https:\\\/\\\/www.cmcfinland.fi\\\/#website\"},\"datePublished\":\"2017-01-30T11:03:56+00:00\",\"dateModified\":\"2023-12-18T07:54:01+00:00\",\"breadcrumb\":{\"@id\":\"https:\\\/\\\/www.cmcfinland.fi\\\/en\\\/what-we-do\\\/research-and-development\\\/publications\\\/working-papers\\\/#breadcrumb\"},\"inLanguage\":\"en-US\",\"potentialAction\":[{\"@type\":\"ReadAction\",\"target\":[\"https:\\\/\\\/www.cmcfinland.fi\\\/en\\\/what-we-do\\\/research-and-development\\\/publications\\\/working-papers\\\/\"]}]},{\"@type\":\"BreadcrumbList\",\"@id\":\"https:\\\/\\\/www.cmcfinland.fi\\\/en\\\/what-we-do\\\/research-and-development\\\/publications\\\/working-papers\\\/#breadcrumb\",\"itemListElement\":[{\"@type\":\"ListItem\",\"position\":1,\"name\":\"Front page\",\"item\":\"https:\\\/\\\/www.cmcfinland.fi\\\/en\\\/\"},{\"@type\":\"ListItem\",\"position\":2,\"name\":\"What we do\",\"item\":\"https:\\\/\\\/www.cmcfinland.fi\\\/en\\\/what-we-do\\\/\"},{\"@type\":\"ListItem\",\"position\":3,\"name\":\"Research and development\",\"item\":\"https:\\\/\\\/www.cmcfinland.fi\\\/en\\\/what-we-do\\\/research-and-development\\\/\"},{\"@type\":\"ListItem\",\"position\":4,\"name\":\"Publications\",\"item\":\"https:\\\/\\\/www.cmcfinland.fi\\\/en\\\/what-we-do\\\/research-and-development\\\/publications\\\/\"},{\"@type\":\"ListItem\",\"position\":5,\"name\":\"Working papers\"}]},{\"@type\":\"WebSite\",\"@id\":\"https:\\\/\\\/www.cmcfinland.fi\\\/#website\",\"url\":\"https:\\\/\\\/www.cmcfinland.fi\\\/\",\"name\":\"CMC Finland\",\"description\":\"Kriisinhallintakeskus\",\"publisher\":{\"@id\":\"https:\\\/\\\/www.cmcfinland.fi\\\/#organization\"},\"potentialAction\":[{\"@type\":\"SearchAction\",\"target\":{\"@type\":\"EntryPoint\",\"urlTemplate\":\"https:\\\/\\\/www.cmcfinland.fi\\\/?s={search_term_string}\"},\"query-input\":{\"@type\":\"PropertyValueSpecification\",\"valueRequired\":true,\"valueName\":\"search_term_string\"}}],\"inLanguage\":\"en-US\"},{\"@type\":\"Organization\",\"@id\":\"https:\\\/\\\/www.cmcfinland.fi\\\/#organization\",\"name\":\"CMC Finland\",\"url\":\"https:\\\/\\\/www.cmcfinland.fi\\\/\",\"logo\":{\"@type\":\"ImageObject\",\"inLanguage\":\"en-US\",\"@id\":\"https:\\\/\\\/www.cmcfinland.fi\\\/#\\\/schema\\\/logo\\\/image\\\/\",\"url\":\"https:\\\/\\\/www.cmcfinland.fi\\\/wp-content\\\/uploads\\\/2024\\\/01\\\/CMC_finland_logo_musta.png\",\"contentUrl\":\"https:\\\/\\\/www.cmcfinland.fi\\\/wp-content\\\/uploads\\\/2024\\\/01\\\/CMC_finland_logo_musta.png\",\"width\":272,\"height\":88,\"caption\":\"CMC Finland\"},\"image\":{\"@id\":\"https:\\\/\\\/www.cmcfinland.fi\\\/#\\\/schema\\\/logo\\\/image\\\/\"},\"sameAs\":[\"https:\\\/\\\/www.facebook.com\\\/cmc.finland\\\/\",\"https:\\\/\\\/x.com\\\/CMCFinland\",\"https:\\\/\\\/www.instagram.com\\\/cmc.finland\\\/\",\"https:\\\/\\\/www.youtube.com\\\/channel\\\/UC49g1WmKq81Amw1ZUa5ZRKA\",\"https:\\\/\\\/www.linkedin.com\\\/company\\\/crisis-management-centre-cmc-finland\\\/\"]}]}<\/script>\n<!-- \/ Yoast SEO plugin. -->","yoast_head_json":{"title":"Working papers - CMC Finland","robots":{"index":"index","follow":"follow","max-snippet":"max-snippet:-1","max-image-preview":"max-image-preview:large","max-video-preview":"max-video-preview:-1"},"canonical":"https:\/\/www.cmcfinland.fi\/en\/what-we-do\/research-and-development\/publications\/working-papers\/","og_locale":"en_US","og_type":"article","og_title":"Working papers - CMC Finland","og_description":"CMC Finland Working Papers analyse civilian contributions to peace operations and include recommendations for developing practical capabilities and improving effectiveness. Inklusiivinen rauha osana konfliktinratkaisua? CMC Finland Working Papers, Vol 11: No. 4\/2023 Sanna Valtonen &amp; Anisa Doty Three Steps to Evaluating Effectiviness &#8211; Learning from Finnish Reports on Afghanistan CMC Finland Working Papers, Vol 11: ... Read more","og_url":"https:\/\/www.cmcfinland.fi\/en\/what-we-do\/research-and-development\/publications\/working-papers\/","og_site_name":"CMC Finland","article_publisher":"https:\/\/www.facebook.com\/cmc.finland\/","article_modified_time":"2023-12-18T07:54:01+00:00","twitter_card":"summary_large_image","twitter_site":"@CMCFinland","twitter_misc":{"Est. reading time":"3 minutes"},"schema":{"@context":"https:\/\/schema.org","@graph":[{"@type":"WebPage","@id":"https:\/\/www.cmcfinland.fi\/en\/what-we-do\/research-and-development\/publications\/working-papers\/","url":"https:\/\/www.cmcfinland.fi\/en\/what-we-do\/research-and-development\/publications\/working-papers\/","name":"Working papers - CMC Finland","isPartOf":{"@id":"https:\/\/www.cmcfinland.fi\/#website"},"datePublished":"2017-01-30T11:03:56+00:00","dateModified":"2023-12-18T07:54:01+00:00","breadcrumb":{"@id":"https:\/\/www.cmcfinland.fi\/en\/what-we-do\/research-and-development\/publications\/working-papers\/#breadcrumb"},"inLanguage":"en-US","potentialAction":[{"@type":"ReadAction","target":["https:\/\/www.cmcfinland.fi\/en\/what-we-do\/research-and-development\/publications\/working-papers\/"]}]},{"@type":"BreadcrumbList","@id":"https:\/\/www.cmcfinland.fi\/en\/what-we-do\/research-and-development\/publications\/working-papers\/#breadcrumb","itemListElement":[{"@type":"ListItem","position":1,"name":"Front page","item":"https:\/\/www.cmcfinland.fi\/en\/"},{"@type":"ListItem","position":2,"name":"What we do","item":"https:\/\/www.cmcfinland.fi\/en\/what-we-do\/"},{"@type":"ListItem","position":3,"name":"Research and development","item":"https:\/\/www.cmcfinland.fi\/en\/what-we-do\/research-and-development\/"},{"@type":"ListItem","position":4,"name":"Publications","item":"https:\/\/www.cmcfinland.fi\/en\/what-we-do\/research-and-development\/publications\/"},{"@type":"ListItem","position":5,"name":"Working papers"}]},{"@type":"WebSite","@id":"https:\/\/www.cmcfinland.fi\/#website","url":"https:\/\/www.cmcfinland.fi\/","name":"CMC Finland","description":"Kriisinhallintakeskus","publisher":{"@id":"https:\/\/www.cmcfinland.fi\/#organization"},"potentialAction":[{"@type":"SearchAction","target":{"@type":"EntryPoint","urlTemplate":"https:\/\/www.cmcfinland.fi\/?s={search_term_string}"},"query-input":{"@type":"PropertyValueSpecification","valueRequired":true,"valueName":"search_term_string"}}],"inLanguage":"en-US"},{"@type":"Organization","@id":"https:\/\/www.cmcfinland.fi\/#organization","name":"CMC Finland","url":"https:\/\/www.cmcfinland.fi\/","logo":{"@type":"ImageObject","inLanguage":"en-US","@id":"https:\/\/www.cmcfinland.fi\/#\/schema\/logo\/image\/","url":"https:\/\/www.cmcfinland.fi\/wp-content\/uploads\/2024\/01\/CMC_finland_logo_musta.png","contentUrl":"https:\/\/www.cmcfinland.fi\/wp-content\/uploads\/2024\/01\/CMC_finland_logo_musta.png","width":272,"height":88,"caption":"CMC Finland"},"image":{"@id":"https:\/\/www.cmcfinland.fi\/#\/schema\/logo\/image\/"},"sameAs":["https:\/\/www.facebook.com\/cmc.finland\/","https:\/\/x.com\/CMCFinland","https:\/\/www.instagram.com\/cmc.finland\/","https:\/\/www.youtube.com\/channel\/UC49g1WmKq81Amw1ZUa5ZRKA","https:\/\/www.linkedin.com\/company\/crisis-management-centre-cmc-finland\/"]}]}},"_links":{"self":[{"href":"https:\/\/www.cmcfinland.fi\/en\/wp-json\/wp\/v2\/pages\/125","targetHints":{"allow":["GET"]}}],"collection":[{"href":"https:\/\/www.cmcfinland.fi\/en\/wp-json\/wp\/v2\/pages"}],"about":[{"href":"https:\/\/www.cmcfinland.fi\/en\/wp-json\/wp\/v2\/types\/page"}],"author":[{"embeddable":true,"href":"https:\/\/www.cmcfinland.fi\/en\/wp-json\/wp\/v2\/users\/1"}],"replies":[{"embeddable":true,"href":"https:\/\/www.cmcfinland.fi\/en\/wp-json\/wp\/v2\/comments?post=125"}],"version-history":[{"count":14,"href":"https:\/\/www.cmcfinland.fi\/en\/wp-json\/wp\/v2\/pages\/125\/revisions"}],"predecessor-version":[{"id":18387,"href":"https:\/\/www.cmcfinland.fi\/en\/wp-json\/wp\/v2\/pages\/125\/revisions\/18387"}],"up":[{"embeddable":true,"href":"https:\/\/www.cmcfinland.fi\/en\/wp-json\/wp\/v2\/pages\/1819"}],"wp:attachment":[{"href":"https:\/\/www.cmcfinland.fi\/en\/wp-json\/wp\/v2\/media?parent=125"}],"curies":[{"name":"wp","href":"https:\/\/api.w.org\/{rel}","templated":true}]}}