{"id":21063,"date":"2024-01-25T10:37:14","date_gmt":"2024-01-25T08:37:14","guid":{"rendered":"https:\/\/cmc.iwn.co\/mita-teemme\/"},"modified":"2024-04-16T16:34:25","modified_gmt":"2024-04-16T13:34:25","slug":"what-we-do","status":"publish","type":"page","link":"https:\/\/www.cmcfinland.fi\/en\/what-we-do\/","title":{"rendered":"What we do"},"content":{"rendered":"\n<section id=\"gm8fed33b\" class=\"wp-block-gutentor-m3 alignfull section-gm8fed33b gutentor-module gutentor-container-cover has-color-bg has-custom-bg g-c-r-valign-mobile g-c-r-valign-tablet g-valign-c-desktop top-area mita-teemme\"><div class=\"grid-container\">\n<section id=\"gmaf2bc68\" class=\"wp-block-gutentor-m4 section-gmaf2bc68 gutentor-module gutentor-advanced-columns gutentor-equal-column-height\"><div class=\"grid-container\"><div class=\"grid-row\">\n<div id=\"col-gm240f7b\" class=\"wp-block-gutentor-m4-col col-gm240f7b gutentor-single-column  grid-lg-4 grid-md-12 grid-12\"><div id=\"section-gm240f7b\" class=\"section-gm240f7b gutentor-col-wrap\">\n<div id=\"section-g1500e9\" class=\"wp-block-gutentor-e1 section-g1500e9 gutentor-element gutentor-element-advanced-text\"><div class=\"gutentor-text-wrap\"><h1 class=\"gutentor-text\"><strong>What we do<\/strong><\/h1><\/div><\/div>\n\n\n\n<div id=\"section-g0d1605\" class=\"wp-block-gutentor-e1 section-g0d1605 gutentor-element gutentor-element-advanced-text\"><div class=\"gutentor-text-wrap\"><p class=\"gutentor-text\">We recruit and equip experts seconded to international tasks in the field of civilian crisis management and in international election observation missions.<\/p><\/div><\/div>\n<\/div><\/div>\n\n\n\n<div id=\"col-gm35aeb8\" class=\"wp-block-gutentor-m4-col col-gm35aeb8 gutentor-single-column  grid-lg-8 grid-md-12 grid-12 kuva-header\"><div id=\"section-gm35aeb8\" class=\"section-gm35aeb8 gutentor-col-wrap has-image-bg has-custom-bg\"><\/div><\/div>\n<\/div><\/div><\/section>\n\n\n<span><span><a href=\"https:\/\/www.cmcfinland.fi\/en\/\">Front page<\/a><\/span><\/span>\n<\/div><\/section>\n\n\n\n<section id=\"gm1b7acd0\" class=\"wp-block-gutentor-m3 section-gm1b7acd0 gutentor-module gutentor-container-cover\"><div class=\"grid-container\">\n<h2 class=\"wp-block-heading\"><strong><strong>CMC Finland\u2019s domestic functions<\/strong><\/strong><\/h2>\n\n\n\n<p>CMC Finland is a centre of expertise for civilian crisis management in Finland. We are responsible for the training and recruitment of all experts seconded to international assignments. We serve as the employer of civilian crisis management experts and OSCE election observers.<\/p>\n\n\n\n<p>Our procurement and logistics team is responsible for the readiness to deploy civilian crisis management experts with the necessary operation-specific equipment and tools. CMC Finland also conducts research and publishing activities in the field of civilian crisis management.<\/p>\n<\/div><\/section>\n\n\n\n<section id=\"gmcb86ec5\" class=\"wp-block-gutentor-m3 alignfull section-gmcb86ec5 gutentor-module gutentor-container-cover has-color-bg has-custom-bg kuva-ja-teksti\"><div class=\"grid-container\">\n<section id=\"gmfe0d6b6\" class=\"wp-block-gutentor-m4 alignfull section-gmfe0d6b6 gutentor-module gutentor-advanced-columns gutentor-equal-column-height\"><div class=\"grid-container\"><div class=\"grid-row\">\n<div id=\"col-gmc8c429\" class=\"wp-block-gutentor-m4-col col-gmc8c429 gutentor-single-column  grid-lg-6 grid-md-12 grid-12\"><div id=\"section-gmc8c429\" class=\"section-gmc8c429 gutentor-col-wrap\">\n<div id=\"section-g6814b7\" class=\"wp-block-gutentor-e1 section-g6814b7 gutentor-element gutentor-element-advanced-text\"><div class=\"gutentor-text-wrap\"><h2 class=\"gutentor-text\"><strong>Training<\/strong><\/h2><\/div><\/div>\n\n\n\n<div id=\"section-g24ae89\" class=\"wp-block-gutentor-e1 section-g24ae89 gutentor-element gutentor-element-advanced-text\"><div class=\"gutentor-text-wrap\"><p class=\"gutentor-text\">We train both civilian crisis management experts and election observers.<\/p><\/div><\/div>\n\n\n\n<div id=\"section-g8f2d2a\" class=\"wp-block-gutentor-e2 section-g8f2d2a gutentor-element gutentor-element-button\"><span class=\"gutentor-button-wrap\"><a class=\"gutentor-button gutentor-block-button gutentor-icon-after\" href=\"\/en\/what-we-do\/training\/\"><i class=\"gutentor-button-icon fas fa-arrow-right\"><\/i><span>Read more<\/span><\/a><\/span><\/div>\n<\/div><\/div>\n\n\n\n<div id=\"col-gm0f2a00\" class=\"wp-block-gutentor-m4-col col-gm0f2a00 gutentor-single-column  grid-lg-6 grid-md-12 grid-12 bg-image-custom\"><div id=\"section-gm0f2a00\" class=\"section-gm0f2a00 gutentor-col-wrap has-image-bg has-custom-bg\"><\/div><\/div>\n<\/div><\/div><\/section>\n\n\n\n<section id=\"gma085e59\" class=\"wp-block-gutentor-m4 alignfull section-gma085e59 gutentor-module gutentor-advanced-columns gutentor-equal-column-height\"><div class=\"grid-container\"><div class=\"grid-row\">\n<div id=\"col-gm97fe7f\" class=\"wp-block-gutentor-m4-col col-gm97fe7f gutentor-single-column  grid-lg-6 grid-md-12 grid-12 bg-image-custom\"><div id=\"section-gm97fe7f\" class=\"section-gm97fe7f gutentor-col-wrap has-image-bg has-custom-bg\"><\/div><\/div>\n\n\n\n<div id=\"col-gme515ca\" class=\"wp-block-gutentor-m4-col col-gme515ca gutentor-single-column  grid-lg-6 grid-md-12 grid-12\"><div id=\"section-gme515ca\" class=\"section-gme515ca gutentor-col-wrap has-image-bg has-custom-bg\">\n<div id=\"section-g09ec4e\" class=\"wp-block-gutentor-e1 section-g09ec4e gutentor-element gutentor-element-advanced-text\"><div class=\"gutentor-text-wrap\"><h2 class=\"gutentor-text\"><strong>Research and development<\/strong><\/h2><\/div><\/div>\n\n\n\n<div id=\"section-g2d08c1\" class=\"wp-block-gutentor-e1 section-g2d08c1 gutentor-element gutentor-element-advanced-text\"><div class=\"gutentor-text-wrap\"><p class=\"gutentor-text\">We conduct research and publishing activities in the fields of civilian crisis management and election observation.<\/p><\/div><\/div>\n\n\n\n<div id=\"section-g79c451\" class=\"wp-block-gutentor-e2 section-g79c451 gutentor-element gutentor-element-button\"><span class=\"gutentor-button-wrap\"><a class=\"gutentor-button gutentor-block-button gutentor-icon-after\" href=\"\/en\/what-we-do\/research-and-development\/\"><i class=\"gutentor-button-icon fas fa-arrow-right\"><\/i><span>Read more<\/span><\/a><\/span><\/div>\n<\/div><\/div>\n<\/div><\/div><\/section>\n\n\n\n<section id=\"gm7454e8d\" class=\"wp-block-gutentor-m4 alignfull section-gm7454e8d gutentor-module gutentor-advanced-columns gutentor-equal-column-height\"><div class=\"grid-container\"><div class=\"grid-row\">\n<div id=\"col-gmca93dd\" class=\"wp-block-gutentor-m4-col col-gmca93dd gutentor-single-column  grid-lg-6 grid-md-12 grid-12\"><div id=\"section-gmca93dd\" class=\"section-gmca93dd gutentor-col-wrap\">\n<div id=\"section-g841da3\" class=\"wp-block-gutentor-e1 section-g841da3 gutentor-element gutentor-element-advanced-text\"><div class=\"gutentor-text-wrap\"><h2 class=\"gutentor-text\"><strong>Recruitment, HR and logistics<\/strong><\/h2><\/div><\/div>\n\n\n\n<div id=\"section-g0739c7\" class=\"wp-block-gutentor-e1 section-g0739c7 gutentor-element gutentor-element-advanced-text\"><div class=\"gutentor-text-wrap\"><p class=\"gutentor-text\">We are responsible for the recruitment and logistics of experts deployed to both civilian crisis management and election observation missions.<\/p><\/div><\/div>\n\n\n\n<div id=\"section-gd77deb\" class=\"wp-block-gutentor-e2 section-gd77deb gutentor-element gutentor-element-button\"><span class=\"gutentor-button-wrap\"><a class=\"gutentor-button gutentor-block-button gutentor-icon-after\" href=\"\/en\/what-we-do\/recruitment-hr-and-logistics\/\"><i class=\"gutentor-button-icon fas fa-arrow-right\"><\/i><span>Read more<\/span><\/a><\/span><\/div>\n<\/div><\/div>\n\n\n\n<div id=\"col-gma38b8c\" class=\"wp-block-gutentor-m4-col col-gma38b8c gutentor-single-column  grid-lg-6 grid-md-12 grid-12 bg-image-custom\"><div id=\"section-gma38b8c\" class=\"section-gma38b8c gutentor-col-wrap has-image-bg has-custom-bg\"><\/div><\/div>\n<\/div><\/div><\/section>\n<\/div><\/section>\n\n\n\n<section id=\"gm51302dd\" class=\"wp-block-gutentor-m3 alignfull section-gm51302dd gutentor-module gutentor-container-cover has-color-bg has-custom-bg d-none tehtavat-fp\"><div class=\"grid-container\">\n<section id=\"gmdac17b8\" class=\"wp-block-gutentor-m4 section-gmdac17b8 gutentor-module gutentor-advanced-columns gutentor-equal-column-height\"><div class=\"grid-container\"><div class=\"grid-row\">\n<div id=\"col-gm2f96df\" class=\"wp-block-gutentor-m4-col col-gm2f96df gutentor-single-column  grid-lg-8 grid-md-12 grid-12\"><div id=\"section-gm2f96df\" class=\"section-gm2f96df gutentor-col-wrap\">\n<div id=\"section-g4ff0e5\" class=\"wp-block-gutentor-e1 section-g4ff0e5 gutentor-element gutentor-element-advanced-text\"><div class=\"gutentor-text-wrap\"><h2 class=\"gutentor-text\">Kansainv\u00e4liset teht\u00e4v\u00e4t<\/h2><\/div><\/div>\n\n\n\n<div id=\"section-g6bc3d2\" class=\"wp-block-gutentor-e1 section-g6bc3d2 gutentor-element gutentor-element-advanced-text\"><div class=\"gutentor-text-wrap\"><p class=\"gutentor-text\">Toimimme l\u00e4hetettyjen asiantuntijoiden ty\u00f6nantajana ja pid\u00e4mme huolta heid\u00e4n turvallisuudestaan ja tuemme heit\u00e4 vaikeissakin olosuhteissa. <strong>Lue lis\u00e4\u00e4<\/strong><\/p><\/div><\/div>\n\n\n<div class=\"wpv-view-output\" data-toolset-views-view-editor=\"1a2b8b2babc1bebc4ed4bb8ca6632eee\">\n<div class=\"wp-block-toolset-views-view-editor\">\n\n\n<div id=\"wpv-view-layout-17990\" class=\"js-wpv-view-layout js-wpv-layout-responsive js-wpv-view-layout-17990\" data-viewnumber=\"17990\" data-pagination=\"{&quot;id&quot;:17990,&quot;query&quot;:&quot;normal&quot;,&quot;type&quot;:&quot;disabled&quot;,&quot;effect&quot;:&quot;fade&quot;,&quot;duration&quot;:500,&quot;speed&quot;:5,&quot;pause_on_hover&quot;:&quot;enabled&quot;,&quot;stop_rollover&quot;:&quot;false&quot;,&quot;cache_pages&quot;:&quot;enabled&quot;,&quot;preload_images&quot;:&quot;enabled&quot;,&quot;preload_pages&quot;:&quot;enabled&quot;,&quot;preload_reach&quot;:1,&quot;spinner&quot;:&quot;builtin&quot;,&quot;spinner_image&quot;:&quot;https:\/\/www.cmcfinland.fi\/wp-content\/plugins\/wp-views\/embedded\/res\/img\/ajax-loader.gif&quot;,&quot;callback_next&quot;:&quot;&quot;,&quot;manage_history&quot;:&quot;enabled&quot;,&quot;has_controls_in_form&quot;:&quot;disabled&quot;,&quot;infinite_tolerance&quot;:&quot;0&quot;,&quot;max_pages&quot;:1,&quot;page&quot;:1,&quot;base_permalink&quot;:&quot;\/en\/wp-json\/wp\/v2\/pages\/21063?wpv_view_count=17990&amp;wpv_paged=WPV_PAGE_NUM&quot;,&quot;loop&quot;:{&quot;type&quot;:&quot;&quot;,&quot;name&quot;:&quot;&quot;,&quot;data&quot;:[],&quot;id&quot;:0}}\" data-permalink=\"\/en\/wp-json\/wp\/v2\/pages\/21063?wpv_view_count=17990\">\n\n\t\n\t\n\t\t<strong>No items found<\/strong>\n\t\n<\/div>\n<\/div>\n<\/div>\n\n\n<div id=\"section-gc0e642\" class=\"wp-block-gutentor-e2 section-gc0e642 gutentor-element gutentor-element-button button-align-left-mobile\"><span class=\"gutentor-button-wrap\"><a class=\"gutentor-button gutentor-block-button gutentor-icon-after\" href=\"#\"><i class=\"gutentor-button-icon fas fa-arrow-right\"><\/i><span>Katso kaikki<\/span><\/a><\/span><\/div>\n<\/div><\/div>\n\n\n\n<div id=\"col-gm7b6980\" class=\"wp-block-gutentor-m4-col col-gm7b6980 gutentor-single-column  grid-lg-4 grid-md-12 grid-12 custom-image-pos\"><div id=\"section-gm7b6980\" class=\"section-gm7b6980 gutentor-col-wrap has-image-bg has-custom-bg\"><\/div><\/div>\n<\/div><\/div><\/section>\n<\/div><\/section>\n\n\n\n<section id=\"gm72b2f42\" class=\"wp-block-gutentor-m3 alignfull section-gm72b2f42 gutentor-module gutentor-container-cover d-none ajankohtaista-fp\"><div class=\"grid-container\">\n<div id=\"section-g406185\" class=\"wp-block-gutentor-e1 section-g406185 gutentor-element gutentor-element-advanced-text text-align-center-mobile\"><div class=\"gutentor-text-wrap\"><h2 class=\"gutentor-text\"><strong>Ajankohtaista<\/strong><\/h2><\/div><\/div>\n\n\n<section class=\"gutentor-section gutentor-blog-post-wrapper blog-template1 wp-block-gutentor-blog-post\" id=\"section-82ef521f-79fd-4d91-8153-04366a07f3f1\">\n<div class='grid-container'><div class=\"gutentor-block-header\"><\/div><div class='gutentor-grid-item-wrap '><div class='grid-row '><article class='gutentor-post-has-thumb  grid-lg-4 grid-md-12 grid-12 blog-grid'><div class=\"gutentor-single-item\"><div class=\"gutentor-single-item-image-box\"><div class=\"gutentor-image-thumb\"><img loading=\"lazy\" decoding=\"async\" width=\"1048\" height=\"619\" src=\"https:\/\/www.cmcfinland.fi\/wp-content\/uploads\/2024\/04\/uusi-vakio-kuva.png\" class=\"attachment- size- wp-post-image\" alt=\"\" \/><\/div><\/div><div class=\"gutentor-post-content\"><h3 class=\"gutentor-single-item-title\"><a href=\"https:\/\/www.cmcfinland.fi\/en\/mediation-negotiation-and-dialogue-skills-for-the-csdp-course\/\" rel=\"bookmark\">Mediation, Negotiation and Dialogue Skills for the CSDP<\/a><\/h3><div class=\"entry-meta\"><div class=\"cat-links\"><i class=\"fas fa-tags\"><\/i><a href=\"https:\/\/www.cmcfinland.fi\/en\/category\/cmcn-kurssitarjonta-en\/\" rel=\"category tag\">CMC:n kurssitarjonta<\/a>, <a href=\"https:\/\/www.cmcfinland.fi\/en\/category\/course-calendar\/\" rel=\"category tag\">Course calendar<\/a><\/div><\/div><\/div><\/div><\/article><article class='gutentor-post-has-thumb  grid-lg-4 grid-md-12 grid-12 blog-grid'><div class=\"gutentor-single-item\"><div class=\"gutentor-single-item-image-box\"><div class=\"gutentor-image-thumb\"><img loading=\"lazy\" decoding=\"async\" width=\"639\" height=\"380\" src=\"https:\/\/www.cmcfinland.fi\/wp-content\/uploads\/2026\/03\/HS_WP_kuva_sivuille.png\" class=\"attachment- size- wp-post-image\" alt=\"\" \/><\/div><\/div><div class=\"gutentor-post-content\"><h3 class=\"gutentor-single-item-title\"><a href=\"https:\/\/www.cmcfinland.fi\/en\/new-publication-on-human-security\/\" rel=\"bookmark\">New publication on human security<\/a><\/h3><div class=\"entry-meta\"><div class=\"cat-links\"><i class=\"fas fa-tags\"><\/i><a href=\"https:\/\/www.cmcfinland.fi\/en\/category\/current-events\/\" rel=\"category tag\">Current events<\/a>, <a href=\"https:\/\/www.cmcfinland.fi\/en\/category\/research-and-development\/\" rel=\"category tag\">Research and development<\/a><\/div><\/div><\/div><\/div><\/article><article class='gutentor-post-has-thumb  grid-lg-4 grid-md-12 grid-12 blog-grid'><div class=\"gutentor-single-item\"><div class=\"gutentor-single-item-image-box\"><div class=\"gutentor-image-thumb\"><img loading=\"lazy\" decoding=\"async\" width=\"1200\" height=\"900\" src=\"https:\/\/www.cmcfinland.fi\/wp-content\/uploads\/2026\/03\/KRIHA_NYT_eng.png\" class=\"attachment- size- wp-post-image\" alt=\"\" \/><\/div><\/div><div class=\"gutentor-post-content\"><h3 class=\"gutentor-single-item-title\"><a href=\"https:\/\/www.cmcfinland.fi\/en\/save-the-date-crisis-management-now-5-may-2026\/\" rel=\"bookmark\">Save the Date: Crisis Management NOW \u2013 5 May 2026\u00a0<\/a><\/h3><div class=\"entry-meta\"><div class=\"cat-links\"><i class=\"fas fa-tags\"><\/i><a href=\"https:\/\/www.cmcfinland.fi\/en\/category\/current-events\/\" rel=\"category tag\">Current events<\/a><\/div><\/div><\/div><\/div><\/article><\/div><\/div><\/div><\/section>\n\n\n<div id=\"section-g662839\" class=\"wp-block-gutentor-e2 section-g662839 gutentor-element gutentor-element-button button-align-center-mobile\"><span class=\"gutentor-button-wrap\"><a class=\"gutentor-button gutentor-block-button gutentor-icon-after\" href=\"#\"><i class=\"gutentor-button-icon fas fa-arrow-right\"><\/i><span>Kaikki ajankohtaiset<\/span><\/a><\/span><\/div>\n<\/div><\/section>\n","protected":false},"excerpt":{"rendered":"","protected":false},"author":1,"featured_media":0,"parent":0,"menu_order":0,"comment_status":"closed","ping_status":"closed","template":"","meta":{"_acf_changed":false,"_relevanssi_hide_post":"","_relevanssi_hide_content":"","_relevanssi_pin_for_all":"","_relevanssi_pin_keywords":"","_relevanssi_unpin_keywords":"","_relevanssi_related_keywords":"","_relevanssi_related_include_ids":"","_relevanssi_related_exclude_ids":"","_relevanssi_related_no_append":"","_relevanssi_related_not_related":"","_relevanssi_related_posts":"13432,18174,11017,15682,13095,15256","_relevanssi_noindex_reason":"","footnotes":""},"class_list":["post-21063","page","type-page","status-publish"],"acf":[],"yoast_head":"<!-- This site is optimized with the Yoast SEO plugin v27.3 - https:\/\/yoast.com\/product\/yoast-seo-wordpress\/ -->\n<title>What we do - CMC Finland<\/title>\n<meta name=\"robots\" content=\"index, follow, max-snippet:-1, max-image-preview:large, max-video-preview:-1\" \/>\n<link rel=\"canonical\" href=\"https:\/\/www.cmcfinland.fi\/en\/what-we-do\/\" \/>\n<meta property=\"og:locale\" content=\"en_US\" \/>\n<meta property=\"og:type\" content=\"article\" \/>\n<meta property=\"og:title\" content=\"What we do - CMC Finland\" \/>\n<meta property=\"og:url\" content=\"https:\/\/www.cmcfinland.fi\/en\/what-we-do\/\" \/>\n<meta property=\"og:site_name\" content=\"CMC Finland\" \/>\n<meta property=\"article:publisher\" content=\"https:\/\/www.facebook.com\/cmc.finland\/\" \/>\n<meta property=\"article:modified_time\" content=\"2024-04-16T13:34:25+00:00\" \/>\n<meta name=\"twitter:card\" content=\"summary_large_image\" \/>\n<meta name=\"twitter:site\" content=\"@CMCFinland\" \/>\n<meta name=\"twitter:label1\" content=\"Est. reading time\" \/>\n\t<meta name=\"twitter:data1\" content=\"2 minutes\" \/>\n<script type=\"application\/ld+json\" class=\"yoast-schema-graph\">{\"@context\":\"https:\\\/\\\/schema.org\",\"@graph\":[{\"@type\":\"WebPage\",\"@id\":\"https:\\\/\\\/www.cmcfinland.fi\\\/en\\\/what-we-do\\\/\",\"url\":\"https:\\\/\\\/www.cmcfinland.fi\\\/en\\\/what-we-do\\\/\",\"name\":\"What we do - CMC Finland\",\"isPartOf\":{\"@id\":\"https:\\\/\\\/www.cmcfinland.fi\\\/#website\"},\"datePublished\":\"2024-01-25T08:37:14+00:00\",\"dateModified\":\"2024-04-16T13:34:25+00:00\",\"breadcrumb\":{\"@id\":\"https:\\\/\\\/www.cmcfinland.fi\\\/en\\\/what-we-do\\\/#breadcrumb\"},\"inLanguage\":\"en-US\",\"potentialAction\":[{\"@type\":\"ReadAction\",\"target\":[\"https:\\\/\\\/www.cmcfinland.fi\\\/en\\\/what-we-do\\\/\"]}]},{\"@type\":\"BreadcrumbList\",\"@id\":\"https:\\\/\\\/www.cmcfinland.fi\\\/en\\\/what-we-do\\\/#breadcrumb\",\"itemListElement\":[{\"@type\":\"ListItem\",\"position\":1,\"name\":\"Front page\",\"item\":\"https:\\\/\\\/www.cmcfinland.fi\\\/en\\\/\"},{\"@type\":\"ListItem\",\"position\":2,\"name\":\"What we do\"}]},{\"@type\":\"WebSite\",\"@id\":\"https:\\\/\\\/www.cmcfinland.fi\\\/#website\",\"url\":\"https:\\\/\\\/www.cmcfinland.fi\\\/\",\"name\":\"CMC Finland\",\"description\":\"Kriisinhallintakeskus\",\"publisher\":{\"@id\":\"https:\\\/\\\/www.cmcfinland.fi\\\/#organization\"},\"potentialAction\":[{\"@type\":\"SearchAction\",\"target\":{\"@type\":\"EntryPoint\",\"urlTemplate\":\"https:\\\/\\\/www.cmcfinland.fi\\\/?s={search_term_string}\"},\"query-input\":{\"@type\":\"PropertyValueSpecification\",\"valueRequired\":true,\"valueName\":\"search_term_string\"}}],\"inLanguage\":\"en-US\"},{\"@type\":\"Organization\",\"@id\":\"https:\\\/\\\/www.cmcfinland.fi\\\/#organization\",\"name\":\"CMC Finland\",\"url\":\"https:\\\/\\\/www.cmcfinland.fi\\\/\",\"logo\":{\"@type\":\"ImageObject\",\"inLanguage\":\"en-US\",\"@id\":\"https:\\\/\\\/www.cmcfinland.fi\\\/#\\\/schema\\\/logo\\\/image\\\/\",\"url\":\"https:\\\/\\\/www.cmcfinland.fi\\\/wp-content\\\/uploads\\\/2024\\\/01\\\/CMC_finland_logo_musta.png\",\"contentUrl\":\"https:\\\/\\\/www.cmcfinland.fi\\\/wp-content\\\/uploads\\\/2024\\\/01\\\/CMC_finland_logo_musta.png\",\"width\":272,\"height\":88,\"caption\":\"CMC Finland\"},\"image\":{\"@id\":\"https:\\\/\\\/www.cmcfinland.fi\\\/#\\\/schema\\\/logo\\\/image\\\/\"},\"sameAs\":[\"https:\\\/\\\/www.facebook.com\\\/cmc.finland\\\/\",\"https:\\\/\\\/x.com\\\/CMCFinland\",\"https:\\\/\\\/www.instagram.com\\\/cmc.finland\\\/\",\"https:\\\/\\\/www.youtube.com\\\/channel\\\/UC49g1WmKq81Amw1ZUa5ZRKA\",\"https:\\\/\\\/www.linkedin.com\\\/company\\\/crisis-management-centre-cmc-finland\\\/\"]}]}<\/script>\n<!-- \/ Yoast SEO plugin. -->","yoast_head_json":{"title":"What we do - CMC Finland","robots":{"index":"index","follow":"follow","max-snippet":"max-snippet:-1","max-image-preview":"max-image-preview:large","max-video-preview":"max-video-preview:-1"},"canonical":"https:\/\/www.cmcfinland.fi\/en\/what-we-do\/","og_locale":"en_US","og_type":"article","og_title":"What we do - CMC Finland","og_url":"https:\/\/www.cmcfinland.fi\/en\/what-we-do\/","og_site_name":"CMC Finland","article_publisher":"https:\/\/www.facebook.com\/cmc.finland\/","article_modified_time":"2024-04-16T13:34:25+00:00","twitter_card":"summary_large_image","twitter_site":"@CMCFinland","twitter_misc":{"Est. reading time":"2 minutes"},"schema":{"@context":"https:\/\/schema.org","@graph":[{"@type":"WebPage","@id":"https:\/\/www.cmcfinland.fi\/en\/what-we-do\/","url":"https:\/\/www.cmcfinland.fi\/en\/what-we-do\/","name":"What we do - CMC Finland","isPartOf":{"@id":"https:\/\/www.cmcfinland.fi\/#website"},"datePublished":"2024-01-25T08:37:14+00:00","dateModified":"2024-04-16T13:34:25+00:00","breadcrumb":{"@id":"https:\/\/www.cmcfinland.fi\/en\/what-we-do\/#breadcrumb"},"inLanguage":"en-US","potentialAction":[{"@type":"ReadAction","target":["https:\/\/www.cmcfinland.fi\/en\/what-we-do\/"]}]},{"@type":"BreadcrumbList","@id":"https:\/\/www.cmcfinland.fi\/en\/what-we-do\/#breadcrumb","itemListElement":[{"@type":"ListItem","position":1,"name":"Front page","item":"https:\/\/www.cmcfinland.fi\/en\/"},{"@type":"ListItem","position":2,"name":"What we do"}]},{"@type":"WebSite","@id":"https:\/\/www.cmcfinland.fi\/#website","url":"https:\/\/www.cmcfinland.fi\/","name":"CMC Finland","description":"Kriisinhallintakeskus","publisher":{"@id":"https:\/\/www.cmcfinland.fi\/#organization"},"potentialAction":[{"@type":"SearchAction","target":{"@type":"EntryPoint","urlTemplate":"https:\/\/www.cmcfinland.fi\/?s={search_term_string}"},"query-input":{"@type":"PropertyValueSpecification","valueRequired":true,"valueName":"search_term_string"}}],"inLanguage":"en-US"},{"@type":"Organization","@id":"https:\/\/www.cmcfinland.fi\/#organization","name":"CMC Finland","url":"https:\/\/www.cmcfinland.fi\/","logo":{"@type":"ImageObject","inLanguage":"en-US","@id":"https:\/\/www.cmcfinland.fi\/#\/schema\/logo\/image\/","url":"https:\/\/www.cmcfinland.fi\/wp-content\/uploads\/2024\/01\/CMC_finland_logo_musta.png","contentUrl":"https:\/\/www.cmcfinland.fi\/wp-content\/uploads\/2024\/01\/CMC_finland_logo_musta.png","width":272,"height":88,"caption":"CMC Finland"},"image":{"@id":"https:\/\/www.cmcfinland.fi\/#\/schema\/logo\/image\/"},"sameAs":["https:\/\/www.facebook.com\/cmc.finland\/","https:\/\/x.com\/CMCFinland","https:\/\/www.instagram.com\/cmc.finland\/","https:\/\/www.youtube.com\/channel\/UC49g1WmKq81Amw1ZUa5ZRKA","https:\/\/www.linkedin.com\/company\/crisis-management-centre-cmc-finland\/"]}]}},"_links":{"self":[{"href":"https:\/\/www.cmcfinland.fi\/en\/wp-json\/wp\/v2\/pages\/21063","targetHints":{"allow":["GET"]}}],"collection":[{"href":"https:\/\/www.cmcfinland.fi\/en\/wp-json\/wp\/v2\/pages"}],"about":[{"href":"https:\/\/www.cmcfinland.fi\/en\/wp-json\/wp\/v2\/types\/page"}],"author":[{"embeddable":true,"href":"https:\/\/www.cmcfinland.fi\/en\/wp-json\/wp\/v2\/users\/1"}],"replies":[{"embeddable":true,"href":"https:\/\/www.cmcfinland.fi\/en\/wp-json\/wp\/v2\/comments?post=21063"}],"version-history":[{"count":5,"href":"https:\/\/www.cmcfinland.fi\/en\/wp-json\/wp\/v2\/pages\/21063\/revisions"}],"predecessor-version":[{"id":21876,"href":"https:\/\/www.cmcfinland.fi\/en\/wp-json\/wp\/v2\/pages\/21063\/revisions\/21876"}],"wp:attachment":[{"href":"https:\/\/www.cmcfinland.fi\/en\/wp-json\/wp\/v2\/media?parent=21063"}],"curies":[{"name":"wp","href":"https:\/\/api.w.org\/{rel}","templated":true}]}}