{"id":8033,"date":"2020-07-02T08:50:25","date_gmt":"2020-07-02T05:50:25","guid":{"rendered":"https:\/\/vzz6xbx06cc.c.updraftclone.com?page_id=8033"},"modified":"2024-01-15T09:45:56","modified_gmt":"2024-01-15T07:45:56","slug":"missions","status":"publish","type":"page","link":"https:\/\/www.cmcfinland.fi\/en\/about-us\/missions\/","title":{"rendered":"Missions"},"content":{"rendered":"<p>The <a href=\"https:\/\/um.fi\/crisis-management#siviili\" target=\"_blank\" rel=\"noopener noreferrer\">Ministry for Foreign Affairs<\/a> is responsible for the political guidance of civilian crisis management, and decides in which operations Finnish experts participate. The costs from the participation are covered from the Foreign Ministry&#8217;s budget.<\/p>\n<p>The <a href=\"https:\/\/intermin.fi\/en\/civilian-crisis-management\" target=\"_blank\" rel=\"noopener noreferrer\">Ministry of the Interior<\/a> is responsible for the maintenance, development and coordination of the national preparedness of civilian crisis management in Finland.<\/p>\n<p>CMC Finland, the Crisis Management Centre, brings together actors in the field of civilian crisis management in Finland. It is responsible for recruiting and training all experts seconded to international tasks.<\/p>\n<h2 id=\"tw-target-text\" class=\"tw-data-text tw-text-large XcVN5d tw-ta\" dir=\"ltr\" data-placeholder=\"K\u00e4\u00e4nn\u00f6s\"><span class=\"Y2IQFc\" lang=\"en\">International domains and secretariats<\/span><\/h2>\n<p><a href=\"https:\/\/www.cmcfinland.fi\/wp-content\/uploads\/2024\/01\/Asiantuntijakartta_15-1-2024_EN.png\"><img loading=\"lazy\" decoding=\"async\" class=\"alignnone wp-image-18472 size-large\" src=\"https:\/\/www.cmcfinland.fi\/wp-content\/uploads\/2024\/01\/Asiantuntijakartta_15-1-2024_EN-1024x576.png\" alt=\"\" width=\"1024\" height=\"576\" srcset=\"https:\/\/www.cmcfinland.fi\/wp-content\/uploads\/2024\/01\/Asiantuntijakartta_15-1-2024_EN-1024x576.png 1024w, https:\/\/www.cmcfinland.fi\/wp-content\/uploads\/2024\/01\/Asiantuntijakartta_15-1-2024_EN-300x169.png 300w, https:\/\/www.cmcfinland.fi\/wp-content\/uploads\/2024\/01\/Asiantuntijakartta_15-1-2024_EN-768x432.png 768w, https:\/\/www.cmcfinland.fi\/wp-content\/uploads\/2024\/01\/Asiantuntijakartta_15-1-2024_EN-1536x864.png 1536w, https:\/\/www.cmcfinland.fi\/wp-content\/uploads\/2024\/01\/Asiantuntijakartta_15-1-2024_EN.png 1920w\" sizes=\"auto, (max-width: 1024px) 100vw, 1024px\" \/><\/a><\/p>\n<p><span style=\"font-size: 10pt;\">RISE = Criminal Sanctions Agency<\/span><\/p>\n<h3><span style=\"font-size: 12pt;\"><small>Click on image to make it bigger.<\/small><\/span><\/h3>\n<p><a href=\"https:\/\/www.cmcfinland.fi\/wp-content\/uploads\/2024\/01\/Expertmap.pdf\">Expertmap<\/a>&#8216;s information in list format 15.1.2024 (Click to open the pdf. You can download the file if you want to listen to it.)<\/p>\n","protected":false},"excerpt":{"rendered":"<p>The Ministry for Foreign Affairs is responsible for the political guidance of civilian crisis management, and decides in which operations Finnish experts participate. The costs from the participation are covered from the Foreign Ministry&#8217;s budget. The Ministry of the Interior is responsible for the maintenance, development and coordination of the national preparedness of civilian crisis &#8230; <a title=\"Missions\" class=\"read-more\" href=\"https:\/\/www.cmcfinland.fi\/en\/about-us\/missions\/\" aria-label=\"Read more about Missions\">Read more<\/a><\/p>\n","protected":false},"author":1,"featured_media":0,"parent":404,"menu_order":0,"comment_status":"closed","ping_status":"closed","template":"","meta":{"_acf_changed":false,"_relevanssi_hide_post":"","_relevanssi_hide_content":"","_relevanssi_pin_for_all":"","_relevanssi_pin_keywords":"","_relevanssi_unpin_keywords":"","_relevanssi_related_keywords":"","_relevanssi_related_include_ids":"","_relevanssi_related_exclude_ids":"","_relevanssi_related_no_append":"","_relevanssi_related_not_related":"","_relevanssi_related_posts":"","_relevanssi_noindex_reason":"","footnotes":""},"class_list":["post-8033","page","type-page","status-publish"],"acf":[],"yoast_head":"<!-- This site is optimized with the Yoast SEO plugin v27.4 - https:\/\/yoast.com\/product\/yoast-seo-wordpress\/ -->\n<title>Missions - CMC Finland<\/title>\n<meta name=\"robots\" content=\"index, follow, max-snippet:-1, max-image-preview:large, max-video-preview:-1\" \/>\n<link rel=\"canonical\" href=\"https:\/\/www.cmcfinland.fi\/en\/about-us\/missions\/\" \/>\n<meta property=\"og:locale\" content=\"en_US\" \/>\n<meta property=\"og:type\" content=\"article\" \/>\n<meta property=\"og:title\" content=\"Missions - CMC Finland\" \/>\n<meta property=\"og:description\" content=\"The Ministry for Foreign Affairs is responsible for the political guidance of civilian crisis management, and decides in which operations Finnish experts participate. The costs from the participation are covered from the Foreign Ministry&#8217;s budget. The Ministry of the Interior is responsible for the maintenance, development and coordination of the national preparedness of civilian crisis ... Read more\" \/>\n<meta property=\"og:url\" content=\"https:\/\/www.cmcfinland.fi\/en\/about-us\/missions\/\" \/>\n<meta property=\"og:site_name\" content=\"CMC Finland\" \/>\n<meta property=\"article:publisher\" content=\"https:\/\/www.facebook.com\/cmc.finland\/\" \/>\n<meta property=\"article:modified_time\" content=\"2024-01-15T07:45:56+00:00\" \/>\n<meta property=\"og:image\" content=\"https:\/\/www.cmcfinland.fi\/wp-content\/uploads\/2024\/01\/Asiantuntijakartta_15-1-2024_EN-1024x576.png\" \/>\n<meta name=\"twitter:card\" content=\"summary_large_image\" \/>\n<meta name=\"twitter:site\" content=\"@CMCFinland\" \/>\n<meta name=\"twitter:label1\" content=\"Est. reading time\" \/>\n\t<meta name=\"twitter:data1\" content=\"2 minutes\" \/>\n<script type=\"application\/ld+json\" class=\"yoast-schema-graph\">{\"@context\":\"https:\\\/\\\/schema.org\",\"@graph\":[{\"@type\":\"WebPage\",\"@id\":\"https:\\\/\\\/www.cmcfinland.fi\\\/en\\\/about-us\\\/missions\\\/\",\"url\":\"https:\\\/\\\/www.cmcfinland.fi\\\/en\\\/about-us\\\/missions\\\/\",\"name\":\"Missions - CMC Finland\",\"isPartOf\":{\"@id\":\"https:\\\/\\\/www.cmcfinland.fi\\\/#website\"},\"primaryImageOfPage\":{\"@id\":\"https:\\\/\\\/www.cmcfinland.fi\\\/en\\\/about-us\\\/missions\\\/#primaryimage\"},\"image\":{\"@id\":\"https:\\\/\\\/www.cmcfinland.fi\\\/en\\\/about-us\\\/missions\\\/#primaryimage\"},\"thumbnailUrl\":\"https:\\\/\\\/www.cmcfinland.fi\\\/wp-content\\\/uploads\\\/2024\\\/01\\\/Asiantuntijakartta_15-1-2024_EN-1024x576.png\",\"datePublished\":\"2020-07-02T05:50:25+00:00\",\"dateModified\":\"2024-01-15T07:45:56+00:00\",\"breadcrumb\":{\"@id\":\"https:\\\/\\\/www.cmcfinland.fi\\\/en\\\/about-us\\\/missions\\\/#breadcrumb\"},\"inLanguage\":\"en-US\",\"potentialAction\":[{\"@type\":\"ReadAction\",\"target\":[\"https:\\\/\\\/www.cmcfinland.fi\\\/en\\\/about-us\\\/missions\\\/\"]}]},{\"@type\":\"ImageObject\",\"inLanguage\":\"en-US\",\"@id\":\"https:\\\/\\\/www.cmcfinland.fi\\\/en\\\/about-us\\\/missions\\\/#primaryimage\",\"url\":\"https:\\\/\\\/www.cmcfinland.fi\\\/wp-content\\\/uploads\\\/2024\\\/01\\\/Asiantuntijakartta_15-1-2024_EN-1024x576.png\",\"contentUrl\":\"https:\\\/\\\/www.cmcfinland.fi\\\/wp-content\\\/uploads\\\/2024\\\/01\\\/Asiantuntijakartta_15-1-2024_EN-1024x576.png\"},{\"@type\":\"BreadcrumbList\",\"@id\":\"https:\\\/\\\/www.cmcfinland.fi\\\/en\\\/about-us\\\/missions\\\/#breadcrumb\",\"itemListElement\":[{\"@type\":\"ListItem\",\"position\":1,\"name\":\"Front page\",\"item\":\"https:\\\/\\\/www.cmcfinland.fi\\\/en\\\/\"},{\"@type\":\"ListItem\",\"position\":2,\"name\":\"About us\",\"item\":\"https:\\\/\\\/www.cmcfinland.fi\\\/en\\\/about-us\\\/\"},{\"@type\":\"ListItem\",\"position\":3,\"name\":\"Missions\"}]},{\"@type\":\"WebSite\",\"@id\":\"https:\\\/\\\/www.cmcfinland.fi\\\/#website\",\"url\":\"https:\\\/\\\/www.cmcfinland.fi\\\/\",\"name\":\"CMC Finland\",\"description\":\"Kriisinhallintakeskus\",\"publisher\":{\"@id\":\"https:\\\/\\\/www.cmcfinland.fi\\\/#organization\"},\"potentialAction\":[{\"@type\":\"SearchAction\",\"target\":{\"@type\":\"EntryPoint\",\"urlTemplate\":\"https:\\\/\\\/www.cmcfinland.fi\\\/?s={search_term_string}\"},\"query-input\":{\"@type\":\"PropertyValueSpecification\",\"valueRequired\":true,\"valueName\":\"search_term_string\"}}],\"inLanguage\":\"en-US\"},{\"@type\":\"Organization\",\"@id\":\"https:\\\/\\\/www.cmcfinland.fi\\\/#organization\",\"name\":\"CMC Finland\",\"url\":\"https:\\\/\\\/www.cmcfinland.fi\\\/\",\"logo\":{\"@type\":\"ImageObject\",\"inLanguage\":\"en-US\",\"@id\":\"https:\\\/\\\/www.cmcfinland.fi\\\/#\\\/schema\\\/logo\\\/image\\\/\",\"url\":\"https:\\\/\\\/www.cmcfinland.fi\\\/wp-content\\\/uploads\\\/2024\\\/01\\\/CMC_finland_logo_musta.png\",\"contentUrl\":\"https:\\\/\\\/www.cmcfinland.fi\\\/wp-content\\\/uploads\\\/2024\\\/01\\\/CMC_finland_logo_musta.png\",\"width\":272,\"height\":88,\"caption\":\"CMC Finland\"},\"image\":{\"@id\":\"https:\\\/\\\/www.cmcfinland.fi\\\/#\\\/schema\\\/logo\\\/image\\\/\"},\"sameAs\":[\"https:\\\/\\\/www.facebook.com\\\/cmc.finland\\\/\",\"https:\\\/\\\/x.com\\\/CMCFinland\",\"https:\\\/\\\/www.instagram.com\\\/cmc.finland\\\/\",\"https:\\\/\\\/www.youtube.com\\\/channel\\\/UC49g1WmKq81Amw1ZUa5ZRKA\",\"https:\\\/\\\/www.linkedin.com\\\/company\\\/crisis-management-centre-cmc-finland\\\/\"]}]}<\/script>\n<!-- \/ Yoast SEO plugin. -->","yoast_head_json":{"title":"Missions - CMC Finland","robots":{"index":"index","follow":"follow","max-snippet":"max-snippet:-1","max-image-preview":"max-image-preview:large","max-video-preview":"max-video-preview:-1"},"canonical":"https:\/\/www.cmcfinland.fi\/en\/about-us\/missions\/","og_locale":"en_US","og_type":"article","og_title":"Missions - CMC Finland","og_description":"The Ministry for Foreign Affairs is responsible for the political guidance of civilian crisis management, and decides in which operations Finnish experts participate. The costs from the participation are covered from the Foreign Ministry&#8217;s budget. The Ministry of the Interior is responsible for the maintenance, development and coordination of the national preparedness of civilian crisis ... Read more","og_url":"https:\/\/www.cmcfinland.fi\/en\/about-us\/missions\/","og_site_name":"CMC Finland","article_publisher":"https:\/\/www.facebook.com\/cmc.finland\/","article_modified_time":"2024-01-15T07:45:56+00:00","og_image":[{"url":"https:\/\/www.cmcfinland.fi\/wp-content\/uploads\/2024\/01\/Asiantuntijakartta_15-1-2024_EN-1024x576.png","type":"","width":"","height":""}],"twitter_card":"summary_large_image","twitter_site":"@CMCFinland","twitter_misc":{"Est. reading time":"2 minutes"},"schema":{"@context":"https:\/\/schema.org","@graph":[{"@type":"WebPage","@id":"https:\/\/www.cmcfinland.fi\/en\/about-us\/missions\/","url":"https:\/\/www.cmcfinland.fi\/en\/about-us\/missions\/","name":"Missions - CMC Finland","isPartOf":{"@id":"https:\/\/www.cmcfinland.fi\/#website"},"primaryImageOfPage":{"@id":"https:\/\/www.cmcfinland.fi\/en\/about-us\/missions\/#primaryimage"},"image":{"@id":"https:\/\/www.cmcfinland.fi\/en\/about-us\/missions\/#primaryimage"},"thumbnailUrl":"https:\/\/www.cmcfinland.fi\/wp-content\/uploads\/2024\/01\/Asiantuntijakartta_15-1-2024_EN-1024x576.png","datePublished":"2020-07-02T05:50:25+00:00","dateModified":"2024-01-15T07:45:56+00:00","breadcrumb":{"@id":"https:\/\/www.cmcfinland.fi\/en\/about-us\/missions\/#breadcrumb"},"inLanguage":"en-US","potentialAction":[{"@type":"ReadAction","target":["https:\/\/www.cmcfinland.fi\/en\/about-us\/missions\/"]}]},{"@type":"ImageObject","inLanguage":"en-US","@id":"https:\/\/www.cmcfinland.fi\/en\/about-us\/missions\/#primaryimage","url":"https:\/\/www.cmcfinland.fi\/wp-content\/uploads\/2024\/01\/Asiantuntijakartta_15-1-2024_EN-1024x576.png","contentUrl":"https:\/\/www.cmcfinland.fi\/wp-content\/uploads\/2024\/01\/Asiantuntijakartta_15-1-2024_EN-1024x576.png"},{"@type":"BreadcrumbList","@id":"https:\/\/www.cmcfinland.fi\/en\/about-us\/missions\/#breadcrumb","itemListElement":[{"@type":"ListItem","position":1,"name":"Front page","item":"https:\/\/www.cmcfinland.fi\/en\/"},{"@type":"ListItem","position":2,"name":"About us","item":"https:\/\/www.cmcfinland.fi\/en\/about-us\/"},{"@type":"ListItem","position":3,"name":"Missions"}]},{"@type":"WebSite","@id":"https:\/\/www.cmcfinland.fi\/#website","url":"https:\/\/www.cmcfinland.fi\/","name":"CMC Finland","description":"Kriisinhallintakeskus","publisher":{"@id":"https:\/\/www.cmcfinland.fi\/#organization"},"potentialAction":[{"@type":"SearchAction","target":{"@type":"EntryPoint","urlTemplate":"https:\/\/www.cmcfinland.fi\/?s={search_term_string}"},"query-input":{"@type":"PropertyValueSpecification","valueRequired":true,"valueName":"search_term_string"}}],"inLanguage":"en-US"},{"@type":"Organization","@id":"https:\/\/www.cmcfinland.fi\/#organization","name":"CMC Finland","url":"https:\/\/www.cmcfinland.fi\/","logo":{"@type":"ImageObject","inLanguage":"en-US","@id":"https:\/\/www.cmcfinland.fi\/#\/schema\/logo\/image\/","url":"https:\/\/www.cmcfinland.fi\/wp-content\/uploads\/2024\/01\/CMC_finland_logo_musta.png","contentUrl":"https:\/\/www.cmcfinland.fi\/wp-content\/uploads\/2024\/01\/CMC_finland_logo_musta.png","width":272,"height":88,"caption":"CMC Finland"},"image":{"@id":"https:\/\/www.cmcfinland.fi\/#\/schema\/logo\/image\/"},"sameAs":["https:\/\/www.facebook.com\/cmc.finland\/","https:\/\/x.com\/CMCFinland","https:\/\/www.instagram.com\/cmc.finland\/","https:\/\/www.youtube.com\/channel\/UC49g1WmKq81Amw1ZUa5ZRKA","https:\/\/www.linkedin.com\/company\/crisis-management-centre-cmc-finland\/"]}]}},"_links":{"self":[{"href":"https:\/\/www.cmcfinland.fi\/en\/wp-json\/wp\/v2\/pages\/8033","targetHints":{"allow":["GET"]}}],"collection":[{"href":"https:\/\/www.cmcfinland.fi\/en\/wp-json\/wp\/v2\/pages"}],"about":[{"href":"https:\/\/www.cmcfinland.fi\/en\/wp-json\/wp\/v2\/types\/page"}],"author":[{"embeddable":true,"href":"https:\/\/www.cmcfinland.fi\/en\/wp-json\/wp\/v2\/users\/1"}],"replies":[{"embeddable":true,"href":"https:\/\/www.cmcfinland.fi\/en\/wp-json\/wp\/v2\/comments?post=8033"}],"version-history":[{"count":72,"href":"https:\/\/www.cmcfinland.fi\/en\/wp-json\/wp\/v2\/pages\/8033\/revisions"}],"predecessor-version":[{"id":18488,"href":"https:\/\/www.cmcfinland.fi\/en\/wp-json\/wp\/v2\/pages\/8033\/revisions\/18488"}],"up":[{"embeddable":true,"href":"https:\/\/www.cmcfinland.fi\/en\/wp-json\/wp\/v2\/pages\/404"}],"wp:attachment":[{"href":"https:\/\/www.cmcfinland.fi\/en\/wp-json\/wp\/v2\/media?parent=8033"}],"curies":[{"name":"wp","href":"https:\/\/api.w.org\/{rel}","templated":true}]}}