{"id":10738,"date":"2021-03-22T15:25:23","date_gmt":"2021-03-22T13:25:23","guid":{"rendered":"https:\/\/www.cmcfinland.fi\/?page_id=10738"},"modified":"2021-03-22T15:25:23","modified_gmt":"2021-03-22T13:25:23","slug":"ansokningsforfarande","status":"publish","type":"page","link":"https:\/\/www.cmcfinland.fi\/sv\/ansokningsforfarande\/","title":{"rendered":"Ans\u00f6kningsf\u00f6rfarande"},"content":{"rendered":"<p>I Finland \u00e4r det utrikesministeriet som beslutar om i vilka operationer inom civil krishantering som landet deltar. Krishanteringscentret CMC Finland rekryterar och skickar experter till de uppgifter som ledigf\u00f6rklaras genom ett nationellt ans\u00f6kningsf\u00f6rfarande (sekundering). Ledigf\u00f6rklarade uppgifter publiceras p\u00e5 sidan f\u00f6r internationella arbetstillf\u00e4llen p\u00e5 Krishanteringscentrets webbplats.<\/p>\n<p>Den som s\u00f6ker till en expertuppgift b\u00f6r ha den utbildning, kompetens och spr\u00e5kkunskap som den internationella uppgiften f\u00f6ruts\u00e4tter. Krishanteringscentret ordnar en operationsspecifik introduktion f\u00f6r den som v\u00e4ljs som expert till uppgiften och utrustar experten f\u00f6r resan.<\/p>\n<h2>Allm\u00e4nna f\u00f6ruts\u00e4ttningar f\u00f6r s\u00f6kande till uppgifter inom civil krishantering<\/h2>\n<ul>\n<li>Avl\u00e4ggande av grundkursen i civil krishantering eller en motsvarande kurs, om den s\u00f6kande inte har tidigare erfarenhet av civil krishantering. Kravet g\u00e4ller inte sekretariatsuppgifter.<\/li>\n<li>Minst 18 m\u00e5nader har f\u00f6rflutit p\u00e5 den utsatta dagen sedan den tidigare sekunderingen via Krishanteringscentret upph\u00f6rt.<\/li>\n<li>Den s\u00f6kande \u00e4r inte kandidat eller sekunderad via Krishanteringscentret till n\u00e5gon annan uppgift som upph\u00f6r efter att den uppgift som s\u00f6ks b\u00f6rjar.<\/li>\n<\/ul>\n<p>Dessutom placeras de s\u00f6kande som j\u00e4mf\u00f6rt med sin tidigare uppgift inom civil krishantering ans\u00f6ker om en uppgift p\u00e5 en l\u00e4gre eller j\u00e4mb\u00f6rdig niv\u00e5 sist i k\u00f6n bland l\u00e4mpliga s\u00f6kanden i nomineringarna. Niv\u00e5erna p\u00e5 den ans\u00f6kta och tidigare uppgiften j\u00e4mf\u00f6rs slutligen utifr\u00e5n sv\u00e5righetsklassificering.<\/p>\n<p>Ytterligare information om lediga uppgifter hos akt\u00f6rer inom civil krishantering finns bland annat p\u00e5 webbplatserna f\u00f6r EU eller Organisationen f\u00f6r s\u00e4kerhet och samarbete i Europa (OSSE).<\/p>\n<h2>Ans\u00f6kningsf\u00f6rfarande<\/h2>\n<p>Krishanteringscentret efterstr\u00e4var att tillhandah\u00e5lla uppgifter f\u00f6r de experter som deltagit i den grundl\u00e4ggande utbildningen inom civil krishantering s\u00e5 snart som m\u00f6jligt efter utbildningen. \u00c4ven om beslutet om deltagande i krishantering fattas vid utrikesministeriet kan \u00e4ven Krishanteringscentret f\u00f6resl\u00e5 ledigf\u00f6rklaring av uppgifter.<\/p>\n<p>En expert kan uttrycka sitt intresse f\u00f6r att s\u00f6ka till en l\u00e4mplig uppgift genom att fylla i formul\u00e4ret nedan.<\/p>\n<p>Obs! Experten ska uppfylla f\u00f6ljande krav:<\/p>\n<ul>\n<li>Den som framf\u00f6r f\u00f6rslaget ska fylla ovillkorliga krav p\u00e5 utbildning och erfarenhet f\u00f6r uppgiften.<\/li>\n<li>Minst tv\u00e5 veckor av tiden f\u00f6r ans\u00f6kan till uppgiften kvarst\u00e5r.<\/li>\n<\/ul>\n<p>N\u00e4r du g\u00f6r en egentlig ans\u00f6kan till en ledig uppgift ska du fylla i den uppgiftsspecifika ans\u00f6kan noggrant och skicka den enligt anvisningarna i ans\u00f6kningsannonsen senast p\u00e5 den sista ans\u00f6kningsdagen. Om ans\u00f6kan l\u00e4mnas i god tid innan tidsfristen l\u00f6per ut kan Krishanteringscentret vid behov beg\u00e4ra den s\u00f6kande korrigera och komplettera de brister som konstaterats i ans\u00f6kan.<\/p>\n<p>Bifoga inga intyg till ans\u00f6kan, men var emellertid beredd att l\u00e4mna kopior p\u00e5 dessa p\u00e5 s\u00e4rskild beg\u00e4ran. Krishanteringscentret returnerar inga ans\u00f6kningar eller deras bilagor.<\/p>\n<p>P\u00e5 v\u00e5r webbplats hittar du <a href=\"https:\/\/www.cmcfinland.fi\/category\/kansainvaliset-tyopaikat\/\">lediga internationella uppgifter<\/a>.<\/p>\n<h2>Anvisningar f\u00f6r poliser<\/h2>\n<p>Enligt Polisstyrelsens beslut POL-2016-7755 kan de polism\u00e4n som s\u00f6ker till uppgifter inom civil krishantering redan vid ans\u00f6kan till uppgifter i sina ans\u00f6kningar anv\u00e4nda den tj\u00e4nstg\u00f6ringsgrad som ligger n\u00e4rmast ovan tj\u00e4nstg\u00f6ringsgraden enligt polismannens fasta tj\u00e4nst i hemlandet. Tj\u00e4nstg\u00f6ringsgraden tas i bruk vid avf\u00e4rden till uppgiften. Polisstyrelsen beslutar separat om befordringar avseende polisernas h\u00f6gsta grader. Vad g\u00e4ller \u00f6vers\u00e4ttningar av titlar ska de engelskspr\u00e5kiga \u00f6vers\u00e4ttningarna som <a href=\"https:\/\/www.cmcfinland.fi\/wp-content\/uploads\/2017\/01\/71137_Poliisihallituksen_paatos_POL-2015-32_poliisivirkanimikkeiden_kaannokset.pdf\">Polisstyrelsen har bekr\u00e4ftat anv\u00e4ndas, pdf<\/a>.<\/p>\n<p>Ytterligare information och exempel p\u00e5 befordringar: <a href=\"https:\/\/www.cmcfinland.fi\/wp-content\/uploads\/2017\/04\/Paeaetoes-Poliisimiesten-palvelusarvot-siviilikriisinhallinta-ja-rauhanturvatehtaevissae.pdf\">Beslut: tj\u00e4nstg\u00f6ringsgrader f\u00f6r polism\u00e4n i uppgifter inom civil krishantering och fredsbevarande, pdf<\/a>.<\/p>\n<p><a href=\"https:\/\/www.cmcfinland.fi\/wp-content\/uploads\/2018\/05\/EASP-taeyttoeohjeet.pdf\">Anvisning f\u00f6r ifyllning av FN:s EASP-formul\u00e4r, pdf<\/a>.<\/p>\n<h2>F\u00f6rslag om civila krishanteringsuppgifter som ledigf\u00f6rklaras<\/h2>\n<p>I vissa fall kan \u00e4ven Krishanteringscentret f\u00f6resl\u00e5 att uppgifter ledigf\u00f6rklaras. F\u00f6r n\u00e4rvarande \u00e4r det endast m\u00f6jligt att aktivt f\u00f6resl\u00e5 att tj\u00e4nster inom <a href=\"https:\/\/eeas.europa.eu\/headquarters\/headquarters-homepage\/430\/military-and-civilian-missions-and-operations_en\">EU<\/a> och <a href=\"https:\/\/jobs.osce.org\/vacancies?f%5B0%5D=item_type%3AInternational%20Seconded\">OSSE<\/a> ledigf\u00f6rklaras. Krishanteringscentret kontrollerar p\u00e5 tj\u00e4nstens v\u00e4gnar om uppgiften \u00e4r f\u00f6renlig med den nationella strategin f\u00f6r civil krishantering och utrikesministeriets aktuella kvantitativa och kvalitativa riktlinje. Alla uppgifter som ledigf\u00f6rklarats publiceras f\u00f6r allm\u00e4n ans\u00f6kan i Krishanteringscentrets informationstj\u00e4nst och p\u00e5 centrets webbplats.<\/p>\n<p>Krishanteringscentret str\u00e4var enligt FN:s s\u00e4kerhetsr\u00e5dsresolution 1325 efter att \u00f6ka kvinnors deltagande i uppgifter inom krishantering och uppmuntrar i synnerhet kvinnliga s\u00f6kare att uttrycka sitt intresse f\u00f6r l\u00e4mpliga uppgifter.<\/p>\n","protected":false},"excerpt":{"rendered":"<p>I Finland \u00e4r det utrikesministeriet som beslutar om i vilka operationer inom civil krishantering som landet deltar. Krishanteringscentret CMC Finland rekryterar och skickar experter till de uppgifter som ledigf\u00f6rklaras genom ett nationellt ans\u00f6kningsf\u00f6rfarande (sekundering). Ledigf\u00f6rklarade uppgifter publiceras p\u00e5 sidan f\u00f6r internationella arbetstillf\u00e4llen p\u00e5 Krishanteringscentrets webbplats. Den som s\u00f6ker till en expertuppgift b\u00f6r ha den utbildning, &#8230; <a title=\"Ans\u00f6kningsf\u00f6rfarande\" class=\"read-more\" href=\"https:\/\/www.cmcfinland.fi\/sv\/ansokningsforfarande\/\" aria-label=\"Read more about Ans\u00f6kningsf\u00f6rfarande\">L\u00e4s mer<\/a><\/p>\n","protected":false},"author":19,"featured_media":0,"parent":0,"menu_order":0,"comment_status":"closed","ping_status":"closed","template":"","meta":{"_acf_changed":false,"_relevanssi_hide_post":"","_relevanssi_hide_content":"","_relevanssi_pin_for_all":"","_relevanssi_pin_keywords":"","_relevanssi_unpin_keywords":"","_relevanssi_related_keywords":"","_relevanssi_related_include_ids":"","_relevanssi_related_exclude_ids":"","_relevanssi_related_no_append":"","_relevanssi_related_not_related":"","_relevanssi_related_posts":"","_relevanssi_noindex_reason":"","footnotes":""},"class_list":["post-10738","page","type-page","status-publish"],"acf":[],"yoast_head":"<!-- This site is optimized with the Yoast SEO plugin v27.4 - https:\/\/yoast.com\/product\/yoast-seo-wordpress\/ -->\n<title>Ans\u00f6kningsf\u00f6rfarande - CMC Finland<\/title>\n<meta name=\"robots\" content=\"index, follow, max-snippet:-1, max-image-preview:large, max-video-preview:-1\" \/>\n<link rel=\"canonical\" href=\"https:\/\/www.cmcfinland.fi\/sv\/ansokningsforfarande\/\" \/>\n<meta property=\"og:locale\" content=\"sv_SE\" \/>\n<meta property=\"og:type\" content=\"article\" \/>\n<meta property=\"og:title\" content=\"Ans\u00f6kningsf\u00f6rfarande - CMC Finland\" \/>\n<meta property=\"og:description\" content=\"I Finland \u00e4r det utrikesministeriet som beslutar om i vilka operationer inom civil krishantering som landet deltar. Krishanteringscentret CMC Finland rekryterar och skickar experter till de uppgifter som ledigf\u00f6rklaras genom ett nationellt ans\u00f6kningsf\u00f6rfarande (sekundering). Ledigf\u00f6rklarade uppgifter publiceras p\u00e5 sidan f\u00f6r internationella arbetstillf\u00e4llen p\u00e5 Krishanteringscentrets webbplats. Den som s\u00f6ker till en expertuppgift b\u00f6r ha den utbildning, ... L\u00e4s mer\" \/>\n<meta property=\"og:url\" content=\"https:\/\/www.cmcfinland.fi\/sv\/ansokningsforfarande\/\" \/>\n<meta property=\"og:site_name\" content=\"CMC Finland\" \/>\n<meta property=\"article:publisher\" content=\"https:\/\/www.facebook.com\/cmc.finland\/\" \/>\n<meta name=\"twitter:card\" content=\"summary_large_image\" \/>\n<meta name=\"twitter:site\" content=\"@CMCFinland\" \/>\n<meta name=\"twitter:label1\" content=\"Est. reading time\" \/>\n\t<meta name=\"twitter:data1\" content=\"3 minutes\" \/>\n<script type=\"application\/ld+json\" class=\"yoast-schema-graph\">{\"@context\":\"https:\\\/\\\/schema.org\",\"@graph\":[{\"@type\":\"WebPage\",\"@id\":\"https:\\\/\\\/www.cmcfinland.fi\\\/sv\\\/ansokningsforfarande\\\/\",\"url\":\"https:\\\/\\\/www.cmcfinland.fi\\\/sv\\\/ansokningsforfarande\\\/\",\"name\":\"Ans\u00f6kningsf\u00f6rfarande - CMC Finland\",\"isPartOf\":{\"@id\":\"https:\\\/\\\/www.cmcfinland.fi\\\/#website\"},\"datePublished\":\"2021-03-22T13:25:23+00:00\",\"breadcrumb\":{\"@id\":\"https:\\\/\\\/www.cmcfinland.fi\\\/sv\\\/ansokningsforfarande\\\/#breadcrumb\"},\"inLanguage\":\"sv-SE\",\"potentialAction\":[{\"@type\":\"ReadAction\",\"target\":[\"https:\\\/\\\/www.cmcfinland.fi\\\/sv\\\/ansokningsforfarande\\\/\"]}]},{\"@type\":\"BreadcrumbList\",\"@id\":\"https:\\\/\\\/www.cmcfinland.fi\\\/sv\\\/ansokningsforfarande\\\/#breadcrumb\",\"itemListElement\":[{\"@type\":\"ListItem\",\"position\":1,\"name\":\"Framsida\",\"item\":\"https:\\\/\\\/www.cmcfinland.fi\\\/sv\\\/\"},{\"@type\":\"ListItem\",\"position\":2,\"name\":\"Ans\u00f6kningsf\u00f6rfarande\"}]},{\"@type\":\"WebSite\",\"@id\":\"https:\\\/\\\/www.cmcfinland.fi\\\/#website\",\"url\":\"https:\\\/\\\/www.cmcfinland.fi\\\/\",\"name\":\"CMC Finland\",\"description\":\"Kriisinhallintakeskus\",\"publisher\":{\"@id\":\"https:\\\/\\\/www.cmcfinland.fi\\\/#organization\"},\"potentialAction\":[{\"@type\":\"SearchAction\",\"target\":{\"@type\":\"EntryPoint\",\"urlTemplate\":\"https:\\\/\\\/www.cmcfinland.fi\\\/?s={search_term_string}\"},\"query-input\":{\"@type\":\"PropertyValueSpecification\",\"valueRequired\":true,\"valueName\":\"search_term_string\"}}],\"inLanguage\":\"sv-SE\"},{\"@type\":\"Organization\",\"@id\":\"https:\\\/\\\/www.cmcfinland.fi\\\/#organization\",\"name\":\"CMC Finland\",\"url\":\"https:\\\/\\\/www.cmcfinland.fi\\\/\",\"logo\":{\"@type\":\"ImageObject\",\"inLanguage\":\"sv-SE\",\"@id\":\"https:\\\/\\\/www.cmcfinland.fi\\\/#\\\/schema\\\/logo\\\/image\\\/\",\"url\":\"https:\\\/\\\/www.cmcfinland.fi\\\/wp-content\\\/uploads\\\/2024\\\/01\\\/CMC_finland_logo_musta.png\",\"contentUrl\":\"https:\\\/\\\/www.cmcfinland.fi\\\/wp-content\\\/uploads\\\/2024\\\/01\\\/CMC_finland_logo_musta.png\",\"width\":272,\"height\":88,\"caption\":\"CMC Finland\"},\"image\":{\"@id\":\"https:\\\/\\\/www.cmcfinland.fi\\\/#\\\/schema\\\/logo\\\/image\\\/\"},\"sameAs\":[\"https:\\\/\\\/www.facebook.com\\\/cmc.finland\\\/\",\"https:\\\/\\\/x.com\\\/CMCFinland\",\"https:\\\/\\\/www.instagram.com\\\/cmc.finland\\\/\",\"https:\\\/\\\/www.youtube.com\\\/channel\\\/UC49g1WmKq81Amw1ZUa5ZRKA\",\"https:\\\/\\\/www.linkedin.com\\\/company\\\/crisis-management-centre-cmc-finland\\\/\"]}]}<\/script>\n<!-- \/ Yoast SEO plugin. -->","yoast_head_json":{"title":"Ans\u00f6kningsf\u00f6rfarande - CMC Finland","robots":{"index":"index","follow":"follow","max-snippet":"max-snippet:-1","max-image-preview":"max-image-preview:large","max-video-preview":"max-video-preview:-1"},"canonical":"https:\/\/www.cmcfinland.fi\/sv\/ansokningsforfarande\/","og_locale":"sv_SE","og_type":"article","og_title":"Ans\u00f6kningsf\u00f6rfarande - CMC Finland","og_description":"I Finland \u00e4r det utrikesministeriet som beslutar om i vilka operationer inom civil krishantering som landet deltar. Krishanteringscentret CMC Finland rekryterar och skickar experter till de uppgifter som ledigf\u00f6rklaras genom ett nationellt ans\u00f6kningsf\u00f6rfarande (sekundering). Ledigf\u00f6rklarade uppgifter publiceras p\u00e5 sidan f\u00f6r internationella arbetstillf\u00e4llen p\u00e5 Krishanteringscentrets webbplats. Den som s\u00f6ker till en expertuppgift b\u00f6r ha den utbildning, ... L\u00e4s mer","og_url":"https:\/\/www.cmcfinland.fi\/sv\/ansokningsforfarande\/","og_site_name":"CMC Finland","article_publisher":"https:\/\/www.facebook.com\/cmc.finland\/","twitter_card":"summary_large_image","twitter_site":"@CMCFinland","twitter_misc":{"Est. reading time":"3 minutes"},"schema":{"@context":"https:\/\/schema.org","@graph":[{"@type":"WebPage","@id":"https:\/\/www.cmcfinland.fi\/sv\/ansokningsforfarande\/","url":"https:\/\/www.cmcfinland.fi\/sv\/ansokningsforfarande\/","name":"Ans\u00f6kningsf\u00f6rfarande - CMC Finland","isPartOf":{"@id":"https:\/\/www.cmcfinland.fi\/#website"},"datePublished":"2021-03-22T13:25:23+00:00","breadcrumb":{"@id":"https:\/\/www.cmcfinland.fi\/sv\/ansokningsforfarande\/#breadcrumb"},"inLanguage":"sv-SE","potentialAction":[{"@type":"ReadAction","target":["https:\/\/www.cmcfinland.fi\/sv\/ansokningsforfarande\/"]}]},{"@type":"BreadcrumbList","@id":"https:\/\/www.cmcfinland.fi\/sv\/ansokningsforfarande\/#breadcrumb","itemListElement":[{"@type":"ListItem","position":1,"name":"Framsida","item":"https:\/\/www.cmcfinland.fi\/sv\/"},{"@type":"ListItem","position":2,"name":"Ans\u00f6kningsf\u00f6rfarande"}]},{"@type":"WebSite","@id":"https:\/\/www.cmcfinland.fi\/#website","url":"https:\/\/www.cmcfinland.fi\/","name":"CMC Finland","description":"Kriisinhallintakeskus","publisher":{"@id":"https:\/\/www.cmcfinland.fi\/#organization"},"potentialAction":[{"@type":"SearchAction","target":{"@type":"EntryPoint","urlTemplate":"https:\/\/www.cmcfinland.fi\/?s={search_term_string}"},"query-input":{"@type":"PropertyValueSpecification","valueRequired":true,"valueName":"search_term_string"}}],"inLanguage":"sv-SE"},{"@type":"Organization","@id":"https:\/\/www.cmcfinland.fi\/#organization","name":"CMC Finland","url":"https:\/\/www.cmcfinland.fi\/","logo":{"@type":"ImageObject","inLanguage":"sv-SE","@id":"https:\/\/www.cmcfinland.fi\/#\/schema\/logo\/image\/","url":"https:\/\/www.cmcfinland.fi\/wp-content\/uploads\/2024\/01\/CMC_finland_logo_musta.png","contentUrl":"https:\/\/www.cmcfinland.fi\/wp-content\/uploads\/2024\/01\/CMC_finland_logo_musta.png","width":272,"height":88,"caption":"CMC Finland"},"image":{"@id":"https:\/\/www.cmcfinland.fi\/#\/schema\/logo\/image\/"},"sameAs":["https:\/\/www.facebook.com\/cmc.finland\/","https:\/\/x.com\/CMCFinland","https:\/\/www.instagram.com\/cmc.finland\/","https:\/\/www.youtube.com\/channel\/UC49g1WmKq81Amw1ZUa5ZRKA","https:\/\/www.linkedin.com\/company\/crisis-management-centre-cmc-finland\/"]}]}},"_links":{"self":[{"href":"https:\/\/www.cmcfinland.fi\/sv\/wp-json\/wp\/v2\/pages\/10738","targetHints":{"allow":["GET"]}}],"collection":[{"href":"https:\/\/www.cmcfinland.fi\/sv\/wp-json\/wp\/v2\/pages"}],"about":[{"href":"https:\/\/www.cmcfinland.fi\/sv\/wp-json\/wp\/v2\/types\/page"}],"author":[{"embeddable":true,"href":"https:\/\/www.cmcfinland.fi\/sv\/wp-json\/wp\/v2\/users\/19"}],"replies":[{"embeddable":true,"href":"https:\/\/www.cmcfinland.fi\/sv\/wp-json\/wp\/v2\/comments?post=10738"}],"version-history":[{"count":1,"href":"https:\/\/www.cmcfinland.fi\/sv\/wp-json\/wp\/v2\/pages\/10738\/revisions"}],"predecessor-version":[{"id":10739,"href":"https:\/\/www.cmcfinland.fi\/sv\/wp-json\/wp\/v2\/pages\/10738\/revisions\/10739"}],"wp:attachment":[{"href":"https:\/\/www.cmcfinland.fi\/sv\/wp-json\/wp\/v2\/media?parent=10738"}],"curies":[{"name":"wp","href":"https:\/\/api.w.org\/{rel}","templated":true}]}}