{"id":10742,"date":"2021-03-22T16:01:26","date_gmt":"2021-03-22T14:01:26","guid":{"rendered":"https:\/\/www.cmcfinland.fi\/?page_id=10742"},"modified":"2021-05-27T12:43:40","modified_gmt":"2021-05-27T09:43:40","slug":"forsknings-utbildnings-och-utvecklingssamarbete","status":"publish","type":"page","link":"https:\/\/www.cmcfinland.fi\/sv\/samarbete\/forsknings-utbildnings-och-utvecklingssamarbete\/","title":{"rendered":"Forsknings-, utbildnings- och utvecklingssamarbete"},"content":{"rendered":"<p>Krishanteringscentret CMC Finland \u00e4r den \u00f6vergripande akt\u00f6ren inom civil krishantering i Finland och svarar s\u00e5ledes f\u00f6r den nationella utbildningsverksamheten inom civil krishantering. Ut\u00f6ver Krishanteringscentrets partner samarbetar vi bland annat med F\u00f6rsvarsh\u00f6gskolan, Freds- och konfliktforskningscentret vid Tammerfors universitet (TAPRI) och Ule\u00e5borgs universitets PeaceTalk-program.<\/p>\n<p>Krishanteringscentret st\u00f6der i synnerhet EU:s och FN:s utbildningsverksamhet genom olika arbetsgrupper. Dessutom \u00e4r vi medlem i Europeiska s\u00e4kerhets- och f\u00f6rsvarsakademin och tv\u00e5 EU-projekt: EU Police and Civilian Services Training (EUPCST) och EU Civilian Training Initiative (EUCTI). Syftet med det internationella utbildningssamarbetet \u00e4r att utveckla utbildningen inom civil krishantering s\u00e5v\u00e4l tematiskt som inneh\u00e5llsm\u00e4ssigt, identifiera utbildningsbehov, standardisera utbildningar, fr\u00e4mja utbildar- och studentutbyte och utveckla undervisningsmetoderna.<\/p>\n<p>Syftet med Krishanteringscentrets forsknings- och utvecklingsverksamhet \u00e4r att producera ny information f\u00f6r f\u00f6rb\u00e4ttrad beredskap inom den nationella civila krishanteringsf\u00f6rvaltningen. Inom forskning och utveckling samarbetar Krishanteringscentret bland annat med universitet, tankesmedjor, medborgarorganisationer och statliga partner. Forskningsverksamheten sker fr\u00e4mst inom konsortier s\u00e5 som EPON-n\u00e4tverket (The Effectiveness of Peace Operations Network), d\u00e4r man gemensamt studerar exempelvis effekterna av krishantering.<\/p>\n","protected":false},"excerpt":{"rendered":"<p>Krishanteringscentret CMC Finland \u00e4r den \u00f6vergripande akt\u00f6ren inom civil krishantering i Finland och svarar s\u00e5ledes f\u00f6r den nationella utbildningsverksamheten inom civil krishantering. Ut\u00f6ver Krishanteringscentrets partner samarbetar vi bland annat med F\u00f6rsvarsh\u00f6gskolan, Freds- och konfliktforskningscentret vid Tammerfors universitet (TAPRI) och Ule\u00e5borgs universitets PeaceTalk-program. Krishanteringscentret st\u00f6der i synnerhet EU:s och FN:s utbildningsverksamhet genom olika arbetsgrupper. Dessutom \u00e4r &#8230; <a title=\"Forsknings-, utbildnings- och utvecklingssamarbete\" class=\"read-more\" href=\"https:\/\/www.cmcfinland.fi\/sv\/samarbete\/forsknings-utbildnings-och-utvecklingssamarbete\/\" aria-label=\"Read more about Forsknings-, utbildnings- och utvecklingssamarbete\">L\u00e4s mer<\/a><\/p>\n","protected":false},"author":19,"featured_media":0,"parent":7766,"menu_order":0,"comment_status":"closed","ping_status":"closed","template":"","meta":{"_acf_changed":false,"_relevanssi_hide_post":"","_relevanssi_hide_content":"","_relevanssi_pin_for_all":"","_relevanssi_pin_keywords":"","_relevanssi_unpin_keywords":"","_relevanssi_related_keywords":"","_relevanssi_related_include_ids":"","_relevanssi_related_exclude_ids":"","_relevanssi_related_no_append":"","_relevanssi_related_not_related":"","_relevanssi_related_posts":"","_relevanssi_noindex_reason":"","footnotes":""},"class_list":["post-10742","page","type-page","status-publish"],"acf":[],"yoast_head":"<!-- This site is optimized with the Yoast SEO plugin v27.4 - https:\/\/yoast.com\/product\/yoast-seo-wordpress\/ -->\n<title>Forsknings-, utbildnings- och utvecklingssamarbete - CMC Finland<\/title>\n<meta name=\"robots\" content=\"index, follow, max-snippet:-1, max-image-preview:large, max-video-preview:-1\" \/>\n<link rel=\"canonical\" href=\"https:\/\/www.cmcfinland.fi\/sv\/samarbete\/forsknings-utbildnings-och-utvecklingssamarbete\/\" \/>\n<meta property=\"og:locale\" content=\"sv_SE\" \/>\n<meta property=\"og:type\" content=\"article\" \/>\n<meta property=\"og:title\" content=\"Forsknings-, utbildnings- och utvecklingssamarbete - CMC Finland\" \/>\n<meta property=\"og:description\" content=\"Krishanteringscentret CMC Finland \u00e4r den \u00f6vergripande akt\u00f6ren inom civil krishantering i Finland och svarar s\u00e5ledes f\u00f6r den nationella utbildningsverksamheten inom civil krishantering. Ut\u00f6ver Krishanteringscentrets partner samarbetar vi bland annat med F\u00f6rsvarsh\u00f6gskolan, Freds- och konfliktforskningscentret vid Tammerfors universitet (TAPRI) och Ule\u00e5borgs universitets PeaceTalk-program. Krishanteringscentret st\u00f6der i synnerhet EU:s och FN:s utbildningsverksamhet genom olika arbetsgrupper. Dessutom \u00e4r ... L\u00e4s mer\" \/>\n<meta property=\"og:url\" content=\"https:\/\/www.cmcfinland.fi\/sv\/samarbete\/forsknings-utbildnings-och-utvecklingssamarbete\/\" \/>\n<meta property=\"og:site_name\" content=\"CMC Finland\" \/>\n<meta property=\"article:publisher\" content=\"https:\/\/www.facebook.com\/cmc.finland\/\" \/>\n<meta property=\"article:modified_time\" content=\"2021-05-27T09:43:40+00:00\" \/>\n<meta name=\"twitter:card\" content=\"summary_large_image\" \/>\n<meta name=\"twitter:site\" content=\"@CMCFinland\" \/>\n<meta name=\"twitter:label1\" content=\"Est. reading time\" \/>\n\t<meta name=\"twitter:data1\" content=\"1 minute\" \/>\n<script type=\"application\/ld+json\" class=\"yoast-schema-graph\">{\"@context\":\"https:\\\/\\\/schema.org\",\"@graph\":[{\"@type\":\"WebPage\",\"@id\":\"https:\\\/\\\/www.cmcfinland.fi\\\/sv\\\/samarbete\\\/forsknings-utbildnings-och-utvecklingssamarbete\\\/\",\"url\":\"https:\\\/\\\/www.cmcfinland.fi\\\/sv\\\/samarbete\\\/forsknings-utbildnings-och-utvecklingssamarbete\\\/\",\"name\":\"Forsknings-, utbildnings- och utvecklingssamarbete - CMC Finland\",\"isPartOf\":{\"@id\":\"https:\\\/\\\/www.cmcfinland.fi\\\/#website\"},\"datePublished\":\"2021-03-22T14:01:26+00:00\",\"dateModified\":\"2021-05-27T09:43:40+00:00\",\"breadcrumb\":{\"@id\":\"https:\\\/\\\/www.cmcfinland.fi\\\/sv\\\/samarbete\\\/forsknings-utbildnings-och-utvecklingssamarbete\\\/#breadcrumb\"},\"inLanguage\":\"sv-SE\",\"potentialAction\":[{\"@type\":\"ReadAction\",\"target\":[\"https:\\\/\\\/www.cmcfinland.fi\\\/sv\\\/samarbete\\\/forsknings-utbildnings-och-utvecklingssamarbete\\\/\"]}]},{\"@type\":\"BreadcrumbList\",\"@id\":\"https:\\\/\\\/www.cmcfinland.fi\\\/sv\\\/samarbete\\\/forsknings-utbildnings-och-utvecklingssamarbete\\\/#breadcrumb\",\"itemListElement\":[{\"@type\":\"ListItem\",\"position\":1,\"name\":\"Framsida\",\"item\":\"https:\\\/\\\/www.cmcfinland.fi\\\/sv\\\/\"},{\"@type\":\"ListItem\",\"position\":2,\"name\":\"Samarbete\",\"item\":\"https:\\\/\\\/www.cmcfinland.fi\\\/sv\\\/samarbete\\\/\"},{\"@type\":\"ListItem\",\"position\":3,\"name\":\"Forsknings-, utbildnings- och utvecklingssamarbete\"}]},{\"@type\":\"WebSite\",\"@id\":\"https:\\\/\\\/www.cmcfinland.fi\\\/#website\",\"url\":\"https:\\\/\\\/www.cmcfinland.fi\\\/\",\"name\":\"CMC Finland\",\"description\":\"Kriisinhallintakeskus\",\"publisher\":{\"@id\":\"https:\\\/\\\/www.cmcfinland.fi\\\/#organization\"},\"potentialAction\":[{\"@type\":\"SearchAction\",\"target\":{\"@type\":\"EntryPoint\",\"urlTemplate\":\"https:\\\/\\\/www.cmcfinland.fi\\\/?s={search_term_string}\"},\"query-input\":{\"@type\":\"PropertyValueSpecification\",\"valueRequired\":true,\"valueName\":\"search_term_string\"}}],\"inLanguage\":\"sv-SE\"},{\"@type\":\"Organization\",\"@id\":\"https:\\\/\\\/www.cmcfinland.fi\\\/#organization\",\"name\":\"CMC Finland\",\"url\":\"https:\\\/\\\/www.cmcfinland.fi\\\/\",\"logo\":{\"@type\":\"ImageObject\",\"inLanguage\":\"sv-SE\",\"@id\":\"https:\\\/\\\/www.cmcfinland.fi\\\/#\\\/schema\\\/logo\\\/image\\\/\",\"url\":\"https:\\\/\\\/www.cmcfinland.fi\\\/wp-content\\\/uploads\\\/2024\\\/01\\\/CMC_finland_logo_musta.png\",\"contentUrl\":\"https:\\\/\\\/www.cmcfinland.fi\\\/wp-content\\\/uploads\\\/2024\\\/01\\\/CMC_finland_logo_musta.png\",\"width\":272,\"height\":88,\"caption\":\"CMC Finland\"},\"image\":{\"@id\":\"https:\\\/\\\/www.cmcfinland.fi\\\/#\\\/schema\\\/logo\\\/image\\\/\"},\"sameAs\":[\"https:\\\/\\\/www.facebook.com\\\/cmc.finland\\\/\",\"https:\\\/\\\/x.com\\\/CMCFinland\",\"https:\\\/\\\/www.instagram.com\\\/cmc.finland\\\/\",\"https:\\\/\\\/www.youtube.com\\\/channel\\\/UC49g1WmKq81Amw1ZUa5ZRKA\",\"https:\\\/\\\/www.linkedin.com\\\/company\\\/crisis-management-centre-cmc-finland\\\/\"]}]}<\/script>\n<!-- \/ Yoast SEO plugin. -->","yoast_head_json":{"title":"Forsknings-, utbildnings- och utvecklingssamarbete - CMC Finland","robots":{"index":"index","follow":"follow","max-snippet":"max-snippet:-1","max-image-preview":"max-image-preview:large","max-video-preview":"max-video-preview:-1"},"canonical":"https:\/\/www.cmcfinland.fi\/sv\/samarbete\/forsknings-utbildnings-och-utvecklingssamarbete\/","og_locale":"sv_SE","og_type":"article","og_title":"Forsknings-, utbildnings- och utvecklingssamarbete - CMC Finland","og_description":"Krishanteringscentret CMC Finland \u00e4r den \u00f6vergripande akt\u00f6ren inom civil krishantering i Finland och svarar s\u00e5ledes f\u00f6r den nationella utbildningsverksamheten inom civil krishantering. Ut\u00f6ver Krishanteringscentrets partner samarbetar vi bland annat med F\u00f6rsvarsh\u00f6gskolan, Freds- och konfliktforskningscentret vid Tammerfors universitet (TAPRI) och Ule\u00e5borgs universitets PeaceTalk-program. Krishanteringscentret st\u00f6der i synnerhet EU:s och FN:s utbildningsverksamhet genom olika arbetsgrupper. Dessutom \u00e4r ... L\u00e4s mer","og_url":"https:\/\/www.cmcfinland.fi\/sv\/samarbete\/forsknings-utbildnings-och-utvecklingssamarbete\/","og_site_name":"CMC Finland","article_publisher":"https:\/\/www.facebook.com\/cmc.finland\/","article_modified_time":"2021-05-27T09:43:40+00:00","twitter_card":"summary_large_image","twitter_site":"@CMCFinland","twitter_misc":{"Est. reading time":"1 minute"},"schema":{"@context":"https:\/\/schema.org","@graph":[{"@type":"WebPage","@id":"https:\/\/www.cmcfinland.fi\/sv\/samarbete\/forsknings-utbildnings-och-utvecklingssamarbete\/","url":"https:\/\/www.cmcfinland.fi\/sv\/samarbete\/forsknings-utbildnings-och-utvecklingssamarbete\/","name":"Forsknings-, utbildnings- och utvecklingssamarbete - CMC Finland","isPartOf":{"@id":"https:\/\/www.cmcfinland.fi\/#website"},"datePublished":"2021-03-22T14:01:26+00:00","dateModified":"2021-05-27T09:43:40+00:00","breadcrumb":{"@id":"https:\/\/www.cmcfinland.fi\/sv\/samarbete\/forsknings-utbildnings-och-utvecklingssamarbete\/#breadcrumb"},"inLanguage":"sv-SE","potentialAction":[{"@type":"ReadAction","target":["https:\/\/www.cmcfinland.fi\/sv\/samarbete\/forsknings-utbildnings-och-utvecklingssamarbete\/"]}]},{"@type":"BreadcrumbList","@id":"https:\/\/www.cmcfinland.fi\/sv\/samarbete\/forsknings-utbildnings-och-utvecklingssamarbete\/#breadcrumb","itemListElement":[{"@type":"ListItem","position":1,"name":"Framsida","item":"https:\/\/www.cmcfinland.fi\/sv\/"},{"@type":"ListItem","position":2,"name":"Samarbete","item":"https:\/\/www.cmcfinland.fi\/sv\/samarbete\/"},{"@type":"ListItem","position":3,"name":"Forsknings-, utbildnings- och utvecklingssamarbete"}]},{"@type":"WebSite","@id":"https:\/\/www.cmcfinland.fi\/#website","url":"https:\/\/www.cmcfinland.fi\/","name":"CMC Finland","description":"Kriisinhallintakeskus","publisher":{"@id":"https:\/\/www.cmcfinland.fi\/#organization"},"potentialAction":[{"@type":"SearchAction","target":{"@type":"EntryPoint","urlTemplate":"https:\/\/www.cmcfinland.fi\/?s={search_term_string}"},"query-input":{"@type":"PropertyValueSpecification","valueRequired":true,"valueName":"search_term_string"}}],"inLanguage":"sv-SE"},{"@type":"Organization","@id":"https:\/\/www.cmcfinland.fi\/#organization","name":"CMC Finland","url":"https:\/\/www.cmcfinland.fi\/","logo":{"@type":"ImageObject","inLanguage":"sv-SE","@id":"https:\/\/www.cmcfinland.fi\/#\/schema\/logo\/image\/","url":"https:\/\/www.cmcfinland.fi\/wp-content\/uploads\/2024\/01\/CMC_finland_logo_musta.png","contentUrl":"https:\/\/www.cmcfinland.fi\/wp-content\/uploads\/2024\/01\/CMC_finland_logo_musta.png","width":272,"height":88,"caption":"CMC Finland"},"image":{"@id":"https:\/\/www.cmcfinland.fi\/#\/schema\/logo\/image\/"},"sameAs":["https:\/\/www.facebook.com\/cmc.finland\/","https:\/\/x.com\/CMCFinland","https:\/\/www.instagram.com\/cmc.finland\/","https:\/\/www.youtube.com\/channel\/UC49g1WmKq81Amw1ZUa5ZRKA","https:\/\/www.linkedin.com\/company\/crisis-management-centre-cmc-finland\/"]}]}},"_links":{"self":[{"href":"https:\/\/www.cmcfinland.fi\/sv\/wp-json\/wp\/v2\/pages\/10742","targetHints":{"allow":["GET"]}}],"collection":[{"href":"https:\/\/www.cmcfinland.fi\/sv\/wp-json\/wp\/v2\/pages"}],"about":[{"href":"https:\/\/www.cmcfinland.fi\/sv\/wp-json\/wp\/v2\/types\/page"}],"author":[{"embeddable":true,"href":"https:\/\/www.cmcfinland.fi\/sv\/wp-json\/wp\/v2\/users\/19"}],"replies":[{"embeddable":true,"href":"https:\/\/www.cmcfinland.fi\/sv\/wp-json\/wp\/v2\/comments?post=10742"}],"version-history":[{"count":3,"href":"https:\/\/www.cmcfinland.fi\/sv\/wp-json\/wp\/v2\/pages\/10742\/revisions"}],"predecessor-version":[{"id":11507,"href":"https:\/\/www.cmcfinland.fi\/sv\/wp-json\/wp\/v2\/pages\/10742\/revisions\/11507"}],"up":[{"embeddable":true,"href":"https:\/\/www.cmcfinland.fi\/sv\/wp-json\/wp\/v2\/pages\/7766"}],"wp:attachment":[{"href":"https:\/\/www.cmcfinland.fi\/sv\/wp-json\/wp\/v2\/media?parent=10742"}],"curies":[{"name":"wp","href":"https:\/\/api.w.org\/{rel}","templated":true}]}}