{"id":11458,"date":"2021-05-25T11:56:16","date_gmt":"2021-05-25T08:56:16","guid":{"rendered":"https:\/\/www.cmcfinland.fi\/?page_id=11458"},"modified":"2024-04-16T09:45:32","modified_gmt":"2024-04-16T06:45:32","slug":"kurskalender","status":"publish","type":"page","link":"https:\/\/www.cmcfinland.fi\/sv\/vad-vi-gor\/utbildning\/kurskalender\/","title":{"rendered":"Kurskalender"},"content":{"rendered":"\n<section id=\"gm78074b2\" class=\"wp-block-gutentor-m3 alignfull section-gm78074b2 gutentor-module gutentor-container-cover has-image-bg has-custom-bg g-c-r-valign-mobile g-c-r-valign-tablet g-valign-c-desktop alasivu-top\"><div class=\"grid-container\">\n<section id=\"gm4cd8e03\" class=\"wp-block-gutentor-m4 section-gm4cd8e03 gutentor-module gutentor-advanced-columns\"><div class=\"grid-container\"><div class=\"grid-row\">\n<div id=\"col-gm7533ed\" class=\"wp-block-gutentor-m4-col col-gm7533ed gutentor-single-column  grid-lg-6 grid-md-12 grid-12 header-breadcrumbs\"><div id=\"section-gm7533ed\" class=\"section-gm7533ed gutentor-col-wrap\">\n<div id=\"section-g8e45c6\" class=\"wp-block-gutentor-e1 section-g8e45c6 gutentor-element gutentor-element-advanced-text\"><div class=\"gutentor-text-wrap\"><h1 class=\"gutentor-text\"><strong>Kurskalender<\/strong><\/h1><\/div><\/div>\n\n\n<span><span><a href=\"https:\/\/www.cmcfinland.fi\/sv\/\">Framsida<\/a><\/span><\/span>\n<\/div><\/div>\n\n\n\n<div id=\"col-gmc18933\" class=\"wp-block-gutentor-m4-col col-gmc18933 gutentor-single-column  grid-lg-6 grid-md-12 grid-12\"><div id=\"section-gmc18933\" class=\"section-gmc18933 gutentor-col-wrap\"><\/div><\/div>\n<\/div><\/div><\/section>\n<\/div><\/section>\n\n\n\n<section id=\"gme2dfb64\" class=\"wp-block-gutentor-m3 section-gme2dfb64 gutentor-module gutentor-container-cover\"><div class=\"grid-container\">\n<p>H\u00e4r hittar du b\u00e5de de kurser som Krishanteringscentret ordnar och de kurser som samarbetspartnerna ordnar, till vilka vi skickar experter som h\u00f6r till expertregistret. Vi v\u00e4ljer sj\u00e4lva deltagare till de utbildningar som Krishanteringscentret ordnar. N\u00e4r det g\u00e4ller kurser som ordnas av samarbetspartner ger Krishanteringscentret i allm\u00e4nhet f\u00f6rslag till val av deltagare, men de egentliga antagningarna g\u00f6rs av kursarrang\u00f6ren. <\/p>\n\n\n\n<p>N\u00e4r ans\u00f6kningstiden f\u00f6r vilken kurs som helst b\u00f6rjar skickar vi ett meddelande om detta till dem som anslutit sig till v\u00e5r e-postlista. Du kan ansluta dig till e-postlistan <a href=\"\/sv\/information-om-oss\/prenumerera-pa-nyhetsbrevet\/\">h\u00e4r.<\/a><\/p>\n\n\n\n<div style=\"height:50px\" aria-hidden=\"true\" class=\"wp-block-spacer\"><\/div>\n\n\n<form autocomplete=\"off\" name=\"wpv-filter-8098\" action=\"\/sv\/wp-json\/wp\/v2\/pages\/11458?wpv_view_count=8098\" method=\"get\" class=\"wpv-filter-form js-wpv-filter-form js-wpv-filter-form-8098 js-wpv-form-full\" data-viewnumber=\"8098\" data-viewid=\"8098\" data-viewhash=\"eyJuYW1lIjoiS2Fpa2tpIn0=\" data-viewwidgetid=\"0\" data-orderby=\"\" data-order=\"\" data-orderbyas=\"\" data-orderbysecond=\"\" data-ordersecond=\"\" data-parametric=\"{&quot;query&quot;:&quot;normal&quot;,&quot;id&quot;:8098,&quot;view_id&quot;:8098,&quot;widget_id&quot;:0,&quot;view_hash&quot;:&quot;8098&quot;,&quot;action&quot;:&quot;\\\/sv\\\/wp-json\\\/wp\\\/v2\\\/pages\\\/11458?wpv_view_count=8098&quot;,&quot;sort&quot;:{&quot;orderby&quot;:&quot;&quot;,&quot;order&quot;:&quot;&quot;,&quot;orderby_as&quot;:&quot;&quot;,&quot;orderby_second&quot;:&quot;&quot;,&quot;order_second&quot;:&quot;&quot;},&quot;orderby&quot;:&quot;&quot;,&quot;order&quot;:&quot;&quot;,&quot;orderby_as&quot;:&quot;&quot;,&quot;orderby_second&quot;:&quot;&quot;,&quot;order_second&quot;:&quot;&quot;,&quot;ajax_form&quot;:&quot;&quot;,&quot;ajax_results&quot;:&quot;&quot;,&quot;effect&quot;:&quot;fade&quot;,&quot;prebefore&quot;:&quot;&quot;,&quot;before&quot;:&quot;&quot;,&quot;after&quot;:&quot;&quot;,&quot;attributes&quot;:[],&quot;environment&quot;:{&quot;current_post_id&quot;:11458,&quot;parent_post_id&quot;:11458,&quot;parent_term_id&quot;:0,&quot;parent_user_id&quot;:0,&quot;archive&quot;:{&quot;type&quot;:&quot;&quot;,&quot;name&quot;:&quot;&quot;,&quot;data&quot;:[]}},&quot;loop&quot;:{&quot;type&quot;:&quot;&quot;,&quot;name&quot;:&quot;&quot;,&quot;data&quot;:[],&quot;id&quot;:0}}\" data-attributes=\"[]\" data-environment=\"{&quot;current_post_id&quot;:11458,&quot;parent_post_id&quot;:11458,&quot;parent_term_id&quot;:0,&quot;parent_user_id&quot;:0,&quot;archive&quot;:{&quot;type&quot;:&quot;&quot;,&quot;name&quot;:&quot;&quot;,&quot;data&quot;:[]}}\"><input type=\"hidden\" class=\"js-wpv-dps-filter-data js-wpv-filter-data-for-this-form\" data-action=\"\/sv\/wp-json\/wp\/v2\/pages\/11458?wpv_view_count=8098\" data-page=\"1\" data-ajax=\"disable\" data-effect=\"fade\" data-maxpages=\"1\" data-ajaxprebefore=\"\" data-ajaxbefore=\"\" data-ajaxafter=\"\" \/><input class=\"wpv_view_count wpv_view_count-8098\" type=\"hidden\" name=\"wpv_view_count\" value=\"8098\" \/>\n<\/form>\n<div id=\"wpv-view-layout-8098\" class=\"js-wpv-view-layout js-wpv-layout-responsive js-wpv-view-layout-8098\" data-viewnumber=\"8098\" data-pagination=\"{&quot;id&quot;:8098,&quot;query&quot;:&quot;normal&quot;,&quot;type&quot;:&quot;paged&quot;,&quot;effect&quot;:&quot;fade&quot;,&quot;duration&quot;:500,&quot;speed&quot;:5,&quot;pause_on_hover&quot;:&quot;disabled&quot;,&quot;stop_rollover&quot;:&quot;false&quot;,&quot;cache_pages&quot;:&quot;enabled&quot;,&quot;preload_images&quot;:&quot;enabled&quot;,&quot;preload_pages&quot;:&quot;enabled&quot;,&quot;preload_reach&quot;:1,&quot;spinner&quot;:&quot;builtin&quot;,&quot;spinner_image&quot;:&quot;https:\/\/www.cmcfinland.fi\/wp-content\/plugins\/wp-views\/embedded\/res\/img\/ajax-loader.gif&quot;,&quot;callback_next&quot;:&quot;&quot;,&quot;manage_history&quot;:&quot;enabled&quot;,&quot;has_controls_in_form&quot;:&quot;enabled&quot;,&quot;infinite_tolerance&quot;:&quot;0&quot;,&quot;max_pages&quot;:1,&quot;page&quot;:1,&quot;base_permalink&quot;:&quot;\/sv\/wp-json\/wp\/v2\/pages\/11458?wpv_view_count=8098&amp;wpv_paged=WPV_PAGE_NUM&quot;,&quot;loop&quot;:{&quot;type&quot;:&quot;&quot;,&quot;name&quot;:&quot;&quot;,&quot;data&quot;:[],&quot;id&quot;:0}}\" data-permalink=\"\/sv\/wp-json\/wp\/v2\/pages\/11458?wpv_view_count=8098\">\n\n\t\n\t\n\t<div class=\"wpv-loop js-wpv-loop calender\">\n\t\t\n          <div onclick=\"location.href='https:\/\/www.cmcfinland.fi\/sv\/basic-course-on-civilian-crisis-management-bcccm-2-2026\/';\" style=\"cursor:pointer; position:relative;\" id=\"wrapper\" class=\"clearfix koulutukset-fp\">\n              <div class=\"pvm\"><h3><strong>7.9. - 12.9.2026<\/strong><\/h3><\/div>    \n              <div style=\"padding:20px\">\n                <h4><a href=\"https:\/\/www.cmcfinland.fi\/sv\/basic-course-on-civilian-crisis-management-bcccm-2-2026\/\">Basic Course on Civilian Crisis Management (BCCCM) 2-2026<\/a><\/h4>\n                <div class=\"organiser\" style=\"display: flex; flex-direction: row;\"><strong>Organisat\u00f6r:<\/strong><p style=\"margin-left:5px; margin-bottom:0;\">CMC Finland<\/p><\/div>\n\t\t\t\t<div class=\"deadline\" style=\"display: flex; flex-direction: row; max-width:85%;\"><strong>Ans\u00f6k senast<\/strong><p style=\"margin-left:5px; margin-bottom:0;\"> 5.10.2025<\/p><\/div>\n                <a class=\"read-more-kurssit\" style=\"position:absolute; right:20px; bottom:20px; font-size:0.7em; font-weight:600;\" href=\"https:\/\/www.cmcfinland.fi\/sv\/basic-course-on-civilian-crisis-management-bcccm-2-2026\/\">L\u00e4s mer \u203a<\/a>\n              <\/div>       \n          <\/div>\n\t\t\n          <div onclick=\"location.href='https:\/\/www.cmcfinland.fi\/sv\/mediation-negotiation-and-dialogue-skills-for-the-csdp-course\/';\" style=\"cursor:pointer; position:relative;\" id=\"wrapper\" class=\"clearfix koulutukset-fp\">\n              <div class=\"pvm\"><h3><strong>11.5. - 15.5.2026<\/strong><\/h3><\/div>    \n              <div style=\"padding:20px\">\n                <h4><a href=\"https:\/\/www.cmcfinland.fi\/sv\/mediation-negotiation-and-dialogue-skills-for-the-csdp-course\/\">Mediation, Negotiation and Dialogue Skills for the CSDP<\/a><\/h4>\n                <div class=\"organiser\" style=\"display: flex; flex-direction: row;\"><strong>Organisat\u00f6r:<\/strong><p style=\"margin-left:5px; margin-bottom:0;\">UCY, MU, CSDA and ESDC<\/p><\/div>\n\t\t\t\t<div class=\"deadline\" style=\"display: flex; flex-direction: row; max-width:85%;\"><strong>Ans\u00f6k senast<\/strong><p style=\"margin-left:5px; margin-bottom:0;\"> 6.4.2026<\/p><\/div>\n                <a class=\"read-more-kurssit\" style=\"position:absolute; right:20px; bottom:20px; font-size:0.7em; font-weight:600;\" href=\"https:\/\/www.cmcfinland.fi\/sv\/mediation-negotiation-and-dialogue-skills-for-the-csdp-course\/\">L\u00e4s mer \u203a<\/a>\n              <\/div>       \n          <\/div>\n\t\t\n          <div onclick=\"location.href='https:\/\/www.cmcfinland.fi\/sv\/hostile-environment-awareness-training-heat-2026-1\/';\" style=\"cursor:pointer; position:relative;\" id=\"wrapper\" class=\"clearfix koulutukset-fp\">\n              <div class=\"pvm\"><h3><strong>11.6. - 15.6.2026<\/strong><\/h3><\/div>    \n              <div style=\"padding:20px\">\n                <h4><a href=\"https:\/\/www.cmcfinland.fi\/sv\/hostile-environment-awareness-training-heat-2026-1\/\">Hostile Environment Awareness Training (HEAT) 2026-1<\/a><\/h4>\n                <div class=\"organiser\" style=\"display: flex; flex-direction: row;\"><strong>Organisat\u00f6r:<\/strong><p style=\"margin-left:5px; margin-bottom:0;\">CMC Finland<\/p><\/div>\n\t\t\t\t<div class=\"deadline\" style=\"display: flex; flex-direction: row; max-width:85%;\"><strong>Ans\u00f6k senast<\/strong><p style=\"margin-left:5px; margin-bottom:0;\"> 12.4.2026<\/p><\/div>\n                <a class=\"read-more-kurssit\" style=\"position:absolute; right:20px; bottom:20px; font-size:0.7em; font-weight:600;\" href=\"https:\/\/www.cmcfinland.fi\/sv\/hostile-environment-awareness-training-heat-2026-1\/\">L\u00e4s mer \u203a<\/a>\n              <\/div>       \n          <\/div>\n\t\t\n\t<\/div>\n\t\n\t\n\t\n<\/div>\n\n<\/div><\/section>\n","protected":false},"excerpt":{"rendered":"","protected":false},"author":1,"featured_media":0,"parent":7752,"menu_order":3,"comment_status":"closed","ping_status":"closed","template":"","meta":{"_acf_changed":false,"_relevanssi_hide_post":"","_relevanssi_hide_content":"","_relevanssi_pin_for_all":"","_relevanssi_pin_keywords":"","_relevanssi_unpin_keywords":"","_relevanssi_related_keywords":"","_relevanssi_related_include_ids":"","_relevanssi_related_exclude_ids":"","_relevanssi_related_no_append":"","_relevanssi_related_not_related":"","_relevanssi_related_posts":"18179,9528,10625,2302,8183,18331","_relevanssi_noindex_reason":"","footnotes":""},"class_list":["post-11458","page","type-page","status-publish"],"acf":[],"yoast_head":"<!-- This site is optimized with the Yoast SEO plugin v27.4 - https:\/\/yoast.com\/product\/yoast-seo-wordpress\/ -->\n<title>Kurskalender - CMC Finland<\/title>\n<meta name=\"robots\" content=\"index, follow, max-snippet:-1, max-image-preview:large, max-video-preview:-1\" \/>\n<link rel=\"canonical\" href=\"https:\/\/www.cmcfinland.fi\/sv\/vad-vi-gor\/utbildning\/kurskalender\/\" \/>\n<meta property=\"og:locale\" content=\"sv_SE\" \/>\n<meta property=\"og:type\" content=\"article\" \/>\n<meta property=\"og:title\" content=\"Kurskalender - CMC Finland\" \/>\n<meta property=\"og:url\" content=\"https:\/\/www.cmcfinland.fi\/sv\/vad-vi-gor\/utbildning\/kurskalender\/\" \/>\n<meta property=\"og:site_name\" content=\"CMC Finland\" \/>\n<meta property=\"article:publisher\" content=\"https:\/\/www.facebook.com\/cmc.finland\/\" \/>\n<meta property=\"article:modified_time\" content=\"2024-04-16T06:45:32+00:00\" \/>\n<meta name=\"twitter:card\" content=\"summary_large_image\" \/>\n<meta name=\"twitter:site\" content=\"@CMCFinland\" \/>\n<meta name=\"twitter:label1\" content=\"Est. reading time\" \/>\n\t<meta name=\"twitter:data1\" content=\"1 minute\" \/>\n<script type=\"application\/ld+json\" class=\"yoast-schema-graph\">{\"@context\":\"https:\\\/\\\/schema.org\",\"@graph\":[{\"@type\":\"WebPage\",\"@id\":\"https:\\\/\\\/www.cmcfinland.fi\\\/sv\\\/vad-vi-gor\\\/utbildning\\\/kurskalender\\\/\",\"url\":\"https:\\\/\\\/www.cmcfinland.fi\\\/sv\\\/vad-vi-gor\\\/utbildning\\\/kurskalender\\\/\",\"name\":\"Kurskalender - CMC Finland\",\"isPartOf\":{\"@id\":\"https:\\\/\\\/www.cmcfinland.fi\\\/#website\"},\"datePublished\":\"2021-05-25T08:56:16+00:00\",\"dateModified\":\"2024-04-16T06:45:32+00:00\",\"breadcrumb\":{\"@id\":\"https:\\\/\\\/www.cmcfinland.fi\\\/sv\\\/vad-vi-gor\\\/utbildning\\\/kurskalender\\\/#breadcrumb\"},\"inLanguage\":\"sv-SE\",\"potentialAction\":[{\"@type\":\"ReadAction\",\"target\":[\"https:\\\/\\\/www.cmcfinland.fi\\\/sv\\\/vad-vi-gor\\\/utbildning\\\/kurskalender\\\/\"]}]},{\"@type\":\"BreadcrumbList\",\"@id\":\"https:\\\/\\\/www.cmcfinland.fi\\\/sv\\\/vad-vi-gor\\\/utbildning\\\/kurskalender\\\/#breadcrumb\",\"itemListElement\":[{\"@type\":\"ListItem\",\"position\":1,\"name\":\"Framsida\",\"item\":\"https:\\\/\\\/www.cmcfinland.fi\\\/sv\\\/\"},{\"@type\":\"ListItem\",\"position\":2,\"name\":\"Vad vi g\u00f6r\",\"item\":\"https:\\\/\\\/www.cmcfinland.fi\\\/sv\\\/vad-vi-gor\\\/\"},{\"@type\":\"ListItem\",\"position\":3,\"name\":\"Utbildning\",\"item\":\"https:\\\/\\\/www.cmcfinland.fi\\\/sv\\\/vad-vi-gor\\\/utbildning\\\/\"},{\"@type\":\"ListItem\",\"position\":4,\"name\":\"Kurskalender\"}]},{\"@type\":\"WebSite\",\"@id\":\"https:\\\/\\\/www.cmcfinland.fi\\\/#website\",\"url\":\"https:\\\/\\\/www.cmcfinland.fi\\\/\",\"name\":\"CMC Finland\",\"description\":\"Kriisinhallintakeskus\",\"publisher\":{\"@id\":\"https:\\\/\\\/www.cmcfinland.fi\\\/#organization\"},\"potentialAction\":[{\"@type\":\"SearchAction\",\"target\":{\"@type\":\"EntryPoint\",\"urlTemplate\":\"https:\\\/\\\/www.cmcfinland.fi\\\/?s={search_term_string}\"},\"query-input\":{\"@type\":\"PropertyValueSpecification\",\"valueRequired\":true,\"valueName\":\"search_term_string\"}}],\"inLanguage\":\"sv-SE\"},{\"@type\":\"Organization\",\"@id\":\"https:\\\/\\\/www.cmcfinland.fi\\\/#organization\",\"name\":\"CMC Finland\",\"url\":\"https:\\\/\\\/www.cmcfinland.fi\\\/\",\"logo\":{\"@type\":\"ImageObject\",\"inLanguage\":\"sv-SE\",\"@id\":\"https:\\\/\\\/www.cmcfinland.fi\\\/#\\\/schema\\\/logo\\\/image\\\/\",\"url\":\"https:\\\/\\\/www.cmcfinland.fi\\\/wp-content\\\/uploads\\\/2024\\\/01\\\/CMC_finland_logo_musta.png\",\"contentUrl\":\"https:\\\/\\\/www.cmcfinland.fi\\\/wp-content\\\/uploads\\\/2024\\\/01\\\/CMC_finland_logo_musta.png\",\"width\":272,\"height\":88,\"caption\":\"CMC Finland\"},\"image\":{\"@id\":\"https:\\\/\\\/www.cmcfinland.fi\\\/#\\\/schema\\\/logo\\\/image\\\/\"},\"sameAs\":[\"https:\\\/\\\/www.facebook.com\\\/cmc.finland\\\/\",\"https:\\\/\\\/x.com\\\/CMCFinland\",\"https:\\\/\\\/www.instagram.com\\\/cmc.finland\\\/\",\"https:\\\/\\\/www.youtube.com\\\/channel\\\/UC49g1WmKq81Amw1ZUa5ZRKA\",\"https:\\\/\\\/www.linkedin.com\\\/company\\\/crisis-management-centre-cmc-finland\\\/\"]}]}<\/script>\n<!-- \/ Yoast SEO plugin. -->","yoast_head_json":{"title":"Kurskalender - CMC Finland","robots":{"index":"index","follow":"follow","max-snippet":"max-snippet:-1","max-image-preview":"max-image-preview:large","max-video-preview":"max-video-preview:-1"},"canonical":"https:\/\/www.cmcfinland.fi\/sv\/vad-vi-gor\/utbildning\/kurskalender\/","og_locale":"sv_SE","og_type":"article","og_title":"Kurskalender - CMC Finland","og_url":"https:\/\/www.cmcfinland.fi\/sv\/vad-vi-gor\/utbildning\/kurskalender\/","og_site_name":"CMC Finland","article_publisher":"https:\/\/www.facebook.com\/cmc.finland\/","article_modified_time":"2024-04-16T06:45:32+00:00","twitter_card":"summary_large_image","twitter_site":"@CMCFinland","twitter_misc":{"Est. reading time":"1 minute"},"schema":{"@context":"https:\/\/schema.org","@graph":[{"@type":"WebPage","@id":"https:\/\/www.cmcfinland.fi\/sv\/vad-vi-gor\/utbildning\/kurskalender\/","url":"https:\/\/www.cmcfinland.fi\/sv\/vad-vi-gor\/utbildning\/kurskalender\/","name":"Kurskalender - CMC Finland","isPartOf":{"@id":"https:\/\/www.cmcfinland.fi\/#website"},"datePublished":"2021-05-25T08:56:16+00:00","dateModified":"2024-04-16T06:45:32+00:00","breadcrumb":{"@id":"https:\/\/www.cmcfinland.fi\/sv\/vad-vi-gor\/utbildning\/kurskalender\/#breadcrumb"},"inLanguage":"sv-SE","potentialAction":[{"@type":"ReadAction","target":["https:\/\/www.cmcfinland.fi\/sv\/vad-vi-gor\/utbildning\/kurskalender\/"]}]},{"@type":"BreadcrumbList","@id":"https:\/\/www.cmcfinland.fi\/sv\/vad-vi-gor\/utbildning\/kurskalender\/#breadcrumb","itemListElement":[{"@type":"ListItem","position":1,"name":"Framsida","item":"https:\/\/www.cmcfinland.fi\/sv\/"},{"@type":"ListItem","position":2,"name":"Vad vi g\u00f6r","item":"https:\/\/www.cmcfinland.fi\/sv\/vad-vi-gor\/"},{"@type":"ListItem","position":3,"name":"Utbildning","item":"https:\/\/www.cmcfinland.fi\/sv\/vad-vi-gor\/utbildning\/"},{"@type":"ListItem","position":4,"name":"Kurskalender"}]},{"@type":"WebSite","@id":"https:\/\/www.cmcfinland.fi\/#website","url":"https:\/\/www.cmcfinland.fi\/","name":"CMC Finland","description":"Kriisinhallintakeskus","publisher":{"@id":"https:\/\/www.cmcfinland.fi\/#organization"},"potentialAction":[{"@type":"SearchAction","target":{"@type":"EntryPoint","urlTemplate":"https:\/\/www.cmcfinland.fi\/?s={search_term_string}"},"query-input":{"@type":"PropertyValueSpecification","valueRequired":true,"valueName":"search_term_string"}}],"inLanguage":"sv-SE"},{"@type":"Organization","@id":"https:\/\/www.cmcfinland.fi\/#organization","name":"CMC Finland","url":"https:\/\/www.cmcfinland.fi\/","logo":{"@type":"ImageObject","inLanguage":"sv-SE","@id":"https:\/\/www.cmcfinland.fi\/#\/schema\/logo\/image\/","url":"https:\/\/www.cmcfinland.fi\/wp-content\/uploads\/2024\/01\/CMC_finland_logo_musta.png","contentUrl":"https:\/\/www.cmcfinland.fi\/wp-content\/uploads\/2024\/01\/CMC_finland_logo_musta.png","width":272,"height":88,"caption":"CMC Finland"},"image":{"@id":"https:\/\/www.cmcfinland.fi\/#\/schema\/logo\/image\/"},"sameAs":["https:\/\/www.facebook.com\/cmc.finland\/","https:\/\/x.com\/CMCFinland","https:\/\/www.instagram.com\/cmc.finland\/","https:\/\/www.youtube.com\/channel\/UC49g1WmKq81Amw1ZUa5ZRKA","https:\/\/www.linkedin.com\/company\/crisis-management-centre-cmc-finland\/"]}]}},"_links":{"self":[{"href":"https:\/\/www.cmcfinland.fi\/sv\/wp-json\/wp\/v2\/pages\/11458","targetHints":{"allow":["GET"]}}],"collection":[{"href":"https:\/\/www.cmcfinland.fi\/sv\/wp-json\/wp\/v2\/pages"}],"about":[{"href":"https:\/\/www.cmcfinland.fi\/sv\/wp-json\/wp\/v2\/types\/page"}],"author":[{"embeddable":true,"href":"https:\/\/www.cmcfinland.fi\/sv\/wp-json\/wp\/v2\/users\/1"}],"replies":[{"embeddable":true,"href":"https:\/\/www.cmcfinland.fi\/sv\/wp-json\/wp\/v2\/comments?post=11458"}],"version-history":[{"count":3,"href":"https:\/\/www.cmcfinland.fi\/sv\/wp-json\/wp\/v2\/pages\/11458\/revisions"}],"predecessor-version":[{"id":21651,"href":"https:\/\/www.cmcfinland.fi\/sv\/wp-json\/wp\/v2\/pages\/11458\/revisions\/21651"}],"up":[{"embeddable":true,"href":"https:\/\/www.cmcfinland.fi\/sv\/wp-json\/wp\/v2\/pages\/7752"}],"wp:attachment":[{"href":"https:\/\/www.cmcfinland.fi\/sv\/wp-json\/wp\/v2\/media?parent=11458"}],"curies":[{"name":"wp","href":"https:\/\/api.w.org\/{rel}","templated":true}]}}