{"id":11519,"date":"2021-05-28T10:38:50","date_gmt":"2021-05-28T07:38:50","guid":{"rendered":"https:\/\/www.cmcfinland.fi\/?page_id=11519"},"modified":"2021-06-08T10:20:57","modified_gmt":"2021-06-08T07:20:57","slug":"kurser-i-civil-krishantering","status":"publish","type":"page","link":"https:\/\/www.cmcfinland.fi\/sv\/vad-vi-gor\/utbildning\/kurser-i-civil-krishantering\/","title":{"rendered":"Kurser i civil krishantering"},"content":{"rendered":"<h2><strong>Grundkursen i civil krishantering<\/strong><\/h2>\n<p>Grundkursen i civil krishantering ger en expert f\u00f6ruts\u00e4ttningar att arbeta i en operation, oavsett vilken yrkesbakgrund han eller hon har. De kunskaper och f\u00e4rdigheter som l\u00e4rs ut under grundkursen beh\u00f6vs dessutom i alla typer av uppdrag inom civil krishantering. Kursen str\u00e4var efter att ge deltagarna en realistisk bild av det dagliga arbetet i samband med en civil krishanteringsoperation och att f\u00f6rbereda dem p\u00e5 utmaningar som de kan m\u00f6ta ute p\u00e5 f\u00e4ltet.<\/p>\n<h2>F\u00f6rdjupande kurser kring olika teman<\/h2>\n<p>Ut\u00f6ver grundkurser ordnas ocks\u00e5 f\u00f6rdjupande kurser kring olika teman, s\u00e5som m\u00e4nskliga r\u00e4ttigheter, mentorskap och r\u00e5dgivning, projekthantering och \u00f6vergripande krishantering. Dessa kurser \u00e4r i regel avsedda f\u00f6r s\u00e5dana personer som redan har g\u00e5tt en grundkurs i civil krishantering (eller motsvarande) och redan har arbetat i civila krishanteringsoperationer.<\/p>\n<h2><strong>Introduktionsutbildningen f\u00f6r den specifika operationen<\/strong><\/h2>\n<p>F\u00f6r experter som utses till civila krishanteringsuppdrag ordnas dessutom en introduktionsutbildning f\u00f6r den specifika operationen strax f\u00f6re avf\u00e4rden till verksamhetsomr\u00e5det.\u00a0 P\u00e5 s\u00e5 s\u00e4tt s\u00e4kerst\u00e4lls att \u00f6verg\u00e5ngen till de nya uppgifterna sker s\u00e5 smidigt som m\u00f6jligt.<\/p>\n<h2>S\u00e4kerhetskurs (HEAT)<\/h2>\n<p>Alla som vill arbeta med civila krishanteringsuppdrag ska vara medvetna om de risker som \u00e4r f\u00f6rknippade med f\u00e4ltuppdrag inom civil krishantering, och de ska ha s\u00e5dana grundl\u00e4ggande kunskaper som beh\u00f6vs f\u00f6r hantering av dessa risker.\u00a0Senast n\u00e4r en expert har utsetts f\u00f6r en operation som ska utf\u00f6ras i ett h\u00f6griskomr\u00e5de ska han eller hon delta i en s\u00e4kerhetskurs (Hostile Environment Awareness Training, HEAT). Krishanteringscentrets grundkurser har i regel innefattat en HEAT-kurs.<\/p>\n","protected":false},"excerpt":{"rendered":"<p>Grundkursen i civil krishantering Grundkursen i civil krishantering ger en expert f\u00f6ruts\u00e4ttningar att arbeta i en operation, oavsett vilken yrkesbakgrund han eller hon har. De kunskaper och f\u00e4rdigheter som l\u00e4rs ut under grundkursen beh\u00f6vs dessutom i alla typer av uppdrag inom civil krishantering. Kursen str\u00e4var efter att ge deltagarna en realistisk bild av det dagliga &#8230; <a title=\"Kurser i civil krishantering\" class=\"read-more\" href=\"https:\/\/www.cmcfinland.fi\/sv\/vad-vi-gor\/utbildning\/kurser-i-civil-krishantering\/\" aria-label=\"Read more about Kurser i civil krishantering\">L\u00e4s mer<\/a><\/p>\n","protected":false},"author":19,"featured_media":0,"parent":7752,"menu_order":0,"comment_status":"closed","ping_status":"closed","template":"","meta":{"_acf_changed":false,"_relevanssi_hide_post":"","_relevanssi_hide_content":"","_relevanssi_pin_for_all":"","_relevanssi_pin_keywords":"","_relevanssi_unpin_keywords":"","_relevanssi_related_keywords":"","_relevanssi_related_include_ids":"","_relevanssi_related_exclude_ids":"","_relevanssi_related_no_append":"","_relevanssi_related_not_related":"","_relevanssi_related_posts":"","_relevanssi_noindex_reason":"","footnotes":""},"class_list":["post-11519","page","type-page","status-publish"],"acf":[],"yoast_head":"<!-- This site is optimized with the Yoast SEO plugin v27.4 - https:\/\/yoast.com\/product\/yoast-seo-wordpress\/ -->\n<title>Kurser i civil krishantering - CMC Finland<\/title>\n<meta name=\"robots\" content=\"index, follow, max-snippet:-1, max-image-preview:large, max-video-preview:-1\" \/>\n<link rel=\"canonical\" href=\"https:\/\/www.cmcfinland.fi\/sv\/vad-vi-gor\/utbildning\/kurser-i-civil-krishantering\/\" \/>\n<meta property=\"og:locale\" content=\"sv_SE\" \/>\n<meta property=\"og:type\" content=\"article\" \/>\n<meta property=\"og:title\" content=\"Kurser i civil krishantering - CMC Finland\" \/>\n<meta property=\"og:description\" content=\"Grundkursen i civil krishantering Grundkursen i civil krishantering ger en expert f\u00f6ruts\u00e4ttningar att arbeta i en operation, oavsett vilken yrkesbakgrund han eller hon har. De kunskaper och f\u00e4rdigheter som l\u00e4rs ut under grundkursen beh\u00f6vs dessutom i alla typer av uppdrag inom civil krishantering. Kursen str\u00e4var efter att ge deltagarna en realistisk bild av det dagliga ... L\u00e4s mer\" \/>\n<meta property=\"og:url\" content=\"https:\/\/www.cmcfinland.fi\/sv\/vad-vi-gor\/utbildning\/kurser-i-civil-krishantering\/\" \/>\n<meta property=\"og:site_name\" content=\"CMC Finland\" \/>\n<meta property=\"article:publisher\" content=\"https:\/\/www.facebook.com\/cmc.finland\/\" \/>\n<meta property=\"article:modified_time\" content=\"2021-06-08T07:20:57+00:00\" \/>\n<meta name=\"twitter:card\" content=\"summary_large_image\" \/>\n<meta name=\"twitter:site\" content=\"@CMCFinland\" \/>\n<meta name=\"twitter:label1\" content=\"Est. reading time\" \/>\n\t<meta name=\"twitter:data1\" content=\"2 minutes\" \/>\n<script type=\"application\/ld+json\" class=\"yoast-schema-graph\">{\"@context\":\"https:\\\/\\\/schema.org\",\"@graph\":[{\"@type\":\"WebPage\",\"@id\":\"https:\\\/\\\/www.cmcfinland.fi\\\/sv\\\/vad-vi-gor\\\/utbildning\\\/kurser-i-civil-krishantering\\\/\",\"url\":\"https:\\\/\\\/www.cmcfinland.fi\\\/sv\\\/vad-vi-gor\\\/utbildning\\\/kurser-i-civil-krishantering\\\/\",\"name\":\"Kurser i civil krishantering - CMC Finland\",\"isPartOf\":{\"@id\":\"https:\\\/\\\/www.cmcfinland.fi\\\/#website\"},\"datePublished\":\"2021-05-28T07:38:50+00:00\",\"dateModified\":\"2021-06-08T07:20:57+00:00\",\"breadcrumb\":{\"@id\":\"https:\\\/\\\/www.cmcfinland.fi\\\/sv\\\/vad-vi-gor\\\/utbildning\\\/kurser-i-civil-krishantering\\\/#breadcrumb\"},\"inLanguage\":\"sv-SE\",\"potentialAction\":[{\"@type\":\"ReadAction\",\"target\":[\"https:\\\/\\\/www.cmcfinland.fi\\\/sv\\\/vad-vi-gor\\\/utbildning\\\/kurser-i-civil-krishantering\\\/\"]}]},{\"@type\":\"BreadcrumbList\",\"@id\":\"https:\\\/\\\/www.cmcfinland.fi\\\/sv\\\/vad-vi-gor\\\/utbildning\\\/kurser-i-civil-krishantering\\\/#breadcrumb\",\"itemListElement\":[{\"@type\":\"ListItem\",\"position\":1,\"name\":\"Framsida\",\"item\":\"https:\\\/\\\/www.cmcfinland.fi\\\/sv\\\/\"},{\"@type\":\"ListItem\",\"position\":2,\"name\":\"Vad vi g\u00f6r\",\"item\":\"https:\\\/\\\/www.cmcfinland.fi\\\/sv\\\/vad-vi-gor\\\/\"},{\"@type\":\"ListItem\",\"position\":3,\"name\":\"Utbildning\",\"item\":\"https:\\\/\\\/www.cmcfinland.fi\\\/sv\\\/vad-vi-gor\\\/utbildning\\\/\"},{\"@type\":\"ListItem\",\"position\":4,\"name\":\"Kurser i civil krishantering\"}]},{\"@type\":\"WebSite\",\"@id\":\"https:\\\/\\\/www.cmcfinland.fi\\\/#website\",\"url\":\"https:\\\/\\\/www.cmcfinland.fi\\\/\",\"name\":\"CMC Finland\",\"description\":\"Kriisinhallintakeskus\",\"publisher\":{\"@id\":\"https:\\\/\\\/www.cmcfinland.fi\\\/#organization\"},\"potentialAction\":[{\"@type\":\"SearchAction\",\"target\":{\"@type\":\"EntryPoint\",\"urlTemplate\":\"https:\\\/\\\/www.cmcfinland.fi\\\/?s={search_term_string}\"},\"query-input\":{\"@type\":\"PropertyValueSpecification\",\"valueRequired\":true,\"valueName\":\"search_term_string\"}}],\"inLanguage\":\"sv-SE\"},{\"@type\":\"Organization\",\"@id\":\"https:\\\/\\\/www.cmcfinland.fi\\\/#organization\",\"name\":\"CMC Finland\",\"url\":\"https:\\\/\\\/www.cmcfinland.fi\\\/\",\"logo\":{\"@type\":\"ImageObject\",\"inLanguage\":\"sv-SE\",\"@id\":\"https:\\\/\\\/www.cmcfinland.fi\\\/#\\\/schema\\\/logo\\\/image\\\/\",\"url\":\"https:\\\/\\\/www.cmcfinland.fi\\\/wp-content\\\/uploads\\\/2024\\\/01\\\/CMC_finland_logo_musta.png\",\"contentUrl\":\"https:\\\/\\\/www.cmcfinland.fi\\\/wp-content\\\/uploads\\\/2024\\\/01\\\/CMC_finland_logo_musta.png\",\"width\":272,\"height\":88,\"caption\":\"CMC Finland\"},\"image\":{\"@id\":\"https:\\\/\\\/www.cmcfinland.fi\\\/#\\\/schema\\\/logo\\\/image\\\/\"},\"sameAs\":[\"https:\\\/\\\/www.facebook.com\\\/cmc.finland\\\/\",\"https:\\\/\\\/x.com\\\/CMCFinland\",\"https:\\\/\\\/www.instagram.com\\\/cmc.finland\\\/\",\"https:\\\/\\\/www.youtube.com\\\/channel\\\/UC49g1WmKq81Amw1ZUa5ZRKA\",\"https:\\\/\\\/www.linkedin.com\\\/company\\\/crisis-management-centre-cmc-finland\\\/\"]}]}<\/script>\n<!-- \/ Yoast SEO plugin. -->","yoast_head_json":{"title":"Kurser i civil krishantering - CMC Finland","robots":{"index":"index","follow":"follow","max-snippet":"max-snippet:-1","max-image-preview":"max-image-preview:large","max-video-preview":"max-video-preview:-1"},"canonical":"https:\/\/www.cmcfinland.fi\/sv\/vad-vi-gor\/utbildning\/kurser-i-civil-krishantering\/","og_locale":"sv_SE","og_type":"article","og_title":"Kurser i civil krishantering - CMC Finland","og_description":"Grundkursen i civil krishantering Grundkursen i civil krishantering ger en expert f\u00f6ruts\u00e4ttningar att arbeta i en operation, oavsett vilken yrkesbakgrund han eller hon har. De kunskaper och f\u00e4rdigheter som l\u00e4rs ut under grundkursen beh\u00f6vs dessutom i alla typer av uppdrag inom civil krishantering. Kursen str\u00e4var efter att ge deltagarna en realistisk bild av det dagliga ... L\u00e4s mer","og_url":"https:\/\/www.cmcfinland.fi\/sv\/vad-vi-gor\/utbildning\/kurser-i-civil-krishantering\/","og_site_name":"CMC Finland","article_publisher":"https:\/\/www.facebook.com\/cmc.finland\/","article_modified_time":"2021-06-08T07:20:57+00:00","twitter_card":"summary_large_image","twitter_site":"@CMCFinland","twitter_misc":{"Est. reading time":"2 minutes"},"schema":{"@context":"https:\/\/schema.org","@graph":[{"@type":"WebPage","@id":"https:\/\/www.cmcfinland.fi\/sv\/vad-vi-gor\/utbildning\/kurser-i-civil-krishantering\/","url":"https:\/\/www.cmcfinland.fi\/sv\/vad-vi-gor\/utbildning\/kurser-i-civil-krishantering\/","name":"Kurser i civil krishantering - CMC Finland","isPartOf":{"@id":"https:\/\/www.cmcfinland.fi\/#website"},"datePublished":"2021-05-28T07:38:50+00:00","dateModified":"2021-06-08T07:20:57+00:00","breadcrumb":{"@id":"https:\/\/www.cmcfinland.fi\/sv\/vad-vi-gor\/utbildning\/kurser-i-civil-krishantering\/#breadcrumb"},"inLanguage":"sv-SE","potentialAction":[{"@type":"ReadAction","target":["https:\/\/www.cmcfinland.fi\/sv\/vad-vi-gor\/utbildning\/kurser-i-civil-krishantering\/"]}]},{"@type":"BreadcrumbList","@id":"https:\/\/www.cmcfinland.fi\/sv\/vad-vi-gor\/utbildning\/kurser-i-civil-krishantering\/#breadcrumb","itemListElement":[{"@type":"ListItem","position":1,"name":"Framsida","item":"https:\/\/www.cmcfinland.fi\/sv\/"},{"@type":"ListItem","position":2,"name":"Vad vi g\u00f6r","item":"https:\/\/www.cmcfinland.fi\/sv\/vad-vi-gor\/"},{"@type":"ListItem","position":3,"name":"Utbildning","item":"https:\/\/www.cmcfinland.fi\/sv\/vad-vi-gor\/utbildning\/"},{"@type":"ListItem","position":4,"name":"Kurser i civil krishantering"}]},{"@type":"WebSite","@id":"https:\/\/www.cmcfinland.fi\/#website","url":"https:\/\/www.cmcfinland.fi\/","name":"CMC Finland","description":"Kriisinhallintakeskus","publisher":{"@id":"https:\/\/www.cmcfinland.fi\/#organization"},"potentialAction":[{"@type":"SearchAction","target":{"@type":"EntryPoint","urlTemplate":"https:\/\/www.cmcfinland.fi\/?s={search_term_string}"},"query-input":{"@type":"PropertyValueSpecification","valueRequired":true,"valueName":"search_term_string"}}],"inLanguage":"sv-SE"},{"@type":"Organization","@id":"https:\/\/www.cmcfinland.fi\/#organization","name":"CMC Finland","url":"https:\/\/www.cmcfinland.fi\/","logo":{"@type":"ImageObject","inLanguage":"sv-SE","@id":"https:\/\/www.cmcfinland.fi\/#\/schema\/logo\/image\/","url":"https:\/\/www.cmcfinland.fi\/wp-content\/uploads\/2024\/01\/CMC_finland_logo_musta.png","contentUrl":"https:\/\/www.cmcfinland.fi\/wp-content\/uploads\/2024\/01\/CMC_finland_logo_musta.png","width":272,"height":88,"caption":"CMC Finland"},"image":{"@id":"https:\/\/www.cmcfinland.fi\/#\/schema\/logo\/image\/"},"sameAs":["https:\/\/www.facebook.com\/cmc.finland\/","https:\/\/x.com\/CMCFinland","https:\/\/www.instagram.com\/cmc.finland\/","https:\/\/www.youtube.com\/channel\/UC49g1WmKq81Amw1ZUa5ZRKA","https:\/\/www.linkedin.com\/company\/crisis-management-centre-cmc-finland\/"]}]}},"_links":{"self":[{"href":"https:\/\/www.cmcfinland.fi\/sv\/wp-json\/wp\/v2\/pages\/11519","targetHints":{"allow":["GET"]}}],"collection":[{"href":"https:\/\/www.cmcfinland.fi\/sv\/wp-json\/wp\/v2\/pages"}],"about":[{"href":"https:\/\/www.cmcfinland.fi\/sv\/wp-json\/wp\/v2\/types\/page"}],"author":[{"embeddable":true,"href":"https:\/\/www.cmcfinland.fi\/sv\/wp-json\/wp\/v2\/users\/19"}],"replies":[{"embeddable":true,"href":"https:\/\/www.cmcfinland.fi\/sv\/wp-json\/wp\/v2\/comments?post=11519"}],"version-history":[{"count":2,"href":"https:\/\/www.cmcfinland.fi\/sv\/wp-json\/wp\/v2\/pages\/11519\/revisions"}],"predecessor-version":[{"id":11576,"href":"https:\/\/www.cmcfinland.fi\/sv\/wp-json\/wp\/v2\/pages\/11519\/revisions\/11576"}],"up":[{"embeddable":true,"href":"https:\/\/www.cmcfinland.fi\/sv\/wp-json\/wp\/v2\/pages\/7752"}],"wp:attachment":[{"href":"https:\/\/www.cmcfinland.fi\/sv\/wp-json\/wp\/v2\/media?parent=11519"}],"curies":[{"name":"wp","href":"https:\/\/api.w.org\/{rel}","templated":true}]}}