{"id":11572,"date":"2021-06-07T13:10:37","date_gmt":"2021-06-07T10:10:37","guid":{"rendered":"https:\/\/www.cmcfinland.fi\/?page_id=11572"},"modified":"2021-06-07T13:10:37","modified_gmt":"2021-06-07T10:10:37","slug":"att-soka-till-grundutbildningen","status":"publish","type":"page","link":"https:\/\/www.cmcfinland.fi\/sv\/vad-vi-gor\/utbildning\/att-soka-till-grundutbildningen\/","title":{"rendered":"Att s\u00f6ka till grundutbildningen"},"content":{"rendered":"<h2>Grundutbildningen inom civil krishantering ger beredskap f\u00f6r att arbeta med internationella expertuppdrag<\/h2>\n<p>Grundutbildningen inom civil krishantering ger beh\u00f6righet f\u00f6r att bli utsedd f\u00f6r olika internationella organisationers civila krishanteringsoperationer. Inneh\u00e5llet i grundutbildningen \u00e4r gemensamt f\u00f6r alla oberoende av tidigare kompetens, expertuppdrag eller operationer.<\/p>\n<p>Grundutbildningen inom civil krishantering ska genomf\u00f6ras med Krishanteringscentret CMC Finlands kurs. Krishanteringscentret v\u00e4ljer deltagarna f\u00f6r kursen med en gemensam ans\u00f6kningsprocess som \u00e4r \u00f6ppen f\u00f6r alla. P\u00e5 detta vis s\u00e4kerst\u00e4lls att alla s\u00f6kande behandlas r\u00e4ttvist och j\u00e4mlikt samt att de sakkunnigas l\u00e4gsta kompetensniv\u00e5 \u00e4r tillr\u00e4cklig.<\/p>\n<p>Vid valet av deltagare f\u00f6r grundutbildningarna i civil krishantering \u00e4r det huvudsakliga urvalskriteriet s\u00f6kandens l\u00e4mplighet f\u00f6r rekrytering till sakkunniguppdrag inom 12 m\u00e5nader fr\u00e5n kursstarten. Vi rekommenderar att alla s\u00f6kande tar del av <a href=\"https:\/\/www.cmcfinland.fi\/wp-content\/uploads\/2020\/10\/Job-Descriptions-BCCCM-UPDATED_2020.pdf\">de vanligaste uppdragsbeskrivningarna (pdf, p\u00e5 engelska)<\/a> f\u00f6r civila krishanteringsoperationer och -missioner och f\u00f6ljer med lediga jobb under rubriken \u201d<a href=\"https:\/\/www.cmcfinland.fi\/category\/kansainvaliset-tyopaikat\/\">Avoimet ty\u00f6paikat<\/a>\u201d p\u00e5 v\u00e5r webbplats.<\/p>\n<p>Krishanteringscentret \u00f6ppnar ans\u00f6kan till grundkursen i civil krishantering en g\u00e5ng per \u00e5r. Om m\u00f6jligheten att ans\u00f6ka informeras p\u00e5 webbplatsen, i sociala medier och i centrets nyhetsbrev.<\/p>\n<p>Ans\u00f6kningstiden till kursen \u00e4r kortare f\u00f6r poliser \u00e4n andra sakkunniga. Poliser ans\u00f6ker till grundkursen genom att ut\u00f6ver Krishanteringscentrets ans\u00f6kan fylla i en ans\u00f6kan i Polisyrkesh\u00f6gskolans Wilma. F\u00f6r sakkunniga inom polisf\u00f6rvaltningen till\u00e4mpas separata ans\u00f6kningskriterier, som publiceras i polisens intran\u00e4t (Sinetti) under rubriken internationell utbildning.<\/p>\n<h2>Urval f\u00f6r civila krishanteringsuppdrag<\/h2>\n<p>Att ha genomf\u00f6rt och blivit godk\u00e4nd i grundkursen i civil krishantering \u00e4r en f\u00f6ruts\u00e4ttning f\u00f6r att Krishanteringscentret ska kunna utse personen f\u00f6r ett uppdrag p\u00e5 f\u00e4ltet inom civil krishantering.<\/p>\n<p>F\u00f6r uppdrag kan \u00e4ven en s\u00e5dan s\u00f6kande utses, som vald och uts\u00e4nd av Krishanteringscentret genomf\u00f6rt en grundkurs i civil krishantering ordnad av en samarbetspartner (till exempel IPOC, UNPOC eller annan motsvarande kurs).<\/p>\n<p>Krishanteringscentret ordnar dessutom en separat kurs f\u00f6r sakkunniga, med en egen ans\u00f6kningsprocess. Till kursen f\u00f6r sakkunniga antas enligt \u00f6verv\u00e4gande s\u00f6kande som arbetat med uppdrag ute p\u00e5 f\u00e4ltet inom civil krishantering, men inte som uts\u00e4nda av Krishanteringscentret.<\/p>\n<p>Ta del av Krishanteringscentrets <a href=\"https:\/\/www.cmcfinland.fi\/koulutus\/oma-koulutustarjonta\/\">utbildningsutbud<\/a>.<\/p>\n<p>L\u00e4s mer i Krishanteringscentrets <a href=\"https:\/\/www.cmcfinland.fi\/kansainvaliset-tehtavat\/asiantuntijaopas\/\">guide f\u00f6r sakkunniga<\/a> (endast p\u00e5 finska).<\/p>\n<p>Prenumerera p\u00e5 v\u00e5ra <a href=\"https:\/\/www.cmcfinland.fi\/tietoa-cmcsta\/tilaa-tiedotteita\/\">aktuella meddelanden<\/a> direkt per e-post.<\/p>\n","protected":false},"excerpt":{"rendered":"<p>Grundutbildningen inom civil krishantering ger beredskap f\u00f6r att arbeta med internationella expertuppdrag Grundutbildningen inom civil krishantering ger beh\u00f6righet f\u00f6r att bli utsedd f\u00f6r olika internationella organisationers civila krishanteringsoperationer. Inneh\u00e5llet i grundutbildningen \u00e4r gemensamt f\u00f6r alla oberoende av tidigare kompetens, expertuppdrag eller operationer. Grundutbildningen inom civil krishantering ska genomf\u00f6ras med Krishanteringscentret CMC Finlands kurs. Krishanteringscentret v\u00e4ljer &#8230; <a title=\"Att s\u00f6ka till grundutbildningen\" class=\"read-more\" href=\"https:\/\/www.cmcfinland.fi\/sv\/vad-vi-gor\/utbildning\/att-soka-till-grundutbildningen\/\" aria-label=\"Read more about Att s\u00f6ka till grundutbildningen\">L\u00e4s mer<\/a><\/p>\n","protected":false},"author":19,"featured_media":0,"parent":7752,"menu_order":0,"comment_status":"closed","ping_status":"closed","template":"","meta":{"_acf_changed":false,"_relevanssi_hide_post":"","_relevanssi_hide_content":"","_relevanssi_pin_for_all":"","_relevanssi_pin_keywords":"","_relevanssi_unpin_keywords":"","_relevanssi_related_keywords":"","_relevanssi_related_include_ids":"","_relevanssi_related_exclude_ids":"","_relevanssi_related_no_append":"","_relevanssi_related_not_related":"","_relevanssi_related_posts":"","_relevanssi_noindex_reason":"","footnotes":""},"class_list":["post-11572","page","type-page","status-publish"],"acf":[],"yoast_head":"<!-- This site is optimized with the Yoast SEO plugin v27.4 - https:\/\/yoast.com\/product\/yoast-seo-wordpress\/ -->\n<title>Att s\u00f6ka till grundutbildningen - CMC Finland<\/title>\n<meta name=\"robots\" content=\"index, follow, max-snippet:-1, max-image-preview:large, max-video-preview:-1\" \/>\n<link rel=\"canonical\" href=\"https:\/\/www.cmcfinland.fi\/sv\/vad-vi-gor\/utbildning\/att-soka-till-grundutbildningen\/\" \/>\n<meta property=\"og:locale\" content=\"sv_SE\" \/>\n<meta property=\"og:type\" content=\"article\" \/>\n<meta property=\"og:title\" content=\"Att s\u00f6ka till grundutbildningen - CMC Finland\" \/>\n<meta property=\"og:description\" content=\"Grundutbildningen inom civil krishantering ger beredskap f\u00f6r att arbeta med internationella expertuppdrag Grundutbildningen inom civil krishantering ger beh\u00f6righet f\u00f6r att bli utsedd f\u00f6r olika internationella organisationers civila krishanteringsoperationer. Inneh\u00e5llet i grundutbildningen \u00e4r gemensamt f\u00f6r alla oberoende av tidigare kompetens, expertuppdrag eller operationer. Grundutbildningen inom civil krishantering ska genomf\u00f6ras med Krishanteringscentret CMC Finlands kurs. Krishanteringscentret v\u00e4ljer ... L\u00e4s mer\" \/>\n<meta property=\"og:url\" content=\"https:\/\/www.cmcfinland.fi\/sv\/vad-vi-gor\/utbildning\/att-soka-till-grundutbildningen\/\" \/>\n<meta property=\"og:site_name\" content=\"CMC Finland\" \/>\n<meta property=\"article:publisher\" content=\"https:\/\/www.facebook.com\/cmc.finland\/\" \/>\n<meta name=\"twitter:card\" content=\"summary_large_image\" \/>\n<meta name=\"twitter:site\" content=\"@CMCFinland\" \/>\n<meta name=\"twitter:label1\" content=\"Est. reading time\" \/>\n\t<meta name=\"twitter:data1\" content=\"2 minutes\" \/>\n<script type=\"application\/ld+json\" class=\"yoast-schema-graph\">{\"@context\":\"https:\\\/\\\/schema.org\",\"@graph\":[{\"@type\":\"WebPage\",\"@id\":\"https:\\\/\\\/www.cmcfinland.fi\\\/sv\\\/vad-vi-gor\\\/utbildning\\\/att-soka-till-grundutbildningen\\\/\",\"url\":\"https:\\\/\\\/www.cmcfinland.fi\\\/sv\\\/vad-vi-gor\\\/utbildning\\\/att-soka-till-grundutbildningen\\\/\",\"name\":\"Att s\u00f6ka till grundutbildningen - CMC Finland\",\"isPartOf\":{\"@id\":\"https:\\\/\\\/www.cmcfinland.fi\\\/#website\"},\"datePublished\":\"2021-06-07T10:10:37+00:00\",\"breadcrumb\":{\"@id\":\"https:\\\/\\\/www.cmcfinland.fi\\\/sv\\\/vad-vi-gor\\\/utbildning\\\/att-soka-till-grundutbildningen\\\/#breadcrumb\"},\"inLanguage\":\"sv-SE\",\"potentialAction\":[{\"@type\":\"ReadAction\",\"target\":[\"https:\\\/\\\/www.cmcfinland.fi\\\/sv\\\/vad-vi-gor\\\/utbildning\\\/att-soka-till-grundutbildningen\\\/\"]}]},{\"@type\":\"BreadcrumbList\",\"@id\":\"https:\\\/\\\/www.cmcfinland.fi\\\/sv\\\/vad-vi-gor\\\/utbildning\\\/att-soka-till-grundutbildningen\\\/#breadcrumb\",\"itemListElement\":[{\"@type\":\"ListItem\",\"position\":1,\"name\":\"Framsida\",\"item\":\"https:\\\/\\\/www.cmcfinland.fi\\\/sv\\\/\"},{\"@type\":\"ListItem\",\"position\":2,\"name\":\"Vad vi g\u00f6r\",\"item\":\"https:\\\/\\\/www.cmcfinland.fi\\\/sv\\\/vad-vi-gor\\\/\"},{\"@type\":\"ListItem\",\"position\":3,\"name\":\"Utbildning\",\"item\":\"https:\\\/\\\/www.cmcfinland.fi\\\/sv\\\/vad-vi-gor\\\/utbildning\\\/\"},{\"@type\":\"ListItem\",\"position\":4,\"name\":\"Att s\u00f6ka till grundutbildningen\"}]},{\"@type\":\"WebSite\",\"@id\":\"https:\\\/\\\/www.cmcfinland.fi\\\/#website\",\"url\":\"https:\\\/\\\/www.cmcfinland.fi\\\/\",\"name\":\"CMC Finland\",\"description\":\"Kriisinhallintakeskus\",\"publisher\":{\"@id\":\"https:\\\/\\\/www.cmcfinland.fi\\\/#organization\"},\"potentialAction\":[{\"@type\":\"SearchAction\",\"target\":{\"@type\":\"EntryPoint\",\"urlTemplate\":\"https:\\\/\\\/www.cmcfinland.fi\\\/?s={search_term_string}\"},\"query-input\":{\"@type\":\"PropertyValueSpecification\",\"valueRequired\":true,\"valueName\":\"search_term_string\"}}],\"inLanguage\":\"sv-SE\"},{\"@type\":\"Organization\",\"@id\":\"https:\\\/\\\/www.cmcfinland.fi\\\/#organization\",\"name\":\"CMC Finland\",\"url\":\"https:\\\/\\\/www.cmcfinland.fi\\\/\",\"logo\":{\"@type\":\"ImageObject\",\"inLanguage\":\"sv-SE\",\"@id\":\"https:\\\/\\\/www.cmcfinland.fi\\\/#\\\/schema\\\/logo\\\/image\\\/\",\"url\":\"https:\\\/\\\/www.cmcfinland.fi\\\/wp-content\\\/uploads\\\/2024\\\/01\\\/CMC_finland_logo_musta.png\",\"contentUrl\":\"https:\\\/\\\/www.cmcfinland.fi\\\/wp-content\\\/uploads\\\/2024\\\/01\\\/CMC_finland_logo_musta.png\",\"width\":272,\"height\":88,\"caption\":\"CMC Finland\"},\"image\":{\"@id\":\"https:\\\/\\\/www.cmcfinland.fi\\\/#\\\/schema\\\/logo\\\/image\\\/\"},\"sameAs\":[\"https:\\\/\\\/www.facebook.com\\\/cmc.finland\\\/\",\"https:\\\/\\\/x.com\\\/CMCFinland\",\"https:\\\/\\\/www.instagram.com\\\/cmc.finland\\\/\",\"https:\\\/\\\/www.youtube.com\\\/channel\\\/UC49g1WmKq81Amw1ZUa5ZRKA\",\"https:\\\/\\\/www.linkedin.com\\\/company\\\/crisis-management-centre-cmc-finland\\\/\"]}]}<\/script>\n<!-- \/ Yoast SEO plugin. -->","yoast_head_json":{"title":"Att s\u00f6ka till grundutbildningen - CMC Finland","robots":{"index":"index","follow":"follow","max-snippet":"max-snippet:-1","max-image-preview":"max-image-preview:large","max-video-preview":"max-video-preview:-1"},"canonical":"https:\/\/www.cmcfinland.fi\/sv\/vad-vi-gor\/utbildning\/att-soka-till-grundutbildningen\/","og_locale":"sv_SE","og_type":"article","og_title":"Att s\u00f6ka till grundutbildningen - CMC Finland","og_description":"Grundutbildningen inom civil krishantering ger beredskap f\u00f6r att arbeta med internationella expertuppdrag Grundutbildningen inom civil krishantering ger beh\u00f6righet f\u00f6r att bli utsedd f\u00f6r olika internationella organisationers civila krishanteringsoperationer. Inneh\u00e5llet i grundutbildningen \u00e4r gemensamt f\u00f6r alla oberoende av tidigare kompetens, expertuppdrag eller operationer. Grundutbildningen inom civil krishantering ska genomf\u00f6ras med Krishanteringscentret CMC Finlands kurs. Krishanteringscentret v\u00e4ljer ... L\u00e4s mer","og_url":"https:\/\/www.cmcfinland.fi\/sv\/vad-vi-gor\/utbildning\/att-soka-till-grundutbildningen\/","og_site_name":"CMC Finland","article_publisher":"https:\/\/www.facebook.com\/cmc.finland\/","twitter_card":"summary_large_image","twitter_site":"@CMCFinland","twitter_misc":{"Est. reading time":"2 minutes"},"schema":{"@context":"https:\/\/schema.org","@graph":[{"@type":"WebPage","@id":"https:\/\/www.cmcfinland.fi\/sv\/vad-vi-gor\/utbildning\/att-soka-till-grundutbildningen\/","url":"https:\/\/www.cmcfinland.fi\/sv\/vad-vi-gor\/utbildning\/att-soka-till-grundutbildningen\/","name":"Att s\u00f6ka till grundutbildningen - CMC Finland","isPartOf":{"@id":"https:\/\/www.cmcfinland.fi\/#website"},"datePublished":"2021-06-07T10:10:37+00:00","breadcrumb":{"@id":"https:\/\/www.cmcfinland.fi\/sv\/vad-vi-gor\/utbildning\/att-soka-till-grundutbildningen\/#breadcrumb"},"inLanguage":"sv-SE","potentialAction":[{"@type":"ReadAction","target":["https:\/\/www.cmcfinland.fi\/sv\/vad-vi-gor\/utbildning\/att-soka-till-grundutbildningen\/"]}]},{"@type":"BreadcrumbList","@id":"https:\/\/www.cmcfinland.fi\/sv\/vad-vi-gor\/utbildning\/att-soka-till-grundutbildningen\/#breadcrumb","itemListElement":[{"@type":"ListItem","position":1,"name":"Framsida","item":"https:\/\/www.cmcfinland.fi\/sv\/"},{"@type":"ListItem","position":2,"name":"Vad vi g\u00f6r","item":"https:\/\/www.cmcfinland.fi\/sv\/vad-vi-gor\/"},{"@type":"ListItem","position":3,"name":"Utbildning","item":"https:\/\/www.cmcfinland.fi\/sv\/vad-vi-gor\/utbildning\/"},{"@type":"ListItem","position":4,"name":"Att s\u00f6ka till grundutbildningen"}]},{"@type":"WebSite","@id":"https:\/\/www.cmcfinland.fi\/#website","url":"https:\/\/www.cmcfinland.fi\/","name":"CMC Finland","description":"Kriisinhallintakeskus","publisher":{"@id":"https:\/\/www.cmcfinland.fi\/#organization"},"potentialAction":[{"@type":"SearchAction","target":{"@type":"EntryPoint","urlTemplate":"https:\/\/www.cmcfinland.fi\/?s={search_term_string}"},"query-input":{"@type":"PropertyValueSpecification","valueRequired":true,"valueName":"search_term_string"}}],"inLanguage":"sv-SE"},{"@type":"Organization","@id":"https:\/\/www.cmcfinland.fi\/#organization","name":"CMC Finland","url":"https:\/\/www.cmcfinland.fi\/","logo":{"@type":"ImageObject","inLanguage":"sv-SE","@id":"https:\/\/www.cmcfinland.fi\/#\/schema\/logo\/image\/","url":"https:\/\/www.cmcfinland.fi\/wp-content\/uploads\/2024\/01\/CMC_finland_logo_musta.png","contentUrl":"https:\/\/www.cmcfinland.fi\/wp-content\/uploads\/2024\/01\/CMC_finland_logo_musta.png","width":272,"height":88,"caption":"CMC Finland"},"image":{"@id":"https:\/\/www.cmcfinland.fi\/#\/schema\/logo\/image\/"},"sameAs":["https:\/\/www.facebook.com\/cmc.finland\/","https:\/\/x.com\/CMCFinland","https:\/\/www.instagram.com\/cmc.finland\/","https:\/\/www.youtube.com\/channel\/UC49g1WmKq81Amw1ZUa5ZRKA","https:\/\/www.linkedin.com\/company\/crisis-management-centre-cmc-finland\/"]}]}},"_links":{"self":[{"href":"https:\/\/www.cmcfinland.fi\/sv\/wp-json\/wp\/v2\/pages\/11572","targetHints":{"allow":["GET"]}}],"collection":[{"href":"https:\/\/www.cmcfinland.fi\/sv\/wp-json\/wp\/v2\/pages"}],"about":[{"href":"https:\/\/www.cmcfinland.fi\/sv\/wp-json\/wp\/v2\/types\/page"}],"author":[{"embeddable":true,"href":"https:\/\/www.cmcfinland.fi\/sv\/wp-json\/wp\/v2\/users\/19"}],"replies":[{"embeddable":true,"href":"https:\/\/www.cmcfinland.fi\/sv\/wp-json\/wp\/v2\/comments?post=11572"}],"version-history":[{"count":1,"href":"https:\/\/www.cmcfinland.fi\/sv\/wp-json\/wp\/v2\/pages\/11572\/revisions"}],"predecessor-version":[{"id":11573,"href":"https:\/\/www.cmcfinland.fi\/sv\/wp-json\/wp\/v2\/pages\/11572\/revisions\/11573"}],"up":[{"embeddable":true,"href":"https:\/\/www.cmcfinland.fi\/sv\/wp-json\/wp\/v2\/pages\/7752"}],"wp:attachment":[{"href":"https:\/\/www.cmcfinland.fi\/sv\/wp-json\/wp\/v2\/media?parent=11572"}],"curies":[{"name":"wp","href":"https:\/\/api.w.org\/{rel}","templated":true}]}}