{"id":16340,"date":"2023-02-27T10:47:31","date_gmt":"2023-02-27T08:47:31","guid":{"rendered":"https:\/\/www.cmcfinland.fi\/?page_id=16340"},"modified":"2023-02-27T10:47:31","modified_gmt":"2023-02-27T08:47:31","slug":"webropol","status":"publish","type":"page","link":"https:\/\/www.cmcfinland.fi\/sv\/webropol\/","title":{"rendered":"Webropol"},"content":{"rendered":"<p>Datum\/redigeringsdatum 21.2.2023<\/p>\n<h2>\n1. Personuppgiftsansvarig<\/h2>\n<p>Krishanteringscentret CMC Finland<br \/>\nKontaktuppgifter:<br \/>\nBang\u00e5rdsv\u00e4gen 9, 6:e v\u00e5ningen<br \/>\n00520 Helsingfors<br \/>\ntfn 0295 480 171 (Inrikesministeriets v\u00e4xel)<\/p>\n<h2>2. Kontaktperson i \u00e4renden som g\u00e4ller registret<\/h2>\n<p>Jouni Pajunen<br \/>\ncmc(at)cmcfinland.fi<\/p>\n<p>Inrikesministeriets dataskyddsombud:<br \/>\nMikko Lev\u00e4m\u00e4ki<br \/>\ntfn 0295 488 351<br \/>\ntietosuojavastaava.sm(at)govsec.fi<\/p>\n<h2>3. Registrets namn<\/h2>\n<p>Register f\u00f6r deltagare och kunder i Webropol-baserade evenemang, register f\u00f6r s\u00f6kande till utbildningar, register f\u00f6r s\u00f6kande till uppdrag inom civil krishantering, register f\u00f6r svar p\u00e5 expertf\u00f6rfr\u00e5gningar.<\/p>\n<h2>4. Syftet med behandlingen av personuppgifter\/registrets anv\u00e4ndnings\u00e4ndam\u00e5l<\/h2>\n<p>Personuppgifter behandlas f\u00f6r att leverera tj\u00e4nster som kunden best\u00e4llt samt i samband med och f\u00f6r att m\u00f6jligg\u00f6ra best\u00e4llningar, anm\u00e4lningar, kontakter, \u00e4rendehantering, rapportering och andra \u00e5tg\u00e4rder som h\u00e4nf\u00f6r sig till sk\u00f6tseln av kundrelationen. Personuppgifter kan ocks\u00e5 behandlas som en del av forsknings- och utvecklingsverksamhet. Rapporter, resultat och studier som produceras inom forsknings- och utvecklingsverksamheten kan offentligg\u00f6ras. I rapporteringen och publiceringsverksamheten s\u00f6rjs det f\u00f6r att svarandena inte kan identifieras. Dessutom \u00f6verf\u00f6rs personuppgifterna f\u00f6r de kunder som har uttryckt sitt intresse f\u00f6r att s\u00f6ka till uppdrag inom civil krishantering till expertregistret f\u00f6r att registrera studieprestationen och ans\u00f6kan till operationen. Vid ans\u00f6kan till ett uppdrag inom civil krishantering anv\u00e4nds de uppgifter som kunden har l\u00e4mnat i kandidatuppst\u00e4llningarna som h\u00e4nf\u00f6r sig till uppdraget.<br \/>\nVid ans\u00f6kan till en utbildning i civil krishantering anv\u00e4nds de uppgifter som kunden har l\u00e4mnat i kandidatuppst\u00e4llningarna som h\u00e4nf\u00f6r sig till utbildningen.<br \/>\nBehandlingen av uppgifterna grundar sig p\u00e5 personens samtycke.<\/p>\n<p>&nbsp;<\/p>\n<h2>5. Registrets datainneh\u00e5ll<\/h2>\n<p>Persongrupper vars uppgifter kan behandlas omfattar personer som s\u00f6ker till och deltar i evenemang som den personuppgiftsansvarige ordnar, utbildningar som den personuppgiftsansvarige inleder och uppgifter som den personuppgiftsansvarige tillhandah\u00e5ller. Registret kan inneh\u00e5lla f\u00f6ljande uppgifter som den registrerade sj\u00e4lv fyller i:<br \/>\n\u2022 Kontaktuppgifter (namn, e-post, telefonnummer, adress)<br \/>\n\u2022 Demografiska uppgifter (f\u00f6delsetid, k\u00f6n, medborgarskap, modersm\u00e5l)<br \/>\n\u2022 Uppgifter om utbildning och yrke (utbildning, spr\u00e5kkunskaper, specialkompetens, yrke, titel, arbetserfarenhet, bakgrundsarbetsgivare, tidigare arbetsgivare, meritf\u00f6rteckning)<br \/>\n\u2022 Andra uppgifter som samlats in med kundens samtycke (bl.a. passnummer, passets giltighetstid, k\u00f6rkortsklass, tillg\u00e4nglighet f\u00f6r uppgifter, samtycke till att bli utv\u00e4rderad under utbildningen, erfarenhet av operationer, synpunkter p\u00e5 hur internationella uppgifter p\u00e5verkar karri\u00e4ren)<\/p>\n<p>&nbsp;<\/p>\n<h2>6. Regelm\u00e4ssiga informationsk\u00e4llor<\/h2>\n<p>Personuppgifter samlas endast in fr\u00e5n den registrerade sj\u00e4lv.<\/p>\n<p>&nbsp;<\/p>\n<h2>7. Regelm\u00e4ssig utl\u00e4mning av uppgifter<\/h2>\n<p>Utl\u00e4mnas inte. I enlighet med punkt 4 f\u00e5r uppgifter \u00f6verf\u00f6ras till expertregistret f\u00f6r civil krishantering.<\/p>\n<p>&nbsp;<\/p>\n<h2>8. Regelm\u00e4ssigt utl\u00e4mnande och \u00f6vers\u00e4ndande av uppgifter till stater utanf\u00f6r EU eller Europeiska ekonomiska samarbetsomr\u00e5det<\/h2>\n<p>Utl\u00e4mnas eller \u00f6vers\u00e4nds inte.<\/p>\n<p>&nbsp;<\/p>\n<h2>9. Principer f\u00f6r skyddet av registret<\/h2>\n<p>Registeruppgifterna behandlas i enlighet med god dataskyddspraxis. Analogt material f\u00f6rvaras i en l\u00e5st lokal. Fysisk tillg\u00e5ng till uppgifterna hindras med hj\u00e4lp av passerkontroll och andra s\u00e4kerhets\u00e5tg\u00e4rder.<\/p>\n<p>Uppgifterna f\u00f6rvaras tekniskt skyddade. Endast den registeransvarige och s\u00e4rskilt utsedda personer behandlar och uppr\u00e4tth\u00e5ller registeruppgifterna. Anv\u00e4ndarna har tystnadsplikt.<\/p>\n<p>&nbsp;<\/p>\n<h2>10. F\u00f6rvaringstid f\u00f6r uppgifter<\/h2>\n<p>Personuppgifterna lagras s\u00e5 l\u00e4nge det beh\u00f6vs f\u00f6r att syftet med behandlingen av personuppgifterna ska kunna uppn\u00e5s.<\/p>\n<p>&nbsp;<\/p>\n<h2>11. Ut\u00f6vande av r\u00e4tt till insyn<\/h2>\n<p>Personen har r\u00e4tt att granska de uppgifter som inf\u00f6rts i personregistret. R\u00e4tten till insyn \u00e4r f\u00f6renlig med g\u00e4llande lagstiftning.<br \/>\nBeg\u00e4ran kan skickas per e-post till cmc(at)cmcfinland.fi eller per post till Krishanteringscentret, PB 1325, 00521 Helsingfors.<\/p>\n<p>Ytterligare information om att skicka en beg\u00e4ran om insyn:<br \/>\n<a href=\"https:\/\/tietosuoja.fi\/sv\/nar-du-vill-granska-dina-uppgifter\">N\u00e4r du vill granska dina uppgifter | Dataombudsmannens byr\u00e5<\/a><\/p>\n<p>&nbsp;<\/p>\n<h2>12. R\u00e4ttelse av personuppgifter och genomf\u00f6rande av r\u00e4ttelsen av uppgifterna<\/h2>\n<p>Den registrerade personen har r\u00e4tt att kr\u00e4va att den personuppgiftsansvarige r\u00e4ttar till felaktiga uppgifter om den registrerade.<\/p>\n<p>Beg\u00e4ran om r\u00e4ttelse av uppgifter kan skickas per e-post till cmc(at)cmcfinland.fi eller per post till Krishanteringscentret, PB 1325, 00521 Helsingfors.<\/p>\n<p>Ytterligare information om att skicka en beg\u00e4ran om r\u00e4ttelse:<br \/>\n<a href=\"https:\/\/tietosuoja.fi\/sv\/nar-du-vill-ratta-dina-uppgifter\">N\u00e4r du vill r\u00e4tta dina uppgifter | Dataombudsmannens byr\u00e5<\/a><\/p>\n","protected":false},"excerpt":{"rendered":"<p>Datum\/redigeringsdatum 21.2.2023 1. Personuppgiftsansvarig Krishanteringscentret CMC Finland Kontaktuppgifter: Bang\u00e5rdsv\u00e4gen 9, 6:e v\u00e5ningen 00520 Helsingfors tfn 0295 480 171 (Inrikesministeriets v\u00e4xel) 2. Kontaktperson i \u00e4renden som g\u00e4ller registret Jouni Pajunen cmc(at)cmcfinland.fi Inrikesministeriets dataskyddsombud: Mikko Lev\u00e4m\u00e4ki tfn 0295 488 351 tietosuojavastaava.sm(at)govsec.fi 3. Registrets namn Register f\u00f6r deltagare och kunder i Webropol-baserade evenemang, register f\u00f6r s\u00f6kande till utbildningar, &#8230; <a title=\"Webropol\" class=\"read-more\" href=\"https:\/\/www.cmcfinland.fi\/sv\/webropol\/\" aria-label=\"Read more about Webropol\">L\u00e4s mer<\/a><\/p>\n","protected":false},"author":2,"featured_media":0,"parent":0,"menu_order":0,"comment_status":"closed","ping_status":"closed","template":"","meta":{"_acf_changed":false,"_relevanssi_hide_post":"","_relevanssi_hide_content":"","_relevanssi_pin_for_all":"","_relevanssi_pin_keywords":"","_relevanssi_unpin_keywords":"","_relevanssi_related_keywords":"","_relevanssi_related_include_ids":"","_relevanssi_related_exclude_ids":"","_relevanssi_related_no_append":"","_relevanssi_related_not_related":"","_relevanssi_related_posts":"","_relevanssi_noindex_reason":"","footnotes":""},"class_list":["post-16340","page","type-page","status-publish"],"acf":[],"yoast_head":"<!-- This site is optimized with the Yoast SEO plugin v27.5 - https:\/\/yoast.com\/product\/yoast-seo-wordpress\/ -->\n<title>Webropol - CMC Finland<\/title>\n<meta name=\"robots\" content=\"index, follow, max-snippet:-1, max-image-preview:large, max-video-preview:-1\" \/>\n<link rel=\"canonical\" href=\"https:\/\/www.cmcfinland.fi\/sv\/webropol\/\" \/>\n<meta property=\"og:locale\" content=\"sv_SE\" \/>\n<meta property=\"og:type\" content=\"article\" \/>\n<meta property=\"og:title\" content=\"Webropol - CMC Finland\" \/>\n<meta property=\"og:description\" content=\"Datum\/redigeringsdatum 21.2.2023 1. Personuppgiftsansvarig Krishanteringscentret CMC Finland Kontaktuppgifter: Bang\u00e5rdsv\u00e4gen 9, 6:e v\u00e5ningen 00520 Helsingfors tfn 0295 480 171 (Inrikesministeriets v\u00e4xel) 2. Kontaktperson i \u00e4renden som g\u00e4ller registret Jouni Pajunen cmc(at)cmcfinland.fi Inrikesministeriets dataskyddsombud: Mikko Lev\u00e4m\u00e4ki tfn 0295 488 351 tietosuojavastaava.sm(at)govsec.fi 3. Registrets namn Register f\u00f6r deltagare och kunder i Webropol-baserade evenemang, register f\u00f6r s\u00f6kande till utbildningar, ... L\u00e4s mer\" \/>\n<meta property=\"og:url\" content=\"https:\/\/www.cmcfinland.fi\/sv\/webropol\/\" \/>\n<meta property=\"og:site_name\" content=\"CMC Finland\" \/>\n<meta property=\"article:publisher\" content=\"https:\/\/www.facebook.com\/cmc.finland\/\" \/>\n<meta name=\"twitter:card\" content=\"summary_large_image\" \/>\n<meta name=\"twitter:site\" content=\"@CMCFinland\" \/>\n<meta name=\"twitter:label1\" content=\"Est. reading time\" \/>\n\t<meta name=\"twitter:data1\" content=\"4 minutes\" \/>\n<script type=\"application\/ld+json\" class=\"yoast-schema-graph\">{\"@context\":\"https:\\\/\\\/schema.org\",\"@graph\":[{\"@type\":\"WebPage\",\"@id\":\"https:\\\/\\\/www.cmcfinland.fi\\\/sv\\\/webropol\\\/\",\"url\":\"https:\\\/\\\/www.cmcfinland.fi\\\/sv\\\/webropol\\\/\",\"name\":\"Webropol - CMC Finland\",\"isPartOf\":{\"@id\":\"https:\\\/\\\/www.cmcfinland.fi\\\/#website\"},\"datePublished\":\"2023-02-27T08:47:31+00:00\",\"breadcrumb\":{\"@id\":\"https:\\\/\\\/www.cmcfinland.fi\\\/sv\\\/webropol\\\/#breadcrumb\"},\"inLanguage\":\"sv-SE\",\"potentialAction\":[{\"@type\":\"ReadAction\",\"target\":[\"https:\\\/\\\/www.cmcfinland.fi\\\/sv\\\/webropol\\\/\"]}]},{\"@type\":\"BreadcrumbList\",\"@id\":\"https:\\\/\\\/www.cmcfinland.fi\\\/sv\\\/webropol\\\/#breadcrumb\",\"itemListElement\":[{\"@type\":\"ListItem\",\"position\":1,\"name\":\"Framsida\",\"item\":\"https:\\\/\\\/www.cmcfinland.fi\\\/sv\\\/\"},{\"@type\":\"ListItem\",\"position\":2,\"name\":\"Webropol\"}]},{\"@type\":\"WebSite\",\"@id\":\"https:\\\/\\\/www.cmcfinland.fi\\\/#website\",\"url\":\"https:\\\/\\\/www.cmcfinland.fi\\\/\",\"name\":\"CMC Finland\",\"description\":\"Kriisinhallintakeskus\",\"publisher\":{\"@id\":\"https:\\\/\\\/www.cmcfinland.fi\\\/#organization\"},\"potentialAction\":[{\"@type\":\"SearchAction\",\"target\":{\"@type\":\"EntryPoint\",\"urlTemplate\":\"https:\\\/\\\/www.cmcfinland.fi\\\/?s={search_term_string}\"},\"query-input\":{\"@type\":\"PropertyValueSpecification\",\"valueRequired\":true,\"valueName\":\"search_term_string\"}}],\"inLanguage\":\"sv-SE\"},{\"@type\":\"Organization\",\"@id\":\"https:\\\/\\\/www.cmcfinland.fi\\\/#organization\",\"name\":\"CMC Finland\",\"url\":\"https:\\\/\\\/www.cmcfinland.fi\\\/\",\"logo\":{\"@type\":\"ImageObject\",\"inLanguage\":\"sv-SE\",\"@id\":\"https:\\\/\\\/www.cmcfinland.fi\\\/#\\\/schema\\\/logo\\\/image\\\/\",\"url\":\"https:\\\/\\\/www.cmcfinland.fi\\\/wp-content\\\/uploads\\\/2024\\\/01\\\/CMC_finland_logo_musta.png\",\"contentUrl\":\"https:\\\/\\\/www.cmcfinland.fi\\\/wp-content\\\/uploads\\\/2024\\\/01\\\/CMC_finland_logo_musta.png\",\"width\":272,\"height\":88,\"caption\":\"CMC Finland\"},\"image\":{\"@id\":\"https:\\\/\\\/www.cmcfinland.fi\\\/#\\\/schema\\\/logo\\\/image\\\/\"},\"sameAs\":[\"https:\\\/\\\/www.facebook.com\\\/cmc.finland\\\/\",\"https:\\\/\\\/x.com\\\/CMCFinland\",\"https:\\\/\\\/www.instagram.com\\\/cmc.finland\\\/\",\"https:\\\/\\\/www.youtube.com\\\/channel\\\/UC49g1WmKq81Amw1ZUa5ZRKA\",\"https:\\\/\\\/www.linkedin.com\\\/company\\\/crisis-management-centre-cmc-finland\\\/\"]}]}<\/script>\n<!-- \/ Yoast SEO plugin. -->","yoast_head_json":{"title":"Webropol - CMC Finland","robots":{"index":"index","follow":"follow","max-snippet":"max-snippet:-1","max-image-preview":"max-image-preview:large","max-video-preview":"max-video-preview:-1"},"canonical":"https:\/\/www.cmcfinland.fi\/sv\/webropol\/","og_locale":"sv_SE","og_type":"article","og_title":"Webropol - CMC Finland","og_description":"Datum\/redigeringsdatum 21.2.2023 1. Personuppgiftsansvarig Krishanteringscentret CMC Finland Kontaktuppgifter: Bang\u00e5rdsv\u00e4gen 9, 6:e v\u00e5ningen 00520 Helsingfors tfn 0295 480 171 (Inrikesministeriets v\u00e4xel) 2. Kontaktperson i \u00e4renden som g\u00e4ller registret Jouni Pajunen cmc(at)cmcfinland.fi Inrikesministeriets dataskyddsombud: Mikko Lev\u00e4m\u00e4ki tfn 0295 488 351 tietosuojavastaava.sm(at)govsec.fi 3. Registrets namn Register f\u00f6r deltagare och kunder i Webropol-baserade evenemang, register f\u00f6r s\u00f6kande till utbildningar, ... L\u00e4s mer","og_url":"https:\/\/www.cmcfinland.fi\/sv\/webropol\/","og_site_name":"CMC Finland","article_publisher":"https:\/\/www.facebook.com\/cmc.finland\/","twitter_card":"summary_large_image","twitter_site":"@CMCFinland","twitter_misc":{"Est. reading time":"4 minutes"},"schema":{"@context":"https:\/\/schema.org","@graph":[{"@type":"WebPage","@id":"https:\/\/www.cmcfinland.fi\/sv\/webropol\/","url":"https:\/\/www.cmcfinland.fi\/sv\/webropol\/","name":"Webropol - CMC Finland","isPartOf":{"@id":"https:\/\/www.cmcfinland.fi\/#website"},"datePublished":"2023-02-27T08:47:31+00:00","breadcrumb":{"@id":"https:\/\/www.cmcfinland.fi\/sv\/webropol\/#breadcrumb"},"inLanguage":"sv-SE","potentialAction":[{"@type":"ReadAction","target":["https:\/\/www.cmcfinland.fi\/sv\/webropol\/"]}]},{"@type":"BreadcrumbList","@id":"https:\/\/www.cmcfinland.fi\/sv\/webropol\/#breadcrumb","itemListElement":[{"@type":"ListItem","position":1,"name":"Framsida","item":"https:\/\/www.cmcfinland.fi\/sv\/"},{"@type":"ListItem","position":2,"name":"Webropol"}]},{"@type":"WebSite","@id":"https:\/\/www.cmcfinland.fi\/#website","url":"https:\/\/www.cmcfinland.fi\/","name":"CMC Finland","description":"Kriisinhallintakeskus","publisher":{"@id":"https:\/\/www.cmcfinland.fi\/#organization"},"potentialAction":[{"@type":"SearchAction","target":{"@type":"EntryPoint","urlTemplate":"https:\/\/www.cmcfinland.fi\/?s={search_term_string}"},"query-input":{"@type":"PropertyValueSpecification","valueRequired":true,"valueName":"search_term_string"}}],"inLanguage":"sv-SE"},{"@type":"Organization","@id":"https:\/\/www.cmcfinland.fi\/#organization","name":"CMC Finland","url":"https:\/\/www.cmcfinland.fi\/","logo":{"@type":"ImageObject","inLanguage":"sv-SE","@id":"https:\/\/www.cmcfinland.fi\/#\/schema\/logo\/image\/","url":"https:\/\/www.cmcfinland.fi\/wp-content\/uploads\/2024\/01\/CMC_finland_logo_musta.png","contentUrl":"https:\/\/www.cmcfinland.fi\/wp-content\/uploads\/2024\/01\/CMC_finland_logo_musta.png","width":272,"height":88,"caption":"CMC Finland"},"image":{"@id":"https:\/\/www.cmcfinland.fi\/#\/schema\/logo\/image\/"},"sameAs":["https:\/\/www.facebook.com\/cmc.finland\/","https:\/\/x.com\/CMCFinland","https:\/\/www.instagram.com\/cmc.finland\/","https:\/\/www.youtube.com\/channel\/UC49g1WmKq81Amw1ZUa5ZRKA","https:\/\/www.linkedin.com\/company\/crisis-management-centre-cmc-finland\/"]}]}},"_links":{"self":[{"href":"https:\/\/www.cmcfinland.fi\/sv\/wp-json\/wp\/v2\/pages\/16340","targetHints":{"allow":["GET"]}}],"collection":[{"href":"https:\/\/www.cmcfinland.fi\/sv\/wp-json\/wp\/v2\/pages"}],"about":[{"href":"https:\/\/www.cmcfinland.fi\/sv\/wp-json\/wp\/v2\/types\/page"}],"author":[{"embeddable":true,"href":"https:\/\/www.cmcfinland.fi\/sv\/wp-json\/wp\/v2\/users\/2"}],"replies":[{"embeddable":true,"href":"https:\/\/www.cmcfinland.fi\/sv\/wp-json\/wp\/v2\/comments?post=16340"}],"version-history":[{"count":1,"href":"https:\/\/www.cmcfinland.fi\/sv\/wp-json\/wp\/v2\/pages\/16340\/revisions"}],"predecessor-version":[{"id":16342,"href":"https:\/\/www.cmcfinland.fi\/sv\/wp-json\/wp\/v2\/pages\/16340\/revisions\/16342"}],"wp:attachment":[{"href":"https:\/\/www.cmcfinland.fi\/sv\/wp-json\/wp\/v2\/media?parent=16340"}],"curies":[{"name":"wp","href":"https:\/\/api.w.org\/{rel}","templated":true}]}}