{"id":16347,"date":"2023-02-27T11:05:30","date_gmt":"2023-02-27T09:05:30","guid":{"rendered":"https:\/\/www.cmcfinland.fi\/?page_id=16347"},"modified":"2023-02-27T11:05:30","modified_gmt":"2023-02-27T09:05:30","slug":"expertregister","status":"publish","type":"page","link":"https:\/\/www.cmcfinland.fi\/sv\/expertregister\/","title":{"rendered":"Expertregister"},"content":{"rendered":"<p>Datum\/redigeringsdatum 21.2.2023<\/p>\n<h2>1. Personuppgiftsansvarig<\/h2>\n<p>Krishanteringscentret CMC Finland<br \/>\nKontaktuppgifter:<br \/>\nBang\u00e5rdsv\u00e4gen 9, 6:e v\u00e5ningen<br \/>\n00520 Helsingfors<br \/>\ntfn 0295 480 171 (Inrikesministeriets v\u00e4xel)<\/p>\n<h2>2. Kontaktperson i \u00e4renden som g\u00e4ller registret<\/h2>\n<p>Ledande sakkunnig<br \/>\nJari Mustonen<br \/>\ntfn 0295 453 695<br \/>\njari.mustonen(at)cmcfinland.fi<\/p>\n<p>Inrikesministeriets dataskyddsombud:<br \/>\nMikko Lev\u00e4m\u00e4ki<br \/>\ntfn 0295 488 351<br \/>\ntietosuojavastaava.sm(at)govsec.fi<\/p>\n<h2>3. Registrets namn<\/h2>\n<p>Expertregister f\u00f6r civil krishantering<\/p>\n<p>&nbsp;<\/p>\n<h2>4. Syftet med behandlingen av personuppgifter\/registrets anv\u00e4ndnings\u00e4ndam\u00e5l<\/h2>\n<p>De inf\u00f6rda uppgifterna f\u00e5r anv\u00e4ndas f\u00f6r rekrytering av experter f\u00f6r krishanteringsuppdrag, arbetsgivarens personaladministration, utbildnings- och \u00f6vningsverksamhet samt f\u00f6r underh\u00e5ll av uppgifter om anst\u00e4llningsf\u00f6rh\u00e5llanden, operationsinformation och l\u00e4gesbilder.<\/p>\n<p>CMC Finland kan anv\u00e4nda uppgifterna f\u00f6r forskning som syftar till att utveckla centrets lagstadgade k\u00e4rnfunktioner och internationella krishantering.<\/p>\n<p>Expertregistret \u00e4r avsett f\u00f6r lagring av uppgifter om experter som har utbildats av Krishanteringscentret och som rekryterats f\u00f6r uppdrag inom civil krishantering, i enlighet med g\u00e4llande lag. (Lagen om civilpersoners deltagande i krishantering 1287\/2004, 3 kap.).<\/p>\n<p>&nbsp;<\/p>\n<h2>5. Registrets datainneh\u00e5ll<\/h2>\n<p>Expertregistret inneh\u00e5ller personuppgifter, utbildningsuppgifter och arbetserfarenhetsuppgifter om experten. Registret inneh\u00e5ller ocks\u00e5 uppgifter om expertens beredskap och anst\u00e4llningsf\u00f6rh\u00e5llande.<br \/>\nDe uppgifter som sparas i expertregistret \u00e4r:<br \/>\n\u2022 Namn, personbeteckning eller f\u00f6delsedatum, medborgarskap och modersm\u00e5l, k\u00f6rkortsklasser och kontouppgifter<br \/>\n\u2022 Kontaktuppgifter: Hemadress, e-postadresser (Eget, arbete, operation), telefonnummer (Eget, arbete, CMC telefon, satellit)<br \/>\n\u2022 N\u00e4rmaste anh\u00f6rigs namn och telefonnummer<br \/>\n\u2022 Uppgifter som g\u00e4ller anst\u00e4llningsf\u00f6rh\u00e5llandet och nomineringen till krishanteringsuppdraget<br \/>\n\u2022 Uppgifter och bilagor som h\u00e4nf\u00f6r sig till ers\u00e4ttningar som betalas enligt lag, l\u00f6ner och ers\u00e4ttningar p\u00e5 grund av g\u00e4llande f\u00f6rh\u00e5llanden<br \/>\n\u2022 Utbildningshistorik och kompetens<br \/>\n\u2022 Uppgifter om arbetserfarenhet (bakgrundsarbetsgivare)<br \/>\n\u2022 Datum f\u00f6r genomf\u00f6rande av serviceflygningar<br \/>\n\u2022 Fr\u00e5nvaro<br \/>\n\u2022 Prestationer f\u00f6r f\u00f6rberedelser inf\u00f6r avf\u00e4rd och \u00e5terkomst f\u00f6r HR-personalens minneslista.<br \/>\n\u2022 Tillst\u00e5nd att l\u00e4mna ut uppgifter:<br \/>\no Tillst\u00e5nd att l\u00e4mna ut kontaktuppgifter f\u00f6r utbildnings- och forsknings\u00e4ndam\u00e5l<br \/>\no Tillst\u00e5nd att l\u00e4mna ut kontaktuppgifter f\u00f6r anv\u00e4ndning av medier<\/p>\n<p>&nbsp;<\/p>\n<h2>6. Regelm\u00e4ssiga informationsk\u00e4llor<\/h2>\n<p>Alla personuppgifter som registreras i registret f\u00e5s av personen sj\u00e4lv n\u00e4r hen deltar i utbildningar eller \u00f6vningar inom krishantering eller n\u00e4r personen i fr\u00e5ga \u00e4r kandidat f\u00f6r expertuppgifter. Personen fyller i en blankett f\u00f6r personuppgifter n\u00e4r hen s\u00f6ker till verksamheten.<br \/>\nUtbildningsexperter, personalexperter och personalassistenter uppr\u00e4tth\u00e5ller och uppdaterar uppgifterna i registret. De uppgifter som ska uppdateras i registret l\u00e4mnas personligen av experten sj\u00e4lv eller s\u00e5 f\u00e5s de i samband med en myndighets\u00e5tg\u00e4rd som g\u00e4ller experten.<\/p>\n<p>&nbsp;<\/p>\n<h2>7. Regelm\u00e4ssigt utl\u00e4mnande och \u00f6vers\u00e4ndande av uppgifter till stater utanf\u00f6r EU eller Europeiska ekonomiska samarbetsomr\u00e5det<\/h2>\n<p>Enskilda enstaka n\u00f6dv\u00e4ndiga uppgifter i expertregistret kan l\u00e4mnas ut f\u00f6r rekrytering av experten i fr\u00e5ga, \u00e4ven med hj\u00e4lp av teknisk anslutning, till en internationell organisation eller till den som genomf\u00f6r krishanteringsoperationen. Den som beg\u00e4r uppgifter ska l\u00e4gga fram en redog\u00f6relse f\u00f6r att uppgifterna skyddas p\u00e5 beh\u00f6rigt s\u00e4tt innan uppgifterna l\u00e4mnas ut.<\/p>\n<p>Uppgifterna i registret lagras fysiskt i datacentraler inom EU-omr\u00e5det. Uppgifter \u00f6verf\u00f6rs inte till l\u00e4nder utanf\u00f6r EU eller EES.<\/p>\n<p>&nbsp;<\/p>\n<h2>8. Mottagare av uppgifterna<\/h2>\n<p>Uppgifter i registret tas emot av Sympa Oy, Finland, som \u00e4r personuppgiftsbitr\u00e4de samt tj\u00e4nsteleverant\u00f6r och administrat\u00f6r f\u00f6r Krishanteringscentrets expertregister.<\/p>\n<p>Ett begr\u00e4nsat antal medlemmar i tj\u00e4nsteleverant\u00f6rens team f\u00f6r serviceleverans, underh\u00e5ll, s\u00e4kerhet och service har tillg\u00e5ng till lagrade data i den utstr\u00e4ckning det \u00e4r n\u00f6dv\u00e4ndigt f\u00f6r att systemet ska fungera och f\u00f6r att tj\u00e4nsten ska kunna underh\u00e5llas. De anst\u00e4llda genomg\u00e5r en s\u00e4kerhetsutredning.<\/p>\n<p>Tj\u00e4nsteleverant\u00f6ren har ISO 9001-certifikat f\u00f6r kvalitetskontroll och ISO 27001-certifikat f\u00f6r informationss\u00e4kerhet.<\/p>\n<p>N\u00f6dv\u00e4ndiga uppgifter i expertregistret kan, \u00e4ven med hj\u00e4lp av teknisk anslutning, i rekryterings-, utbildnings- och forskningssyfte l\u00e4mnas ut till utrikesministeriet, inrikesministeriet, Europeiska unionen, internationella organisationer eller andra verkst\u00e4llare av operationer.<\/p>\n<p>&nbsp;<\/p>\n<h2>9. Principer f\u00f6r skyddet av registret<\/h2>\n<p>Anv\u00e4ndarna har ett personligt anv\u00e4ndarnamn och l\u00f6senord. Anv\u00e4ndarna har endast beh\u00f6righet till den del av registret som de beh\u00f6ver. Data i registret krypteras med stark kryptering. Vi tar dagliga s\u00e4kerhetskopior av kunddata och fullst\u00e4ndiga s\u00e4kerhetskopior en g\u00e5ng i veckan.<\/p>\n<p>I \u00f6vrigt till\u00e4mpas p\u00e5 sekretess och utl\u00e4mnande av uppgifter lagen om offentlighet i myndigheternas verksamhet (621\/1999), EU:s dataskyddsf\u00f6rordning (2016\/679) och dataskyddslagen (1050\/2018).<\/p>\n<p>&nbsp;<\/p>\n<h2>10. F\u00f6rvaringstid f\u00f6r uppgifter<\/h2>\n<p>Uppgifterna f\u00f6rvaras i registret enligt lagen i tio \u00e5r r\u00e4knat fr\u00e5n tidpunkten d\u00e5 senaste anst\u00e4llningsf\u00f6rh\u00e5llande, utbildning eller \u00f6vning upph\u00f6rde, om inte personen har beg\u00e4rt att uppgifterna om honom eller henne ska utpl\u00e5nas tidigare.<\/p>\n<p>(Lagen om civilpersoners deltagande i krishantering 1287\/2004, 20 \u00a7)<\/p>\n<p>F\u00f6r dem som endast har nominerats f\u00f6r en uppgift, men inte har varit i ett anst\u00e4llningsf\u00f6rh\u00e5llande, en utbildning eller \u00f6vning under tio \u00e5r, f\u00f6rvaras uppgifterna 12 m\u00e5nader efter det att den som genomf\u00f6r operationen har meddelat att ans\u00f6kningsprocessen har avslutats.<\/p>\n<p>&nbsp;<\/p>\n<h2>11. R\u00e4tt till insyn<\/h2>\n<p>Personen har r\u00e4tt att granska de uppgifter som inf\u00f6rts i personregistret. R\u00e4tten till insyn \u00e4r f\u00f6renlig med g\u00e4llande lagstiftning.<br \/>\nBeg\u00e4ran kan skickas per e-post till hr(at)cmcfinland.fi eller per post till Krishanteringscentret, PB 1325, 00521 Helsingfors.<\/p>\n<p>Ytterligare information om att skicka en beg\u00e4ran om insyn:<br \/>\n<a href=\"https:\/\/tietosuoja.fi\/sv\/nar-du-vill-granska-dina-uppgifter\">N\u00e4r du vill granska dina uppgifter | Dataombudsmannens byr\u00e5<\/a><\/p>\n<p>&nbsp;<\/p>\n<h2>12. R\u00e4tt att kr\u00e4va r\u00e4ttelse av en uppgift<\/h2>\n<p>Den registrerade personen har r\u00e4tt att kr\u00e4va att den personuppgiftsansvarige r\u00e4ttar till felaktiga uppgifter om den registrerade.<br \/>\nBeg\u00e4ran om r\u00e4ttelse av uppgifter kan skickas per e-post till hr(at)cmcfinland.fi eller per post till Krishanteringscentret, PB 1325, 00521 Helsingfors.<\/p>\n<p>Ytterligare information om att skicka en beg\u00e4ran om r\u00e4ttelse:<br \/>\n<a href=\"https:\/\/tietosuoja.fi\/sv\/nar-du-vill-ratta-dina-uppgifter\">N\u00e4r du vill r\u00e4tta dina uppgifter | Dataombudsmannens byr\u00e5<\/a><\/p>\n<p>&nbsp;<\/p>\n<p>&nbsp;<\/p>\n<p>&nbsp;<\/p>\n<p>&nbsp;<\/p>\n","protected":false},"excerpt":{"rendered":"<p>Datum\/redigeringsdatum 21.2.2023 1. Personuppgiftsansvarig Krishanteringscentret CMC Finland Kontaktuppgifter: Bang\u00e5rdsv\u00e4gen 9, 6:e v\u00e5ningen 00520 Helsingfors tfn 0295 480 171 (Inrikesministeriets v\u00e4xel) 2. Kontaktperson i \u00e4renden som g\u00e4ller registret Ledande sakkunnig Jari Mustonen tfn 0295 453 695 jari.mustonen(at)cmcfinland.fi Inrikesministeriets dataskyddsombud: Mikko Lev\u00e4m\u00e4ki tfn 0295 488 351 tietosuojavastaava.sm(at)govsec.fi 3. Registrets namn Expertregister f\u00f6r civil krishantering &nbsp; 4. Syftet &#8230; <a title=\"Expertregister\" class=\"read-more\" href=\"https:\/\/www.cmcfinland.fi\/sv\/expertregister\/\" aria-label=\"Read more about Expertregister\">L\u00e4s mer<\/a><\/p>\n","protected":false},"author":2,"featured_media":0,"parent":0,"menu_order":0,"comment_status":"closed","ping_status":"closed","template":"","meta":{"_acf_changed":false,"_relevanssi_hide_post":"","_relevanssi_hide_content":"","_relevanssi_pin_for_all":"","_relevanssi_pin_keywords":"","_relevanssi_unpin_keywords":"","_relevanssi_related_keywords":"","_relevanssi_related_include_ids":"","_relevanssi_related_exclude_ids":"","_relevanssi_related_no_append":"","_relevanssi_related_not_related":"","_relevanssi_related_posts":"","_relevanssi_noindex_reason":"","footnotes":""},"class_list":["post-16347","page","type-page","status-publish"],"acf":[],"yoast_head":"<!-- This site is optimized with the Yoast SEO plugin v27.5 - https:\/\/yoast.com\/product\/yoast-seo-wordpress\/ -->\n<title>Expertregister - CMC Finland<\/title>\n<meta name=\"robots\" content=\"index, follow, max-snippet:-1, max-image-preview:large, max-video-preview:-1\" \/>\n<link rel=\"canonical\" href=\"https:\/\/www.cmcfinland.fi\/sv\/expertregister\/\" \/>\n<meta property=\"og:locale\" content=\"sv_SE\" \/>\n<meta property=\"og:type\" content=\"article\" \/>\n<meta property=\"og:title\" content=\"Expertregister - CMC Finland\" \/>\n<meta property=\"og:description\" content=\"Datum\/redigeringsdatum 21.2.2023 1. Personuppgiftsansvarig Krishanteringscentret CMC Finland Kontaktuppgifter: Bang\u00e5rdsv\u00e4gen 9, 6:e v\u00e5ningen 00520 Helsingfors tfn 0295 480 171 (Inrikesministeriets v\u00e4xel) 2. Kontaktperson i \u00e4renden som g\u00e4ller registret Ledande sakkunnig Jari Mustonen tfn 0295 453 695 jari.mustonen(at)cmcfinland.fi Inrikesministeriets dataskyddsombud: Mikko Lev\u00e4m\u00e4ki tfn 0295 488 351 tietosuojavastaava.sm(at)govsec.fi 3. Registrets namn Expertregister f\u00f6r civil krishantering &nbsp; 4. Syftet ... L\u00e4s mer\" \/>\n<meta property=\"og:url\" content=\"https:\/\/www.cmcfinland.fi\/sv\/expertregister\/\" \/>\n<meta property=\"og:site_name\" content=\"CMC Finland\" \/>\n<meta property=\"article:publisher\" content=\"https:\/\/www.facebook.com\/cmc.finland\/\" \/>\n<meta name=\"twitter:card\" content=\"summary_large_image\" \/>\n<meta name=\"twitter:site\" content=\"@CMCFinland\" \/>\n<meta name=\"twitter:label1\" content=\"Est. reading time\" \/>\n\t<meta name=\"twitter:data1\" content=\"6 minutes\" \/>\n<script type=\"application\/ld+json\" class=\"yoast-schema-graph\">{\"@context\":\"https:\\\/\\\/schema.org\",\"@graph\":[{\"@type\":\"WebPage\",\"@id\":\"https:\\\/\\\/www.cmcfinland.fi\\\/sv\\\/expertregister\\\/\",\"url\":\"https:\\\/\\\/www.cmcfinland.fi\\\/sv\\\/expertregister\\\/\",\"name\":\"Expertregister - CMC Finland\",\"isPartOf\":{\"@id\":\"https:\\\/\\\/www.cmcfinland.fi\\\/#website\"},\"datePublished\":\"2023-02-27T09:05:30+00:00\",\"breadcrumb\":{\"@id\":\"https:\\\/\\\/www.cmcfinland.fi\\\/sv\\\/expertregister\\\/#breadcrumb\"},\"inLanguage\":\"sv-SE\",\"potentialAction\":[{\"@type\":\"ReadAction\",\"target\":[\"https:\\\/\\\/www.cmcfinland.fi\\\/sv\\\/expertregister\\\/\"]}]},{\"@type\":\"BreadcrumbList\",\"@id\":\"https:\\\/\\\/www.cmcfinland.fi\\\/sv\\\/expertregister\\\/#breadcrumb\",\"itemListElement\":[{\"@type\":\"ListItem\",\"position\":1,\"name\":\"Framsida\",\"item\":\"https:\\\/\\\/www.cmcfinland.fi\\\/sv\\\/\"},{\"@type\":\"ListItem\",\"position\":2,\"name\":\"Expertregister\"}]},{\"@type\":\"WebSite\",\"@id\":\"https:\\\/\\\/www.cmcfinland.fi\\\/#website\",\"url\":\"https:\\\/\\\/www.cmcfinland.fi\\\/\",\"name\":\"CMC Finland\",\"description\":\"Kriisinhallintakeskus\",\"publisher\":{\"@id\":\"https:\\\/\\\/www.cmcfinland.fi\\\/#organization\"},\"potentialAction\":[{\"@type\":\"SearchAction\",\"target\":{\"@type\":\"EntryPoint\",\"urlTemplate\":\"https:\\\/\\\/www.cmcfinland.fi\\\/?s={search_term_string}\"},\"query-input\":{\"@type\":\"PropertyValueSpecification\",\"valueRequired\":true,\"valueName\":\"search_term_string\"}}],\"inLanguage\":\"sv-SE\"},{\"@type\":\"Organization\",\"@id\":\"https:\\\/\\\/www.cmcfinland.fi\\\/#organization\",\"name\":\"CMC Finland\",\"url\":\"https:\\\/\\\/www.cmcfinland.fi\\\/\",\"logo\":{\"@type\":\"ImageObject\",\"inLanguage\":\"sv-SE\",\"@id\":\"https:\\\/\\\/www.cmcfinland.fi\\\/#\\\/schema\\\/logo\\\/image\\\/\",\"url\":\"https:\\\/\\\/www.cmcfinland.fi\\\/wp-content\\\/uploads\\\/2024\\\/01\\\/CMC_finland_logo_musta.png\",\"contentUrl\":\"https:\\\/\\\/www.cmcfinland.fi\\\/wp-content\\\/uploads\\\/2024\\\/01\\\/CMC_finland_logo_musta.png\",\"width\":272,\"height\":88,\"caption\":\"CMC Finland\"},\"image\":{\"@id\":\"https:\\\/\\\/www.cmcfinland.fi\\\/#\\\/schema\\\/logo\\\/image\\\/\"},\"sameAs\":[\"https:\\\/\\\/www.facebook.com\\\/cmc.finland\\\/\",\"https:\\\/\\\/x.com\\\/CMCFinland\",\"https:\\\/\\\/www.instagram.com\\\/cmc.finland\\\/\",\"https:\\\/\\\/www.youtube.com\\\/channel\\\/UC49g1WmKq81Amw1ZUa5ZRKA\",\"https:\\\/\\\/www.linkedin.com\\\/company\\\/crisis-management-centre-cmc-finland\\\/\"]}]}<\/script>\n<!-- \/ Yoast SEO plugin. -->","yoast_head_json":{"title":"Expertregister - CMC Finland","robots":{"index":"index","follow":"follow","max-snippet":"max-snippet:-1","max-image-preview":"max-image-preview:large","max-video-preview":"max-video-preview:-1"},"canonical":"https:\/\/www.cmcfinland.fi\/sv\/expertregister\/","og_locale":"sv_SE","og_type":"article","og_title":"Expertregister - CMC Finland","og_description":"Datum\/redigeringsdatum 21.2.2023 1. Personuppgiftsansvarig Krishanteringscentret CMC Finland Kontaktuppgifter: Bang\u00e5rdsv\u00e4gen 9, 6:e v\u00e5ningen 00520 Helsingfors tfn 0295 480 171 (Inrikesministeriets v\u00e4xel) 2. Kontaktperson i \u00e4renden som g\u00e4ller registret Ledande sakkunnig Jari Mustonen tfn 0295 453 695 jari.mustonen(at)cmcfinland.fi Inrikesministeriets dataskyddsombud: Mikko Lev\u00e4m\u00e4ki tfn 0295 488 351 tietosuojavastaava.sm(at)govsec.fi 3. Registrets namn Expertregister f\u00f6r civil krishantering &nbsp; 4. Syftet ... L\u00e4s mer","og_url":"https:\/\/www.cmcfinland.fi\/sv\/expertregister\/","og_site_name":"CMC Finland","article_publisher":"https:\/\/www.facebook.com\/cmc.finland\/","twitter_card":"summary_large_image","twitter_site":"@CMCFinland","twitter_misc":{"Est. reading time":"6 minutes"},"schema":{"@context":"https:\/\/schema.org","@graph":[{"@type":"WebPage","@id":"https:\/\/www.cmcfinland.fi\/sv\/expertregister\/","url":"https:\/\/www.cmcfinland.fi\/sv\/expertregister\/","name":"Expertregister - CMC Finland","isPartOf":{"@id":"https:\/\/www.cmcfinland.fi\/#website"},"datePublished":"2023-02-27T09:05:30+00:00","breadcrumb":{"@id":"https:\/\/www.cmcfinland.fi\/sv\/expertregister\/#breadcrumb"},"inLanguage":"sv-SE","potentialAction":[{"@type":"ReadAction","target":["https:\/\/www.cmcfinland.fi\/sv\/expertregister\/"]}]},{"@type":"BreadcrumbList","@id":"https:\/\/www.cmcfinland.fi\/sv\/expertregister\/#breadcrumb","itemListElement":[{"@type":"ListItem","position":1,"name":"Framsida","item":"https:\/\/www.cmcfinland.fi\/sv\/"},{"@type":"ListItem","position":2,"name":"Expertregister"}]},{"@type":"WebSite","@id":"https:\/\/www.cmcfinland.fi\/#website","url":"https:\/\/www.cmcfinland.fi\/","name":"CMC Finland","description":"Kriisinhallintakeskus","publisher":{"@id":"https:\/\/www.cmcfinland.fi\/#organization"},"potentialAction":[{"@type":"SearchAction","target":{"@type":"EntryPoint","urlTemplate":"https:\/\/www.cmcfinland.fi\/?s={search_term_string}"},"query-input":{"@type":"PropertyValueSpecification","valueRequired":true,"valueName":"search_term_string"}}],"inLanguage":"sv-SE"},{"@type":"Organization","@id":"https:\/\/www.cmcfinland.fi\/#organization","name":"CMC Finland","url":"https:\/\/www.cmcfinland.fi\/","logo":{"@type":"ImageObject","inLanguage":"sv-SE","@id":"https:\/\/www.cmcfinland.fi\/#\/schema\/logo\/image\/","url":"https:\/\/www.cmcfinland.fi\/wp-content\/uploads\/2024\/01\/CMC_finland_logo_musta.png","contentUrl":"https:\/\/www.cmcfinland.fi\/wp-content\/uploads\/2024\/01\/CMC_finland_logo_musta.png","width":272,"height":88,"caption":"CMC Finland"},"image":{"@id":"https:\/\/www.cmcfinland.fi\/#\/schema\/logo\/image\/"},"sameAs":["https:\/\/www.facebook.com\/cmc.finland\/","https:\/\/x.com\/CMCFinland","https:\/\/www.instagram.com\/cmc.finland\/","https:\/\/www.youtube.com\/channel\/UC49g1WmKq81Amw1ZUa5ZRKA","https:\/\/www.linkedin.com\/company\/crisis-management-centre-cmc-finland\/"]}]}},"_links":{"self":[{"href":"https:\/\/www.cmcfinland.fi\/sv\/wp-json\/wp\/v2\/pages\/16347","targetHints":{"allow":["GET"]}}],"collection":[{"href":"https:\/\/www.cmcfinland.fi\/sv\/wp-json\/wp\/v2\/pages"}],"about":[{"href":"https:\/\/www.cmcfinland.fi\/sv\/wp-json\/wp\/v2\/types\/page"}],"author":[{"embeddable":true,"href":"https:\/\/www.cmcfinland.fi\/sv\/wp-json\/wp\/v2\/users\/2"}],"replies":[{"embeddable":true,"href":"https:\/\/www.cmcfinland.fi\/sv\/wp-json\/wp\/v2\/comments?post=16347"}],"version-history":[{"count":1,"href":"https:\/\/www.cmcfinland.fi\/sv\/wp-json\/wp\/v2\/pages\/16347\/revisions"}],"predecessor-version":[{"id":16348,"href":"https:\/\/www.cmcfinland.fi\/sv\/wp-json\/wp\/v2\/pages\/16347\/revisions\/16348"}],"wp:attachment":[{"href":"https:\/\/www.cmcfinland.fi\/sv\/wp-json\/wp\/v2\/media?parent=16347"}],"curies":[{"name":"wp","href":"https:\/\/api.w.org\/{rel}","templated":true}]}}