{"id":16358,"date":"2023-02-27T12:47:50","date_gmt":"2023-02-27T10:47:50","guid":{"rendered":"https:\/\/www.cmcfinland.fi\/?page_id=16358"},"modified":"2023-02-27T12:47:50","modified_gmt":"2023-02-27T10:47:50","slug":"register-for-kommunikation-och-nyhetsbrev","status":"publish","type":"page","link":"https:\/\/www.cmcfinland.fi\/sv\/register-for-kommunikation-och-nyhetsbrev\/","title":{"rendered":"Register f\u00f6r kommunikation och nyhetsbrev"},"content":{"rendered":"<p>Datum\/redigeringsdatum 21.2.2023<\/p>\n<h2>\n1. Personuppgiftsansvarig<\/h2>\n<p>Krishanteringscentret CMC Finland<br \/>\nKontaktuppgifter:<br \/>\nBang\u00e5rdsv\u00e4gen 9, 6:e v\u00e5ningen<br \/>\n00520 Helsingfors<br \/>\ntfn 0295 480 171 (Inrikesministeriets v\u00e4xel)<\/p>\n<h2>2. Kontaktperson i \u00e4renden som g\u00e4ller registret<\/h2>\n<p>Ledande sakkunnig<br \/>\nJari Mustonen<br \/>\ntfn 0295 488 481<br \/>\njari.mustonen(at)cmcfinland.fi<\/p>\n<p>Inrikesministeriets dataskyddsombud:<br \/>\nMikko Lev\u00e4m\u00e4ki<br \/>\ntfn 0295 488 351<br \/>\ntietosuojavastaava.sm(at)govsec.fi<\/p>\n<h2>3. Registrets namn<\/h2>\n<p>Krishanteringscentrets register f\u00f6r kommunikation och nyhetsbrev<\/p>\n<h2>4. Syftet med behandlingen av personuppgifter\/registrets anv\u00e4ndnings\u00e4ndam\u00e5l<\/h2>\n<p>Registret anv\u00e4nds f\u00f6r att skicka Krishanteringscentrets elektroniska nyhetsbrev och meddelanden till mottagarens e-post.<br \/>\nGrunden f\u00f6r behandlingen av personuppgifter \u00e4r den registrerades samtycke.<\/p>\n<h2>5. Registrets datainneh\u00e5ll<\/h2>\n<p>Den registrerades namn och e-postadress. Dessutom som frivillig information den ber\u00f6rda partens organisation.<\/p>\n<p>&nbsp;<\/p>\n<h2>6. Regelm\u00e4ssiga informationsk\u00e4llor<\/h2>\n<p>Uppgifterna samlas in med hj\u00e4lp av best\u00e4llningsblanketten f\u00f6r det elektroniska nyhetsbrevet p\u00e5 Krishanteringscentrets webbplats. Prenumerationen \u00e4r frivillig och kostnadsfri. Prenumeranterna kan sj\u00e4lva uppdatera och redigera uppgifterna i registret med hj\u00e4lp av en elektronisk blankett. Krishanteringscentret kan ocks\u00e5 manuellt f\u00f6ra in motsvarande registeruppgifter i registret.<br \/>\nUtskrivning ur registret: Med hj\u00e4lp av en elektronisk blankett som best\u00e4llaren sj\u00e4lv l\u00e4mnar avbest\u00e4lls nyhetsbrevet och uppgifterna raderas d\u00e4rmed ur registret.<\/p>\n<h2>7. Regelm\u00e4ssig utl\u00e4mning av uppgifter<\/h2>\n<p>Utl\u00e4mnas inte.<\/p>\n<h2>8. Regelm\u00e4ssigt utl\u00e4mnande och \u00f6vers\u00e4ndande av uppgifter till stater utanf\u00f6r EU eller Europeiska ekonomiska samarbetsomr\u00e5det<\/h2>\n<p>Uppgifterna l\u00e4mnas inte vidare och de blir kvar endast hos den personuppgiftsansvarige. Uppgifter ur registret \u00f6vers\u00e4nds inte till l\u00e4nder utanf\u00f6r EU eller Europeiska ekonomiska samarbetsomr\u00e5det.<\/p>\n<h2>9. Principer f\u00f6r skyddet av registret<\/h2>\n<p>Registret finns p\u00e5 <a href=\"http:\/\/www.emaileri.fi\/\">servern emaileri<\/a> som \u00e4r placerad i en \u00f6vervakad datorhall. \u00c5tkomsten till registret har begr\u00e4nsats till endast de personer som beh\u00f6ver systemet f\u00f6r sina arbetsuppgifter. Alla som anv\u00e4nder systemet har ett personligt anv\u00e4ndarnamn.<\/p>\n<h2>10. F\u00f6rvaringstid f\u00f6r uppgifter<\/h2>\n<p>Personuppgifterna lagras s\u00e5 l\u00e4nge det \u00e4r n\u00f6dv\u00e4ndigt f\u00f6r att skicka nyhetsbrevet, tills prenumerationen avbryts eller nyhetsbrevtj\u00e4nsten upph\u00f6r att existera. Personuppgifterna f\u00f6r dem som avbest\u00e4ller nyhetsbrevet raderas omedelbart.<\/p>\n<h2>11. Ut\u00f6vande av r\u00e4tt till insyn<\/h2>\n<p>Personen har r\u00e4tt att granska de uppgifter som inf\u00f6rts i personregistret. R\u00e4tten till insyn \u00e4r f\u00f6renlig med g\u00e4llande lagstiftning.<br \/>\nBeg\u00e4ran kan skickas per e-post till hr(at)cmcfinland.fi eller per post till Krishanteringscentret, PB 1325, 00521 Helsingfors.<\/p>\n<p>Ytterligare information om att skicka en beg\u00e4ran om insyn:<br \/>\n<a href=\"https:\/\/tietosuoja.fi\/sv\/nar-du-vill-granska-dina-uppgifter\">N\u00e4r du vill granska dina uppgifter | Dataombudsmannens byr\u00e5<\/a><\/p>\n<h2>12. R\u00e4ttelse av personuppgifter och genomf\u00f6rande av r\u00e4ttelsen av uppgifterna<\/h2>\n<p>Den registrerade personen har r\u00e4tt att kr\u00e4va att den personuppgiftsansvarige r\u00e4ttar till felaktiga uppgifter om den registrerade.<br \/>\nBeg\u00e4ran om r\u00e4ttelse av uppgifter kan skickas per e-post till hr(at)cmcfinland.fi eller per post till Krishanteringscentret, PB 1325, 00521 Helsingfors.<\/p>\n<p>Ytterligare information om att skicka en beg\u00e4ran om r\u00e4ttelse:<br \/>\n<a href=\"https:\/\/tietosuoja.fi\/sv\/nar-du-vill-ratta-dina-uppgifter\">N\u00e4r du vill r\u00e4tta dina uppgifter | Dataombudsmannens byr\u00e5<\/a><\/p>\n","protected":false},"excerpt":{"rendered":"<p>Datum\/redigeringsdatum 21.2.2023 1. Personuppgiftsansvarig Krishanteringscentret CMC Finland Kontaktuppgifter: Bang\u00e5rdsv\u00e4gen 9, 6:e v\u00e5ningen 00520 Helsingfors tfn 0295 480 171 (Inrikesministeriets v\u00e4xel) 2. Kontaktperson i \u00e4renden som g\u00e4ller registret Ledande sakkunnig Jari Mustonen tfn 0295 488 481 jari.mustonen(at)cmcfinland.fi Inrikesministeriets dataskyddsombud: Mikko Lev\u00e4m\u00e4ki tfn 0295 488 351 tietosuojavastaava.sm(at)govsec.fi 3. Registrets namn Krishanteringscentrets register f\u00f6r kommunikation och nyhetsbrev 4. &#8230; <a title=\"Register f\u00f6r kommunikation och nyhetsbrev\" class=\"read-more\" href=\"https:\/\/www.cmcfinland.fi\/sv\/register-for-kommunikation-och-nyhetsbrev\/\" aria-label=\"Read more about Register f\u00f6r kommunikation och nyhetsbrev\">L\u00e4s mer<\/a><\/p>\n","protected":false},"author":2,"featured_media":0,"parent":0,"menu_order":0,"comment_status":"closed","ping_status":"closed","template":"","meta":{"_acf_changed":false,"_relevanssi_hide_post":"","_relevanssi_hide_content":"","_relevanssi_pin_for_all":"","_relevanssi_pin_keywords":"","_relevanssi_unpin_keywords":"","_relevanssi_related_keywords":"","_relevanssi_related_include_ids":"","_relevanssi_related_exclude_ids":"","_relevanssi_related_no_append":"","_relevanssi_related_not_related":"","_relevanssi_related_posts":"","_relevanssi_noindex_reason":"","footnotes":""},"class_list":["post-16358","page","type-page","status-publish"],"acf":[],"yoast_head":"<!-- This site is optimized with the Yoast SEO plugin v27.4 - https:\/\/yoast.com\/product\/yoast-seo-wordpress\/ -->\n<title>Register f\u00f6r kommunikation och nyhetsbrev - CMC Finland<\/title>\n<meta name=\"robots\" content=\"index, follow, max-snippet:-1, max-image-preview:large, max-video-preview:-1\" \/>\n<link rel=\"canonical\" href=\"https:\/\/www.cmcfinland.fi\/sv\/register-for-kommunikation-och-nyhetsbrev\/\" \/>\n<meta property=\"og:locale\" content=\"sv_SE\" \/>\n<meta property=\"og:type\" content=\"article\" \/>\n<meta property=\"og:title\" content=\"Register f\u00f6r kommunikation och nyhetsbrev - CMC Finland\" \/>\n<meta property=\"og:description\" content=\"Datum\/redigeringsdatum 21.2.2023 1. Personuppgiftsansvarig Krishanteringscentret CMC Finland Kontaktuppgifter: Bang\u00e5rdsv\u00e4gen 9, 6:e v\u00e5ningen 00520 Helsingfors tfn 0295 480 171 (Inrikesministeriets v\u00e4xel) 2. Kontaktperson i \u00e4renden som g\u00e4ller registret Ledande sakkunnig Jari Mustonen tfn 0295 488 481 jari.mustonen(at)cmcfinland.fi Inrikesministeriets dataskyddsombud: Mikko Lev\u00e4m\u00e4ki tfn 0295 488 351 tietosuojavastaava.sm(at)govsec.fi 3. Registrets namn Krishanteringscentrets register f\u00f6r kommunikation och nyhetsbrev 4. ... L\u00e4s mer\" \/>\n<meta property=\"og:url\" content=\"https:\/\/www.cmcfinland.fi\/sv\/register-for-kommunikation-och-nyhetsbrev\/\" \/>\n<meta property=\"og:site_name\" content=\"CMC Finland\" \/>\n<meta property=\"article:publisher\" content=\"https:\/\/www.facebook.com\/cmc.finland\/\" \/>\n<meta name=\"twitter:card\" content=\"summary_large_image\" \/>\n<meta name=\"twitter:site\" content=\"@CMCFinland\" \/>\n<meta name=\"twitter:label1\" content=\"Est. reading time\" \/>\n\t<meta name=\"twitter:data1\" content=\"3 minutes\" \/>\n<script type=\"application\/ld+json\" class=\"yoast-schema-graph\">{\"@context\":\"https:\\\/\\\/schema.org\",\"@graph\":[{\"@type\":\"WebPage\",\"@id\":\"https:\\\/\\\/www.cmcfinland.fi\\\/sv\\\/register-for-kommunikation-och-nyhetsbrev\\\/\",\"url\":\"https:\\\/\\\/www.cmcfinland.fi\\\/sv\\\/register-for-kommunikation-och-nyhetsbrev\\\/\",\"name\":\"Register f\u00f6r kommunikation och nyhetsbrev - CMC Finland\",\"isPartOf\":{\"@id\":\"https:\\\/\\\/www.cmcfinland.fi\\\/#website\"},\"datePublished\":\"2023-02-27T10:47:50+00:00\",\"breadcrumb\":{\"@id\":\"https:\\\/\\\/www.cmcfinland.fi\\\/sv\\\/register-for-kommunikation-och-nyhetsbrev\\\/#breadcrumb\"},\"inLanguage\":\"sv-SE\",\"potentialAction\":[{\"@type\":\"ReadAction\",\"target\":[\"https:\\\/\\\/www.cmcfinland.fi\\\/sv\\\/register-for-kommunikation-och-nyhetsbrev\\\/\"]}]},{\"@type\":\"BreadcrumbList\",\"@id\":\"https:\\\/\\\/www.cmcfinland.fi\\\/sv\\\/register-for-kommunikation-och-nyhetsbrev\\\/#breadcrumb\",\"itemListElement\":[{\"@type\":\"ListItem\",\"position\":1,\"name\":\"Framsida\",\"item\":\"https:\\\/\\\/www.cmcfinland.fi\\\/sv\\\/\"},{\"@type\":\"ListItem\",\"position\":2,\"name\":\"Register f\u00f6r kommunikation och nyhetsbrev\"}]},{\"@type\":\"WebSite\",\"@id\":\"https:\\\/\\\/www.cmcfinland.fi\\\/#website\",\"url\":\"https:\\\/\\\/www.cmcfinland.fi\\\/\",\"name\":\"CMC Finland\",\"description\":\"Kriisinhallintakeskus\",\"publisher\":{\"@id\":\"https:\\\/\\\/www.cmcfinland.fi\\\/#organization\"},\"potentialAction\":[{\"@type\":\"SearchAction\",\"target\":{\"@type\":\"EntryPoint\",\"urlTemplate\":\"https:\\\/\\\/www.cmcfinland.fi\\\/?s={search_term_string}\"},\"query-input\":{\"@type\":\"PropertyValueSpecification\",\"valueRequired\":true,\"valueName\":\"search_term_string\"}}],\"inLanguage\":\"sv-SE\"},{\"@type\":\"Organization\",\"@id\":\"https:\\\/\\\/www.cmcfinland.fi\\\/#organization\",\"name\":\"CMC Finland\",\"url\":\"https:\\\/\\\/www.cmcfinland.fi\\\/\",\"logo\":{\"@type\":\"ImageObject\",\"inLanguage\":\"sv-SE\",\"@id\":\"https:\\\/\\\/www.cmcfinland.fi\\\/#\\\/schema\\\/logo\\\/image\\\/\",\"url\":\"https:\\\/\\\/www.cmcfinland.fi\\\/wp-content\\\/uploads\\\/2024\\\/01\\\/CMC_finland_logo_musta.png\",\"contentUrl\":\"https:\\\/\\\/www.cmcfinland.fi\\\/wp-content\\\/uploads\\\/2024\\\/01\\\/CMC_finland_logo_musta.png\",\"width\":272,\"height\":88,\"caption\":\"CMC Finland\"},\"image\":{\"@id\":\"https:\\\/\\\/www.cmcfinland.fi\\\/#\\\/schema\\\/logo\\\/image\\\/\"},\"sameAs\":[\"https:\\\/\\\/www.facebook.com\\\/cmc.finland\\\/\",\"https:\\\/\\\/x.com\\\/CMCFinland\",\"https:\\\/\\\/www.instagram.com\\\/cmc.finland\\\/\",\"https:\\\/\\\/www.youtube.com\\\/channel\\\/UC49g1WmKq81Amw1ZUa5ZRKA\",\"https:\\\/\\\/www.linkedin.com\\\/company\\\/crisis-management-centre-cmc-finland\\\/\"]}]}<\/script>\n<!-- \/ Yoast SEO plugin. -->","yoast_head_json":{"title":"Register f\u00f6r kommunikation och nyhetsbrev - CMC Finland","robots":{"index":"index","follow":"follow","max-snippet":"max-snippet:-1","max-image-preview":"max-image-preview:large","max-video-preview":"max-video-preview:-1"},"canonical":"https:\/\/www.cmcfinland.fi\/sv\/register-for-kommunikation-och-nyhetsbrev\/","og_locale":"sv_SE","og_type":"article","og_title":"Register f\u00f6r kommunikation och nyhetsbrev - CMC Finland","og_description":"Datum\/redigeringsdatum 21.2.2023 1. Personuppgiftsansvarig Krishanteringscentret CMC Finland Kontaktuppgifter: Bang\u00e5rdsv\u00e4gen 9, 6:e v\u00e5ningen 00520 Helsingfors tfn 0295 480 171 (Inrikesministeriets v\u00e4xel) 2. Kontaktperson i \u00e4renden som g\u00e4ller registret Ledande sakkunnig Jari Mustonen tfn 0295 488 481 jari.mustonen(at)cmcfinland.fi Inrikesministeriets dataskyddsombud: Mikko Lev\u00e4m\u00e4ki tfn 0295 488 351 tietosuojavastaava.sm(at)govsec.fi 3. Registrets namn Krishanteringscentrets register f\u00f6r kommunikation och nyhetsbrev 4. ... L\u00e4s mer","og_url":"https:\/\/www.cmcfinland.fi\/sv\/register-for-kommunikation-och-nyhetsbrev\/","og_site_name":"CMC Finland","article_publisher":"https:\/\/www.facebook.com\/cmc.finland\/","twitter_card":"summary_large_image","twitter_site":"@CMCFinland","twitter_misc":{"Est. reading time":"3 minutes"},"schema":{"@context":"https:\/\/schema.org","@graph":[{"@type":"WebPage","@id":"https:\/\/www.cmcfinland.fi\/sv\/register-for-kommunikation-och-nyhetsbrev\/","url":"https:\/\/www.cmcfinland.fi\/sv\/register-for-kommunikation-och-nyhetsbrev\/","name":"Register f\u00f6r kommunikation och nyhetsbrev - CMC Finland","isPartOf":{"@id":"https:\/\/www.cmcfinland.fi\/#website"},"datePublished":"2023-02-27T10:47:50+00:00","breadcrumb":{"@id":"https:\/\/www.cmcfinland.fi\/sv\/register-for-kommunikation-och-nyhetsbrev\/#breadcrumb"},"inLanguage":"sv-SE","potentialAction":[{"@type":"ReadAction","target":["https:\/\/www.cmcfinland.fi\/sv\/register-for-kommunikation-och-nyhetsbrev\/"]}]},{"@type":"BreadcrumbList","@id":"https:\/\/www.cmcfinland.fi\/sv\/register-for-kommunikation-och-nyhetsbrev\/#breadcrumb","itemListElement":[{"@type":"ListItem","position":1,"name":"Framsida","item":"https:\/\/www.cmcfinland.fi\/sv\/"},{"@type":"ListItem","position":2,"name":"Register f\u00f6r kommunikation och nyhetsbrev"}]},{"@type":"WebSite","@id":"https:\/\/www.cmcfinland.fi\/#website","url":"https:\/\/www.cmcfinland.fi\/","name":"CMC Finland","description":"Kriisinhallintakeskus","publisher":{"@id":"https:\/\/www.cmcfinland.fi\/#organization"},"potentialAction":[{"@type":"SearchAction","target":{"@type":"EntryPoint","urlTemplate":"https:\/\/www.cmcfinland.fi\/?s={search_term_string}"},"query-input":{"@type":"PropertyValueSpecification","valueRequired":true,"valueName":"search_term_string"}}],"inLanguage":"sv-SE"},{"@type":"Organization","@id":"https:\/\/www.cmcfinland.fi\/#organization","name":"CMC Finland","url":"https:\/\/www.cmcfinland.fi\/","logo":{"@type":"ImageObject","inLanguage":"sv-SE","@id":"https:\/\/www.cmcfinland.fi\/#\/schema\/logo\/image\/","url":"https:\/\/www.cmcfinland.fi\/wp-content\/uploads\/2024\/01\/CMC_finland_logo_musta.png","contentUrl":"https:\/\/www.cmcfinland.fi\/wp-content\/uploads\/2024\/01\/CMC_finland_logo_musta.png","width":272,"height":88,"caption":"CMC Finland"},"image":{"@id":"https:\/\/www.cmcfinland.fi\/#\/schema\/logo\/image\/"},"sameAs":["https:\/\/www.facebook.com\/cmc.finland\/","https:\/\/x.com\/CMCFinland","https:\/\/www.instagram.com\/cmc.finland\/","https:\/\/www.youtube.com\/channel\/UC49g1WmKq81Amw1ZUa5ZRKA","https:\/\/www.linkedin.com\/company\/crisis-management-centre-cmc-finland\/"]}]}},"_links":{"self":[{"href":"https:\/\/www.cmcfinland.fi\/sv\/wp-json\/wp\/v2\/pages\/16358","targetHints":{"allow":["GET"]}}],"collection":[{"href":"https:\/\/www.cmcfinland.fi\/sv\/wp-json\/wp\/v2\/pages"}],"about":[{"href":"https:\/\/www.cmcfinland.fi\/sv\/wp-json\/wp\/v2\/types\/page"}],"author":[{"embeddable":true,"href":"https:\/\/www.cmcfinland.fi\/sv\/wp-json\/wp\/v2\/users\/2"}],"replies":[{"embeddable":true,"href":"https:\/\/www.cmcfinland.fi\/sv\/wp-json\/wp\/v2\/comments?post=16358"}],"version-history":[{"count":1,"href":"https:\/\/www.cmcfinland.fi\/sv\/wp-json\/wp\/v2\/pages\/16358\/revisions"}],"predecessor-version":[{"id":16359,"href":"https:\/\/www.cmcfinland.fi\/sv\/wp-json\/wp\/v2\/pages\/16358\/revisions\/16359"}],"wp:attachment":[{"href":"https:\/\/www.cmcfinland.fi\/sv\/wp-json\/wp\/v2\/media?parent=16358"}],"curies":[{"name":"wp","href":"https:\/\/api.w.org\/{rel}","templated":true}]}}