{"id":21064,"date":"2024-01-25T10:37:14","date_gmt":"2024-01-25T08:37:14","guid":{"rendered":"https:\/\/cmc.iwn.co\/mita-teemme\/"},"modified":"2024-04-16T09:36:52","modified_gmt":"2024-04-16T06:36:52","slug":"vad-vi-gor","status":"publish","type":"page","link":"https:\/\/www.cmcfinland.fi\/sv\/vad-vi-gor\/","title":{"rendered":"Vad vi g\u00f6r"},"content":{"rendered":"\n<section id=\"gm70bf027\" class=\"wp-block-gutentor-m3 alignfull section-gm70bf027 gutentor-module gutentor-container-cover has-color-bg has-custom-bg g-c-r-valign-mobile g-c-r-valign-tablet g-valign-c-desktop top-area mita-teemme\"><div class=\"grid-container\">\n<section id=\"gmc67cf5d\" class=\"wp-block-gutentor-m4 section-gmc67cf5d gutentor-module gutentor-advanced-columns gutentor-equal-column-height\"><div class=\"grid-container\"><div class=\"grid-row\">\n<div id=\"col-gm493200\" class=\"wp-block-gutentor-m4-col col-gm493200 gutentor-single-column  grid-lg-4 grid-md-12 grid-12\"><div id=\"section-gm493200\" class=\"section-gm493200 gutentor-col-wrap\">\n<div id=\"section-g367af6\" class=\"wp-block-gutentor-e1 section-g367af6 gutentor-element gutentor-element-advanced-text\"><div class=\"gutentor-text-wrap\"><h1 class=\"gutentor-text\"><strong>Vad vi g\u00f6r<\/strong><\/h1><\/div><\/div>\n\n\n\n<div id=\"section-g5d8f4f\" class=\"wp-block-gutentor-e1 section-g5d8f4f gutentor-element gutentor-element-advanced-text\"><div class=\"gutentor-text-wrap\"><p class=\"gutentor-text\">Vi rekryterar och utrustar experter som sekunderats till internationella uppdrag inom civil krishantering och internationella valobservationsuppdrag.<\/p><\/div><\/div>\n<\/div><\/div>\n\n\n\n<div id=\"col-gm4d3bb9\" class=\"wp-block-gutentor-m4-col col-gm4d3bb9 gutentor-single-column  grid-lg-8 grid-md-12 grid-12 kuva-header\"><div id=\"section-gm4d3bb9\" class=\"section-gm4d3bb9 gutentor-col-wrap has-image-bg has-custom-bg\"><\/div><\/div>\n<\/div><\/div><\/section>\n\n\n<span><span><a href=\"https:\/\/www.cmcfinland.fi\/sv\/\">Framsida<\/a><\/span><\/span>\n<\/div><\/section>\n\n\n\n<section id=\"gmac239b2\" class=\"wp-block-gutentor-m3 section-gmac239b2 gutentor-module gutentor-container-cover\"><div class=\"grid-container\">\n<h2 class=\"wp-block-heading\"><strong>CMC Finlands verksamhet i Finland<\/strong><\/h2>\n\n\n\n<p>Krishanteringscentret, CMC Finland, \u00e4r en samlande akt\u00f6r inom civil krishantering. Vi ansvarar f\u00f6r utbildningen och rekryteringen av alla experter som sekunderats till internationella uppdrag samt \u00e4r arbetsgivare f\u00f6r de uts\u00e4nda experterna inom civil krishantering och OSSE:s valobservat\u00f6rer.<\/p>\n\n\n\n<p>V\u00e5rt upphandlings- och logistikteam ansvarar f\u00f6r den operationsspecifika utrustningen av experter inom civil krishantering samt anskaffningen av utrustning och redskap som skr\u00e4ddarsytts f\u00f6r dem. Vid CMC bedrivs ocks\u00e5 forskning och publikationsverksamhet inom civil krishantering.<\/p>\n<\/div><\/section>\n\n\n\n<section id=\"gm7e6f0af\" class=\"wp-block-gutentor-m3 alignfull section-gm7e6f0af gutentor-module gutentor-container-cover has-color-bg has-custom-bg kuva-ja-teksti\"><div class=\"grid-container\">\n<section id=\"gma37a2d2\" class=\"wp-block-gutentor-m4 alignfull section-gma37a2d2 gutentor-module gutentor-advanced-columns gutentor-equal-column-height\"><div class=\"grid-container\"><div class=\"grid-row\">\n<div id=\"col-gm25b48c\" class=\"wp-block-gutentor-m4-col col-gm25b48c gutentor-single-column  grid-lg-6 grid-md-12 grid-12\"><div id=\"section-gm25b48c\" class=\"section-gm25b48c gutentor-col-wrap\">\n<div id=\"section-g0657c1\" class=\"wp-block-gutentor-e1 section-g0657c1 gutentor-element gutentor-element-advanced-text\"><div class=\"gutentor-text-wrap\"><h2 class=\"gutentor-text\"><strong>Utbildning<\/strong><\/h2><\/div><\/div>\n\n\n\n<div id=\"section-g7ad941\" class=\"wp-block-gutentor-e1 section-g7ad941 gutentor-element gutentor-element-advanced-text\"><div class=\"gutentor-text-wrap\"><p class=\"gutentor-text\">Vi utbildar b\u00e5de experter p\u00e5 civil krishantering och valobservat\u00f6rer.<\/p><\/div><\/div>\n\n\n\n<div id=\"section-gaf42a9\" class=\"wp-block-gutentor-e2 section-gaf42a9 gutentor-element gutentor-element-button\"><span class=\"gutentor-button-wrap\"><a class=\"gutentor-button gutentor-block-button gutentor-icon-after\" href=\"\/sv\/vad-vi-gor\/utbildning\/\"><i class=\"gutentor-button-icon fas fa-arrow-right\"><\/i><span>L\u00e4s mer<\/span><\/a><\/span><\/div>\n<\/div><\/div>\n\n\n\n<div id=\"col-gm6d411a\" class=\"wp-block-gutentor-m4-col col-gm6d411a gutentor-single-column  grid-lg-6 grid-md-12 grid-12 bg-image-custom\"><div id=\"section-gm6d411a\" class=\"section-gm6d411a gutentor-col-wrap has-image-bg has-custom-bg\"><\/div><\/div>\n<\/div><\/div><\/section>\n\n\n\n<section id=\"gmf35c068\" class=\"wp-block-gutentor-m4 alignfull section-gmf35c068 gutentor-module gutentor-advanced-columns gutentor-equal-column-height\"><div class=\"grid-container\"><div class=\"grid-row\">\n<div id=\"col-gm01cb48\" class=\"wp-block-gutentor-m4-col col-gm01cb48 gutentor-single-column  grid-lg-6 grid-md-12 grid-12 bg-image-custom\"><div id=\"section-gm01cb48\" class=\"section-gm01cb48 gutentor-col-wrap has-image-bg has-custom-bg\"><\/div><\/div>\n\n\n\n<div id=\"col-gm1dd14f\" class=\"wp-block-gutentor-m4-col col-gm1dd14f gutentor-single-column  grid-lg-6 grid-md-12 grid-12\"><div id=\"section-gm1dd14f\" class=\"section-gm1dd14f gutentor-col-wrap has-image-bg has-custom-bg\">\n<div id=\"section-gf3f3fd\" class=\"wp-block-gutentor-e1 section-gf3f3fd gutentor-element gutentor-element-advanced-text\"><div class=\"gutentor-text-wrap\"><h2 class=\"gutentor-text\"><strong>Forskning och utveckling<\/strong><\/h2><\/div><\/div>\n\n\n\n<div id=\"section-g91fcd7\" class=\"wp-block-gutentor-e1 section-g91fcd7 gutentor-element gutentor-element-advanced-text\"><div class=\"gutentor-text-wrap\"><p class=\"gutentor-text\">Vi bedriver forskning och publikationsverksamhet inom omr\u00e5dena civil krishantering och valobservation.<\/p><\/div><\/div>\n\n\n\n<div id=\"section-g5d7d1e\" class=\"wp-block-gutentor-e2 section-g5d7d1e gutentor-element gutentor-element-button\"><span class=\"gutentor-button-wrap\"><a class=\"gutentor-button gutentor-block-button gutentor-icon-after\" href=\"\/sv\/vad-vi-gor\/forskning-och-utveckling\/\"><i class=\"gutentor-button-icon fas fa-arrow-right\"><\/i><span>L\u00e4s mer<\/span><\/a><\/span><\/div>\n<\/div><\/div>\n<\/div><\/div><\/section>\n\n\n\n<section id=\"gmf91f87b\" class=\"wp-block-gutentor-m4 alignfull section-gmf91f87b gutentor-module gutentor-advanced-columns gutentor-equal-column-height\"><div class=\"grid-container\"><div class=\"grid-row\">\n<div id=\"col-gm277d31\" class=\"wp-block-gutentor-m4-col col-gm277d31 gutentor-single-column  grid-lg-6 grid-md-12 grid-12\"><div id=\"section-gm277d31\" class=\"section-gm277d31 gutentor-col-wrap\">\n<div id=\"section-g29e7e5\" class=\"wp-block-gutentor-e1 section-g29e7e5 gutentor-element gutentor-element-advanced-text\"><div class=\"gutentor-text-wrap\"><h2 class=\"gutentor-text\"><strong>Rekrytering, personalf\u00f6rvaltning och logistik<\/strong><\/h2><\/div><\/div>\n\n\n\n<div id=\"section-gfe311d\" class=\"wp-block-gutentor-e1 section-gfe311d gutentor-element gutentor-element-advanced-text\"><div class=\"gutentor-text-wrap\"><p class=\"gutentor-text\">Vi ansvarar f\u00f6r rekryteringen av och logistiken f\u00f6r uts\u00e4nda experter inom b\u00e5de civil krishantering och valobservationsuppgifter.<\/p><\/div><\/div>\n\n\n\n<div id=\"section-g0b4959\" class=\"wp-block-gutentor-e2 section-g0b4959 gutentor-element gutentor-element-button\"><span class=\"gutentor-button-wrap\"><a class=\"gutentor-button gutentor-block-button gutentor-icon-after\" href=\"\/sv\/vad-vi-gor\/rekrytering-personalforvaltning-och-logistik\/\"><i class=\"gutentor-button-icon fas fa-arrow-right\"><\/i><span>L\u00e4s mer<\/span><\/a><\/span><\/div>\n<\/div><\/div>\n\n\n\n<div id=\"col-gmf5d5d1\" class=\"wp-block-gutentor-m4-col col-gmf5d5d1 gutentor-single-column  grid-lg-6 grid-md-12 grid-12 bg-image-custom\"><div id=\"section-gmf5d5d1\" class=\"section-gmf5d5d1 gutentor-col-wrap has-image-bg has-custom-bg\"><\/div><\/div>\n<\/div><\/div><\/section>\n<\/div><\/section>\n\n\n\n<section id=\"gmd053437\" class=\"wp-block-gutentor-m3 alignfull section-gmd053437 gutentor-module gutentor-container-cover has-color-bg has-custom-bg d-none tehtavat-fp\"><div class=\"grid-container\">\n<section id=\"gme668d11\" class=\"wp-block-gutentor-m4 section-gme668d11 gutentor-module gutentor-advanced-columns gutentor-equal-column-height\"><div class=\"grid-container\"><div class=\"grid-row\">\n<div id=\"col-gmb69e92\" class=\"wp-block-gutentor-m4-col col-gmb69e92 gutentor-single-column  grid-lg-8 grid-md-12 grid-12\"><div id=\"section-gmb69e92\" class=\"section-gmb69e92 gutentor-col-wrap\">\n<div id=\"section-g50d3fe\" class=\"wp-block-gutentor-e1 section-g50d3fe gutentor-element gutentor-element-advanced-text\"><div class=\"gutentor-text-wrap\"><h2 class=\"gutentor-text\">Kansainv\u00e4liset teht\u00e4v\u00e4t<\/h2><\/div><\/div>\n\n\n\n<div id=\"section-g75052d\" class=\"wp-block-gutentor-e1 section-g75052d gutentor-element gutentor-element-advanced-text\"><div class=\"gutentor-text-wrap\"><p class=\"gutentor-text\">Toimimme l\u00e4hetettyjen asiantuntijoiden ty\u00f6nantajana ja pid\u00e4mme huolta heid\u00e4n turvallisuudestaan ja tuemme heit\u00e4 vaikeissakin olosuhteissa. <strong>Lue lis\u00e4\u00e4<\/strong><\/p><\/div><\/div>\n\n\n<div class=\"wpv-view-output\" data-toolset-views-view-editor=\"22abaa0e8a97395e789d602b2753e5e2\">\n<div class=\"wp-block-toolset-views-view-editor\">\n\n\n<div id=\"wpv-view-layout-17990\" class=\"js-wpv-view-layout js-wpv-layout-responsive js-wpv-view-layout-17990\" data-viewnumber=\"17990\" data-pagination=\"{&quot;id&quot;:17990,&quot;query&quot;:&quot;normal&quot;,&quot;type&quot;:&quot;disabled&quot;,&quot;effect&quot;:&quot;fade&quot;,&quot;duration&quot;:500,&quot;speed&quot;:5,&quot;pause_on_hover&quot;:&quot;enabled&quot;,&quot;stop_rollover&quot;:&quot;false&quot;,&quot;cache_pages&quot;:&quot;enabled&quot;,&quot;preload_images&quot;:&quot;enabled&quot;,&quot;preload_pages&quot;:&quot;enabled&quot;,&quot;preload_reach&quot;:1,&quot;spinner&quot;:&quot;builtin&quot;,&quot;spinner_image&quot;:&quot;https:\/\/www.cmcfinland.fi\/wp-content\/plugins\/wp-views\/embedded\/res\/img\/ajax-loader.gif&quot;,&quot;callback_next&quot;:&quot;&quot;,&quot;manage_history&quot;:&quot;enabled&quot;,&quot;has_controls_in_form&quot;:&quot;disabled&quot;,&quot;infinite_tolerance&quot;:&quot;0&quot;,&quot;max_pages&quot;:1,&quot;page&quot;:1,&quot;base_permalink&quot;:&quot;\/sv\/wp-json\/wp\/v2\/pages\/21064?wpv_view_count=17990&amp;wpv_paged=WPV_PAGE_NUM&quot;,&quot;loop&quot;:{&quot;type&quot;:&quot;&quot;,&quot;name&quot;:&quot;&quot;,&quot;data&quot;:[],&quot;id&quot;:0}}\" data-permalink=\"\/sv\/wp-json\/wp\/v2\/pages\/21064?wpv_view_count=17990\">\n\n\t\n\t\n\t\t<strong>No items found<\/strong>\n\t\n<\/div>\n<\/div>\n<\/div>\n\n\n<div id=\"section-g908f98\" class=\"wp-block-gutentor-e2 section-g908f98 gutentor-element gutentor-element-button button-align-left-mobile\"><span class=\"gutentor-button-wrap\"><a class=\"gutentor-button gutentor-block-button gutentor-icon-after\" href=\"#\"><i class=\"gutentor-button-icon fas fa-arrow-right\"><\/i><span>Katso kaikki<\/span><\/a><\/span><\/div>\n<\/div><\/div>\n\n\n\n<div id=\"col-gm7db102\" class=\"wp-block-gutentor-m4-col col-gm7db102 gutentor-single-column  grid-lg-4 grid-md-12 grid-12 custom-image-pos\"><div id=\"section-gm7db102\" class=\"section-gm7db102 gutentor-col-wrap has-image-bg has-custom-bg\"><\/div><\/div>\n<\/div><\/div><\/section>\n<\/div><\/section>\n\n\n\n<section id=\"gmf61cb91\" class=\"wp-block-gutentor-m3 alignfull section-gmf61cb91 gutentor-module gutentor-container-cover d-none ajankohtaista-fp\"><div class=\"grid-container\">\n<div id=\"section-gf3d959\" class=\"wp-block-gutentor-e1 section-gf3d959 gutentor-element gutentor-element-advanced-text text-align-center-mobile\"><div class=\"gutentor-text-wrap\"><h2 class=\"gutentor-text\"><strong>Ajankohtaista<\/strong><\/h2><\/div><\/div>\n\n\n<section class=\"gutentor-section gutentor-blog-post-wrapper blog-template1 wp-block-gutentor-blog-post\" id=\"section-3d324ad7-ee5e-4e7d-a8c0-15343f04a493\">\n<div class='grid-container'><div class=\"gutentor-block-header\"><\/div><div class='gutentor-grid-item-wrap '><div class='grid-row '><article class='gutentor-post-has-thumb  grid-lg-4 grid-md-12 grid-12 blog-grid'><div class=\"gutentor-single-item\"><div class=\"gutentor-single-item-image-box\"><div class=\"gutentor-image-thumb\"><img loading=\"lazy\" decoding=\"async\" width=\"1609\" height=\"905\" src=\"https:\/\/www.cmcfinland.fi\/wp-content\/uploads\/2026\/04\/Asiantuntijakartta_13-4-2026_SV_ei-logoa.png\" class=\"attachment- size- wp-post-image\" alt=\"\" \/><\/div><\/div><div class=\"gutentor-post-content\"><h3 class=\"gutentor-single-item-title\"><a href=\"https:\/\/www.cmcfinland.fi\/sv\/finlands-deltagande-i-civil-krishantering-13-4-2026\/\" rel=\"bookmark\">Finlands deltagande i civil krishantering 13.4.2026<\/a><\/h3><div class=\"entry-meta\"><div class=\"cat-links\"><i class=\"fas fa-tags\"><\/i><a href=\"https:\/\/www.cmcfinland.fi\/sv\/category\/aktuella-handelser\/\" rel=\"category tag\">Aktuella h\u00e4ndelser<\/a><\/div><\/div><\/div><\/div><\/article><article class='gutentor-post-has-thumb  grid-lg-4 grid-md-12 grid-12 blog-grid'><div class=\"gutentor-single-item\"><div class=\"gutentor-single-item-image-box\"><div class=\"gutentor-image-thumb\"><img loading=\"lazy\" decoding=\"async\" width=\"1048\" height=\"619\" src=\"https:\/\/www.cmcfinland.fi\/wp-content\/uploads\/2024\/04\/uusi-vakio-kuva.png\" class=\"attachment- size- wp-post-image\" alt=\"\" \/><\/div><\/div><div class=\"gutentor-post-content\"><h3 class=\"gutentor-single-item-title\"><a href=\"https:\/\/www.cmcfinland.fi\/sv\/mediation-negotiation-and-dialogue-skills-for-the-csdp-course\/\" rel=\"bookmark\">Mediation, Negotiation and Dialogue Skills for the CSDP<\/a><\/h3><div class=\"entry-meta\"><div class=\"cat-links\"><i class=\"fas fa-tags\"><\/i><a href=\"https:\/\/www.cmcfinland.fi\/sv\/category\/cmcn-kurssitarjonta-sv\/\" rel=\"category tag\">CMC:n kurssitarjonta<\/a>, <a href=\"https:\/\/www.cmcfinland.fi\/sv\/category\/kurskalendar\/\" rel=\"category tag\">Kurskalendar<\/a><\/div><\/div><\/div><\/div><\/article><article class='gutentor-post-has-thumb  grid-lg-4 grid-md-12 grid-12 blog-grid'><div class=\"gutentor-single-item\"><div class=\"gutentor-single-item-image-box\"><div class=\"gutentor-image-thumb\"><img loading=\"lazy\" decoding=\"async\" width=\"1610\" height=\"905\" src=\"https:\/\/www.cmcfinland.fi\/wp-content\/uploads\/2026\/03\/Asiantuntijakartta_16-3-2026_SV_ei-logoa.png\" class=\"attachment- size- wp-post-image\" alt=\"\" \/><\/div><\/div><div class=\"gutentor-post-content\"><h3 class=\"gutentor-single-item-title\"><a href=\"https:\/\/www.cmcfinland.fi\/sv\/finlands-deltagande-i-civil-krishantering-16-3-2026\/\" rel=\"bookmark\">Finlands deltagande i civil krishantering 16.3.2026<\/a><\/h3><div class=\"entry-meta\"><div class=\"cat-links\"><i class=\"fas fa-tags\"><\/i><a href=\"https:\/\/www.cmcfinland.fi\/sv\/category\/aktuella-handelser\/\" rel=\"category tag\">Aktuella h\u00e4ndelser<\/a><\/div><\/div><\/div><\/div><\/article><\/div><\/div><\/div><\/section>\n\n\n<div id=\"section-ge48e12\" class=\"wp-block-gutentor-e2 section-ge48e12 gutentor-element gutentor-element-button button-align-center-mobile\"><span class=\"gutentor-button-wrap\"><a class=\"gutentor-button gutentor-block-button gutentor-icon-after\" href=\"#\"><i class=\"gutentor-button-icon fas fa-arrow-right\"><\/i><span>Kaikki ajankohtaiset<\/span><\/a><\/span><\/div>\n<\/div><\/section>\n","protected":false},"excerpt":{"rendered":"","protected":false},"author":1,"featured_media":0,"parent":0,"menu_order":0,"comment_status":"closed","ping_status":"closed","template":"","meta":{"_acf_changed":false,"_relevanssi_hide_post":"","_relevanssi_hide_content":"","_relevanssi_pin_for_all":"","_relevanssi_pin_keywords":"","_relevanssi_unpin_keywords":"","_relevanssi_related_keywords":"","_relevanssi_related_include_ids":"","_relevanssi_related_exclude_ids":"","_relevanssi_related_no_append":"","_relevanssi_related_not_related":"","_relevanssi_related_posts":"13432,18174,11017,15682,13095,15256","_relevanssi_noindex_reason":"","footnotes":""},"class_list":["post-21064","page","type-page","status-publish"],"acf":[],"yoast_head":"<!-- This site is optimized with the Yoast SEO plugin v27.4 - https:\/\/yoast.com\/product\/yoast-seo-wordpress\/ -->\n<title>Vad vi g\u00f6r - CMC Finland<\/title>\n<meta name=\"robots\" content=\"index, follow, max-snippet:-1, max-image-preview:large, max-video-preview:-1\" \/>\n<link rel=\"canonical\" href=\"https:\/\/www.cmcfinland.fi\/sv\/vad-vi-gor\/\" \/>\n<meta property=\"og:locale\" content=\"sv_SE\" \/>\n<meta property=\"og:type\" content=\"article\" \/>\n<meta property=\"og:title\" content=\"Vad vi g\u00f6r - CMC Finland\" \/>\n<meta property=\"og:url\" content=\"https:\/\/www.cmcfinland.fi\/sv\/vad-vi-gor\/\" \/>\n<meta property=\"og:site_name\" content=\"CMC Finland\" \/>\n<meta property=\"article:publisher\" content=\"https:\/\/www.facebook.com\/cmc.finland\/\" \/>\n<meta property=\"article:modified_time\" content=\"2024-04-16T06:36:52+00:00\" \/>\n<meta name=\"twitter:card\" content=\"summary_large_image\" \/>\n<meta name=\"twitter:site\" content=\"@CMCFinland\" \/>\n<meta name=\"twitter:label1\" content=\"Est. reading time\" \/>\n\t<meta name=\"twitter:data1\" content=\"2 minutes\" \/>\n<script type=\"application\/ld+json\" class=\"yoast-schema-graph\">{\"@context\":\"https:\\\/\\\/schema.org\",\"@graph\":[{\"@type\":\"WebPage\",\"@id\":\"https:\\\/\\\/www.cmcfinland.fi\\\/sv\\\/vad-vi-gor\\\/\",\"url\":\"https:\\\/\\\/www.cmcfinland.fi\\\/sv\\\/vad-vi-gor\\\/\",\"name\":\"Vad vi g\u00f6r - CMC Finland\",\"isPartOf\":{\"@id\":\"https:\\\/\\\/www.cmcfinland.fi\\\/#website\"},\"datePublished\":\"2024-01-25T08:37:14+00:00\",\"dateModified\":\"2024-04-16T06:36:52+00:00\",\"breadcrumb\":{\"@id\":\"https:\\\/\\\/www.cmcfinland.fi\\\/sv\\\/vad-vi-gor\\\/#breadcrumb\"},\"inLanguage\":\"sv-SE\",\"potentialAction\":[{\"@type\":\"ReadAction\",\"target\":[\"https:\\\/\\\/www.cmcfinland.fi\\\/sv\\\/vad-vi-gor\\\/\"]}]},{\"@type\":\"BreadcrumbList\",\"@id\":\"https:\\\/\\\/www.cmcfinland.fi\\\/sv\\\/vad-vi-gor\\\/#breadcrumb\",\"itemListElement\":[{\"@type\":\"ListItem\",\"position\":1,\"name\":\"Framsida\",\"item\":\"https:\\\/\\\/www.cmcfinland.fi\\\/sv\\\/\"},{\"@type\":\"ListItem\",\"position\":2,\"name\":\"Vad vi g\u00f6r\"}]},{\"@type\":\"WebSite\",\"@id\":\"https:\\\/\\\/www.cmcfinland.fi\\\/#website\",\"url\":\"https:\\\/\\\/www.cmcfinland.fi\\\/\",\"name\":\"CMC Finland\",\"description\":\"Kriisinhallintakeskus\",\"publisher\":{\"@id\":\"https:\\\/\\\/www.cmcfinland.fi\\\/#organization\"},\"potentialAction\":[{\"@type\":\"SearchAction\",\"target\":{\"@type\":\"EntryPoint\",\"urlTemplate\":\"https:\\\/\\\/www.cmcfinland.fi\\\/?s={search_term_string}\"},\"query-input\":{\"@type\":\"PropertyValueSpecification\",\"valueRequired\":true,\"valueName\":\"search_term_string\"}}],\"inLanguage\":\"sv-SE\"},{\"@type\":\"Organization\",\"@id\":\"https:\\\/\\\/www.cmcfinland.fi\\\/#organization\",\"name\":\"CMC Finland\",\"url\":\"https:\\\/\\\/www.cmcfinland.fi\\\/\",\"logo\":{\"@type\":\"ImageObject\",\"inLanguage\":\"sv-SE\",\"@id\":\"https:\\\/\\\/www.cmcfinland.fi\\\/#\\\/schema\\\/logo\\\/image\\\/\",\"url\":\"https:\\\/\\\/www.cmcfinland.fi\\\/wp-content\\\/uploads\\\/2024\\\/01\\\/CMC_finland_logo_musta.png\",\"contentUrl\":\"https:\\\/\\\/www.cmcfinland.fi\\\/wp-content\\\/uploads\\\/2024\\\/01\\\/CMC_finland_logo_musta.png\",\"width\":272,\"height\":88,\"caption\":\"CMC Finland\"},\"image\":{\"@id\":\"https:\\\/\\\/www.cmcfinland.fi\\\/#\\\/schema\\\/logo\\\/image\\\/\"},\"sameAs\":[\"https:\\\/\\\/www.facebook.com\\\/cmc.finland\\\/\",\"https:\\\/\\\/x.com\\\/CMCFinland\",\"https:\\\/\\\/www.instagram.com\\\/cmc.finland\\\/\",\"https:\\\/\\\/www.youtube.com\\\/channel\\\/UC49g1WmKq81Amw1ZUa5ZRKA\",\"https:\\\/\\\/www.linkedin.com\\\/company\\\/crisis-management-centre-cmc-finland\\\/\"]}]}<\/script>\n<!-- \/ Yoast SEO plugin. -->","yoast_head_json":{"title":"Vad vi g\u00f6r - CMC Finland","robots":{"index":"index","follow":"follow","max-snippet":"max-snippet:-1","max-image-preview":"max-image-preview:large","max-video-preview":"max-video-preview:-1"},"canonical":"https:\/\/www.cmcfinland.fi\/sv\/vad-vi-gor\/","og_locale":"sv_SE","og_type":"article","og_title":"Vad vi g\u00f6r - CMC Finland","og_url":"https:\/\/www.cmcfinland.fi\/sv\/vad-vi-gor\/","og_site_name":"CMC Finland","article_publisher":"https:\/\/www.facebook.com\/cmc.finland\/","article_modified_time":"2024-04-16T06:36:52+00:00","twitter_card":"summary_large_image","twitter_site":"@CMCFinland","twitter_misc":{"Est. reading time":"2 minutes"},"schema":{"@context":"https:\/\/schema.org","@graph":[{"@type":"WebPage","@id":"https:\/\/www.cmcfinland.fi\/sv\/vad-vi-gor\/","url":"https:\/\/www.cmcfinland.fi\/sv\/vad-vi-gor\/","name":"Vad vi g\u00f6r - CMC Finland","isPartOf":{"@id":"https:\/\/www.cmcfinland.fi\/#website"},"datePublished":"2024-01-25T08:37:14+00:00","dateModified":"2024-04-16T06:36:52+00:00","breadcrumb":{"@id":"https:\/\/www.cmcfinland.fi\/sv\/vad-vi-gor\/#breadcrumb"},"inLanguage":"sv-SE","potentialAction":[{"@type":"ReadAction","target":["https:\/\/www.cmcfinland.fi\/sv\/vad-vi-gor\/"]}]},{"@type":"BreadcrumbList","@id":"https:\/\/www.cmcfinland.fi\/sv\/vad-vi-gor\/#breadcrumb","itemListElement":[{"@type":"ListItem","position":1,"name":"Framsida","item":"https:\/\/www.cmcfinland.fi\/sv\/"},{"@type":"ListItem","position":2,"name":"Vad vi g\u00f6r"}]},{"@type":"WebSite","@id":"https:\/\/www.cmcfinland.fi\/#website","url":"https:\/\/www.cmcfinland.fi\/","name":"CMC Finland","description":"Kriisinhallintakeskus","publisher":{"@id":"https:\/\/www.cmcfinland.fi\/#organization"},"potentialAction":[{"@type":"SearchAction","target":{"@type":"EntryPoint","urlTemplate":"https:\/\/www.cmcfinland.fi\/?s={search_term_string}"},"query-input":{"@type":"PropertyValueSpecification","valueRequired":true,"valueName":"search_term_string"}}],"inLanguage":"sv-SE"},{"@type":"Organization","@id":"https:\/\/www.cmcfinland.fi\/#organization","name":"CMC Finland","url":"https:\/\/www.cmcfinland.fi\/","logo":{"@type":"ImageObject","inLanguage":"sv-SE","@id":"https:\/\/www.cmcfinland.fi\/#\/schema\/logo\/image\/","url":"https:\/\/www.cmcfinland.fi\/wp-content\/uploads\/2024\/01\/CMC_finland_logo_musta.png","contentUrl":"https:\/\/www.cmcfinland.fi\/wp-content\/uploads\/2024\/01\/CMC_finland_logo_musta.png","width":272,"height":88,"caption":"CMC Finland"},"image":{"@id":"https:\/\/www.cmcfinland.fi\/#\/schema\/logo\/image\/"},"sameAs":["https:\/\/www.facebook.com\/cmc.finland\/","https:\/\/x.com\/CMCFinland","https:\/\/www.instagram.com\/cmc.finland\/","https:\/\/www.youtube.com\/channel\/UC49g1WmKq81Amw1ZUa5ZRKA","https:\/\/www.linkedin.com\/company\/crisis-management-centre-cmc-finland\/"]}]}},"_links":{"self":[{"href":"https:\/\/www.cmcfinland.fi\/sv\/wp-json\/wp\/v2\/pages\/21064","targetHints":{"allow":["GET"]}}],"collection":[{"href":"https:\/\/www.cmcfinland.fi\/sv\/wp-json\/wp\/v2\/pages"}],"about":[{"href":"https:\/\/www.cmcfinland.fi\/sv\/wp-json\/wp\/v2\/types\/page"}],"author":[{"embeddable":true,"href":"https:\/\/www.cmcfinland.fi\/sv\/wp-json\/wp\/v2\/users\/1"}],"replies":[{"embeddable":true,"href":"https:\/\/www.cmcfinland.fi\/sv\/wp-json\/wp\/v2\/comments?post=21064"}],"version-history":[{"count":4,"href":"https:\/\/www.cmcfinland.fi\/sv\/wp-json\/wp\/v2\/pages\/21064\/revisions"}],"predecessor-version":[{"id":21638,"href":"https:\/\/www.cmcfinland.fi\/sv\/wp-json\/wp\/v2\/pages\/21064\/revisions\/21638"}],"wp:attachment":[{"href":"https:\/\/www.cmcfinland.fi\/sv\/wp-json\/wp\/v2\/media?parent=21064"}],"curies":[{"name":"wp","href":"https:\/\/api.w.org\/{rel}","templated":true}]}}