{"id":21088,"date":"2024-03-22T10:24:03","date_gmt":"2024-03-22T08:24:03","guid":{"rendered":"https:\/\/cmc.iwn.co\/krishanteringscentret\/cmc-finland\/"},"modified":"2024-04-18T10:27:53","modified_gmt":"2024-04-18T07:27:53","slug":"cmc-finland","status":"publish","type":"page","link":"https:\/\/www.cmcfinland.fi\/sv\/om-oss\/cmc-finland\/","title":{"rendered":"CMC Finland"},"content":{"rendered":"\n<section id=\"gm2fb47c3\" class=\"wp-block-gutentor-m3 alignfull section-gm2fb47c3 gutentor-module gutentor-container-cover has-image-bg has-custom-bg g-c-r-valign-mobile g-c-r-valign-tablet g-valign-c-desktop alasivu-top\"><div class=\"grid-container\">\n<section id=\"gm731a7bb\" class=\"wp-block-gutentor-m4 section-gm731a7bb gutentor-module gutentor-advanced-columns\"><div class=\"grid-container\"><div class=\"grid-row\">\n<div id=\"col-gm364bc8\" class=\"wp-block-gutentor-m4-col col-gm364bc8 gutentor-single-column  grid-lg-6 grid-md-12 grid-12 header-breadcrumbs\"><div id=\"section-gm364bc8\" class=\"section-gm364bc8 gutentor-col-wrap\">\n<div id=\"section-gfcc9d2\" class=\"wp-block-gutentor-e1 section-gfcc9d2 gutentor-element gutentor-element-advanced-text\"><div class=\"gutentor-text-wrap\"><h1 class=\"gutentor-text\"><strong>CMC Finland<\/strong><\/h1><\/div><\/div>\n\n\n<span><span><a href=\"https:\/\/www.cmcfinland.fi\/sv\/\">Framsida<\/a><\/span><\/span>\n<\/div><\/div>\n\n\n\n<div id=\"col-gmadda3b\" class=\"wp-block-gutentor-m4-col col-gmadda3b gutentor-single-column  grid-lg-6 grid-md-12 grid-12\"><div id=\"section-gmadda3b\" class=\"section-gmadda3b gutentor-col-wrap\"><\/div><\/div>\n<\/div><\/div><\/section>\n<\/div><\/section>\n\n\n\n<section id=\"gm010681d\" class=\"wp-block-gutentor-m3 alignfull section-gm010681d gutentor-module gutentor-container-cover has-color-bg has-custom-bg kuva-ja-teksti\"><div class=\"grid-container\">\n<section id=\"gmf41f77e\" class=\"wp-block-gutentor-m4 alignfull section-gmf41f77e gutentor-module gutentor-advanced-columns gutentor-equal-column-height\"><div class=\"grid-container\"><div class=\"grid-row\">\n<div id=\"col-gm713c01\" class=\"wp-block-gutentor-m4-col col-gm713c01 gutentor-single-column  grid-lg-6 grid-md-12 grid-12\"><div id=\"section-gm713c01\" class=\"section-gm713c01 gutentor-col-wrap\">\n<div id=\"section-g9c1394\" class=\"wp-block-gutentor-e1 section-g9c1394 gutentor-element gutentor-element-advanced-text\"><div class=\"gutentor-text-wrap\"><h2 class=\"gutentor-text\"><strong><strong><strong>Aktuella h\u00e4nderlser<\/strong><\/strong><\/strong><\/h2><\/div><\/div>\n\n\n\n<div id=\"section-gb9b571\" class=\"wp-block-gutentor-e1 section-gb9b571 gutentor-element gutentor-element-advanced-text\"><div class=\"gutentor-text-wrap\"><p class=\"gutentor-text\">H\u00e4r hittar du nyheterna som CMC Finland publicerat samt aktuell information om v\u00e5r verksamhet.<\/p><\/div><\/div>\n\n\n\n<div id=\"section-g90791d\" class=\"wp-block-gutentor-e2 section-g90791d gutentor-element gutentor-element-button\"><span class=\"gutentor-button-wrap\"><a class=\"gutentor-button gutentor-block-button gutentor-icon-after\" href=\"\/sv\/information-om-oss\/cmc-finland\/actuella-handelser\/\"><i class=\"gutentor-button-icon fas fa-arrow-right\"><\/i><span>L\u00e4s mer<\/span><\/a><\/span><\/div>\n<\/div><\/div>\n\n\n\n<div id=\"col-gma5f6a3\" class=\"wp-block-gutentor-m4-col col-gma5f6a3 gutentor-single-column  grid-lg-6 grid-md-12 grid-12 bg-image-custom\"><div id=\"section-gma5f6a3\" class=\"section-gma5f6a3 gutentor-col-wrap has-image-bg has-custom-bg\"><\/div><\/div>\n<\/div><\/div><\/section>\n\n\n\n<section id=\"gmd494215\" class=\"wp-block-gutentor-m4 alignfull section-gmd494215 gutentor-module gutentor-advanced-columns gutentor-equal-column-height\"><div class=\"grid-container\"><div class=\"grid-row\">\n<div id=\"col-gm157ce1\" class=\"wp-block-gutentor-m4-col col-gm157ce1 gutentor-single-column  grid-lg-6 grid-md-12 grid-12 bg-image-custom\"><div id=\"section-gm157ce1\" class=\"section-gm157ce1 gutentor-col-wrap has-image-bg has-custom-bg\"><\/div><\/div>\n\n\n\n<div id=\"col-gmbd34a2\" class=\"wp-block-gutentor-m4-col col-gmbd34a2 gutentor-single-column  grid-lg-6 grid-md-12 grid-12\"><div id=\"section-gmbd34a2\" class=\"section-gmbd34a2 gutentor-col-wrap has-image-bg has-custom-bg\">\n<div id=\"section-gcacf02\" class=\"wp-block-gutentor-e1 section-gcacf02 gutentor-element gutentor-element-advanced-text\"><div class=\"gutentor-text-wrap\"><h2 class=\"gutentor-text\"><strong><strong><strong>F\u00f6rfattningar som styr verksamheten<\/strong><\/strong><\/strong><\/h2><\/div><\/div>\n\n\n\n<div id=\"section-g476886\" class=\"wp-block-gutentor-e1 section-g476886 gutentor-element gutentor-element-advanced-text\"><div class=\"gutentor-text-wrap\"><p class=\"gutentor-text\">Rekryteringen av experter till v\u00e5r verksamhet och anst\u00e4llningsvillkoren regleras av flera lagar, f\u00f6rordningar och f\u00f6rarbetena till dessa.<\/p><\/div><\/div>\n\n\n\n<div id=\"section-gb6e19a\" class=\"wp-block-gutentor-e2 section-gb6e19a gutentor-element gutentor-element-button\"><span class=\"gutentor-button-wrap\"><a class=\"gutentor-button gutentor-block-button gutentor-icon-after\" href=\"\/sv\/information-om-oss\/cmc-finland\/handlingar-som-styr-verksamheten\/\"><i class=\"gutentor-button-icon fas fa-arrow-right\"><\/i><span>L\u00e4s mer<\/span><\/a><\/span><\/div>\n<\/div><\/div>\n<\/div><\/div><\/section>\n\n\n\n<section id=\"gm36e207b\" class=\"wp-block-gutentor-m4 alignfull section-gm36e207b gutentor-module gutentor-advanced-columns gutentor-equal-column-height\"><div class=\"grid-container\"><div class=\"grid-row\">\n<div id=\"col-gm566762\" class=\"wp-block-gutentor-m4-col col-gm566762 gutentor-single-column  grid-lg-6 grid-md-12 grid-12\"><div id=\"section-gm566762\" class=\"section-gm566762 gutentor-col-wrap\">\n<div id=\"section-g4653fd\" class=\"wp-block-gutentor-e1 section-g4653fd gutentor-element gutentor-element-advanced-text\"><div class=\"gutentor-text-wrap\"><h2 class=\"gutentor-text\"><strong><strong><strong><strong>H\u00e5llbar utveckling<\/strong><\/strong><\/strong><\/strong><\/h2><\/div><\/div>\n\n\n\n<div id=\"section-g009827\" class=\"wp-block-gutentor-e1 section-g009827 gutentor-element gutentor-element-advanced-text\"><div class=\"gutentor-text-wrap\"><p class=\"gutentor-text\">Vi har f\u00f6rbundit oss till principerna f\u00f6r h\u00e5llbar utveckling &nbsp;enligt v\u00e5r egen strategi f\u00f6r h\u00e5llbar utveckling.<\/p><\/div><\/div>\n\n\n\n<div id=\"section-g6e3681\" class=\"wp-block-gutentor-e2 section-g6e3681 gutentor-element gutentor-element-button\"><span class=\"gutentor-button-wrap\"><a class=\"gutentor-button gutentor-block-button gutentor-icon-after\" href=\"\/sv\/information-om-oss\/cmc-finland\/hallbar-utveckling\/\"><i class=\"gutentor-button-icon fas fa-arrow-right\"><\/i><span>L\u00e4s mer<\/span><\/a><\/span><\/div>\n<\/div><\/div>\n\n\n\n<div id=\"col-gm082fcd\" class=\"wp-block-gutentor-m4-col col-gm082fcd gutentor-single-column  grid-lg-6 grid-md-12 grid-12 bg-image-custom\"><div id=\"section-gm082fcd\" class=\"section-gm082fcd gutentor-col-wrap has-image-bg has-custom-bg\"><\/div><\/div>\n<\/div><\/div><\/section>\n\n\n\n<section id=\"gm88440a0\" class=\"wp-block-gutentor-m4 alignfull section-gm88440a0 gutentor-module gutentor-advanced-columns gutentor-equal-column-height\"><div class=\"grid-container\"><div class=\"grid-row\">\n<div id=\"col-gm08ba4e\" class=\"wp-block-gutentor-m4-col col-gm08ba4e gutentor-single-column  grid-lg-6 grid-md-12 grid-12 bg-image-custom\"><div id=\"section-gm08ba4e\" class=\"section-gm08ba4e gutentor-col-wrap has-image-bg has-custom-bg\"><\/div><\/div>\n\n\n\n<div id=\"col-gmafb034\" class=\"wp-block-gutentor-m4-col col-gmafb034 gutentor-single-column  grid-lg-6 grid-md-12 grid-12\"><div id=\"section-gmafb034\" class=\"section-gmafb034 gutentor-col-wrap has-image-bg has-custom-bg\">\n<div id=\"section-g169170\" class=\"wp-block-gutentor-e1 section-g169170 gutentor-element gutentor-element-advanced-text\"><div class=\"gutentor-text-wrap\"><h2 class=\"gutentor-text\"><strong><strong><strong><strong>Historia<\/strong><\/strong><\/strong><\/strong><\/h2><\/div><\/div>\n\n\n\n<div id=\"section-g260c3c\" class=\"wp-block-gutentor-e1 section-g260c3c gutentor-element gutentor-element-advanced-text\"><div class=\"gutentor-text-wrap\"><p class=\"gutentor-text\">\u00d6versikt \u00f6ver civil krishanteringens historia och CMC Finland som grundades 2007.<\/p><\/div><\/div>\n\n\n\n<div id=\"section-g420906\" class=\"wp-block-gutentor-e2 section-g420906 gutentor-element gutentor-element-button\"><span class=\"gutentor-button-wrap\"><a class=\"gutentor-button gutentor-block-button gutentor-icon-after\" href=\"\/sv\/information-om-oss\/cmc-finland\/historia\/\"><i class=\"gutentor-button-icon fas fa-arrow-right\"><\/i><span>L\u00e4s mer<\/span><\/a><\/span><\/div>\n<\/div><\/div>\n<\/div><\/div><\/section>\n<\/div><\/section>\n","protected":false},"excerpt":{"rendered":"","protected":false},"author":1,"featured_media":0,"parent":406,"menu_order":0,"comment_status":"closed","ping_status":"closed","template":"","meta":{"_acf_changed":false,"_relevanssi_hide_post":"","_relevanssi_hide_content":"","_relevanssi_pin_for_all":"","_relevanssi_pin_keywords":"","_relevanssi_unpin_keywords":"","_relevanssi_related_keywords":"","_relevanssi_related_include_ids":"","_relevanssi_related_exclude_ids":"","_relevanssi_related_no_append":"","_relevanssi_related_not_related":"","_relevanssi_related_posts":"18389,14137,11008,18097,17409,15394","_relevanssi_noindex_reason":"","footnotes":""},"class_list":["post-21088","page","type-page","status-publish"],"acf":[],"yoast_head":"<!-- This site is optimized with the Yoast SEO plugin v27.4 - https:\/\/yoast.com\/product\/yoast-seo-wordpress\/ -->\n<title>CMC Finland - CMC Finland<\/title>\n<meta name=\"robots\" content=\"index, follow, max-snippet:-1, max-image-preview:large, max-video-preview:-1\" \/>\n<link rel=\"canonical\" href=\"https:\/\/www.cmcfinland.fi\/sv\/om-oss\/cmc-finland\/\" \/>\n<meta property=\"og:locale\" content=\"sv_SE\" \/>\n<meta property=\"og:type\" content=\"article\" \/>\n<meta property=\"og:title\" content=\"CMC Finland - CMC Finland\" \/>\n<meta property=\"og:url\" content=\"https:\/\/www.cmcfinland.fi\/sv\/om-oss\/cmc-finland\/\" \/>\n<meta property=\"og:site_name\" content=\"CMC Finland\" \/>\n<meta property=\"article:publisher\" content=\"https:\/\/www.facebook.com\/cmc.finland\/\" \/>\n<meta property=\"article:modified_time\" content=\"2024-04-18T07:27:53+00:00\" \/>\n<meta name=\"twitter:card\" content=\"summary_large_image\" \/>\n<meta name=\"twitter:site\" content=\"@CMCFinland\" \/>\n<meta name=\"twitter:label1\" content=\"Est. reading time\" \/>\n\t<meta name=\"twitter:data1\" content=\"1 minute\" \/>\n<script type=\"application\/ld+json\" class=\"yoast-schema-graph\">{\"@context\":\"https:\\\/\\\/schema.org\",\"@graph\":[{\"@type\":\"WebPage\",\"@id\":\"https:\\\/\\\/www.cmcfinland.fi\\\/sv\\\/om-oss\\\/cmc-finland\\\/\",\"url\":\"https:\\\/\\\/www.cmcfinland.fi\\\/sv\\\/om-oss\\\/cmc-finland\\\/\",\"name\":\"CMC Finland - CMC Finland\",\"isPartOf\":{\"@id\":\"https:\\\/\\\/www.cmcfinland.fi\\\/#website\"},\"datePublished\":\"2024-03-22T08:24:03+00:00\",\"dateModified\":\"2024-04-18T07:27:53+00:00\",\"breadcrumb\":{\"@id\":\"https:\\\/\\\/www.cmcfinland.fi\\\/sv\\\/om-oss\\\/cmc-finland\\\/#breadcrumb\"},\"inLanguage\":\"sv-SE\",\"potentialAction\":[{\"@type\":\"ReadAction\",\"target\":[\"https:\\\/\\\/www.cmcfinland.fi\\\/sv\\\/om-oss\\\/cmc-finland\\\/\"]}]},{\"@type\":\"BreadcrumbList\",\"@id\":\"https:\\\/\\\/www.cmcfinland.fi\\\/sv\\\/om-oss\\\/cmc-finland\\\/#breadcrumb\",\"itemListElement\":[{\"@type\":\"ListItem\",\"position\":1,\"name\":\"Framsida\",\"item\":\"https:\\\/\\\/www.cmcfinland.fi\\\/sv\\\/\"},{\"@type\":\"ListItem\",\"position\":2,\"name\":\"Om oss\",\"item\":\"https:\\\/\\\/www.cmcfinland.fi\\\/sv\\\/om-oss\\\/\"},{\"@type\":\"ListItem\",\"position\":3,\"name\":\"CMC Finland\"}]},{\"@type\":\"WebSite\",\"@id\":\"https:\\\/\\\/www.cmcfinland.fi\\\/#website\",\"url\":\"https:\\\/\\\/www.cmcfinland.fi\\\/\",\"name\":\"CMC Finland\",\"description\":\"Kriisinhallintakeskus\",\"publisher\":{\"@id\":\"https:\\\/\\\/www.cmcfinland.fi\\\/#organization\"},\"potentialAction\":[{\"@type\":\"SearchAction\",\"target\":{\"@type\":\"EntryPoint\",\"urlTemplate\":\"https:\\\/\\\/www.cmcfinland.fi\\\/?s={search_term_string}\"},\"query-input\":{\"@type\":\"PropertyValueSpecification\",\"valueRequired\":true,\"valueName\":\"search_term_string\"}}],\"inLanguage\":\"sv-SE\"},{\"@type\":\"Organization\",\"@id\":\"https:\\\/\\\/www.cmcfinland.fi\\\/#organization\",\"name\":\"CMC Finland\",\"url\":\"https:\\\/\\\/www.cmcfinland.fi\\\/\",\"logo\":{\"@type\":\"ImageObject\",\"inLanguage\":\"sv-SE\",\"@id\":\"https:\\\/\\\/www.cmcfinland.fi\\\/#\\\/schema\\\/logo\\\/image\\\/\",\"url\":\"https:\\\/\\\/www.cmcfinland.fi\\\/wp-content\\\/uploads\\\/2024\\\/01\\\/CMC_finland_logo_musta.png\",\"contentUrl\":\"https:\\\/\\\/www.cmcfinland.fi\\\/wp-content\\\/uploads\\\/2024\\\/01\\\/CMC_finland_logo_musta.png\",\"width\":272,\"height\":88,\"caption\":\"CMC Finland\"},\"image\":{\"@id\":\"https:\\\/\\\/www.cmcfinland.fi\\\/#\\\/schema\\\/logo\\\/image\\\/\"},\"sameAs\":[\"https:\\\/\\\/www.facebook.com\\\/cmc.finland\\\/\",\"https:\\\/\\\/x.com\\\/CMCFinland\",\"https:\\\/\\\/www.instagram.com\\\/cmc.finland\\\/\",\"https:\\\/\\\/www.youtube.com\\\/channel\\\/UC49g1WmKq81Amw1ZUa5ZRKA\",\"https:\\\/\\\/www.linkedin.com\\\/company\\\/crisis-management-centre-cmc-finland\\\/\"]}]}<\/script>\n<!-- \/ Yoast SEO plugin. -->","yoast_head_json":{"title":"CMC Finland - CMC Finland","robots":{"index":"index","follow":"follow","max-snippet":"max-snippet:-1","max-image-preview":"max-image-preview:large","max-video-preview":"max-video-preview:-1"},"canonical":"https:\/\/www.cmcfinland.fi\/sv\/om-oss\/cmc-finland\/","og_locale":"sv_SE","og_type":"article","og_title":"CMC Finland - CMC Finland","og_url":"https:\/\/www.cmcfinland.fi\/sv\/om-oss\/cmc-finland\/","og_site_name":"CMC Finland","article_publisher":"https:\/\/www.facebook.com\/cmc.finland\/","article_modified_time":"2024-04-18T07:27:53+00:00","twitter_card":"summary_large_image","twitter_site":"@CMCFinland","twitter_misc":{"Est. reading time":"1 minute"},"schema":{"@context":"https:\/\/schema.org","@graph":[{"@type":"WebPage","@id":"https:\/\/www.cmcfinland.fi\/sv\/om-oss\/cmc-finland\/","url":"https:\/\/www.cmcfinland.fi\/sv\/om-oss\/cmc-finland\/","name":"CMC Finland - CMC Finland","isPartOf":{"@id":"https:\/\/www.cmcfinland.fi\/#website"},"datePublished":"2024-03-22T08:24:03+00:00","dateModified":"2024-04-18T07:27:53+00:00","breadcrumb":{"@id":"https:\/\/www.cmcfinland.fi\/sv\/om-oss\/cmc-finland\/#breadcrumb"},"inLanguage":"sv-SE","potentialAction":[{"@type":"ReadAction","target":["https:\/\/www.cmcfinland.fi\/sv\/om-oss\/cmc-finland\/"]}]},{"@type":"BreadcrumbList","@id":"https:\/\/www.cmcfinland.fi\/sv\/om-oss\/cmc-finland\/#breadcrumb","itemListElement":[{"@type":"ListItem","position":1,"name":"Framsida","item":"https:\/\/www.cmcfinland.fi\/sv\/"},{"@type":"ListItem","position":2,"name":"Om oss","item":"https:\/\/www.cmcfinland.fi\/sv\/om-oss\/"},{"@type":"ListItem","position":3,"name":"CMC Finland"}]},{"@type":"WebSite","@id":"https:\/\/www.cmcfinland.fi\/#website","url":"https:\/\/www.cmcfinland.fi\/","name":"CMC Finland","description":"Kriisinhallintakeskus","publisher":{"@id":"https:\/\/www.cmcfinland.fi\/#organization"},"potentialAction":[{"@type":"SearchAction","target":{"@type":"EntryPoint","urlTemplate":"https:\/\/www.cmcfinland.fi\/?s={search_term_string}"},"query-input":{"@type":"PropertyValueSpecification","valueRequired":true,"valueName":"search_term_string"}}],"inLanguage":"sv-SE"},{"@type":"Organization","@id":"https:\/\/www.cmcfinland.fi\/#organization","name":"CMC Finland","url":"https:\/\/www.cmcfinland.fi\/","logo":{"@type":"ImageObject","inLanguage":"sv-SE","@id":"https:\/\/www.cmcfinland.fi\/#\/schema\/logo\/image\/","url":"https:\/\/www.cmcfinland.fi\/wp-content\/uploads\/2024\/01\/CMC_finland_logo_musta.png","contentUrl":"https:\/\/www.cmcfinland.fi\/wp-content\/uploads\/2024\/01\/CMC_finland_logo_musta.png","width":272,"height":88,"caption":"CMC Finland"},"image":{"@id":"https:\/\/www.cmcfinland.fi\/#\/schema\/logo\/image\/"},"sameAs":["https:\/\/www.facebook.com\/cmc.finland\/","https:\/\/x.com\/CMCFinland","https:\/\/www.instagram.com\/cmc.finland\/","https:\/\/www.youtube.com\/channel\/UC49g1WmKq81Amw1ZUa5ZRKA","https:\/\/www.linkedin.com\/company\/crisis-management-centre-cmc-finland\/"]}]}},"_links":{"self":[{"href":"https:\/\/www.cmcfinland.fi\/sv\/wp-json\/wp\/v2\/pages\/21088","targetHints":{"allow":["GET"]}}],"collection":[{"href":"https:\/\/www.cmcfinland.fi\/sv\/wp-json\/wp\/v2\/pages"}],"about":[{"href":"https:\/\/www.cmcfinland.fi\/sv\/wp-json\/wp\/v2\/types\/page"}],"author":[{"embeddable":true,"href":"https:\/\/www.cmcfinland.fi\/sv\/wp-json\/wp\/v2\/users\/1"}],"replies":[{"embeddable":true,"href":"https:\/\/www.cmcfinland.fi\/sv\/wp-json\/wp\/v2\/comments?post=21088"}],"version-history":[{"count":4,"href":"https:\/\/www.cmcfinland.fi\/sv\/wp-json\/wp\/v2\/pages\/21088\/revisions"}],"predecessor-version":[{"id":21984,"href":"https:\/\/www.cmcfinland.fi\/sv\/wp-json\/wp\/v2\/pages\/21088\/revisions\/21984"}],"up":[{"embeddable":true,"href":"https:\/\/www.cmcfinland.fi\/sv\/wp-json\/wp\/v2\/pages\/406"}],"wp:attachment":[{"href":"https:\/\/www.cmcfinland.fi\/sv\/wp-json\/wp\/v2\/media?parent=21088"}],"curies":[{"name":"wp","href":"https:\/\/api.w.org\/{rel}","templated":true}]}}