{"id":21103,"date":"2024-02-21T08:45:44","date_gmt":"2024-02-21T06:45:44","guid":{"rendered":"https:\/\/cmc.iwn.co\/mita-teemme\/forskning-och-utveckling\/hankkeet\/"},"modified":"2025-07-23T13:24:29","modified_gmt":"2025-07-23T10:24:29","slug":"projekt","status":"publish","type":"page","link":"https:\/\/www.cmcfinland.fi\/sv\/vad-vi-gor\/forskning-och-utveckling\/projekt\/","title":{"rendered":"Projekt"},"content":{"rendered":"\n<section id=\"gmdcc0838\" class=\"wp-block-gutentor-m3 alignfull section-gmdcc0838 gutentor-module gutentor-container-cover has-image-bg has-custom-bg g-c-r-valign-mobile g-c-r-valign-tablet g-valign-c-desktop alasivu-top top-area mita-teemme\"><div class=\"grid-container\">\n<section id=\"gmc4aab6a\" class=\"wp-block-gutentor-m4 section-gmc4aab6a gutentor-module gutentor-advanced-columns\"><div class=\"grid-container\"><div class=\"grid-row\">\n<div id=\"col-gmb291e8\" class=\"wp-block-gutentor-m4-col col-gmb291e8 gutentor-single-column  grid-lg-6 grid-md-12 grid-12 header-breadcrumbs\"><div id=\"section-gmb291e8\" class=\"section-gmb291e8 gutentor-col-wrap\">\n<div id=\"section-gb3b917\" class=\"wp-block-gutentor-e1 section-gb3b917 gutentor-element gutentor-element-advanced-text\"><div class=\"gutentor-text-wrap\"><h1 class=\"gutentor-text\"><strong><strong>Projekt<\/strong><\/strong><\/h1><\/div><\/div>\n\n\n<span><span><a href=\"https:\/\/www.cmcfinland.fi\/sv\/\">Framsida<\/a><\/span><\/span>\n<\/div><\/div>\n\n\n\n<div id=\"col-gmca8b1b\" class=\"wp-block-gutentor-m4-col col-gmca8b1b gutentor-single-column  grid-lg-6 grid-md-12 grid-12\"><div id=\"section-gmca8b1b\" class=\"section-gmca8b1b gutentor-col-wrap\"><\/div><\/div>\n<\/div><\/div><\/section>\n<\/div><\/section>\n\n\n\n<section id=\"gm572649e\" class=\"wp-block-gutentor-m3 section-gm572649e gutentor-module gutentor-container-cover\"><div class=\"grid-container\">\n<h2 class=\"wp-block-heading\"><strong>Forsknings- och utvecklingsprojekt<\/strong><\/h2>\n\n\n\n<p>Krishanteringscentrets projekt \u00e4r till sin karakt\u00e4r antingen forsknings- eller utvecklingsprojekt. Forskningsprojekten genomf\u00f6rs ofta som en del av ett st\u00f6rre konsortium och \u00e4ven de utvecklingsprojekt som n\u00e4mns h\u00e4r \u00e4r till sin natur mer omfattande, till exempel s\u00e5 att de utvecklar hela inrikesf\u00f6rvaltningens omr\u00e5de. <\/p>\n\n\n\n<p>I projekt som redan avslutats har vi deltagit i utvecklingen av krishanteringens genomslagskraft till exempel i det EU-finansierade IECEU-projektet och i projektet VNTEAS-Afghanistan som utvecklat utv\u00e4rderingen av genomslagskraften utifr\u00e5n de l\u00e4rdomar som erh\u00e5llits fr\u00e5n Afghanistan. Vi har ocks\u00e5 deltagit i att skapa utbildning och verktyg som anv\u00e4nds p\u00e5 f\u00e4ltet i anslutning till genomf\u00f6randet av resolutionen om kvinnor, fred och s\u00e4kerhet, bl.a. tillsammans med det egyptiska CCCPA-centret och organisationen UN Women. Vi har genomf\u00f6rt intern utveckling av f\u00f6rvaltningsomr\u00e5det bl.a. i SEEK-projektet, som analyserade uppbyggnaden av inrikesf\u00f6rvaltningens l\u00e4gesbild.<\/p>\n<\/div><\/section>\n\n\n\n<section id=\"gm9fb51b0\" class=\"wp-block-gutentor-m4 section-gm9fb51b0 gutentor-module gutentor-advanced-columns gutentor-equal-column-height esittely-block hankkeet\"><div class=\"grid-container\"><div class=\"grid-row\">\n<div id=\"col-gm22d5e9\" class=\"wp-block-gutentor-m4-col col-gm22d5e9 gutentor-single-column  grid-lg-6 grid-md-12 grid-12\"><div id=\"section-gm22d5e9\" class=\"section-gm22d5e9 gutentor-col-wrap\">\n<h3 class=\"wp-block-heading has-text-align-left\"><strong><strong>F\u00f6rb\u00e4ttring av kompetensen inom den inre s\u00e4kerheten i anslutning till klimatf\u00f6r\u00e4ndringen, STOPPI<\/strong><\/strong><\/h3>\n\n\n\n<p>I projektet utreddes nul\u00e4get i fr\u00e5ga om information, f\u00f6rberedelser och beredskap i anslutning till klimats\u00e4kerhet inom inrikesf\u00f6rvaltningen. I projektet deltog samarbetspartner fr\u00e5n inrikesministeriets olika avdelningar samt fr\u00e5n Migrationsverket. M\u00e5let med projektet var att utveckla kompetensen inom den inre s\u00e4kerheten s\u00e5 att den motsvarar de utmaningar som klimatf\u00f6r\u00e4ndringen, milj\u00f6f\u00f6rst\u00f6ringen och naturf\u00f6rlusten medf\u00f6r. Projektet p\u00e5gick under 2024.<\/p>\n<\/div><\/div>\n\n\n\n<div id=\"col-gm0022f0\" class=\"wp-block-gutentor-m4-col col-gm0022f0 gutentor-single-column  grid-lg-6 grid-md-12 grid-12\"><div id=\"section-gm0022f0\" class=\"section-gm0022f0 gutentor-col-wrap\">\n<h3 class=\"wp-block-heading\"><strong>Peacebuilding and Local Knowledge Network (PLKN)<\/strong><\/h3>\n\n\n\n<p>Inom ramen f\u00f6r projektet har ett internationellt PLKN-n\u00e4tverk bildats, vars syfte \u00e4r att med hj\u00e4lp av finansiering fr\u00e5n Canadian Research Council f\u00f6rst utveckla en begreppsm\u00e4ssig referensram f\u00f6r hur internationella krishanterings- och fredsoperationer skaffar, anv\u00e4nder och integrerar lokal information i planeringen, genomf\u00f6randet och uppf\u00f6ljningen av operationer. Projektet samordnades av universitetet i Ottawa och omfattade \u00e5tskilliga partner fr\u00e5n Nordamerika, Europa och Afrika.<\/p>\n<\/div><\/div>\n<\/div><\/div><\/section>\n","protected":false},"excerpt":{"rendered":"","protected":false},"author":1,"featured_media":0,"parent":7760,"menu_order":1,"comment_status":"closed","ping_status":"closed","template":"","meta":{"_acf_changed":false,"_relevanssi_hide_post":"","_relevanssi_hide_content":"","_relevanssi_pin_for_all":"","_relevanssi_pin_keywords":"","_relevanssi_unpin_keywords":"","_relevanssi_related_keywords":"","_relevanssi_related_include_ids":"","_relevanssi_related_exclude_ids":"","_relevanssi_related_no_append":"","_relevanssi_related_not_related":"","_relevanssi_related_posts":"15798,15334,18433,14427,17830,11438","_relevanssi_noindex_reason":"","footnotes":""},"class_list":["post-21103","page","type-page","status-publish"],"acf":[],"yoast_head":"<!-- This site is optimized with the Yoast SEO plugin v27.3 - https:\/\/yoast.com\/product\/yoast-seo-wordpress\/ -->\n<title>Projekt - CMC Finland<\/title>\n<meta name=\"robots\" content=\"index, follow, max-snippet:-1, max-image-preview:large, max-video-preview:-1\" \/>\n<link rel=\"canonical\" href=\"https:\/\/www.cmcfinland.fi\/sv\/vad-vi-gor\/forskning-och-utveckling\/projekt\/\" \/>\n<meta property=\"og:locale\" content=\"sv_SE\" \/>\n<meta property=\"og:type\" content=\"article\" \/>\n<meta property=\"og:title\" content=\"Projekt - CMC Finland\" \/>\n<meta property=\"og:url\" content=\"https:\/\/www.cmcfinland.fi\/sv\/vad-vi-gor\/forskning-och-utveckling\/projekt\/\" \/>\n<meta property=\"og:site_name\" content=\"CMC Finland\" \/>\n<meta property=\"article:publisher\" content=\"https:\/\/www.facebook.com\/cmc.finland\/\" \/>\n<meta property=\"article:modified_time\" content=\"2025-07-23T10:24:29+00:00\" \/>\n<meta name=\"twitter:card\" content=\"summary_large_image\" \/>\n<meta name=\"twitter:site\" content=\"@CMCFinland\" \/>\n<meta name=\"twitter:label1\" content=\"Est. reading time\" \/>\n\t<meta name=\"twitter:data1\" content=\"2 minutes\" \/>\n<script type=\"application\/ld+json\" class=\"yoast-schema-graph\">{\"@context\":\"https:\\\/\\\/schema.org\",\"@graph\":[{\"@type\":\"WebPage\",\"@id\":\"https:\\\/\\\/www.cmcfinland.fi\\\/sv\\\/vad-vi-gor\\\/forskning-och-utveckling\\\/projekt\\\/\",\"url\":\"https:\\\/\\\/www.cmcfinland.fi\\\/sv\\\/vad-vi-gor\\\/forskning-och-utveckling\\\/projekt\\\/\",\"name\":\"Projekt - CMC Finland\",\"isPartOf\":{\"@id\":\"https:\\\/\\\/www.cmcfinland.fi\\\/#website\"},\"datePublished\":\"2024-02-21T06:45:44+00:00\",\"dateModified\":\"2025-07-23T10:24:29+00:00\",\"breadcrumb\":{\"@id\":\"https:\\\/\\\/www.cmcfinland.fi\\\/sv\\\/vad-vi-gor\\\/forskning-och-utveckling\\\/projekt\\\/#breadcrumb\"},\"inLanguage\":\"sv-SE\",\"potentialAction\":[{\"@type\":\"ReadAction\",\"target\":[\"https:\\\/\\\/www.cmcfinland.fi\\\/sv\\\/vad-vi-gor\\\/forskning-och-utveckling\\\/projekt\\\/\"]}]},{\"@type\":\"BreadcrumbList\",\"@id\":\"https:\\\/\\\/www.cmcfinland.fi\\\/sv\\\/vad-vi-gor\\\/forskning-och-utveckling\\\/projekt\\\/#breadcrumb\",\"itemListElement\":[{\"@type\":\"ListItem\",\"position\":1,\"name\":\"Framsida\",\"item\":\"https:\\\/\\\/www.cmcfinland.fi\\\/sv\\\/\"},{\"@type\":\"ListItem\",\"position\":2,\"name\":\"Vad vi g\u00f6r\",\"item\":\"https:\\\/\\\/www.cmcfinland.fi\\\/sv\\\/vad-vi-gor\\\/\"},{\"@type\":\"ListItem\",\"position\":3,\"name\":\"Forskning och utveckling\",\"item\":\"https:\\\/\\\/www.cmcfinland.fi\\\/sv\\\/vad-vi-gor\\\/forskning-och-utveckling\\\/\"},{\"@type\":\"ListItem\",\"position\":4,\"name\":\"Projekt\"}]},{\"@type\":\"WebSite\",\"@id\":\"https:\\\/\\\/www.cmcfinland.fi\\\/#website\",\"url\":\"https:\\\/\\\/www.cmcfinland.fi\\\/\",\"name\":\"CMC Finland\",\"description\":\"Kriisinhallintakeskus\",\"publisher\":{\"@id\":\"https:\\\/\\\/www.cmcfinland.fi\\\/#organization\"},\"potentialAction\":[{\"@type\":\"SearchAction\",\"target\":{\"@type\":\"EntryPoint\",\"urlTemplate\":\"https:\\\/\\\/www.cmcfinland.fi\\\/?s={search_term_string}\"},\"query-input\":{\"@type\":\"PropertyValueSpecification\",\"valueRequired\":true,\"valueName\":\"search_term_string\"}}],\"inLanguage\":\"sv-SE\"},{\"@type\":\"Organization\",\"@id\":\"https:\\\/\\\/www.cmcfinland.fi\\\/#organization\",\"name\":\"CMC Finland\",\"url\":\"https:\\\/\\\/www.cmcfinland.fi\\\/\",\"logo\":{\"@type\":\"ImageObject\",\"inLanguage\":\"sv-SE\",\"@id\":\"https:\\\/\\\/www.cmcfinland.fi\\\/#\\\/schema\\\/logo\\\/image\\\/\",\"url\":\"https:\\\/\\\/www.cmcfinland.fi\\\/wp-content\\\/uploads\\\/2024\\\/01\\\/CMC_finland_logo_musta.png\",\"contentUrl\":\"https:\\\/\\\/www.cmcfinland.fi\\\/wp-content\\\/uploads\\\/2024\\\/01\\\/CMC_finland_logo_musta.png\",\"width\":272,\"height\":88,\"caption\":\"CMC Finland\"},\"image\":{\"@id\":\"https:\\\/\\\/www.cmcfinland.fi\\\/#\\\/schema\\\/logo\\\/image\\\/\"},\"sameAs\":[\"https:\\\/\\\/www.facebook.com\\\/cmc.finland\\\/\",\"https:\\\/\\\/x.com\\\/CMCFinland\",\"https:\\\/\\\/www.instagram.com\\\/cmc.finland\\\/\",\"https:\\\/\\\/www.youtube.com\\\/channel\\\/UC49g1WmKq81Amw1ZUa5ZRKA\",\"https:\\\/\\\/www.linkedin.com\\\/company\\\/crisis-management-centre-cmc-finland\\\/\"]}]}<\/script>\n<!-- \/ Yoast SEO plugin. -->","yoast_head_json":{"title":"Projekt - CMC Finland","robots":{"index":"index","follow":"follow","max-snippet":"max-snippet:-1","max-image-preview":"max-image-preview:large","max-video-preview":"max-video-preview:-1"},"canonical":"https:\/\/www.cmcfinland.fi\/sv\/vad-vi-gor\/forskning-och-utveckling\/projekt\/","og_locale":"sv_SE","og_type":"article","og_title":"Projekt - CMC Finland","og_url":"https:\/\/www.cmcfinland.fi\/sv\/vad-vi-gor\/forskning-och-utveckling\/projekt\/","og_site_name":"CMC Finland","article_publisher":"https:\/\/www.facebook.com\/cmc.finland\/","article_modified_time":"2025-07-23T10:24:29+00:00","twitter_card":"summary_large_image","twitter_site":"@CMCFinland","twitter_misc":{"Est. reading time":"2 minutes"},"schema":{"@context":"https:\/\/schema.org","@graph":[{"@type":"WebPage","@id":"https:\/\/www.cmcfinland.fi\/sv\/vad-vi-gor\/forskning-och-utveckling\/projekt\/","url":"https:\/\/www.cmcfinland.fi\/sv\/vad-vi-gor\/forskning-och-utveckling\/projekt\/","name":"Projekt - CMC Finland","isPartOf":{"@id":"https:\/\/www.cmcfinland.fi\/#website"},"datePublished":"2024-02-21T06:45:44+00:00","dateModified":"2025-07-23T10:24:29+00:00","breadcrumb":{"@id":"https:\/\/www.cmcfinland.fi\/sv\/vad-vi-gor\/forskning-och-utveckling\/projekt\/#breadcrumb"},"inLanguage":"sv-SE","potentialAction":[{"@type":"ReadAction","target":["https:\/\/www.cmcfinland.fi\/sv\/vad-vi-gor\/forskning-och-utveckling\/projekt\/"]}]},{"@type":"BreadcrumbList","@id":"https:\/\/www.cmcfinland.fi\/sv\/vad-vi-gor\/forskning-och-utveckling\/projekt\/#breadcrumb","itemListElement":[{"@type":"ListItem","position":1,"name":"Framsida","item":"https:\/\/www.cmcfinland.fi\/sv\/"},{"@type":"ListItem","position":2,"name":"Vad vi g\u00f6r","item":"https:\/\/www.cmcfinland.fi\/sv\/vad-vi-gor\/"},{"@type":"ListItem","position":3,"name":"Forskning och utveckling","item":"https:\/\/www.cmcfinland.fi\/sv\/vad-vi-gor\/forskning-och-utveckling\/"},{"@type":"ListItem","position":4,"name":"Projekt"}]},{"@type":"WebSite","@id":"https:\/\/www.cmcfinland.fi\/#website","url":"https:\/\/www.cmcfinland.fi\/","name":"CMC Finland","description":"Kriisinhallintakeskus","publisher":{"@id":"https:\/\/www.cmcfinland.fi\/#organization"},"potentialAction":[{"@type":"SearchAction","target":{"@type":"EntryPoint","urlTemplate":"https:\/\/www.cmcfinland.fi\/?s={search_term_string}"},"query-input":{"@type":"PropertyValueSpecification","valueRequired":true,"valueName":"search_term_string"}}],"inLanguage":"sv-SE"},{"@type":"Organization","@id":"https:\/\/www.cmcfinland.fi\/#organization","name":"CMC Finland","url":"https:\/\/www.cmcfinland.fi\/","logo":{"@type":"ImageObject","inLanguage":"sv-SE","@id":"https:\/\/www.cmcfinland.fi\/#\/schema\/logo\/image\/","url":"https:\/\/www.cmcfinland.fi\/wp-content\/uploads\/2024\/01\/CMC_finland_logo_musta.png","contentUrl":"https:\/\/www.cmcfinland.fi\/wp-content\/uploads\/2024\/01\/CMC_finland_logo_musta.png","width":272,"height":88,"caption":"CMC Finland"},"image":{"@id":"https:\/\/www.cmcfinland.fi\/#\/schema\/logo\/image\/"},"sameAs":["https:\/\/www.facebook.com\/cmc.finland\/","https:\/\/x.com\/CMCFinland","https:\/\/www.instagram.com\/cmc.finland\/","https:\/\/www.youtube.com\/channel\/UC49g1WmKq81Amw1ZUa5ZRKA","https:\/\/www.linkedin.com\/company\/crisis-management-centre-cmc-finland\/"]}]}},"_links":{"self":[{"href":"https:\/\/www.cmcfinland.fi\/sv\/wp-json\/wp\/v2\/pages\/21103","targetHints":{"allow":["GET"]}}],"collection":[{"href":"https:\/\/www.cmcfinland.fi\/sv\/wp-json\/wp\/v2\/pages"}],"about":[{"href":"https:\/\/www.cmcfinland.fi\/sv\/wp-json\/wp\/v2\/types\/page"}],"author":[{"embeddable":true,"href":"https:\/\/www.cmcfinland.fi\/sv\/wp-json\/wp\/v2\/users\/1"}],"replies":[{"embeddable":true,"href":"https:\/\/www.cmcfinland.fi\/sv\/wp-json\/wp\/v2\/comments?post=21103"}],"version-history":[{"count":5,"href":"https:\/\/www.cmcfinland.fi\/sv\/wp-json\/wp\/v2\/pages\/21103\/revisions"}],"predecessor-version":[{"id":27040,"href":"https:\/\/www.cmcfinland.fi\/sv\/wp-json\/wp\/v2\/pages\/21103\/revisions\/27040"}],"up":[{"embeddable":true,"href":"https:\/\/www.cmcfinland.fi\/sv\/wp-json\/wp\/v2\/pages\/7760"}],"wp:attachment":[{"href":"https:\/\/www.cmcfinland.fi\/sv\/wp-json\/wp\/v2\/media?parent=21103"}],"curies":[{"name":"wp","href":"https:\/\/api.w.org\/{rel}","templated":true}]}}