{"id":21109,"date":"2024-02-21T08:47:40","date_gmt":"2024-02-21T06:47:40","guid":{"rendered":"https:\/\/cmc.iwn.co\/mita-teemme\/rekrytointi-henkilostohallinto-ja-logistiikka\/"},"modified":"2025-07-25T11:19:35","modified_gmt":"2025-07-25T08:19:35","slug":"rekrytering-personalforvaltning-och-logistik","status":"publish","type":"page","link":"https:\/\/www.cmcfinland.fi\/sv\/vad-vi-gor\/rekrytering-personalforvaltning-och-logistik\/","title":{"rendered":"Rekrytering,Personalf\u00f6rvaltning och logistik"},"content":{"rendered":"\n<section id=\"gmc77e491\" class=\"wp-block-gutentor-m3 alignfull section-gmc77e491 gutentor-module gutentor-container-cover has-color-bg has-custom-bg g-c-r-valign-mobile g-c-r-valign-tablet g-valign-c-desktop top-area tietoameista\"><div class=\"grid-container\">\n<section id=\"gmf7f17d5\" class=\"wp-block-gutentor-m4 section-gmf7f17d5 gutentor-module gutentor-advanced-columns gutentor-equal-column-height\"><div class=\"grid-container\"><div class=\"grid-row\">\n<div id=\"col-gmd6f42a\" class=\"wp-block-gutentor-m4-col col-gmd6f42a gutentor-single-column  grid-lg-5 grid-md-12 grid-12\"><div id=\"section-gmd6f42a\" class=\"section-gmd6f42a gutentor-col-wrap\">\n<div id=\"section-gbbb721\" class=\"wp-block-gutentor-e1 section-gbbb721 gutentor-element gutentor-element-advanced-text\"><div class=\"gutentor-text-wrap\"><h1 class=\"gutentor-text\"><strong>Rekrytering, <\/strong><br><strong>personalf\u00f6rvaltning <\/strong><br><strong>och logistik<\/strong><\/h1><\/div><\/div>\n<\/div><\/div>\n\n\n\n<div id=\"col-gm8903a1\" class=\"wp-block-gutentor-m4-col col-gm8903a1 gutentor-single-column  grid-lg-7 grid-md-12 grid-12 kuva-header\"><div id=\"section-gm8903a1\" class=\"section-gm8903a1 gutentor-col-wrap has-image-bg has-custom-bg\"><\/div><\/div>\n<\/div><\/div><\/section>\n\n\n<span><span><a href=\"https:\/\/www.cmcfinland.fi\/sv\/\">Framsida<\/a><\/span><\/span>\n<\/div><\/section>\n\n\n\n<section id=\"gm1e6a260\" class=\"wp-block-gutentor-m3 section-gm1e6a260 gutentor-module gutentor-container-cover\"><div class=\"grid-container\">\n<p>Finland skickar experter till observations-, r\u00e5dgivnings- och utbildningsuppdrag inom EU:s, FN:s, OSSE:s, Natos, Europar\u00e5dets eller n\u00e5gon annan internationell koalitions civil krishantering. Experter beh\u00f6vs till exempel inom polisv\u00e4sendet, r\u00e4ttsv\u00e4sendet, gr\u00e4nss\u00e4kerheten, tullf\u00f6rvaltningen, brottsp\u00e5f\u00f6ljdsomr\u00e5det, internationell politik, m\u00e4nskliga r\u00e4ttigheter, rapportering och kommunikation.<\/p>\n\n\n\n<p>Finland deltar ocks\u00e5 i EU:s och OSSE:s valobservationsverksamhet genom att rekrytera observat\u00f6rer till deras valobservationsuppdrag.<\/p>\n\n\n\n<p>Krishanteringscentret ansvarar f\u00f6r rekryteringen av experter som skickas till uppdrag inom b\u00e5de civil krishantering och valobservation. Du hittar mer information om ans\u00f6kan till expertuppdrag och om rekrytering i avsnittet <a href=\"https:\/\/www.cmcfinland.fi\/kansainvaliset-tehtavat\/siviilikriisinhallintatehtavat\/avoimet-tehtavat\/\">Internationella uppdrag<\/a>.&nbsp; Vi \u00e4r arbetsgivare f\u00f6r experter som skickas till internationella uppdrag inom civil krishantering och OSSE:s valobservationsuppdrag.<\/p>\n\n\n\n<p>F\u00f6rutom att skicka ut experter p\u00e5 uppdrag ansvarar vi \u00e4ven f\u00f6r personalf\u00f6rvaltningen under anst\u00e4llningsf\u00f6rh\u00e5llandet, inklusive experternas l\u00f6ne\u00e4renden samt arrangemang i anslutning till h\u00e4lso- och sjukv\u00e5rd eller f\u00f6rs\u00e4kringsskydd. Experter erh\u00e5ller den utrustning som civila krishanterings- och valobservationsoperationer f\u00f6ruts\u00e4tter och som anses \u00e4ndam\u00e5lsenlig med tanke p\u00e5 en trygg sk\u00f6tsel av uppdraget.<\/p>\n<\/div><\/section>\n","protected":false},"excerpt":{"rendered":"","protected":false},"author":1,"featured_media":0,"parent":21064,"menu_order":2,"comment_status":"closed","ping_status":"closed","template":"","meta":{"_acf_changed":false,"_relevanssi_hide_post":"","_relevanssi_hide_content":"","_relevanssi_pin_for_all":"","_relevanssi_pin_keywords":"","_relevanssi_unpin_keywords":"","_relevanssi_related_keywords":"","_relevanssi_related_include_ids":"","_relevanssi_related_exclude_ids":"","_relevanssi_related_no_append":"","_relevanssi_related_not_related":"","_relevanssi_related_posts":"12030,11008,9039,12767,11873,5514","_relevanssi_noindex_reason":"","footnotes":""},"class_list":["post-21109","page","type-page","status-publish"],"acf":[],"yoast_head":"<!-- This site is optimized with the Yoast SEO plugin v27.4 - https:\/\/yoast.com\/product\/yoast-seo-wordpress\/ -->\n<title>Rekrytering,Personalf\u00f6rvaltning och logistik - CMC Finland<\/title>\n<meta name=\"robots\" content=\"index, follow, max-snippet:-1, max-image-preview:large, max-video-preview:-1\" \/>\n<link rel=\"canonical\" href=\"https:\/\/www.cmcfinland.fi\/sv\/vad-vi-gor\/rekrytering-personalforvaltning-och-logistik\/\" \/>\n<meta property=\"og:locale\" content=\"sv_SE\" \/>\n<meta property=\"og:type\" content=\"article\" \/>\n<meta property=\"og:title\" content=\"Rekrytering,Personalf\u00f6rvaltning och logistik - CMC Finland\" \/>\n<meta property=\"og:url\" content=\"https:\/\/www.cmcfinland.fi\/sv\/vad-vi-gor\/rekrytering-personalforvaltning-och-logistik\/\" \/>\n<meta property=\"og:site_name\" content=\"CMC Finland\" \/>\n<meta property=\"article:publisher\" content=\"https:\/\/www.facebook.com\/cmc.finland\/\" \/>\n<meta property=\"article:modified_time\" content=\"2025-07-25T08:19:35+00:00\" \/>\n<meta name=\"twitter:card\" content=\"summary_large_image\" \/>\n<meta name=\"twitter:site\" content=\"@CMCFinland\" \/>\n<meta name=\"twitter:label1\" content=\"Est. reading time\" \/>\n\t<meta name=\"twitter:data1\" content=\"1 minute\" \/>\n<script type=\"application\/ld+json\" class=\"yoast-schema-graph\">{\"@context\":\"https:\\\/\\\/schema.org\",\"@graph\":[{\"@type\":\"WebPage\",\"@id\":\"https:\\\/\\\/www.cmcfinland.fi\\\/sv\\\/vad-vi-gor\\\/rekrytering-personalforvaltning-och-logistik\\\/\",\"url\":\"https:\\\/\\\/www.cmcfinland.fi\\\/sv\\\/vad-vi-gor\\\/rekrytering-personalforvaltning-och-logistik\\\/\",\"name\":\"Rekrytering,Personalf\u00f6rvaltning och logistik - CMC Finland\",\"isPartOf\":{\"@id\":\"https:\\\/\\\/www.cmcfinland.fi\\\/#website\"},\"datePublished\":\"2024-02-21T06:47:40+00:00\",\"dateModified\":\"2025-07-25T08:19:35+00:00\",\"breadcrumb\":{\"@id\":\"https:\\\/\\\/www.cmcfinland.fi\\\/sv\\\/vad-vi-gor\\\/rekrytering-personalforvaltning-och-logistik\\\/#breadcrumb\"},\"inLanguage\":\"sv-SE\",\"potentialAction\":[{\"@type\":\"ReadAction\",\"target\":[\"https:\\\/\\\/www.cmcfinland.fi\\\/sv\\\/vad-vi-gor\\\/rekrytering-personalforvaltning-och-logistik\\\/\"]}]},{\"@type\":\"BreadcrumbList\",\"@id\":\"https:\\\/\\\/www.cmcfinland.fi\\\/sv\\\/vad-vi-gor\\\/rekrytering-personalforvaltning-och-logistik\\\/#breadcrumb\",\"itemListElement\":[{\"@type\":\"ListItem\",\"position\":1,\"name\":\"Framsida\",\"item\":\"https:\\\/\\\/www.cmcfinland.fi\\\/sv\\\/\"},{\"@type\":\"ListItem\",\"position\":2,\"name\":\"Vad vi g\u00f6r\",\"item\":\"https:\\\/\\\/www.cmcfinland.fi\\\/sv\\\/vad-vi-gor\\\/\"},{\"@type\":\"ListItem\",\"position\":3,\"name\":\"Rekrytering,Personalf\u00f6rvaltning och logistik\"}]},{\"@type\":\"WebSite\",\"@id\":\"https:\\\/\\\/www.cmcfinland.fi\\\/#website\",\"url\":\"https:\\\/\\\/www.cmcfinland.fi\\\/\",\"name\":\"CMC Finland\",\"description\":\"Kriisinhallintakeskus\",\"publisher\":{\"@id\":\"https:\\\/\\\/www.cmcfinland.fi\\\/#organization\"},\"potentialAction\":[{\"@type\":\"SearchAction\",\"target\":{\"@type\":\"EntryPoint\",\"urlTemplate\":\"https:\\\/\\\/www.cmcfinland.fi\\\/?s={search_term_string}\"},\"query-input\":{\"@type\":\"PropertyValueSpecification\",\"valueRequired\":true,\"valueName\":\"search_term_string\"}}],\"inLanguage\":\"sv-SE\"},{\"@type\":\"Organization\",\"@id\":\"https:\\\/\\\/www.cmcfinland.fi\\\/#organization\",\"name\":\"CMC Finland\",\"url\":\"https:\\\/\\\/www.cmcfinland.fi\\\/\",\"logo\":{\"@type\":\"ImageObject\",\"inLanguage\":\"sv-SE\",\"@id\":\"https:\\\/\\\/www.cmcfinland.fi\\\/#\\\/schema\\\/logo\\\/image\\\/\",\"url\":\"https:\\\/\\\/www.cmcfinland.fi\\\/wp-content\\\/uploads\\\/2024\\\/01\\\/CMC_finland_logo_musta.png\",\"contentUrl\":\"https:\\\/\\\/www.cmcfinland.fi\\\/wp-content\\\/uploads\\\/2024\\\/01\\\/CMC_finland_logo_musta.png\",\"width\":272,\"height\":88,\"caption\":\"CMC Finland\"},\"image\":{\"@id\":\"https:\\\/\\\/www.cmcfinland.fi\\\/#\\\/schema\\\/logo\\\/image\\\/\"},\"sameAs\":[\"https:\\\/\\\/www.facebook.com\\\/cmc.finland\\\/\",\"https:\\\/\\\/x.com\\\/CMCFinland\",\"https:\\\/\\\/www.instagram.com\\\/cmc.finland\\\/\",\"https:\\\/\\\/www.youtube.com\\\/channel\\\/UC49g1WmKq81Amw1ZUa5ZRKA\",\"https:\\\/\\\/www.linkedin.com\\\/company\\\/crisis-management-centre-cmc-finland\\\/\"]}]}<\/script>\n<!-- \/ Yoast SEO plugin. -->","yoast_head_json":{"title":"Rekrytering,Personalf\u00f6rvaltning och logistik - CMC Finland","robots":{"index":"index","follow":"follow","max-snippet":"max-snippet:-1","max-image-preview":"max-image-preview:large","max-video-preview":"max-video-preview:-1"},"canonical":"https:\/\/www.cmcfinland.fi\/sv\/vad-vi-gor\/rekrytering-personalforvaltning-och-logistik\/","og_locale":"sv_SE","og_type":"article","og_title":"Rekrytering,Personalf\u00f6rvaltning och logistik - CMC Finland","og_url":"https:\/\/www.cmcfinland.fi\/sv\/vad-vi-gor\/rekrytering-personalforvaltning-och-logistik\/","og_site_name":"CMC Finland","article_publisher":"https:\/\/www.facebook.com\/cmc.finland\/","article_modified_time":"2025-07-25T08:19:35+00:00","twitter_card":"summary_large_image","twitter_site":"@CMCFinland","twitter_misc":{"Est. reading time":"1 minute"},"schema":{"@context":"https:\/\/schema.org","@graph":[{"@type":"WebPage","@id":"https:\/\/www.cmcfinland.fi\/sv\/vad-vi-gor\/rekrytering-personalforvaltning-och-logistik\/","url":"https:\/\/www.cmcfinland.fi\/sv\/vad-vi-gor\/rekrytering-personalforvaltning-och-logistik\/","name":"Rekrytering,Personalf\u00f6rvaltning och logistik - CMC Finland","isPartOf":{"@id":"https:\/\/www.cmcfinland.fi\/#website"},"datePublished":"2024-02-21T06:47:40+00:00","dateModified":"2025-07-25T08:19:35+00:00","breadcrumb":{"@id":"https:\/\/www.cmcfinland.fi\/sv\/vad-vi-gor\/rekrytering-personalforvaltning-och-logistik\/#breadcrumb"},"inLanguage":"sv-SE","potentialAction":[{"@type":"ReadAction","target":["https:\/\/www.cmcfinland.fi\/sv\/vad-vi-gor\/rekrytering-personalforvaltning-och-logistik\/"]}]},{"@type":"BreadcrumbList","@id":"https:\/\/www.cmcfinland.fi\/sv\/vad-vi-gor\/rekrytering-personalforvaltning-och-logistik\/#breadcrumb","itemListElement":[{"@type":"ListItem","position":1,"name":"Framsida","item":"https:\/\/www.cmcfinland.fi\/sv\/"},{"@type":"ListItem","position":2,"name":"Vad vi g\u00f6r","item":"https:\/\/www.cmcfinland.fi\/sv\/vad-vi-gor\/"},{"@type":"ListItem","position":3,"name":"Rekrytering,Personalf\u00f6rvaltning och logistik"}]},{"@type":"WebSite","@id":"https:\/\/www.cmcfinland.fi\/#website","url":"https:\/\/www.cmcfinland.fi\/","name":"CMC Finland","description":"Kriisinhallintakeskus","publisher":{"@id":"https:\/\/www.cmcfinland.fi\/#organization"},"potentialAction":[{"@type":"SearchAction","target":{"@type":"EntryPoint","urlTemplate":"https:\/\/www.cmcfinland.fi\/?s={search_term_string}"},"query-input":{"@type":"PropertyValueSpecification","valueRequired":true,"valueName":"search_term_string"}}],"inLanguage":"sv-SE"},{"@type":"Organization","@id":"https:\/\/www.cmcfinland.fi\/#organization","name":"CMC Finland","url":"https:\/\/www.cmcfinland.fi\/","logo":{"@type":"ImageObject","inLanguage":"sv-SE","@id":"https:\/\/www.cmcfinland.fi\/#\/schema\/logo\/image\/","url":"https:\/\/www.cmcfinland.fi\/wp-content\/uploads\/2024\/01\/CMC_finland_logo_musta.png","contentUrl":"https:\/\/www.cmcfinland.fi\/wp-content\/uploads\/2024\/01\/CMC_finland_logo_musta.png","width":272,"height":88,"caption":"CMC Finland"},"image":{"@id":"https:\/\/www.cmcfinland.fi\/#\/schema\/logo\/image\/"},"sameAs":["https:\/\/www.facebook.com\/cmc.finland\/","https:\/\/x.com\/CMCFinland","https:\/\/www.instagram.com\/cmc.finland\/","https:\/\/www.youtube.com\/channel\/UC49g1WmKq81Amw1ZUa5ZRKA","https:\/\/www.linkedin.com\/company\/crisis-management-centre-cmc-finland\/"]}]}},"_links":{"self":[{"href":"https:\/\/www.cmcfinland.fi\/sv\/wp-json\/wp\/v2\/pages\/21109","targetHints":{"allow":["GET"]}}],"collection":[{"href":"https:\/\/www.cmcfinland.fi\/sv\/wp-json\/wp\/v2\/pages"}],"about":[{"href":"https:\/\/www.cmcfinland.fi\/sv\/wp-json\/wp\/v2\/types\/page"}],"author":[{"embeddable":true,"href":"https:\/\/www.cmcfinland.fi\/sv\/wp-json\/wp\/v2\/users\/1"}],"replies":[{"embeddable":true,"href":"https:\/\/www.cmcfinland.fi\/sv\/wp-json\/wp\/v2\/comments?post=21109"}],"version-history":[{"count":11,"href":"https:\/\/www.cmcfinland.fi\/sv\/wp-json\/wp\/v2\/pages\/21109\/revisions"}],"predecessor-version":[{"id":27075,"href":"https:\/\/www.cmcfinland.fi\/sv\/wp-json\/wp\/v2\/pages\/21109\/revisions\/27075"}],"up":[{"embeddable":true,"href":"https:\/\/www.cmcfinland.fi\/sv\/wp-json\/wp\/v2\/pages\/21064"}],"wp:attachment":[{"href":"https:\/\/www.cmcfinland.fi\/sv\/wp-json\/wp\/v2\/media?parent=21109"}],"curies":[{"name":"wp","href":"https:\/\/api.w.org\/{rel}","templated":true}]}}