{"id":21118,"date":"2024-02-08T13:46:42","date_gmt":"2024-02-08T11:46:42","guid":{"rendered":"https:\/\/cmc.iwn.co\/siviilikriisinhallintatehtavat\/"},"modified":"2024-04-18T14:22:17","modified_gmt":"2024-04-18T11:22:17","slug":"civilkrishanteringsuppdrag","status":"publish","type":"page","link":"https:\/\/www.cmcfinland.fi\/sv\/internationella-uppdrag\/civilkrishanteringsuppdrag\/","title":{"rendered":"Civilkrishanteringsuppdrag"},"content":{"rendered":"\n<section id=\"gmc866b7c\" class=\"wp-block-gutentor-m3 alignfull section-gmc866b7c gutentor-module gutentor-container-cover has-image-bg has-custom-bg g-c-r-valign-mobile g-c-r-valign-tablet g-valign-c-desktop alasivu-top\"><div class=\"grid-container\">\n<section id=\"gmd99d02e\" class=\"wp-block-gutentor-m4 section-gmd99d02e gutentor-module gutentor-advanced-columns\"><div class=\"grid-container\"><div class=\"grid-row\">\n<div id=\"col-gm73b23a\" class=\"wp-block-gutentor-m4-col col-gm73b23a gutentor-single-column  grid-lg-6 grid-md-12 grid-12 header-breadcrumbs\"><div id=\"section-gm73b23a\" class=\"section-gm73b23a gutentor-col-wrap\">\n<div id=\"section-g35b83c\" class=\"wp-block-gutentor-e1 section-g35b83c gutentor-element gutentor-element-advanced-text\"><div class=\"gutentor-text-wrap\"><h1 class=\"gutentor-text\">Civilkrishanteringsuppdrag<\/h1><\/div><\/div>\n\n\n<span><span><a href=\"https:\/\/www.cmcfinland.fi\/sv\/\">Framsida<\/a><\/span><\/span>\n<\/div><\/div>\n\n\n\n<div id=\"col-gm63d27a\" class=\"wp-block-gutentor-m4-col col-gm63d27a gutentor-single-column  grid-lg-6 grid-md-12 grid-12\"><div id=\"section-gm63d27a\" class=\"section-gm63d27a gutentor-col-wrap\"><\/div><\/div>\n<\/div><\/div><\/section>\n<\/div><\/section>\n\n\n\n<section id=\"gmfd9f2ea\" class=\"wp-block-gutentor-m3 alignwide section-gmfd9f2ea gutentor-module gutentor-container-cover\"><div class=\"grid-container\"><ul class=\"sivulistaus wp-block-page-list\"><li class=\"wp-block-pages-list__item\"><a class=\"wp-block-pages-list__item__link\" href=\"https:\/\/www.cmcfinland.fi\/sv\/internationella-uppdrag\/civilkrishanteringsuppdrag\/information-om-ansokan\/\">Information om ans\u00f6kan<\/a><\/li><\/ul>\n\n\n<p><\/p>\n<\/div><\/section>\n\n\n\n<section id=\"gm5ad5e64\" class=\"wp-block-gutentor-m3 section-gm5ad5e64 gutentor-module gutentor-container-cover\"><div class=\"grid-container\">\n<h2 class=\"wp-block-heading\"><strong>Civil krishantering<\/strong><\/h2>\n\n\n\n<p>P\u00e5 v\u00e5ra<a href=\"\/kansainvaliset-tehtavat\/siviilikriisinhallintatehtavat\/avoimet-tehtavat\/\"> finska <\/a>sidan hittar du \u00f6ppna civila krishanteringsuppdrag som f\u00f6rmedlas via Krishanteringscentret och information om rekryteringsprocessen f\u00f6r civil krishantering, ans\u00f6kningar till uppdragen och en informationssats f\u00f6r experter som redan tj\u00e4nstg\u00f6r i uppdragen.<\/p>\n\n\n\n<p>Personaladministrationen f\u00f6r experter inom civil krishantering hanteras av personal- och operationsst\u00f6denheten vid Krishanteringscentret (<a href=\"mailto:hr@cmcfinland.fi\">hr@cmcfinland.fi<\/a>).<\/p>\n\n\n\n<h2 class=\"wp-block-heading\"><strong>Deltagande i civil krishantering<\/strong><\/h2>\n\n\n\n<p>Finland skickar experter till EU: s, FN: s, OSSE: s, Nato: s, Europar\u00e5dets och andra internationella organisationers observation-, r\u00e5dgivnings- och utbildningsuppdrag inom civil krishantering. <a href=\"https:\/\/www.cmcfinland.fi\/wp-content\/uploads\/2024\/04\/Asiantuntijakartta_15-4-2024_verkkosivulle_SV-1.png\">H\u00e4r kan du se vart<\/a>.<\/p>\n\n\n\n<p><\/p>\n<\/div><\/section>\n","protected":false},"excerpt":{"rendered":"","protected":false},"author":1,"featured_media":0,"parent":21522,"menu_order":0,"comment_status":"closed","ping_status":"closed","template":"","meta":{"_acf_changed":false,"_relevanssi_hide_post":"","_relevanssi_hide_content":"","_relevanssi_pin_for_all":"","_relevanssi_pin_keywords":"","_relevanssi_unpin_keywords":"","_relevanssi_related_keywords":"","_relevanssi_related_include_ids":"","_relevanssi_related_exclude_ids":"","_relevanssi_related_no_append":"","_relevanssi_related_not_related":"","_relevanssi_related_posts":"11079,3958,12655,15463,18321,8771","_relevanssi_noindex_reason":"","footnotes":""},"class_list":["post-21118","page","type-page","status-publish"],"acf":[],"yoast_head":"<!-- This site is optimized with the Yoast SEO plugin v27.4 - https:\/\/yoast.com\/product\/yoast-seo-wordpress\/ -->\n<title>Civilkrishanteringsuppdrag - CMC Finland<\/title>\n<meta name=\"robots\" content=\"index, follow, max-snippet:-1, max-image-preview:large, max-video-preview:-1\" \/>\n<link rel=\"canonical\" href=\"https:\/\/www.cmcfinland.fi\/sv\/internationella-uppdrag\/civilkrishanteringsuppdrag\/\" \/>\n<meta property=\"og:locale\" content=\"sv_SE\" \/>\n<meta property=\"og:type\" content=\"article\" \/>\n<meta property=\"og:title\" content=\"Civilkrishanteringsuppdrag - CMC Finland\" \/>\n<meta property=\"og:url\" content=\"https:\/\/www.cmcfinland.fi\/sv\/internationella-uppdrag\/civilkrishanteringsuppdrag\/\" \/>\n<meta property=\"og:site_name\" content=\"CMC Finland\" \/>\n<meta property=\"article:publisher\" content=\"https:\/\/www.facebook.com\/cmc.finland\/\" \/>\n<meta property=\"article:modified_time\" content=\"2024-04-18T11:22:17+00:00\" \/>\n<meta name=\"twitter:card\" content=\"summary_large_image\" \/>\n<meta name=\"twitter:site\" content=\"@CMCFinland\" \/>\n<meta name=\"twitter:label1\" content=\"Est. reading time\" \/>\n\t<meta name=\"twitter:data1\" content=\"1 minute\" \/>\n<script type=\"application\/ld+json\" class=\"yoast-schema-graph\">{\"@context\":\"https:\\\/\\\/schema.org\",\"@graph\":[{\"@type\":\"WebPage\",\"@id\":\"https:\\\/\\\/www.cmcfinland.fi\\\/sv\\\/internationella-uppdrag\\\/civilkrishanteringsuppdrag\\\/\",\"url\":\"https:\\\/\\\/www.cmcfinland.fi\\\/sv\\\/internationella-uppdrag\\\/civilkrishanteringsuppdrag\\\/\",\"name\":\"Civilkrishanteringsuppdrag - CMC Finland\",\"isPartOf\":{\"@id\":\"https:\\\/\\\/www.cmcfinland.fi\\\/#website\"},\"datePublished\":\"2024-02-08T11:46:42+00:00\",\"dateModified\":\"2024-04-18T11:22:17+00:00\",\"breadcrumb\":{\"@id\":\"https:\\\/\\\/www.cmcfinland.fi\\\/sv\\\/internationella-uppdrag\\\/civilkrishanteringsuppdrag\\\/#breadcrumb\"},\"inLanguage\":\"sv-SE\",\"potentialAction\":[{\"@type\":\"ReadAction\",\"target\":[\"https:\\\/\\\/www.cmcfinland.fi\\\/sv\\\/internationella-uppdrag\\\/civilkrishanteringsuppdrag\\\/\"]}]},{\"@type\":\"BreadcrumbList\",\"@id\":\"https:\\\/\\\/www.cmcfinland.fi\\\/sv\\\/internationella-uppdrag\\\/civilkrishanteringsuppdrag\\\/#breadcrumb\",\"itemListElement\":[{\"@type\":\"ListItem\",\"position\":1,\"name\":\"Framsida\",\"item\":\"https:\\\/\\\/www.cmcfinland.fi\\\/sv\\\/\"},{\"@type\":\"ListItem\",\"position\":2,\"name\":\"Internationella uppdrag\",\"item\":\"https:\\\/\\\/www.cmcfinland.fi\\\/sv\\\/internationella-uppdrag\\\/\"},{\"@type\":\"ListItem\",\"position\":3,\"name\":\"Civilkrishanteringsuppdrag\"}]},{\"@type\":\"WebSite\",\"@id\":\"https:\\\/\\\/www.cmcfinland.fi\\\/#website\",\"url\":\"https:\\\/\\\/www.cmcfinland.fi\\\/\",\"name\":\"CMC Finland\",\"description\":\"Kriisinhallintakeskus\",\"publisher\":{\"@id\":\"https:\\\/\\\/www.cmcfinland.fi\\\/#organization\"},\"potentialAction\":[{\"@type\":\"SearchAction\",\"target\":{\"@type\":\"EntryPoint\",\"urlTemplate\":\"https:\\\/\\\/www.cmcfinland.fi\\\/?s={search_term_string}\"},\"query-input\":{\"@type\":\"PropertyValueSpecification\",\"valueRequired\":true,\"valueName\":\"search_term_string\"}}],\"inLanguage\":\"sv-SE\"},{\"@type\":\"Organization\",\"@id\":\"https:\\\/\\\/www.cmcfinland.fi\\\/#organization\",\"name\":\"CMC Finland\",\"url\":\"https:\\\/\\\/www.cmcfinland.fi\\\/\",\"logo\":{\"@type\":\"ImageObject\",\"inLanguage\":\"sv-SE\",\"@id\":\"https:\\\/\\\/www.cmcfinland.fi\\\/#\\\/schema\\\/logo\\\/image\\\/\",\"url\":\"https:\\\/\\\/www.cmcfinland.fi\\\/wp-content\\\/uploads\\\/2024\\\/01\\\/CMC_finland_logo_musta.png\",\"contentUrl\":\"https:\\\/\\\/www.cmcfinland.fi\\\/wp-content\\\/uploads\\\/2024\\\/01\\\/CMC_finland_logo_musta.png\",\"width\":272,\"height\":88,\"caption\":\"CMC Finland\"},\"image\":{\"@id\":\"https:\\\/\\\/www.cmcfinland.fi\\\/#\\\/schema\\\/logo\\\/image\\\/\"},\"sameAs\":[\"https:\\\/\\\/www.facebook.com\\\/cmc.finland\\\/\",\"https:\\\/\\\/x.com\\\/CMCFinland\",\"https:\\\/\\\/www.instagram.com\\\/cmc.finland\\\/\",\"https:\\\/\\\/www.youtube.com\\\/channel\\\/UC49g1WmKq81Amw1ZUa5ZRKA\",\"https:\\\/\\\/www.linkedin.com\\\/company\\\/crisis-management-centre-cmc-finland\\\/\"]}]}<\/script>\n<!-- \/ Yoast SEO plugin. -->","yoast_head_json":{"title":"Civilkrishanteringsuppdrag - CMC Finland","robots":{"index":"index","follow":"follow","max-snippet":"max-snippet:-1","max-image-preview":"max-image-preview:large","max-video-preview":"max-video-preview:-1"},"canonical":"https:\/\/www.cmcfinland.fi\/sv\/internationella-uppdrag\/civilkrishanteringsuppdrag\/","og_locale":"sv_SE","og_type":"article","og_title":"Civilkrishanteringsuppdrag - CMC Finland","og_url":"https:\/\/www.cmcfinland.fi\/sv\/internationella-uppdrag\/civilkrishanteringsuppdrag\/","og_site_name":"CMC Finland","article_publisher":"https:\/\/www.facebook.com\/cmc.finland\/","article_modified_time":"2024-04-18T11:22:17+00:00","twitter_card":"summary_large_image","twitter_site":"@CMCFinland","twitter_misc":{"Est. reading time":"1 minute"},"schema":{"@context":"https:\/\/schema.org","@graph":[{"@type":"WebPage","@id":"https:\/\/www.cmcfinland.fi\/sv\/internationella-uppdrag\/civilkrishanteringsuppdrag\/","url":"https:\/\/www.cmcfinland.fi\/sv\/internationella-uppdrag\/civilkrishanteringsuppdrag\/","name":"Civilkrishanteringsuppdrag - CMC Finland","isPartOf":{"@id":"https:\/\/www.cmcfinland.fi\/#website"},"datePublished":"2024-02-08T11:46:42+00:00","dateModified":"2024-04-18T11:22:17+00:00","breadcrumb":{"@id":"https:\/\/www.cmcfinland.fi\/sv\/internationella-uppdrag\/civilkrishanteringsuppdrag\/#breadcrumb"},"inLanguage":"sv-SE","potentialAction":[{"@type":"ReadAction","target":["https:\/\/www.cmcfinland.fi\/sv\/internationella-uppdrag\/civilkrishanteringsuppdrag\/"]}]},{"@type":"BreadcrumbList","@id":"https:\/\/www.cmcfinland.fi\/sv\/internationella-uppdrag\/civilkrishanteringsuppdrag\/#breadcrumb","itemListElement":[{"@type":"ListItem","position":1,"name":"Framsida","item":"https:\/\/www.cmcfinland.fi\/sv\/"},{"@type":"ListItem","position":2,"name":"Internationella uppdrag","item":"https:\/\/www.cmcfinland.fi\/sv\/internationella-uppdrag\/"},{"@type":"ListItem","position":3,"name":"Civilkrishanteringsuppdrag"}]},{"@type":"WebSite","@id":"https:\/\/www.cmcfinland.fi\/#website","url":"https:\/\/www.cmcfinland.fi\/","name":"CMC Finland","description":"Kriisinhallintakeskus","publisher":{"@id":"https:\/\/www.cmcfinland.fi\/#organization"},"potentialAction":[{"@type":"SearchAction","target":{"@type":"EntryPoint","urlTemplate":"https:\/\/www.cmcfinland.fi\/?s={search_term_string}"},"query-input":{"@type":"PropertyValueSpecification","valueRequired":true,"valueName":"search_term_string"}}],"inLanguage":"sv-SE"},{"@type":"Organization","@id":"https:\/\/www.cmcfinland.fi\/#organization","name":"CMC Finland","url":"https:\/\/www.cmcfinland.fi\/","logo":{"@type":"ImageObject","inLanguage":"sv-SE","@id":"https:\/\/www.cmcfinland.fi\/#\/schema\/logo\/image\/","url":"https:\/\/www.cmcfinland.fi\/wp-content\/uploads\/2024\/01\/CMC_finland_logo_musta.png","contentUrl":"https:\/\/www.cmcfinland.fi\/wp-content\/uploads\/2024\/01\/CMC_finland_logo_musta.png","width":272,"height":88,"caption":"CMC Finland"},"image":{"@id":"https:\/\/www.cmcfinland.fi\/#\/schema\/logo\/image\/"},"sameAs":["https:\/\/www.facebook.com\/cmc.finland\/","https:\/\/x.com\/CMCFinland","https:\/\/www.instagram.com\/cmc.finland\/","https:\/\/www.youtube.com\/channel\/UC49g1WmKq81Amw1ZUa5ZRKA","https:\/\/www.linkedin.com\/company\/crisis-management-centre-cmc-finland\/"]}]}},"_links":{"self":[{"href":"https:\/\/www.cmcfinland.fi\/sv\/wp-json\/wp\/v2\/pages\/21118","targetHints":{"allow":["GET"]}}],"collection":[{"href":"https:\/\/www.cmcfinland.fi\/sv\/wp-json\/wp\/v2\/pages"}],"about":[{"href":"https:\/\/www.cmcfinland.fi\/sv\/wp-json\/wp\/v2\/types\/page"}],"author":[{"embeddable":true,"href":"https:\/\/www.cmcfinland.fi\/sv\/wp-json\/wp\/v2\/users\/1"}],"replies":[{"embeddable":true,"href":"https:\/\/www.cmcfinland.fi\/sv\/wp-json\/wp\/v2\/comments?post=21118"}],"version-history":[{"count":6,"href":"https:\/\/www.cmcfinland.fi\/sv\/wp-json\/wp\/v2\/pages\/21118\/revisions"}],"predecessor-version":[{"id":22108,"href":"https:\/\/www.cmcfinland.fi\/sv\/wp-json\/wp\/v2\/pages\/21118\/revisions\/22108"}],"up":[{"embeddable":true,"href":"https:\/\/www.cmcfinland.fi\/sv\/wp-json\/wp\/v2\/pages\/21522"}],"wp:attachment":[{"href":"https:\/\/www.cmcfinland.fi\/sv\/wp-json\/wp\/v2\/media?parent=21118"}],"curies":[{"name":"wp","href":"https:\/\/api.w.org\/{rel}","templated":true}]}}