{"id":21120,"date":"2021-11-17T10:20:45","date_gmt":"2021-11-17T08:20:45","guid":{"rendered":"https:\/\/cmc.iwn.co\/kansainvaliset-vaalitarkkailutehtavat\/"},"modified":"2024-04-19T10:00:59","modified_gmt":"2024-04-19T07:00:59","slug":"valobservationsuppdrag","status":"publish","type":"page","link":"https:\/\/www.cmcfinland.fi\/sv\/internationella-uppdrag\/valobservationsuppdrag\/","title":{"rendered":"Valobservationsuppdrag"},"content":{"rendered":"\n<section id=\"gmad6e833\" class=\"wp-block-gutentor-m3 alignfull section-gmad6e833 gutentor-module gutentor-container-cover has-image-bg has-custom-bg g-c-r-valign-mobile g-c-r-valign-tablet g-valign-c-desktop alasivu-top\"><div class=\"grid-container\">\n<section id=\"gm2da27e3\" class=\"wp-block-gutentor-m4 section-gm2da27e3 gutentor-module gutentor-advanced-columns\"><div class=\"grid-container\"><div class=\"grid-row\">\n<div id=\"col-gm182d50\" class=\"wp-block-gutentor-m4-col col-gm182d50 gutentor-single-column  grid-lg-12 grid-md-12 grid-12 header-breadcrumbs\"><div id=\"section-gm182d50\" class=\"section-gm182d50 gutentor-col-wrap\">\n<div id=\"section-ge4c70a\" class=\"wp-block-gutentor-e1 section-ge4c70a gutentor-element gutentor-element-advanced-text\"><div class=\"gutentor-text-wrap\"><h1 class=\"gutentor-text\">Valobservationsuppdrag<\/h1><\/div><\/div>\n\n\n<span><span><a href=\"https:\/\/www.cmcfinland.fi\/sv\/\">Framsida<\/a><\/span><\/span>\n<\/div><\/div>\n<\/div><\/div><\/section>\n<\/div><\/section>\n\n\n\n<section id=\"gme352245\" class=\"wp-block-gutentor-m3 alignwide section-gme352245 gutentor-module gutentor-container-cover\"><div class=\"grid-container\"><ul class=\"sivulistaus wp-block-page-list\"><li class=\"wp-block-pages-list__item\"><a class=\"wp-block-pages-list__item__link\" href=\"https:\/\/www.cmcfinland.fi\/sv\/internationella-uppdrag\/valobservationsuppdrag\/ansokan-till-eu-uppdrag\/\">Ans\u00f6kan till EU-uppdrag<\/a><\/li><li class=\"wp-block-pages-list__item\"><a class=\"wp-block-pages-list__item__link\" href=\"https:\/\/www.cmcfinland.fi\/sv\/internationella-uppdrag\/valobservationsuppdrag\/ansokan-till-osse-uppdrag\/\">Ans\u00f6kan till OSSE-uppdrag<\/a><\/li><\/ul>\n\n\n<p><\/p>\n<\/div><\/section>\n\n\n\n<section id=\"gm67e686b\" class=\"wp-block-gutentor-m3 section-gm67e686b gutentor-module gutentor-container-cover\"><div class=\"grid-container\">\n<h2 class=\"wp-block-heading\"><strong>Internationell valobservation<\/strong><\/h2>\n\n\n\n<p>Via Krishanteringscentret skickas valobservat\u00f6rer till l\u00e5ngvariga (LTO) och kortvariga (STO) valobservationsuppdrag inom Europeiska unionen och Organisationen f\u00f6r s\u00e4kerhet och samarbete i Europa OSSE. Krishanteringscentret anst\u00e4ller de experter som ska bli valobservat\u00f6rer vid OSSE i ett anst\u00e4llningsf\u00f6rh\u00e5llande enligt lagen om civil krishantering f\u00f6r den tid uppdraget varar. Krishanteringscentrets roll i EU:s valobservationsuppdrag begr\u00e4nsas till att rekrytera nationella kandidater.<\/p>\n\n\n\n<h2 class=\"wp-block-heading\"><strong>Nationella kontaktpersoner f\u00f6r valobservation<\/strong><\/h2>\n\n\n\n<p>Personalexperterna vid Krishanteringscentrets enhet f\u00f6r personal- och operationsst\u00f6d \u00e4r Finlands nationella kontaktpersoner i valobservations\u00e4renden som g\u00e4ller OSSE och EU. De nationella kontaktpersonerna f\u00f6r valobservation h\u00e5ller kontakt med OSSE:s och EU:s valobservationsenheter samt med andra l\u00e4nders nationella kontaktpersoner. Finlands nationella kontaktpersoner kontaktas b\u00e4st per e-post <a href=\"mailto:elections@cmcfinland.fi\">elections@cmcfinland.fi<\/a>.<\/p>\n\n\n\n<h2 class=\"wp-block-heading\"><strong>Deltagande i valobservation<\/strong><\/h2>\n\n\n\n<p>Finland skickar \u00e5rligen tiotals observat\u00f6rer till OSSE:s och EU:s valobservationsuppdrag. <a href=\"\/sv\/vara-experter-utomlands\/valobservation#vaalitarkkailu-kartta\">H\u00e4r ser du vart<\/a>.<\/p>\n\n\n\n<p><\/p>\n<\/div><\/section>\n","protected":false},"excerpt":{"rendered":"","protected":false},"author":2,"featured_media":0,"parent":21522,"menu_order":0,"comment_status":"closed","ping_status":"closed","template":"","meta":{"_acf_changed":false,"_relevanssi_hide_post":"","_relevanssi_hide_content":"","_relevanssi_pin_for_all":"","_relevanssi_pin_keywords":"","_relevanssi_unpin_keywords":"","_relevanssi_related_keywords":"","_relevanssi_related_include_ids":"","_relevanssi_related_exclude_ids":"","_relevanssi_related_no_append":"","_relevanssi_related_not_related":"","_relevanssi_related_posts":"15618,17699,18258,14359,17234,17623","_relevanssi_noindex_reason":"","footnotes":""},"class_list":["post-21120","page","type-page","status-publish"],"acf":[],"yoast_head":"<!-- This site is optimized with the Yoast SEO plugin v27.4 - https:\/\/yoast.com\/product\/yoast-seo-wordpress\/ -->\n<title>Valobservationsuppdrag - CMC Finland<\/title>\n<meta name=\"robots\" content=\"index, follow, max-snippet:-1, max-image-preview:large, max-video-preview:-1\" \/>\n<link rel=\"canonical\" href=\"https:\/\/www.cmcfinland.fi\/sv\/internationella-uppdrag\/valobservationsuppdrag\/\" \/>\n<meta property=\"og:locale\" content=\"sv_SE\" \/>\n<meta property=\"og:type\" content=\"article\" \/>\n<meta property=\"og:title\" content=\"Valobservationsuppdrag - CMC Finland\" \/>\n<meta property=\"og:url\" content=\"https:\/\/www.cmcfinland.fi\/sv\/internationella-uppdrag\/valobservationsuppdrag\/\" \/>\n<meta property=\"og:site_name\" content=\"CMC Finland\" \/>\n<meta property=\"article:publisher\" content=\"https:\/\/www.facebook.com\/cmc.finland\/\" \/>\n<meta property=\"article:modified_time\" content=\"2024-04-19T07:00:59+00:00\" \/>\n<meta name=\"twitter:card\" content=\"summary_large_image\" \/>\n<meta name=\"twitter:site\" content=\"@CMCFinland\" \/>\n<meta name=\"twitter:label1\" content=\"Est. reading time\" \/>\n\t<meta name=\"twitter:data1\" content=\"1 minute\" \/>\n<script type=\"application\/ld+json\" class=\"yoast-schema-graph\">{\"@context\":\"https:\\\/\\\/schema.org\",\"@graph\":[{\"@type\":\"WebPage\",\"@id\":\"https:\\\/\\\/www.cmcfinland.fi\\\/sv\\\/internationella-uppdrag\\\/valobservationsuppdrag\\\/\",\"url\":\"https:\\\/\\\/www.cmcfinland.fi\\\/sv\\\/internationella-uppdrag\\\/valobservationsuppdrag\\\/\",\"name\":\"Valobservationsuppdrag - CMC Finland\",\"isPartOf\":{\"@id\":\"https:\\\/\\\/www.cmcfinland.fi\\\/#website\"},\"datePublished\":\"2021-11-17T08:20:45+00:00\",\"dateModified\":\"2024-04-19T07:00:59+00:00\",\"breadcrumb\":{\"@id\":\"https:\\\/\\\/www.cmcfinland.fi\\\/sv\\\/internationella-uppdrag\\\/valobservationsuppdrag\\\/#breadcrumb\"},\"inLanguage\":\"sv-SE\",\"potentialAction\":[{\"@type\":\"ReadAction\",\"target\":[\"https:\\\/\\\/www.cmcfinland.fi\\\/sv\\\/internationella-uppdrag\\\/valobservationsuppdrag\\\/\"]}]},{\"@type\":\"BreadcrumbList\",\"@id\":\"https:\\\/\\\/www.cmcfinland.fi\\\/sv\\\/internationella-uppdrag\\\/valobservationsuppdrag\\\/#breadcrumb\",\"itemListElement\":[{\"@type\":\"ListItem\",\"position\":1,\"name\":\"Framsida\",\"item\":\"https:\\\/\\\/www.cmcfinland.fi\\\/sv\\\/\"},{\"@type\":\"ListItem\",\"position\":2,\"name\":\"Internationella uppdrag\",\"item\":\"https:\\\/\\\/www.cmcfinland.fi\\\/sv\\\/internationella-uppdrag\\\/\"},{\"@type\":\"ListItem\",\"position\":3,\"name\":\"Valobservationsuppdrag\"}]},{\"@type\":\"WebSite\",\"@id\":\"https:\\\/\\\/www.cmcfinland.fi\\\/#website\",\"url\":\"https:\\\/\\\/www.cmcfinland.fi\\\/\",\"name\":\"CMC Finland\",\"description\":\"Kriisinhallintakeskus\",\"publisher\":{\"@id\":\"https:\\\/\\\/www.cmcfinland.fi\\\/#organization\"},\"potentialAction\":[{\"@type\":\"SearchAction\",\"target\":{\"@type\":\"EntryPoint\",\"urlTemplate\":\"https:\\\/\\\/www.cmcfinland.fi\\\/?s={search_term_string}\"},\"query-input\":{\"@type\":\"PropertyValueSpecification\",\"valueRequired\":true,\"valueName\":\"search_term_string\"}}],\"inLanguage\":\"sv-SE\"},{\"@type\":\"Organization\",\"@id\":\"https:\\\/\\\/www.cmcfinland.fi\\\/#organization\",\"name\":\"CMC Finland\",\"url\":\"https:\\\/\\\/www.cmcfinland.fi\\\/\",\"logo\":{\"@type\":\"ImageObject\",\"inLanguage\":\"sv-SE\",\"@id\":\"https:\\\/\\\/www.cmcfinland.fi\\\/#\\\/schema\\\/logo\\\/image\\\/\",\"url\":\"https:\\\/\\\/www.cmcfinland.fi\\\/wp-content\\\/uploads\\\/2024\\\/01\\\/CMC_finland_logo_musta.png\",\"contentUrl\":\"https:\\\/\\\/www.cmcfinland.fi\\\/wp-content\\\/uploads\\\/2024\\\/01\\\/CMC_finland_logo_musta.png\",\"width\":272,\"height\":88,\"caption\":\"CMC Finland\"},\"image\":{\"@id\":\"https:\\\/\\\/www.cmcfinland.fi\\\/#\\\/schema\\\/logo\\\/image\\\/\"},\"sameAs\":[\"https:\\\/\\\/www.facebook.com\\\/cmc.finland\\\/\",\"https:\\\/\\\/x.com\\\/CMCFinland\",\"https:\\\/\\\/www.instagram.com\\\/cmc.finland\\\/\",\"https:\\\/\\\/www.youtube.com\\\/channel\\\/UC49g1WmKq81Amw1ZUa5ZRKA\",\"https:\\\/\\\/www.linkedin.com\\\/company\\\/crisis-management-centre-cmc-finland\\\/\"]}]}<\/script>\n<!-- \/ Yoast SEO plugin. -->","yoast_head_json":{"title":"Valobservationsuppdrag - CMC Finland","robots":{"index":"index","follow":"follow","max-snippet":"max-snippet:-1","max-image-preview":"max-image-preview:large","max-video-preview":"max-video-preview:-1"},"canonical":"https:\/\/www.cmcfinland.fi\/sv\/internationella-uppdrag\/valobservationsuppdrag\/","og_locale":"sv_SE","og_type":"article","og_title":"Valobservationsuppdrag - CMC Finland","og_url":"https:\/\/www.cmcfinland.fi\/sv\/internationella-uppdrag\/valobservationsuppdrag\/","og_site_name":"CMC Finland","article_publisher":"https:\/\/www.facebook.com\/cmc.finland\/","article_modified_time":"2024-04-19T07:00:59+00:00","twitter_card":"summary_large_image","twitter_site":"@CMCFinland","twitter_misc":{"Est. reading time":"1 minute"},"schema":{"@context":"https:\/\/schema.org","@graph":[{"@type":"WebPage","@id":"https:\/\/www.cmcfinland.fi\/sv\/internationella-uppdrag\/valobservationsuppdrag\/","url":"https:\/\/www.cmcfinland.fi\/sv\/internationella-uppdrag\/valobservationsuppdrag\/","name":"Valobservationsuppdrag - CMC Finland","isPartOf":{"@id":"https:\/\/www.cmcfinland.fi\/#website"},"datePublished":"2021-11-17T08:20:45+00:00","dateModified":"2024-04-19T07:00:59+00:00","breadcrumb":{"@id":"https:\/\/www.cmcfinland.fi\/sv\/internationella-uppdrag\/valobservationsuppdrag\/#breadcrumb"},"inLanguage":"sv-SE","potentialAction":[{"@type":"ReadAction","target":["https:\/\/www.cmcfinland.fi\/sv\/internationella-uppdrag\/valobservationsuppdrag\/"]}]},{"@type":"BreadcrumbList","@id":"https:\/\/www.cmcfinland.fi\/sv\/internationella-uppdrag\/valobservationsuppdrag\/#breadcrumb","itemListElement":[{"@type":"ListItem","position":1,"name":"Framsida","item":"https:\/\/www.cmcfinland.fi\/sv\/"},{"@type":"ListItem","position":2,"name":"Internationella uppdrag","item":"https:\/\/www.cmcfinland.fi\/sv\/internationella-uppdrag\/"},{"@type":"ListItem","position":3,"name":"Valobservationsuppdrag"}]},{"@type":"WebSite","@id":"https:\/\/www.cmcfinland.fi\/#website","url":"https:\/\/www.cmcfinland.fi\/","name":"CMC Finland","description":"Kriisinhallintakeskus","publisher":{"@id":"https:\/\/www.cmcfinland.fi\/#organization"},"potentialAction":[{"@type":"SearchAction","target":{"@type":"EntryPoint","urlTemplate":"https:\/\/www.cmcfinland.fi\/?s={search_term_string}"},"query-input":{"@type":"PropertyValueSpecification","valueRequired":true,"valueName":"search_term_string"}}],"inLanguage":"sv-SE"},{"@type":"Organization","@id":"https:\/\/www.cmcfinland.fi\/#organization","name":"CMC Finland","url":"https:\/\/www.cmcfinland.fi\/","logo":{"@type":"ImageObject","inLanguage":"sv-SE","@id":"https:\/\/www.cmcfinland.fi\/#\/schema\/logo\/image\/","url":"https:\/\/www.cmcfinland.fi\/wp-content\/uploads\/2024\/01\/CMC_finland_logo_musta.png","contentUrl":"https:\/\/www.cmcfinland.fi\/wp-content\/uploads\/2024\/01\/CMC_finland_logo_musta.png","width":272,"height":88,"caption":"CMC Finland"},"image":{"@id":"https:\/\/www.cmcfinland.fi\/#\/schema\/logo\/image\/"},"sameAs":["https:\/\/www.facebook.com\/cmc.finland\/","https:\/\/x.com\/CMCFinland","https:\/\/www.instagram.com\/cmc.finland\/","https:\/\/www.youtube.com\/channel\/UC49g1WmKq81Amw1ZUa5ZRKA","https:\/\/www.linkedin.com\/company\/crisis-management-centre-cmc-finland\/"]}]}},"_links":{"self":[{"href":"https:\/\/www.cmcfinland.fi\/sv\/wp-json\/wp\/v2\/pages\/21120","targetHints":{"allow":["GET"]}}],"collection":[{"href":"https:\/\/www.cmcfinland.fi\/sv\/wp-json\/wp\/v2\/pages"}],"about":[{"href":"https:\/\/www.cmcfinland.fi\/sv\/wp-json\/wp\/v2\/types\/page"}],"author":[{"embeddable":true,"href":"https:\/\/www.cmcfinland.fi\/sv\/wp-json\/wp\/v2\/users\/2"}],"replies":[{"embeddable":true,"href":"https:\/\/www.cmcfinland.fi\/sv\/wp-json\/wp\/v2\/comments?post=21120"}],"version-history":[{"count":19,"href":"https:\/\/www.cmcfinland.fi\/sv\/wp-json\/wp\/v2\/pages\/21120\/revisions"}],"predecessor-version":[{"id":22211,"href":"https:\/\/www.cmcfinland.fi\/sv\/wp-json\/wp\/v2\/pages\/21120\/revisions\/22211"}],"up":[{"embeddable":true,"href":"https:\/\/www.cmcfinland.fi\/sv\/wp-json\/wp\/v2\/pages\/21522"}],"wp:attachment":[{"href":"https:\/\/www.cmcfinland.fi\/sv\/wp-json\/wp\/v2\/media?parent=21120"}],"curies":[{"name":"wp","href":"https:\/\/api.w.org\/{rel}","templated":true}]}}