{"id":21166,"date":"2021-01-19T08:58:39","date_gmt":"2021-01-19T06:58:39","guid":{"rendered":"https:\/\/cmc.iwn.co\/krishanteringscentret\/kontaktuppgifter\/saapuminen-ja-esteettomyys\/"},"modified":"2024-04-18T13:35:32","modified_gmt":"2024-04-18T10:35:32","slug":"ankomst-och-tillganglighet","status":"publish","type":"page","link":"https:\/\/www.cmcfinland.fi\/sv\/om-oss\/kontakt-oss\/ankomst-och-tillganglighet\/","title":{"rendered":"Ankomst och tillg\u00e4nglighet"},"content":{"rendered":"\n<section id=\"gm234e1e2\" class=\"wp-block-gutentor-m3 alignfull section-gm234e1e2 gutentor-module gutentor-container-cover has-image-bg has-custom-bg g-c-r-valign-mobile g-c-r-valign-tablet g-valign-c-desktop alasivu-top\"><div class=\"grid-container\">\n<section id=\"gm1320774\" class=\"wp-block-gutentor-m4 section-gm1320774 gutentor-module gutentor-advanced-columns\"><div class=\"grid-container\"><div class=\"grid-row\">\n<div id=\"col-gmab3f7f\" class=\"wp-block-gutentor-m4-col col-gmab3f7f gutentor-single-column  grid-lg-6 grid-md-12 grid-12 header-breadcrumbs\"><div id=\"section-gmab3f7f\" class=\"section-gmab3f7f gutentor-col-wrap\">\n<div id=\"section-g913c27\" class=\"wp-block-gutentor-e1 section-g913c27 gutentor-element gutentor-element-advanced-text\"><div class=\"gutentor-text-wrap\"><h1 class=\"gutentor-text\"><strong>Ankomst och tillg\u00e4nglighet<\/strong><\/h1><\/div><\/div>\n\n\n<span><span><a href=\"https:\/\/www.cmcfinland.fi\/sv\/\">Framsida<\/a><\/span><\/span>\n<\/div><\/div>\n\n\n\n<div id=\"col-gm8a77f6\" class=\"wp-block-gutentor-m4-col col-gm8a77f6 gutentor-single-column  grid-lg-6 grid-md-12 grid-12\"><div id=\"section-gm8a77f6\" class=\"section-gm8a77f6 gutentor-col-wrap\"><\/div><\/div>\n<\/div><\/div><\/section>\n<\/div><\/section>\n\n\n\n<section id=\"gm7255a2d\" class=\"wp-block-gutentor-m3 alignwide section-gm7255a2d gutentor-module gutentor-container-cover\"><div class=\"grid-container\"><ul class=\"sivulistaus wp-block-page-list\"><li class=\"wp-block-pages-list__item\"><a class=\"wp-block-pages-list__item__link\" href=\"https:\/\/www.cmcfinland.fi\/sv\/om-oss\/kontakt-oss\/ankomst-och-tillganglighet\/\">Ankomst och tillg\u00e4nglighet<\/a><\/li><li class=\"wp-block-pages-list__item\"><a class=\"wp-block-pages-list__item__link\" href=\"https:\/\/www.cmcfinland.fi\/sv\/om-oss\/kontakt-oss\/fakturering\/\">Fakturering<\/a><\/li><li class=\"wp-block-pages-list__item\"><a class=\"wp-block-pages-list__item__link\" href=\"https:\/\/www.cmcfinland.fi\/sv\/om-oss\/kontakt-oss\/for-media\/\">F\u00f6r media<\/a><\/li><li class=\"wp-block-pages-list__item\"><a class=\"wp-block-pages-list__item__link\" href=\"https:\/\/www.cmcfinland.fi\/sv\/om-oss\/kontakt-oss\/kontaktformular\/\">Kontaktformul\u00e4r<\/a><\/li><\/ul>\n\n\n<p><\/p>\n<\/div><\/section>\n\n\n\n<section id=\"gmc5bb996\" class=\"wp-block-gutentor-m3 section-gmc5bb996 gutentor-module gutentor-container-cover\"><div class=\"grid-container\">\n<h2 class=\"wp-block-heading\">Ankomst och tillg\u00e4nglighet<\/h2>\n\n\n\n<p>Adress: Krishanteringscentret CMC Finland,&nbsp;<a href=\"https:\/\/www.google.fi\/maps\/place\/Ratapihantie+9,+00520+Helsinki\/@60.2001025,24.9322716,17z\/data=!3m1!4b1!4m5!3m4!1s0x4692098e1e1f5637:0xaec6526a07c31a78!8m2!3d60.2000999!4d24.9344602\" target=\"_blank\" rel=\"noreferrer noopener\">Bang\u00e5rdsv\u00e4gen 9<\/a>, 00520 Helsingfors.<\/p>\n\n\n\n<p>Krishanteringscentrets lokaler finns i B\u00f6le, p\u00e5 sj\u00e4tte v\u00e5ningen i kontorskvarteret. Ing\u00e5ng fr\u00e5n Bang\u00e5rdsv\u00e4gen.<\/p>\n\n\n\n<p>Kontorsbyggnadens reception finns p\u00e5 v\u00e5ning 1 i fastigheten och den \u00e4r \u00f6ppen p\u00e5 vardagar kl. 8.00\u201316.15. Alla bes\u00f6kare ombeds att i s\u00e5 god tid som m\u00f6jligt p\u00e5 f\u00f6rhand komma \u00f6verens om sitt bes\u00f6k med sin kontaktperson vid CMC. Efter att bes\u00f6karna har anm\u00e4lt sig vid receptionen h\u00e4mtas de till Krishanteringscentrets lokaler.<\/p>\n\n\n\n<p>De n\u00e4rmaste h\u00e5llplatserna f\u00f6r lokaltrafiken \u00e4r buss- och sp\u00e5rvagnsh\u00e5llplatserna vid Bang\u00e5rdsv\u00e4gen och B\u00f6le station, d\u00e4r \u00e4ven n\u00e4r- och fj\u00e4rrt\u00e5gen stannar. N\u00e4rmare information om sp\u00e5rvagnarnas och bussarnas rutter, tidtabeller och m\u00f6jliga permanenta eller tillf\u00e4lliga f\u00f6r\u00e4ndringar finns p\u00e5&nbsp;webbplatsen f\u00f6r&nbsp;<a href=\"https:\/\/www.hsl.fi\/sv\">Helsingforsregionens trafik.<\/a><\/p>\n\n\n\n<p>De n\u00e4rmaste avgiftsbelagda parkeringsplatserna: P-Veturi (p\u00e5b\u00f6rjad timme under tj\u00e4nstetid 2 \u20ac) och Aimo Park Scandic Pasila (p\u00e5b\u00f6rjad timme 2 \u20ac)<\/p>\n\n\n\n<p>Krishanteringscentret \u00e4r en r\u00f6k- och doftfri arbetsplats.<\/p>\n<\/div><\/section>\n","protected":false},"excerpt":{"rendered":"","protected":false},"author":5,"featured_media":0,"parent":173,"menu_order":0,"comment_status":"closed","ping_status":"closed","template":"","meta":{"_acf_changed":false,"_relevanssi_hide_post":"","_relevanssi_hide_content":"","_relevanssi_pin_for_all":"","_relevanssi_pin_keywords":"","_relevanssi_unpin_keywords":"","_relevanssi_related_keywords":"","_relevanssi_related_include_ids":"","_relevanssi_related_exclude_ids":"","_relevanssi_related_no_append":"","_relevanssi_related_not_related":"","_relevanssi_related_posts":"17666,18029,12331,18168,12227,9235","_relevanssi_noindex_reason":"","footnotes":""},"class_list":["post-21166","page","type-page","status-publish"],"acf":[],"yoast_head":"<!-- This site is optimized with the Yoast SEO plugin v27.4 - https:\/\/yoast.com\/product\/yoast-seo-wordpress\/ -->\n<title>Ankomst och tillg\u00e4nglighet - CMC Finland<\/title>\n<meta name=\"robots\" content=\"index, follow, max-snippet:-1, max-image-preview:large, max-video-preview:-1\" \/>\n<link rel=\"canonical\" href=\"https:\/\/www.cmcfinland.fi\/sv\/om-oss\/kontakt-oss\/ankomst-och-tillganglighet\/\" \/>\n<meta property=\"og:locale\" content=\"sv_SE\" \/>\n<meta property=\"og:type\" content=\"article\" \/>\n<meta property=\"og:title\" content=\"Ankomst och tillg\u00e4nglighet - CMC Finland\" \/>\n<meta property=\"og:url\" content=\"https:\/\/www.cmcfinland.fi\/sv\/om-oss\/kontakt-oss\/ankomst-och-tillganglighet\/\" \/>\n<meta property=\"og:site_name\" content=\"CMC Finland\" \/>\n<meta property=\"article:publisher\" content=\"https:\/\/www.facebook.com\/cmc.finland\/\" \/>\n<meta property=\"article:modified_time\" content=\"2024-04-18T10:35:32+00:00\" \/>\n<meta name=\"twitter:card\" content=\"summary_large_image\" \/>\n<meta name=\"twitter:site\" content=\"@CMCFinland\" \/>\n<meta name=\"twitter:label1\" content=\"Est. reading time\" \/>\n\t<meta name=\"twitter:data1\" content=\"1 minute\" \/>\n<script type=\"application\/ld+json\" class=\"yoast-schema-graph\">{\"@context\":\"https:\\\/\\\/schema.org\",\"@graph\":[{\"@type\":\"WebPage\",\"@id\":\"https:\\\/\\\/www.cmcfinland.fi\\\/sv\\\/om-oss\\\/kontakt-oss\\\/ankomst-och-tillganglighet\\\/\",\"url\":\"https:\\\/\\\/www.cmcfinland.fi\\\/sv\\\/om-oss\\\/kontakt-oss\\\/ankomst-och-tillganglighet\\\/\",\"name\":\"Ankomst och tillg\u00e4nglighet - CMC Finland\",\"isPartOf\":{\"@id\":\"https:\\\/\\\/www.cmcfinland.fi\\\/#website\"},\"datePublished\":\"2021-01-19T06:58:39+00:00\",\"dateModified\":\"2024-04-18T10:35:32+00:00\",\"breadcrumb\":{\"@id\":\"https:\\\/\\\/www.cmcfinland.fi\\\/sv\\\/om-oss\\\/kontakt-oss\\\/ankomst-och-tillganglighet\\\/#breadcrumb\"},\"inLanguage\":\"sv-SE\",\"potentialAction\":[{\"@type\":\"ReadAction\",\"target\":[\"https:\\\/\\\/www.cmcfinland.fi\\\/sv\\\/om-oss\\\/kontakt-oss\\\/ankomst-och-tillganglighet\\\/\"]}]},{\"@type\":\"BreadcrumbList\",\"@id\":\"https:\\\/\\\/www.cmcfinland.fi\\\/sv\\\/om-oss\\\/kontakt-oss\\\/ankomst-och-tillganglighet\\\/#breadcrumb\",\"itemListElement\":[{\"@type\":\"ListItem\",\"position\":1,\"name\":\"Framsida\",\"item\":\"https:\\\/\\\/www.cmcfinland.fi\\\/sv\\\/\"},{\"@type\":\"ListItem\",\"position\":2,\"name\":\"Om oss\",\"item\":\"https:\\\/\\\/www.cmcfinland.fi\\\/sv\\\/om-oss\\\/\"},{\"@type\":\"ListItem\",\"position\":3,\"name\":\"Kontakt oss\",\"item\":\"https:\\\/\\\/www.cmcfinland.fi\\\/sv\\\/om-oss\\\/kontakt-oss\\\/\"},{\"@type\":\"ListItem\",\"position\":4,\"name\":\"Ankomst och tillg\u00e4nglighet\"}]},{\"@type\":\"WebSite\",\"@id\":\"https:\\\/\\\/www.cmcfinland.fi\\\/#website\",\"url\":\"https:\\\/\\\/www.cmcfinland.fi\\\/\",\"name\":\"CMC Finland\",\"description\":\"Kriisinhallintakeskus\",\"publisher\":{\"@id\":\"https:\\\/\\\/www.cmcfinland.fi\\\/#organization\"},\"potentialAction\":[{\"@type\":\"SearchAction\",\"target\":{\"@type\":\"EntryPoint\",\"urlTemplate\":\"https:\\\/\\\/www.cmcfinland.fi\\\/?s={search_term_string}\"},\"query-input\":{\"@type\":\"PropertyValueSpecification\",\"valueRequired\":true,\"valueName\":\"search_term_string\"}}],\"inLanguage\":\"sv-SE\"},{\"@type\":\"Organization\",\"@id\":\"https:\\\/\\\/www.cmcfinland.fi\\\/#organization\",\"name\":\"CMC Finland\",\"url\":\"https:\\\/\\\/www.cmcfinland.fi\\\/\",\"logo\":{\"@type\":\"ImageObject\",\"inLanguage\":\"sv-SE\",\"@id\":\"https:\\\/\\\/www.cmcfinland.fi\\\/#\\\/schema\\\/logo\\\/image\\\/\",\"url\":\"https:\\\/\\\/www.cmcfinland.fi\\\/wp-content\\\/uploads\\\/2024\\\/01\\\/CMC_finland_logo_musta.png\",\"contentUrl\":\"https:\\\/\\\/www.cmcfinland.fi\\\/wp-content\\\/uploads\\\/2024\\\/01\\\/CMC_finland_logo_musta.png\",\"width\":272,\"height\":88,\"caption\":\"CMC Finland\"},\"image\":{\"@id\":\"https:\\\/\\\/www.cmcfinland.fi\\\/#\\\/schema\\\/logo\\\/image\\\/\"},\"sameAs\":[\"https:\\\/\\\/www.facebook.com\\\/cmc.finland\\\/\",\"https:\\\/\\\/x.com\\\/CMCFinland\",\"https:\\\/\\\/www.instagram.com\\\/cmc.finland\\\/\",\"https:\\\/\\\/www.youtube.com\\\/channel\\\/UC49g1WmKq81Amw1ZUa5ZRKA\",\"https:\\\/\\\/www.linkedin.com\\\/company\\\/crisis-management-centre-cmc-finland\\\/\"]}]}<\/script>\n<!-- \/ Yoast SEO plugin. -->","yoast_head_json":{"title":"Ankomst och tillg\u00e4nglighet - CMC Finland","robots":{"index":"index","follow":"follow","max-snippet":"max-snippet:-1","max-image-preview":"max-image-preview:large","max-video-preview":"max-video-preview:-1"},"canonical":"https:\/\/www.cmcfinland.fi\/sv\/om-oss\/kontakt-oss\/ankomst-och-tillganglighet\/","og_locale":"sv_SE","og_type":"article","og_title":"Ankomst och tillg\u00e4nglighet - CMC Finland","og_url":"https:\/\/www.cmcfinland.fi\/sv\/om-oss\/kontakt-oss\/ankomst-och-tillganglighet\/","og_site_name":"CMC Finland","article_publisher":"https:\/\/www.facebook.com\/cmc.finland\/","article_modified_time":"2024-04-18T10:35:32+00:00","twitter_card":"summary_large_image","twitter_site":"@CMCFinland","twitter_misc":{"Est. reading time":"1 minute"},"schema":{"@context":"https:\/\/schema.org","@graph":[{"@type":"WebPage","@id":"https:\/\/www.cmcfinland.fi\/sv\/om-oss\/kontakt-oss\/ankomst-och-tillganglighet\/","url":"https:\/\/www.cmcfinland.fi\/sv\/om-oss\/kontakt-oss\/ankomst-och-tillganglighet\/","name":"Ankomst och tillg\u00e4nglighet - CMC Finland","isPartOf":{"@id":"https:\/\/www.cmcfinland.fi\/#website"},"datePublished":"2021-01-19T06:58:39+00:00","dateModified":"2024-04-18T10:35:32+00:00","breadcrumb":{"@id":"https:\/\/www.cmcfinland.fi\/sv\/om-oss\/kontakt-oss\/ankomst-och-tillganglighet\/#breadcrumb"},"inLanguage":"sv-SE","potentialAction":[{"@type":"ReadAction","target":["https:\/\/www.cmcfinland.fi\/sv\/om-oss\/kontakt-oss\/ankomst-och-tillganglighet\/"]}]},{"@type":"BreadcrumbList","@id":"https:\/\/www.cmcfinland.fi\/sv\/om-oss\/kontakt-oss\/ankomst-och-tillganglighet\/#breadcrumb","itemListElement":[{"@type":"ListItem","position":1,"name":"Framsida","item":"https:\/\/www.cmcfinland.fi\/sv\/"},{"@type":"ListItem","position":2,"name":"Om oss","item":"https:\/\/www.cmcfinland.fi\/sv\/om-oss\/"},{"@type":"ListItem","position":3,"name":"Kontakt oss","item":"https:\/\/www.cmcfinland.fi\/sv\/om-oss\/kontakt-oss\/"},{"@type":"ListItem","position":4,"name":"Ankomst och tillg\u00e4nglighet"}]},{"@type":"WebSite","@id":"https:\/\/www.cmcfinland.fi\/#website","url":"https:\/\/www.cmcfinland.fi\/","name":"CMC Finland","description":"Kriisinhallintakeskus","publisher":{"@id":"https:\/\/www.cmcfinland.fi\/#organization"},"potentialAction":[{"@type":"SearchAction","target":{"@type":"EntryPoint","urlTemplate":"https:\/\/www.cmcfinland.fi\/?s={search_term_string}"},"query-input":{"@type":"PropertyValueSpecification","valueRequired":true,"valueName":"search_term_string"}}],"inLanguage":"sv-SE"},{"@type":"Organization","@id":"https:\/\/www.cmcfinland.fi\/#organization","name":"CMC Finland","url":"https:\/\/www.cmcfinland.fi\/","logo":{"@type":"ImageObject","inLanguage":"sv-SE","@id":"https:\/\/www.cmcfinland.fi\/#\/schema\/logo\/image\/","url":"https:\/\/www.cmcfinland.fi\/wp-content\/uploads\/2024\/01\/CMC_finland_logo_musta.png","contentUrl":"https:\/\/www.cmcfinland.fi\/wp-content\/uploads\/2024\/01\/CMC_finland_logo_musta.png","width":272,"height":88,"caption":"CMC Finland"},"image":{"@id":"https:\/\/www.cmcfinland.fi\/#\/schema\/logo\/image\/"},"sameAs":["https:\/\/www.facebook.com\/cmc.finland\/","https:\/\/x.com\/CMCFinland","https:\/\/www.instagram.com\/cmc.finland\/","https:\/\/www.youtube.com\/channel\/UC49g1WmKq81Amw1ZUa5ZRKA","https:\/\/www.linkedin.com\/company\/crisis-management-centre-cmc-finland\/"]}]}},"_links":{"self":[{"href":"https:\/\/www.cmcfinland.fi\/sv\/wp-json\/wp\/v2\/pages\/21166","targetHints":{"allow":["GET"]}}],"collection":[{"href":"https:\/\/www.cmcfinland.fi\/sv\/wp-json\/wp\/v2\/pages"}],"about":[{"href":"https:\/\/www.cmcfinland.fi\/sv\/wp-json\/wp\/v2\/types\/page"}],"author":[{"embeddable":true,"href":"https:\/\/www.cmcfinland.fi\/sv\/wp-json\/wp\/v2\/users\/5"}],"replies":[{"embeddable":true,"href":"https:\/\/www.cmcfinland.fi\/sv\/wp-json\/wp\/v2\/comments?post=21166"}],"version-history":[{"count":3,"href":"https:\/\/www.cmcfinland.fi\/sv\/wp-json\/wp\/v2\/pages\/21166\/revisions"}],"predecessor-version":[{"id":22057,"href":"https:\/\/www.cmcfinland.fi\/sv\/wp-json\/wp\/v2\/pages\/21166\/revisions\/22057"}],"up":[{"embeddable":true,"href":"https:\/\/www.cmcfinland.fi\/sv\/wp-json\/wp\/v2\/pages\/173"}],"wp:attachment":[{"href":"https:\/\/www.cmcfinland.fi\/sv\/wp-json\/wp\/v2\/media?parent=21166"}],"curies":[{"name":"wp","href":"https:\/\/api.w.org\/{rel}","templated":true}]}}