{"id":21170,"date":"2021-02-08T14:24:06","date_gmt":"2021-02-08T12:24:06","guid":{"rendered":"https:\/\/cmc.iwn.co\/krishanteringscentret\/kontaktuppgifter\/medialle\/"},"modified":"2025-03-05T09:54:53","modified_gmt":"2025-03-05T07:54:53","slug":"for-media","status":"publish","type":"page","link":"https:\/\/www.cmcfinland.fi\/sv\/om-oss\/kontakt-oss\/for-media\/","title":{"rendered":"F\u00f6r media"},"content":{"rendered":"\n<section id=\"gm6399515\" class=\"wp-block-gutentor-m3 alignfull section-gm6399515 gutentor-module gutentor-container-cover has-image-bg has-custom-bg g-c-r-valign-mobile g-c-r-valign-tablet g-valign-c-desktop alasivu-top\"><div class=\"grid-container\">\n<section id=\"gm4669547\" class=\"wp-block-gutentor-m4 section-gm4669547 gutentor-module gutentor-advanced-columns\"><div class=\"grid-container\"><div class=\"grid-row\">\n<div id=\"col-gm385019\" class=\"wp-block-gutentor-m4-col col-gm385019 gutentor-single-column  grid-lg-6 grid-md-12 grid-12 header-breadcrumbs\"><div id=\"section-gm385019\" class=\"section-gm385019 gutentor-col-wrap\">\n<div id=\"section-g93b0be\" class=\"wp-block-gutentor-e1 section-g93b0be gutentor-element gutentor-element-advanced-text\"><div class=\"gutentor-text-wrap\"><h1 class=\"gutentor-text\"><strong><strong><strong>F\u00f6r media<\/strong><\/strong><\/strong><\/h1><\/div><\/div>\n\n\n<span><span><a href=\"https:\/\/www.cmcfinland.fi\/sv\/\">Framsida<\/a><\/span><\/span>\n<\/div><\/div>\n\n\n\n<div id=\"col-gm07b0d5\" class=\"wp-block-gutentor-m4-col col-gm07b0d5 gutentor-single-column  grid-lg-6 grid-md-12 grid-12\"><div id=\"section-gm07b0d5\" class=\"section-gm07b0d5 gutentor-col-wrap\"><\/div><\/div>\n<\/div><\/div><\/section>\n<\/div><\/section>\n\n\n\n<section id=\"gm8a1f6dc\" class=\"wp-block-gutentor-m3 alignwide section-gm8a1f6dc gutentor-module gutentor-container-cover\"><div class=\"grid-container\"><ul class=\"sivulistaus wp-block-page-list\"><li class=\"wp-block-pages-list__item\"><a class=\"wp-block-pages-list__item__link\" href=\"https:\/\/www.cmcfinland.fi\/sv\/om-oss\/kontakt-oss\/ankomst-och-tillganglighet\/\">Ankomst och tillg\u00e4nglighet<\/a><\/li><li class=\"wp-block-pages-list__item\"><a class=\"wp-block-pages-list__item__link\" href=\"https:\/\/www.cmcfinland.fi\/sv\/om-oss\/kontakt-oss\/fakturering\/\">Fakturering<\/a><\/li><li class=\"wp-block-pages-list__item\"><a class=\"wp-block-pages-list__item__link\" href=\"https:\/\/www.cmcfinland.fi\/sv\/om-oss\/kontakt-oss\/for-media\/\">F\u00f6r media<\/a><\/li><li class=\"wp-block-pages-list__item\"><a class=\"wp-block-pages-list__item__link\" href=\"https:\/\/www.cmcfinland.fi\/sv\/om-oss\/kontakt-oss\/kontaktformular\/\">Kontaktformul\u00e4r<\/a><\/li><\/ul>\n\n\n<p><\/p>\n<\/div><\/section>\n\n\n\n<section id=\"gmf59c72d\" class=\"wp-block-gutentor-m3 section-gmf59c72d gutentor-module gutentor-container-cover\"><div class=\"grid-container\">\n<h3 class=\"wp-block-heading\">F\u00f6r media<\/h3>\n\n\n\n<p>V\u00e5r kommunikationsexpert hj\u00e4lper representanter f\u00f6r media att hitta r\u00e4tt information och experter.<\/p>\n\n\n\n<p>Krishanteringscentrets logotyp kan anv\u00e4ndas som illustration i medierna n\u00e4r \u00e4mnet anknyter till Krishanteringscentret. Vid behov f\u00e5s en tryckbar logotyp av kommunikationsexperten.<\/p>\n\n\n\n<p><\/p>\n\n\n\n<p><\/p>\n\n\n\n<figure class=\"wp-block-image is-resized\"><img loading=\"lazy\" decoding=\"async\" width=\"1024\" height=\"332\" src=\"https:\/\/www.cmcfinland.fi\/wp-content\/uploads\/2024\/04\/CMC-Finland-Logo-RGB-Blue-1024x332.jpg\" alt=\"\" class=\"wp-image-20589\" style=\"width:489px;height:auto\" srcset=\"https:\/\/www.cmcfinland.fi\/wp-content\/uploads\/2024\/04\/CMC-Finland-Logo-RGB-Blue-1024x332.jpg 1024w, https:\/\/www.cmcfinland.fi\/wp-content\/uploads\/2024\/04\/CMC-Finland-Logo-RGB-Blue-300x97.jpg 300w, https:\/\/www.cmcfinland.fi\/wp-content\/uploads\/2024\/04\/CMC-Finland-Logo-RGB-Blue-768x249.jpg 768w, https:\/\/www.cmcfinland.fi\/wp-content\/uploads\/2024\/04\/CMC-Finland-Logo-RGB-Blue.jpg 1250w\" sizes=\"auto, (max-width: 1024px) 100vw, 1024px\" \/><\/figure>\n\n\n\n<p><\/p>\n\n\n\n<p><\/p>\n\n\n\n<p>Kommunikationsexperten tillhandah\u00e5ller ocks\u00e5 fotografier av krishanteringscentralens personal och v\u00e5ra experter utomlands.<\/p>\n<\/div><\/section>\n","protected":false},"excerpt":{"rendered":"","protected":false},"author":1,"featured_media":0,"parent":173,"menu_order":0,"comment_status":"closed","ping_status":"closed","template":"","meta":{"_acf_changed":false,"_relevanssi_hide_post":"","_relevanssi_hide_content":"","_relevanssi_pin_for_all":"","_relevanssi_pin_keywords":"","_relevanssi_unpin_keywords":"","_relevanssi_related_keywords":"","_relevanssi_related_include_ids":"","_relevanssi_related_exclude_ids":"","_relevanssi_related_no_append":"","_relevanssi_related_not_related":"","_relevanssi_related_posts":"16365,16429,17451,11422,8161,15292","_relevanssi_noindex_reason":"","footnotes":""},"class_list":["post-21170","page","type-page","status-publish"],"acf":[],"yoast_head":"<!-- This site is optimized with the Yoast SEO plugin v27.4 - https:\/\/yoast.com\/product\/yoast-seo-wordpress\/ -->\n<title>F\u00f6r media - CMC Finland<\/title>\n<meta name=\"robots\" content=\"index, follow, max-snippet:-1, max-image-preview:large, max-video-preview:-1\" \/>\n<link rel=\"canonical\" href=\"https:\/\/www.cmcfinland.fi\/sv\/om-oss\/kontakt-oss\/for-media\/\" \/>\n<meta property=\"og:locale\" content=\"sv_SE\" \/>\n<meta property=\"og:type\" content=\"article\" \/>\n<meta property=\"og:title\" content=\"F\u00f6r media - CMC Finland\" \/>\n<meta property=\"og:url\" content=\"https:\/\/www.cmcfinland.fi\/sv\/om-oss\/kontakt-oss\/for-media\/\" \/>\n<meta property=\"og:site_name\" content=\"CMC Finland\" \/>\n<meta property=\"article:publisher\" content=\"https:\/\/www.facebook.com\/cmc.finland\/\" \/>\n<meta property=\"article:modified_time\" content=\"2025-03-05T07:54:53+00:00\" \/>\n<meta property=\"og:image\" content=\"https:\/\/www.cmcfinland.fi\/wp-content\/uploads\/2024\/04\/CMC-Finland-Logo-RGB-Blue.jpg\" \/>\n\t<meta property=\"og:image:width\" content=\"1250\" \/>\n\t<meta property=\"og:image:height\" content=\"405\" \/>\n\t<meta property=\"og:image:type\" content=\"image\/jpeg\" \/>\n<meta name=\"twitter:card\" content=\"summary_large_image\" \/>\n<meta name=\"twitter:site\" content=\"@CMCFinland\" \/>\n<meta name=\"twitter:label1\" content=\"Est. reading time\" \/>\n\t<meta name=\"twitter:data1\" content=\"1 minute\" \/>\n<script type=\"application\/ld+json\" class=\"yoast-schema-graph\">{\"@context\":\"https:\\\/\\\/schema.org\",\"@graph\":[{\"@type\":\"WebPage\",\"@id\":\"https:\\\/\\\/www.cmcfinland.fi\\\/sv\\\/om-oss\\\/kontakt-oss\\\/for-media\\\/\",\"url\":\"https:\\\/\\\/www.cmcfinland.fi\\\/sv\\\/om-oss\\\/kontakt-oss\\\/for-media\\\/\",\"name\":\"F\u00f6r media - CMC Finland\",\"isPartOf\":{\"@id\":\"https:\\\/\\\/www.cmcfinland.fi\\\/#website\"},\"primaryImageOfPage\":{\"@id\":\"https:\\\/\\\/www.cmcfinland.fi\\\/sv\\\/om-oss\\\/kontakt-oss\\\/for-media\\\/#primaryimage\"},\"image\":{\"@id\":\"https:\\\/\\\/www.cmcfinland.fi\\\/sv\\\/om-oss\\\/kontakt-oss\\\/for-media\\\/#primaryimage\"},\"thumbnailUrl\":\"https:\\\/\\\/www.cmcfinland.fi\\\/wp-content\\\/uploads\\\/2024\\\/04\\\/CMC-Finland-Logo-RGB-Blue-1024x332.jpg\",\"datePublished\":\"2021-02-08T12:24:06+00:00\",\"dateModified\":\"2025-03-05T07:54:53+00:00\",\"breadcrumb\":{\"@id\":\"https:\\\/\\\/www.cmcfinland.fi\\\/sv\\\/om-oss\\\/kontakt-oss\\\/for-media\\\/#breadcrumb\"},\"inLanguage\":\"sv-SE\",\"potentialAction\":[{\"@type\":\"ReadAction\",\"target\":[\"https:\\\/\\\/www.cmcfinland.fi\\\/sv\\\/om-oss\\\/kontakt-oss\\\/for-media\\\/\"]}]},{\"@type\":\"ImageObject\",\"inLanguage\":\"sv-SE\",\"@id\":\"https:\\\/\\\/www.cmcfinland.fi\\\/sv\\\/om-oss\\\/kontakt-oss\\\/for-media\\\/#primaryimage\",\"url\":\"https:\\\/\\\/www.cmcfinland.fi\\\/wp-content\\\/uploads\\\/2024\\\/04\\\/CMC-Finland-Logo-RGB-Blue-1024x332.jpg\",\"contentUrl\":\"https:\\\/\\\/www.cmcfinland.fi\\\/wp-content\\\/uploads\\\/2024\\\/04\\\/CMC-Finland-Logo-RGB-Blue-1024x332.jpg\"},{\"@type\":\"BreadcrumbList\",\"@id\":\"https:\\\/\\\/www.cmcfinland.fi\\\/sv\\\/om-oss\\\/kontakt-oss\\\/for-media\\\/#breadcrumb\",\"itemListElement\":[{\"@type\":\"ListItem\",\"position\":1,\"name\":\"Framsida\",\"item\":\"https:\\\/\\\/www.cmcfinland.fi\\\/sv\\\/\"},{\"@type\":\"ListItem\",\"position\":2,\"name\":\"Om oss\",\"item\":\"https:\\\/\\\/www.cmcfinland.fi\\\/sv\\\/om-oss\\\/\"},{\"@type\":\"ListItem\",\"position\":3,\"name\":\"Kontakt oss\",\"item\":\"https:\\\/\\\/www.cmcfinland.fi\\\/sv\\\/om-oss\\\/kontakt-oss\\\/\"},{\"@type\":\"ListItem\",\"position\":4,\"name\":\"F\u00f6r media\"}]},{\"@type\":\"WebSite\",\"@id\":\"https:\\\/\\\/www.cmcfinland.fi\\\/#website\",\"url\":\"https:\\\/\\\/www.cmcfinland.fi\\\/\",\"name\":\"CMC Finland\",\"description\":\"Kriisinhallintakeskus\",\"publisher\":{\"@id\":\"https:\\\/\\\/www.cmcfinland.fi\\\/#organization\"},\"potentialAction\":[{\"@type\":\"SearchAction\",\"target\":{\"@type\":\"EntryPoint\",\"urlTemplate\":\"https:\\\/\\\/www.cmcfinland.fi\\\/?s={search_term_string}\"},\"query-input\":{\"@type\":\"PropertyValueSpecification\",\"valueRequired\":true,\"valueName\":\"search_term_string\"}}],\"inLanguage\":\"sv-SE\"},{\"@type\":\"Organization\",\"@id\":\"https:\\\/\\\/www.cmcfinland.fi\\\/#organization\",\"name\":\"CMC Finland\",\"url\":\"https:\\\/\\\/www.cmcfinland.fi\\\/\",\"logo\":{\"@type\":\"ImageObject\",\"inLanguage\":\"sv-SE\",\"@id\":\"https:\\\/\\\/www.cmcfinland.fi\\\/#\\\/schema\\\/logo\\\/image\\\/\",\"url\":\"https:\\\/\\\/www.cmcfinland.fi\\\/wp-content\\\/uploads\\\/2024\\\/01\\\/CMC_finland_logo_musta.png\",\"contentUrl\":\"https:\\\/\\\/www.cmcfinland.fi\\\/wp-content\\\/uploads\\\/2024\\\/01\\\/CMC_finland_logo_musta.png\",\"width\":272,\"height\":88,\"caption\":\"CMC Finland\"},\"image\":{\"@id\":\"https:\\\/\\\/www.cmcfinland.fi\\\/#\\\/schema\\\/logo\\\/image\\\/\"},\"sameAs\":[\"https:\\\/\\\/www.facebook.com\\\/cmc.finland\\\/\",\"https:\\\/\\\/x.com\\\/CMCFinland\",\"https:\\\/\\\/www.instagram.com\\\/cmc.finland\\\/\",\"https:\\\/\\\/www.youtube.com\\\/channel\\\/UC49g1WmKq81Amw1ZUa5ZRKA\",\"https:\\\/\\\/www.linkedin.com\\\/company\\\/crisis-management-centre-cmc-finland\\\/\"]}]}<\/script>\n<!-- \/ Yoast SEO plugin. -->","yoast_head_json":{"title":"F\u00f6r media - CMC Finland","robots":{"index":"index","follow":"follow","max-snippet":"max-snippet:-1","max-image-preview":"max-image-preview:large","max-video-preview":"max-video-preview:-1"},"canonical":"https:\/\/www.cmcfinland.fi\/sv\/om-oss\/kontakt-oss\/for-media\/","og_locale":"sv_SE","og_type":"article","og_title":"F\u00f6r media - CMC Finland","og_url":"https:\/\/www.cmcfinland.fi\/sv\/om-oss\/kontakt-oss\/for-media\/","og_site_name":"CMC Finland","article_publisher":"https:\/\/www.facebook.com\/cmc.finland\/","article_modified_time":"2025-03-05T07:54:53+00:00","og_image":[{"width":1250,"height":405,"url":"https:\/\/www.cmcfinland.fi\/wp-content\/uploads\/2024\/04\/CMC-Finland-Logo-RGB-Blue.jpg","type":"image\/jpeg"}],"twitter_card":"summary_large_image","twitter_site":"@CMCFinland","twitter_misc":{"Est. reading time":"1 minute"},"schema":{"@context":"https:\/\/schema.org","@graph":[{"@type":"WebPage","@id":"https:\/\/www.cmcfinland.fi\/sv\/om-oss\/kontakt-oss\/for-media\/","url":"https:\/\/www.cmcfinland.fi\/sv\/om-oss\/kontakt-oss\/for-media\/","name":"F\u00f6r media - CMC Finland","isPartOf":{"@id":"https:\/\/www.cmcfinland.fi\/#website"},"primaryImageOfPage":{"@id":"https:\/\/www.cmcfinland.fi\/sv\/om-oss\/kontakt-oss\/for-media\/#primaryimage"},"image":{"@id":"https:\/\/www.cmcfinland.fi\/sv\/om-oss\/kontakt-oss\/for-media\/#primaryimage"},"thumbnailUrl":"https:\/\/www.cmcfinland.fi\/wp-content\/uploads\/2024\/04\/CMC-Finland-Logo-RGB-Blue-1024x332.jpg","datePublished":"2021-02-08T12:24:06+00:00","dateModified":"2025-03-05T07:54:53+00:00","breadcrumb":{"@id":"https:\/\/www.cmcfinland.fi\/sv\/om-oss\/kontakt-oss\/for-media\/#breadcrumb"},"inLanguage":"sv-SE","potentialAction":[{"@type":"ReadAction","target":["https:\/\/www.cmcfinland.fi\/sv\/om-oss\/kontakt-oss\/for-media\/"]}]},{"@type":"ImageObject","inLanguage":"sv-SE","@id":"https:\/\/www.cmcfinland.fi\/sv\/om-oss\/kontakt-oss\/for-media\/#primaryimage","url":"https:\/\/www.cmcfinland.fi\/wp-content\/uploads\/2024\/04\/CMC-Finland-Logo-RGB-Blue-1024x332.jpg","contentUrl":"https:\/\/www.cmcfinland.fi\/wp-content\/uploads\/2024\/04\/CMC-Finland-Logo-RGB-Blue-1024x332.jpg"},{"@type":"BreadcrumbList","@id":"https:\/\/www.cmcfinland.fi\/sv\/om-oss\/kontakt-oss\/for-media\/#breadcrumb","itemListElement":[{"@type":"ListItem","position":1,"name":"Framsida","item":"https:\/\/www.cmcfinland.fi\/sv\/"},{"@type":"ListItem","position":2,"name":"Om oss","item":"https:\/\/www.cmcfinland.fi\/sv\/om-oss\/"},{"@type":"ListItem","position":3,"name":"Kontakt oss","item":"https:\/\/www.cmcfinland.fi\/sv\/om-oss\/kontakt-oss\/"},{"@type":"ListItem","position":4,"name":"F\u00f6r media"}]},{"@type":"WebSite","@id":"https:\/\/www.cmcfinland.fi\/#website","url":"https:\/\/www.cmcfinland.fi\/","name":"CMC Finland","description":"Kriisinhallintakeskus","publisher":{"@id":"https:\/\/www.cmcfinland.fi\/#organization"},"potentialAction":[{"@type":"SearchAction","target":{"@type":"EntryPoint","urlTemplate":"https:\/\/www.cmcfinland.fi\/?s={search_term_string}"},"query-input":{"@type":"PropertyValueSpecification","valueRequired":true,"valueName":"search_term_string"}}],"inLanguage":"sv-SE"},{"@type":"Organization","@id":"https:\/\/www.cmcfinland.fi\/#organization","name":"CMC Finland","url":"https:\/\/www.cmcfinland.fi\/","logo":{"@type":"ImageObject","inLanguage":"sv-SE","@id":"https:\/\/www.cmcfinland.fi\/#\/schema\/logo\/image\/","url":"https:\/\/www.cmcfinland.fi\/wp-content\/uploads\/2024\/01\/CMC_finland_logo_musta.png","contentUrl":"https:\/\/www.cmcfinland.fi\/wp-content\/uploads\/2024\/01\/CMC_finland_logo_musta.png","width":272,"height":88,"caption":"CMC Finland"},"image":{"@id":"https:\/\/www.cmcfinland.fi\/#\/schema\/logo\/image\/"},"sameAs":["https:\/\/www.facebook.com\/cmc.finland\/","https:\/\/x.com\/CMCFinland","https:\/\/www.instagram.com\/cmc.finland\/","https:\/\/www.youtube.com\/channel\/UC49g1WmKq81Amw1ZUa5ZRKA","https:\/\/www.linkedin.com\/company\/crisis-management-centre-cmc-finland\/"]}]}},"_links":{"self":[{"href":"https:\/\/www.cmcfinland.fi\/sv\/wp-json\/wp\/v2\/pages\/21170","targetHints":{"allow":["GET"]}}],"collection":[{"href":"https:\/\/www.cmcfinland.fi\/sv\/wp-json\/wp\/v2\/pages"}],"about":[{"href":"https:\/\/www.cmcfinland.fi\/sv\/wp-json\/wp\/v2\/types\/page"}],"author":[{"embeddable":true,"href":"https:\/\/www.cmcfinland.fi\/sv\/wp-json\/wp\/v2\/users\/1"}],"replies":[{"embeddable":true,"href":"https:\/\/www.cmcfinland.fi\/sv\/wp-json\/wp\/v2\/comments?post=21170"}],"version-history":[{"count":5,"href":"https:\/\/www.cmcfinland.fi\/sv\/wp-json\/wp\/v2\/pages\/21170\/revisions"}],"predecessor-version":[{"id":25507,"href":"https:\/\/www.cmcfinland.fi\/sv\/wp-json\/wp\/v2\/pages\/21170\/revisions\/25507"}],"up":[{"embeddable":true,"href":"https:\/\/www.cmcfinland.fi\/sv\/wp-json\/wp\/v2\/pages\/173"}],"wp:attachment":[{"href":"https:\/\/www.cmcfinland.fi\/sv\/wp-json\/wp\/v2\/media?parent=21170"}],"curies":[{"name":"wp","href":"https:\/\/api.w.org\/{rel}","templated":true}]}}