{"id":21522,"date":"2017-03-22T12:31:24","date_gmt":"2017-03-22T10:31:24","guid":{"rendered":"https:\/\/cmc.iwn.co\/kansainvaliset-tehtavat\/"},"modified":"2024-04-19T09:52:27","modified_gmt":"2024-04-19T06:52:27","slug":"internationella-uppdrag","status":"publish","type":"page","link":"https:\/\/www.cmcfinland.fi\/sv\/internationella-uppdrag\/","title":{"rendered":"Internationella uppdrag"},"content":{"rendered":"\n<section id=\"gm84358f4\" class=\"wp-block-gutentor-m3 alignfull section-gm84358f4 gutentor-module gutentor-container-cover has-color-bg has-custom-bg g-c-r-valign-mobile g-c-r-valign-tablet g-valign-c-desktop top-area kansainvaliset-tehtavat\"><div class=\"grid-container\">\n<section id=\"gmf349f43\" class=\"wp-block-gutentor-m4 section-gmf349f43 gutentor-module gutentor-advanced-columns gutentor-equal-column-height\"><div class=\"grid-container\"><div class=\"grid-row\">\n<div id=\"col-gm6c1c05\" class=\"wp-block-gutentor-m4-col col-gm6c1c05 gutentor-single-column  grid-lg-5 grid-md-12 grid-12\"><div id=\"section-gm6c1c05\" class=\"section-gm6c1c05 gutentor-col-wrap\">\n<div id=\"section-g3824fe\" class=\"wp-block-gutentor-e1 section-g3824fe gutentor-element gutentor-element-advanced-text\"><div class=\"gutentor-text-wrap\"><h1 class=\"gutentor-text\">Internationella <br>uppdrag<\/h1><\/div><\/div>\n\n\n\n<div id=\"section-g1c0fb6\" class=\"wp-block-gutentor-e1 section-g1c0fb6 gutentor-element gutentor-element-advanced-text\"><div class=\"gutentor-text-wrap\"><p class=\"gutentor-text\">Vi \u00e4r en samlande akt\u00f6r inom Finlands civila krishantering och ansvarar f\u00f6r rekryteringen av experter inom civil krishantering och valobservat\u00f6rer som sekunderas till internationella uppdrag.<\/p><\/div><\/div>\n<\/div><\/div>\n\n\n\n<div id=\"col-gm16b8ce\" class=\"wp-block-gutentor-m4-col col-gm16b8ce gutentor-single-column  grid-lg-7 grid-md-12 grid-12 kuva-header\"><div id=\"section-gm16b8ce\" class=\"section-gm16b8ce gutentor-col-wrap has-image-bg has-custom-bg\"><\/div><\/div>\n<\/div><\/div><\/section>\n\n\n<span><span><a href=\"https:\/\/www.cmcfinland.fi\/sv\/\">Framsida<\/a><\/span><\/span>\n<\/div><\/section>\n\n\n\n<section id=\"gma082a00\" class=\"wp-block-gutentor-m3 section-gma082a00 gutentor-module gutentor-container-cover\"><div class=\"grid-container\">\n<h2 class=\"wp-block-heading\"><strong>Rekrytering av experter inom civil krishantering och valobservat\u00f6rer <\/strong><\/h2>\n\n\n\n<p>Finland skickar experter till observations-, r\u00e5dgivnings- och utbildningsuppdrag inom EU:s, FN:s, OSSE:s, Natos, Europar\u00e5dets och andra internationella organisationers civila krishantering samt till EU:s och OSSE:s valobservationsuppdrag. Cirka 130 finl\u00e4ndska experter \u00e5t g\u00e5ngen tj\u00e4nstg\u00f6r kontinuerligt i internationella civila krishanteringsuppdrag. Finland skickar \u00e5rligen flera tiotals valobservat\u00f6rer (35 observat\u00f6rer \u00e5r 2022 och 56 observat\u00f6rer \u00e5r 2023) till b\u00e5de l\u00e5ng- och kortvariga observationsuppdrag.<\/p>\n\n\n\n<p>Experter beh\u00f6vs till exempel inom polisv\u00e4sendet, r\u00e4ttsv\u00e4sendet, gr\u00e4nss\u00e4kerheten, tullf\u00f6rvaltningen, brottsp\u00e5f\u00f6ljdsomr\u00e5det, internationell politik, m\u00e4nskliga r\u00e4ttigheter och kommunikation. I krisomr\u00e5den kan man ocks\u00e5 tillf\u00e4lligt sk\u00f6ta den lokala polisens, gr\u00e4nsf\u00f6rvaltningens, r\u00e4ttsv\u00e4sendets eller den lokala f\u00f6rvaltningens uppgifter.<\/p>\n\n\n\n<p>P\u00e5 v\u00e5r webbplats publicerar vi de lediga uppdrag inom civil krishantering och valobservation som kan s\u00f6kas av finl\u00e4ndska kandidater.<\/p>\n\n\n\n<h2 class=\"wp-block-heading\"><strong>Hitta en l\u00e4mplig uppgift<\/strong><\/h2>\n\n\n\n<p>Krishanteringscentret str\u00e4var efter att erbjuda experter som genomg\u00e5tt grundutbildning i civil krishantering m\u00f6jlighet att s\u00f6ka sig till l\u00e4mpliga uppgifter s\u00e5 snart som m\u00f6jligt efter utbildningen. \u00c4ven om beslutet om deltagande i krishantering fattas av utrikesministeriet, kan \u00e4ven Krishanteringscentret f\u00f6resl\u00e5 att uppgifter \u00f6ppnas p\u00e5 beg\u00e4ran av experter.<\/p>\n\n\n\n<p>En enskild expert kan uttrycka sitt intresse f\u00f6r att s\u00f6ka sig till en l\u00e4mplig uppgift med blanketten nedan.<\/p>\n\n\n\n<p>Obs! Experten ska uppfylla f\u00f6ljande krav:<\/p>\n\n\n\n<ul class=\"wp-block-list\">\n<li>Den som f\u00f6resl\u00e5r att uppgiften \u00f6ppnas fyller i de obligatoriska utbildnings- och erfarenhetskraven f\u00f6r uppgiften.<\/li>\n\n\n\n<li>\u00c5tminstone tv\u00e5 veckor \u00e5terst\u00e5r av ans\u00f6kningstiden f\u00f6r uppgiften.<\/li>\n<\/ul>\n\n\n\n<div class=\"wp-block-contact-form-7-contact-form-selector\">\n<div class=\"wpcf7 no-js\" id=\"wpcf7-f21676-o1\" lang=\"fi\" dir=\"ltr\" data-wpcf7-id=\"21676\">\n<div class=\"screen-reader-response\"><p role=\"status\" aria-live=\"polite\" aria-atomic=\"true\"><\/p> <ul><\/ul><\/div>\n<form action=\"\/sv\/wp-json\/wp\/v2\/pages\/21522#wpcf7-f21676-o1\" method=\"post\" class=\"wpcf7-form init\" aria-label=\"Contact form\" novalidate=\"novalidate\" data-status=\"init\">\n<fieldset class=\"hidden-fields-container\"><input type=\"hidden\" name=\"_wpcf7\" value=\"21676\" \/><input type=\"hidden\" name=\"_wpcf7_version\" value=\"6.1.5\" \/><input type=\"hidden\" name=\"_wpcf7_locale\" value=\"fi\" \/><input type=\"hidden\" name=\"_wpcf7_unit_tag\" value=\"wpcf7-f21676-o1\" \/><input type=\"hidden\" name=\"_wpcf7_container_post\" value=\"0\" \/><input type=\"hidden\" name=\"_wpcf7_posted_data_hash\" value=\"\" \/><input type=\"hidden\" name=\"_wpcf7_recaptcha_response\" value=\"\" \/>\n<\/fieldset>\n<p><label> Namn: *<br \/>\n<span class=\"wpcf7-form-control-wrap\" data-name=\"your-name\"><input size=\"40\" maxlength=\"400\" class=\"wpcf7-form-control wpcf7-text wpcf7-validates-as-required\" aria-required=\"true\" aria-invalid=\"false\" value=\"\" type=\"text\" name=\"your-name\" \/><\/span> <\/label>\n<\/p>\n<p><label> E-post: *<br \/>\n<span class=\"wpcf7-form-control-wrap\" data-name=\"sahkoposti\"><input size=\"40\" maxlength=\"400\" class=\"wpcf7-form-control wpcf7-email wpcf7-validates-as-required wpcf7-text wpcf7-validates-as-email\" aria-required=\"true\" aria-invalid=\"false\" value=\"\" type=\"email\" name=\"sahkoposti\" \/><\/span> <\/label>\n<\/p>\n<p><label> Operation och uppgift: *<br \/>\n<span class=\"wpcf7-form-control-wrap\" data-name=\"operaatio\"><input size=\"40\" maxlength=\"400\" class=\"wpcf7-form-control wpcf7-text wpcf7-validates-as-required\" aria-required=\"true\" aria-invalid=\"false\" value=\"\" type=\"text\" name=\"operaatio\" \/><\/span> <\/label>\n<\/p>\n<p><label> L\u00e4nk till ans\u00f6kan: *<br \/>\n<span class=\"wpcf7-form-control-wrap\" data-name=\"linkki\"><input size=\"40\" maxlength=\"400\" class=\"wpcf7-form-control wpcf7-url wpcf7-validates-as-required wpcf7-text wpcf7-validates-as-url\" aria-required=\"true\" aria-invalid=\"false\" value=\"\" type=\"url\" name=\"linkki\" \/><\/span> <\/label>\n<\/p>\n<p><label> Motivering f\u00f6r att \u00f6ppna uppgiften (<2000 tecken): *<br \/>\n<span class=\"wpcf7-form-control-wrap\" data-name=\"perustelu\"><textarea cols=\"10\" rows=\"5\" maxlength=\"2000\" class=\"wpcf7-form-control wpcf7-textarea wpcf7-validates-as-required\" aria-required=\"true\" aria-invalid=\"false\" name=\"perustelu\"><\/textarea><\/span><\/label>\n<\/p>\n<p><input class=\"wpcf7-form-control wpcf7-submit has-spinner\" type=\"submit\" value=\"Sicka\" \/>\n<\/p><div class=\"wpcf7-response-output\" aria-hidden=\"true\"><\/div>\n<\/form>\n<\/div>\n<\/div>\n<\/div><\/section>\n\n\n\n<section id=\"gm0dfa787\" class=\"wp-block-gutentor-m3 alignfull section-gm0dfa787 gutentor-module gutentor-container-cover has-color-bg has-custom-bg kuva-ja-teksti\"><div class=\"grid-container\">\n<section id=\"gmd1d07ba\" class=\"wp-block-gutentor-m4 alignfull section-gmd1d07ba gutentor-module gutentor-advanced-columns gutentor-equal-column-height\"><div class=\"grid-container\"><div class=\"grid-row\">\n<div id=\"col-gm02260f\" class=\"wp-block-gutentor-m4-col col-gm02260f gutentor-single-column  grid-lg-6 grid-md-12 grid-12\"><div id=\"section-gm02260f\" class=\"section-gm02260f gutentor-col-wrap has-image-bg has-custom-bg\">\n<div id=\"section-g2e1211\" class=\"wp-block-gutentor-e1 section-g2e1211 gutentor-element gutentor-element-advanced-text\"><div class=\"gutentor-text-wrap\"><h2 class=\"gutentor-text\"><strong>Civilkrishanteringsuppdrag<\/strong><\/h2><\/div><\/div>\n\n\n\n<div id=\"section-g5600bb\" class=\"wp-block-gutentor-e1 section-g5600bb gutentor-element gutentor-element-advanced-text\"><div class=\"gutentor-text-wrap\"><p class=\"gutentor-text\">Finland skickar experter till EU: s, FN: s, OSSE: s, Nato: s, Europar\u00e5dets och andra internationella organisationers observation-, r\u00e5dgivnings- och utbildningsuppdrag inom civil krishantering. H\u00e4r kan du se vart.<\/p><\/div><\/div>\n\n\n\n<div id=\"section-g921d29\" class=\"wp-block-gutentor-e2 section-g921d29 gutentor-element gutentor-element-button\"><span class=\"gutentor-button-wrap\"><a class=\"gutentor-button gutentor-block-button gutentor-icon-after\" href=\"\/sv\/vara-experter-utomlands\/civilkrishantering\/\"><i class=\"gutentor-button-icon fas fa-arrow-right\"><\/i><span>L\u00e4s mer<\/span><\/a><\/span><\/div>\n<\/div><\/div>\n\n\n\n<div id=\"col-gmb56340\" class=\"wp-block-gutentor-m4-col col-gmb56340 gutentor-single-column  grid-lg-6 grid-md-12 grid-12 bg-image-custom\"><div id=\"section-gmb56340\" class=\"section-gmb56340 gutentor-col-wrap has-image-bg has-custom-bg\"><\/div><\/div>\n<\/div><\/div><\/section>\n\n\n\n<section id=\"gm31ab69f\" class=\"wp-block-gutentor-m4 alignfull section-gm31ab69f gutentor-module gutentor-advanced-columns gutentor-equal-column-height\"><div class=\"grid-container\"><div class=\"grid-row\">\n<div id=\"col-gm95dc8d\" class=\"wp-block-gutentor-m4-col col-gm95dc8d gutentor-single-column  grid-lg-6 grid-md-12 grid-12 bg-image-custom\"><div id=\"section-gm95dc8d\" class=\"section-gm95dc8d gutentor-col-wrap has-image-bg has-custom-bg\"><\/div><\/div>\n\n\n\n<div id=\"col-gm26bbbf\" class=\"wp-block-gutentor-m4-col col-gm26bbbf gutentor-single-column  grid-lg-6 grid-md-12 grid-12\"><div id=\"section-gm26bbbf\" class=\"section-gm26bbbf gutentor-col-wrap has-image-bg has-custom-bg\">\n<div id=\"section-g044254\" class=\"wp-block-gutentor-e1 section-g044254 gutentor-element gutentor-element-advanced-text\"><div class=\"gutentor-text-wrap\"><h2 class=\"gutentor-text\"><strong>Valobservationsuppdrag<\/strong><\/h2><\/div><\/div>\n\n\n\n<div id=\"section-g07655d\" class=\"wp-block-gutentor-e1 section-g07655d gutentor-element gutentor-element-advanced-text\"><div class=\"gutentor-text-wrap\"><p class=\"gutentor-text\">Finland skickar \u00e5rligen tiotals observat\u00f6rer till OSSE:s och EU:s valobservationsuppdrag. H\u00e4r ser du vart.<\/p><\/div><\/div>\n\n\n\n<div id=\"section-gff6370\" class=\"wp-block-gutentor-e2 section-gff6370 gutentor-element gutentor-element-button\"><span class=\"gutentor-button-wrap\"><a class=\"gutentor-button gutentor-block-button gutentor-icon-after\" href=\"https:\/\/www.cmcfinland.fi\/sv\/vara-experter-utomlands\/valobservation\/#vaalitarkkailu-kartta\"><i class=\"gutentor-button-icon fas fa-arrow-right\"><\/i><span>L\u00e4s mer<\/span><\/a><\/span><\/div>\n<\/div><\/div>\n<\/div><\/div><\/section>\n<\/div><\/section>\n","protected":false},"excerpt":{"rendered":"","protected":false},"author":2,"featured_media":0,"parent":0,"menu_order":0,"comment_status":"closed","ping_status":"closed","template":"","meta":{"_acf_changed":false,"_relevanssi_hide_post":"","_relevanssi_hide_content":"","_relevanssi_pin_for_all":"","_relevanssi_pin_keywords":"","_relevanssi_unpin_keywords":"","_relevanssi_related_keywords":"","_relevanssi_related_include_ids":"","_relevanssi_related_exclude_ids":"","_relevanssi_related_no_append":"","_relevanssi_related_not_related":"","_relevanssi_related_posts":"17222,17699,18258,18097,14359,15618","_relevanssi_noindex_reason":"","footnotes":""},"class_list":["post-21522","page","type-page","status-publish"],"acf":[],"yoast_head":"<!-- This site is optimized with the Yoast SEO plugin v27.5 - https:\/\/yoast.com\/product\/yoast-seo-wordpress\/ -->\n<title>Kansainv\u00e4liset teht\u00e4v\u00e4t | Asiantuntijateht\u00e4v\u00e4t ulkomailla | CMC Finland<\/title>\n<meta name=\"description\" content=\"Harkitsetko kansainv\u00e4list\u00e4 uraa ja kiinnostaako ulko- ja turvallisuuspolitiikka? Lue Kriisinhallintakeskuksen kansainv\u00e4lisist\u00e4 teht\u00e4vist\u00e4.\" \/>\n<meta name=\"robots\" content=\"index, follow, max-snippet:-1, max-image-preview:large, max-video-preview:-1\" \/>\n<link rel=\"canonical\" href=\"https:\/\/www.cmcfinland.fi\/sv\/internationella-uppdrag\/\" \/>\n<meta property=\"og:locale\" content=\"sv_SE\" \/>\n<meta property=\"og:type\" content=\"article\" \/>\n<meta property=\"og:title\" content=\"Kansainv\u00e4liset teht\u00e4v\u00e4t | Asiantuntijateht\u00e4v\u00e4t ulkomailla | CMC Finland\" \/>\n<meta property=\"og:description\" content=\"Harkitsetko kansainv\u00e4list\u00e4 uraa ja kiinnostaako ulko- ja turvallisuuspolitiikka? Lue Kriisinhallintakeskuksen kansainv\u00e4lisist\u00e4 teht\u00e4vist\u00e4.\" \/>\n<meta property=\"og:url\" content=\"https:\/\/www.cmcfinland.fi\/sv\/internationella-uppdrag\/\" \/>\n<meta property=\"og:site_name\" content=\"CMC Finland\" \/>\n<meta property=\"article:publisher\" content=\"https:\/\/www.facebook.com\/cmc.finland\/\" \/>\n<meta property=\"article:modified_time\" content=\"2024-04-19T06:52:27+00:00\" \/>\n<meta name=\"twitter:card\" content=\"summary_large_image\" \/>\n<meta name=\"twitter:site\" content=\"@CMCFinland\" \/>\n<meta name=\"twitter:label1\" content=\"Est. reading time\" \/>\n\t<meta name=\"twitter:data1\" content=\"2 minutes\" \/>\n<script type=\"application\/ld+json\" class=\"yoast-schema-graph\">{\"@context\":\"https:\\\/\\\/schema.org\",\"@graph\":[{\"@type\":\"WebPage\",\"@id\":\"https:\\\/\\\/www.cmcfinland.fi\\\/sv\\\/internationella-uppdrag\\\/\",\"url\":\"https:\\\/\\\/www.cmcfinland.fi\\\/sv\\\/internationella-uppdrag\\\/\",\"name\":\"Kansainv\u00e4liset teht\u00e4v\u00e4t | Asiantuntijateht\u00e4v\u00e4t ulkomailla | CMC Finland\",\"isPartOf\":{\"@id\":\"https:\\\/\\\/www.cmcfinland.fi\\\/#website\"},\"datePublished\":\"2017-03-22T10:31:24+00:00\",\"dateModified\":\"2024-04-19T06:52:27+00:00\",\"description\":\"Harkitsetko kansainv\u00e4list\u00e4 uraa ja kiinnostaako ulko- ja turvallisuuspolitiikka? Lue Kriisinhallintakeskuksen kansainv\u00e4lisist\u00e4 teht\u00e4vist\u00e4.\",\"breadcrumb\":{\"@id\":\"https:\\\/\\\/www.cmcfinland.fi\\\/sv\\\/internationella-uppdrag\\\/#breadcrumb\"},\"inLanguage\":\"sv-SE\",\"potentialAction\":[{\"@type\":\"ReadAction\",\"target\":[\"https:\\\/\\\/www.cmcfinland.fi\\\/sv\\\/internationella-uppdrag\\\/\"]}]},{\"@type\":\"BreadcrumbList\",\"@id\":\"https:\\\/\\\/www.cmcfinland.fi\\\/sv\\\/internationella-uppdrag\\\/#breadcrumb\",\"itemListElement\":[{\"@type\":\"ListItem\",\"position\":1,\"name\":\"Framsida\",\"item\":\"https:\\\/\\\/www.cmcfinland.fi\\\/sv\\\/\"},{\"@type\":\"ListItem\",\"position\":2,\"name\":\"Internationella uppdrag\"}]},{\"@type\":\"WebSite\",\"@id\":\"https:\\\/\\\/www.cmcfinland.fi\\\/#website\",\"url\":\"https:\\\/\\\/www.cmcfinland.fi\\\/\",\"name\":\"CMC Finland\",\"description\":\"Kriisinhallintakeskus\",\"publisher\":{\"@id\":\"https:\\\/\\\/www.cmcfinland.fi\\\/#organization\"},\"potentialAction\":[{\"@type\":\"SearchAction\",\"target\":{\"@type\":\"EntryPoint\",\"urlTemplate\":\"https:\\\/\\\/www.cmcfinland.fi\\\/?s={search_term_string}\"},\"query-input\":{\"@type\":\"PropertyValueSpecification\",\"valueRequired\":true,\"valueName\":\"search_term_string\"}}],\"inLanguage\":\"sv-SE\"},{\"@type\":\"Organization\",\"@id\":\"https:\\\/\\\/www.cmcfinland.fi\\\/#organization\",\"name\":\"CMC Finland\",\"url\":\"https:\\\/\\\/www.cmcfinland.fi\\\/\",\"logo\":{\"@type\":\"ImageObject\",\"inLanguage\":\"sv-SE\",\"@id\":\"https:\\\/\\\/www.cmcfinland.fi\\\/#\\\/schema\\\/logo\\\/image\\\/\",\"url\":\"https:\\\/\\\/www.cmcfinland.fi\\\/wp-content\\\/uploads\\\/2024\\\/01\\\/CMC_finland_logo_musta.png\",\"contentUrl\":\"https:\\\/\\\/www.cmcfinland.fi\\\/wp-content\\\/uploads\\\/2024\\\/01\\\/CMC_finland_logo_musta.png\",\"width\":272,\"height\":88,\"caption\":\"CMC Finland\"},\"image\":{\"@id\":\"https:\\\/\\\/www.cmcfinland.fi\\\/#\\\/schema\\\/logo\\\/image\\\/\"},\"sameAs\":[\"https:\\\/\\\/www.facebook.com\\\/cmc.finland\\\/\",\"https:\\\/\\\/x.com\\\/CMCFinland\",\"https:\\\/\\\/www.instagram.com\\\/cmc.finland\\\/\",\"https:\\\/\\\/www.youtube.com\\\/channel\\\/UC49g1WmKq81Amw1ZUa5ZRKA\",\"https:\\\/\\\/www.linkedin.com\\\/company\\\/crisis-management-centre-cmc-finland\\\/\"]}]}<\/script>\n<!-- \/ Yoast SEO plugin. -->","yoast_head_json":{"title":"Kansainv\u00e4liset teht\u00e4v\u00e4t | Asiantuntijateht\u00e4v\u00e4t ulkomailla | CMC Finland","description":"Harkitsetko kansainv\u00e4list\u00e4 uraa ja kiinnostaako ulko- ja turvallisuuspolitiikka? Lue Kriisinhallintakeskuksen kansainv\u00e4lisist\u00e4 teht\u00e4vist\u00e4.","robots":{"index":"index","follow":"follow","max-snippet":"max-snippet:-1","max-image-preview":"max-image-preview:large","max-video-preview":"max-video-preview:-1"},"canonical":"https:\/\/www.cmcfinland.fi\/sv\/internationella-uppdrag\/","og_locale":"sv_SE","og_type":"article","og_title":"Kansainv\u00e4liset teht\u00e4v\u00e4t | Asiantuntijateht\u00e4v\u00e4t ulkomailla | CMC Finland","og_description":"Harkitsetko kansainv\u00e4list\u00e4 uraa ja kiinnostaako ulko- ja turvallisuuspolitiikka? Lue Kriisinhallintakeskuksen kansainv\u00e4lisist\u00e4 teht\u00e4vist\u00e4.","og_url":"https:\/\/www.cmcfinland.fi\/sv\/internationella-uppdrag\/","og_site_name":"CMC Finland","article_publisher":"https:\/\/www.facebook.com\/cmc.finland\/","article_modified_time":"2024-04-19T06:52:27+00:00","twitter_card":"summary_large_image","twitter_site":"@CMCFinland","twitter_misc":{"Est. reading time":"2 minutes"},"schema":{"@context":"https:\/\/schema.org","@graph":[{"@type":"WebPage","@id":"https:\/\/www.cmcfinland.fi\/sv\/internationella-uppdrag\/","url":"https:\/\/www.cmcfinland.fi\/sv\/internationella-uppdrag\/","name":"Kansainv\u00e4liset teht\u00e4v\u00e4t | Asiantuntijateht\u00e4v\u00e4t ulkomailla | CMC Finland","isPartOf":{"@id":"https:\/\/www.cmcfinland.fi\/#website"},"datePublished":"2017-03-22T10:31:24+00:00","dateModified":"2024-04-19T06:52:27+00:00","description":"Harkitsetko kansainv\u00e4list\u00e4 uraa ja kiinnostaako ulko- ja turvallisuuspolitiikka? Lue Kriisinhallintakeskuksen kansainv\u00e4lisist\u00e4 teht\u00e4vist\u00e4.","breadcrumb":{"@id":"https:\/\/www.cmcfinland.fi\/sv\/internationella-uppdrag\/#breadcrumb"},"inLanguage":"sv-SE","potentialAction":[{"@type":"ReadAction","target":["https:\/\/www.cmcfinland.fi\/sv\/internationella-uppdrag\/"]}]},{"@type":"BreadcrumbList","@id":"https:\/\/www.cmcfinland.fi\/sv\/internationella-uppdrag\/#breadcrumb","itemListElement":[{"@type":"ListItem","position":1,"name":"Framsida","item":"https:\/\/www.cmcfinland.fi\/sv\/"},{"@type":"ListItem","position":2,"name":"Internationella uppdrag"}]},{"@type":"WebSite","@id":"https:\/\/www.cmcfinland.fi\/#website","url":"https:\/\/www.cmcfinland.fi\/","name":"CMC Finland","description":"Kriisinhallintakeskus","publisher":{"@id":"https:\/\/www.cmcfinland.fi\/#organization"},"potentialAction":[{"@type":"SearchAction","target":{"@type":"EntryPoint","urlTemplate":"https:\/\/www.cmcfinland.fi\/?s={search_term_string}"},"query-input":{"@type":"PropertyValueSpecification","valueRequired":true,"valueName":"search_term_string"}}],"inLanguage":"sv-SE"},{"@type":"Organization","@id":"https:\/\/www.cmcfinland.fi\/#organization","name":"CMC Finland","url":"https:\/\/www.cmcfinland.fi\/","logo":{"@type":"ImageObject","inLanguage":"sv-SE","@id":"https:\/\/www.cmcfinland.fi\/#\/schema\/logo\/image\/","url":"https:\/\/www.cmcfinland.fi\/wp-content\/uploads\/2024\/01\/CMC_finland_logo_musta.png","contentUrl":"https:\/\/www.cmcfinland.fi\/wp-content\/uploads\/2024\/01\/CMC_finland_logo_musta.png","width":272,"height":88,"caption":"CMC Finland"},"image":{"@id":"https:\/\/www.cmcfinland.fi\/#\/schema\/logo\/image\/"},"sameAs":["https:\/\/www.facebook.com\/cmc.finland\/","https:\/\/x.com\/CMCFinland","https:\/\/www.instagram.com\/cmc.finland\/","https:\/\/www.youtube.com\/channel\/UC49g1WmKq81Amw1ZUa5ZRKA","https:\/\/www.linkedin.com\/company\/crisis-management-centre-cmc-finland\/"]}]}},"_links":{"self":[{"href":"https:\/\/www.cmcfinland.fi\/sv\/wp-json\/wp\/v2\/pages\/21522","targetHints":{"allow":["GET"]}}],"collection":[{"href":"https:\/\/www.cmcfinland.fi\/sv\/wp-json\/wp\/v2\/pages"}],"about":[{"href":"https:\/\/www.cmcfinland.fi\/sv\/wp-json\/wp\/v2\/types\/page"}],"author":[{"embeddable":true,"href":"https:\/\/www.cmcfinland.fi\/sv\/wp-json\/wp\/v2\/users\/2"}],"replies":[{"embeddable":true,"href":"https:\/\/www.cmcfinland.fi\/sv\/wp-json\/wp\/v2\/comments?post=21522"}],"version-history":[{"count":10,"href":"https:\/\/www.cmcfinland.fi\/sv\/wp-json\/wp\/v2\/pages\/21522\/revisions"}],"predecessor-version":[{"id":22185,"href":"https:\/\/www.cmcfinland.fi\/sv\/wp-json\/wp\/v2\/pages\/21522\/revisions\/22185"}],"wp:attachment":[{"href":"https:\/\/www.cmcfinland.fi\/sv\/wp-json\/wp\/v2\/media?parent=21522"}],"curies":[{"name":"wp","href":"https:\/\/api.w.org\/{rel}","templated":true}]}}