{"id":21545,"date":"2017-01-27T14:19:03","date_gmt":"2017-01-27T12:19:03","guid":{"rendered":"https:\/\/cmc.iwn.co\/information-om-oss\/cmc-finland\/historia\/"},"modified":"2024-04-16T09:32:26","modified_gmt":"2024-04-16T06:32:26","slug":"historia","status":"publish","type":"page","link":"https:\/\/www.cmcfinland.fi\/sv\/om-oss\/cmc-finland\/historia\/","title":{"rendered":"Historia"},"content":{"rendered":"\n<section id=\"gm4999ad4\" class=\"wp-block-gutentor-m3 alignfull section-gm4999ad4 gutentor-module gutentor-container-cover has-image-bg has-custom-bg g-c-r-valign-mobile g-c-r-valign-tablet g-valign-c-desktop alasivu-top\"><div class=\"grid-container\">\n<section id=\"gma4e318f\" class=\"wp-block-gutentor-m4 section-gma4e318f gutentor-module gutentor-advanced-columns\"><div class=\"grid-container\"><div class=\"grid-row\">\n<div id=\"col-gmfd2f45\" class=\"wp-block-gutentor-m4-col col-gmfd2f45 gutentor-single-column  grid-lg-6 grid-md-12 grid-12 header-breadcrumbs\"><div id=\"section-gmfd2f45\" class=\"section-gmfd2f45 gutentor-col-wrap\">\n<div id=\"section-ga8d50d\" class=\"wp-block-gutentor-e1 section-ga8d50d gutentor-element gutentor-element-advanced-text\"><div class=\"gutentor-text-wrap\"><h1 class=\"gutentor-text\"><strong>Historia<\/strong><\/h1><\/div><\/div>\n\n\n<span><span><a href=\"https:\/\/www.cmcfinland.fi\/sv\/\">Framsida<\/a><\/span><\/span>\n<\/div><\/div>\n\n\n\n<div id=\"col-gmec00f2\" class=\"wp-block-gutentor-m4-col col-gmec00f2 gutentor-single-column  grid-lg-6 grid-md-12 grid-12\"><div id=\"section-gmec00f2\" class=\"section-gmec00f2 gutentor-col-wrap\"><\/div><\/div>\n<\/div><\/div><\/section>\n<\/div><\/section>\n\n\n\n<section id=\"gm1b43c9c\" class=\"wp-block-gutentor-m3 alignwide section-gm1b43c9c gutentor-module gutentor-container-cover\"><div class=\"grid-container\"><ul class=\"sivulistaus wp-block-page-list\"><li class=\"wp-block-pages-list__item\"><a class=\"wp-block-pages-list__item__link\" href=\"https:\/\/www.cmcfinland.fi\/sv\/om-oss\/cmc-finland\/actuella-handelser\/\">Aktuella h\u00e4ndelser<\/a><\/li><li class=\"wp-block-pages-list__item\"><a class=\"wp-block-pages-list__item__link\" href=\"https:\/\/www.cmcfinland.fi\/sv\/om-oss\/cmc-finland\/toimintamme-vuonna-2025\/\">Toimintamme lukuina<\/a><\/li><li class=\"wp-block-pages-list__item\"><a class=\"wp-block-pages-list__item__link\" href=\"https:\/\/www.cmcfinland.fi\/sv\/om-oss\/cmc-finland\/handlingar-som-styr-verksamheten\/\">Handlingar som styr verksamheten<\/a><\/li><li class=\"wp-block-pages-list__item\"><a class=\"wp-block-pages-list__item__link\" href=\"https:\/\/www.cmcfinland.fi\/sv\/om-oss\/cmc-finland\/hallbar-utveckling\/\">H\u00e5llbar utveckling<\/a><\/li><li class=\"wp-block-pages-list__item\"><a class=\"wp-block-pages-list__item__link\" href=\"https:\/\/www.cmcfinland.fi\/sv\/om-oss\/cmc-finland\/historia\/\">Historia<\/a><\/li><\/ul><\/div><\/section>\n\n\n\n<section id=\"gm9dfda2d\" class=\"wp-block-gutentor-m3 section-gm9dfda2d gutentor-module gutentor-container-cover\"><div class=\"grid-container\">\n<h2 class=\"wp-block-heading\"><strong>Petersbergsuppgifterna<\/strong><\/h2>\n\n\n\n<p>Krishanteringen \u2013 dvs. de s\u00e5 kallade Petersbergsuppgifterna \u2013 definierades f\u00f6r f\u00f6rsta g\u00e5ngen inom V\u00e4steuropeiska unionen (WEU) 1992. Amsterdamf\u00f6rdraget (1999) gjorde dem till en del av EU:s utrikes- och s\u00e4kerhetspolitik och EU:s krishantering b\u00f6rjade utvecklas inom ramen f\u00f6r s\u00e4kerhets- och f\u00f6rsvarspolitiken (ETPP). Vid Europeiska r\u00e5dets m\u00f6te i Santa Maria da Feira (2000) fastst\u00e4lldes prelimin\u00e4rt fyra prioriterade omr\u00e5den f\u00f6r civil krishantering: polisv\u00e4sendet, r\u00e4ttsstatsutveckling och god f\u00f6rvaltningssed, reformering av s\u00e4kerhetssektorn samt \u00f6vervakningsuppdrag.<\/p>\n\n\n\n<h2 class=\"wp-block-heading\"><strong>CMC Finland grundades 2007<\/strong><\/h2>\n\n\n\n<p>Krishanteringscentret CMC Finland \u00f6ppnades den 1 februari 2007. Under det f\u00f6rsta verksamhets\u00e5ret delades Krishanteringscentret in i tv\u00e5 sektorer: utbildning och forskning. Rekryteringen till den civila krishanteringen \u00f6verf\u00f6rdes fr\u00e5n inrikesministeriet till CMC 2008. I och med \u00f6verf\u00f6ringen bildades en ny personalenhet som ocks\u00e5 fick ansvar f\u00f6r den materiella och logistiska beredskapen i anslutning till experternas personalf\u00f6rvaltning.<\/p>\n\n\n\n<h2 class=\"wp-block-heading\"><strong>Utvecklingen av EU:s civila krishantering<\/strong><\/h2>\n\n\n\n<p>I och med Lissabonf\u00f6rdraget (2009) grundades Europeiska utrikestj\u00e4nsten, och den europeiska s\u00e4kerhets- och f\u00f6rsvarspolitiken \u00e4ndrades till en gemensam s\u00e4kerhets- och f\u00f6rsvarspolitik (GSFP), inom ramen f\u00f6r vilken utvecklingen av den civila krishanteringen som ett utrikespolitiskt verktyg f\u00f6r EU och dess medlemsl\u00e4nder fick st\u00f6rre betydelse. \u00c4ven Finland presenterade sin f\u00f6rsta nationella strategi f\u00f6r civil krishantering 2009. EU:s globala strategi (2016) gav ocks\u00e5 ny fart \u00e5t den civila krishanteringen.<\/p>\n\n\n\n<h2 class=\"wp-block-heading\"><strong>CMC flyttar till Helsingfors och b\u00f6rjar lyda under IM<\/strong><\/h2>\n\n\n\n<p>CMC var verksamt inom R\u00e4ddningsinstitutet i Kuopio fram till slutet av 2018. I b\u00f6rjan av 2019 \u00f6verf\u00f6rdes CMC till inrikesministeriet som ett separat \u00e4mbetsverk. Under \u00f6verg\u00e5ngsperioden 2019\u20132020 flyttades CMC-personalens verksamhetsst\u00e4lle till Helsingfors. Utbildningen sker fortfarande flexibelt p\u00e5 olika h\u00e5ll i Finland. F\u00f6rutom inom ramen f\u00f6r GSFP har Finland deltagit och deltar ocks\u00e5 i FN:s, OSSE:s och NATO:s civil krishantering samt skickar experter till internationella organisationers sekretariatsuppgifter i anslutning till civil krishantering.<\/p>\n\n\n\n<p>Utvecklingen av EU:s civil krishantering, inklusive Finland och CMC, har fortsatt i och med EU och kompaktavtalen (2019 och 2023). Den civila krishanteringens roll inom GSFP har ocks\u00e5 st\u00e4rkts i EU:s strategiska kompass (2022). \u00c5r 2023 hade det g\u00e5tt 20 \u00e5r sedan Europeiska unionens (EU) f\u00f6rsta civila krishanteringsinsats: EU:s polisuppdrag (EUPM) i Bosnien och Hercegovina. Sedan 2003 har EU skickat experter till 24 civila uppdrag p\u00e5 tre kontinenter. I f\u00f6rh\u00e5llande till folkm\u00e4ngden \u00e4r Finland det st\u00f6rsta av EU:s medlemsl\u00e4nder n\u00e4r det g\u00e4ller antalet utstationerade experter inom civil krishantering. CMC har utvecklats till en betydande nationell och internationell rekryterare och utbildare av experter inom branschen. Numera har centret en etablerad st\u00e4llning i utbildningen av och st\u00f6dtj\u00e4nsterna f\u00f6r finl\u00e4ndska akt\u00f6rer inom civil krishantering samt i forskningen inom branschen.<\/p>\n<\/div><\/section>\n","protected":false},"excerpt":{"rendered":"","protected":false},"author":1,"featured_media":0,"parent":21088,"menu_order":5,"comment_status":"closed","ping_status":"closed","template":"","meta":{"_acf_changed":false,"_relevanssi_hide_post":"","_relevanssi_hide_content":"","_relevanssi_pin_for_all":"","_relevanssi_pin_keywords":"","_relevanssi_unpin_keywords":"","_relevanssi_related_keywords":"","_relevanssi_related_include_ids":"","_relevanssi_related_exclude_ids":"","_relevanssi_related_no_append":"","_relevanssi_related_not_related":"","_relevanssi_related_posts":"16733,14595,10859,10002,16595,15292","_relevanssi_noindex_reason":"","footnotes":""},"class_list":["post-21545","page","type-page","status-publish"],"acf":[],"yoast_head":"<!-- This site is optimized with the Yoast SEO plugin v27.5 - https:\/\/yoast.com\/product\/yoast-seo-wordpress\/ -->\n<title>Historia - CMC Finland<\/title>\n<meta name=\"robots\" content=\"index, follow, max-snippet:-1, max-image-preview:large, max-video-preview:-1\" \/>\n<link rel=\"canonical\" href=\"https:\/\/www.cmcfinland.fi\/sv\/om-oss\/cmc-finland\/historia\/\" \/>\n<meta property=\"og:locale\" content=\"sv_SE\" \/>\n<meta property=\"og:type\" content=\"article\" \/>\n<meta property=\"og:title\" content=\"Historia - CMC Finland\" \/>\n<meta property=\"og:url\" content=\"https:\/\/www.cmcfinland.fi\/sv\/om-oss\/cmc-finland\/historia\/\" \/>\n<meta property=\"og:site_name\" content=\"CMC Finland\" \/>\n<meta property=\"article:publisher\" content=\"https:\/\/www.facebook.com\/cmc.finland\/\" \/>\n<meta property=\"article:modified_time\" content=\"2024-04-16T06:32:26+00:00\" \/>\n<meta name=\"twitter:card\" content=\"summary_large_image\" \/>\n<meta name=\"twitter:site\" content=\"@CMCFinland\" \/>\n<meta name=\"twitter:label1\" content=\"Est. reading time\" \/>\n\t<meta name=\"twitter:data1\" content=\"3 minutes\" \/>\n<script type=\"application\/ld+json\" class=\"yoast-schema-graph\">{\"@context\":\"https:\\\/\\\/schema.org\",\"@graph\":[{\"@type\":\"WebPage\",\"@id\":\"https:\\\/\\\/www.cmcfinland.fi\\\/sv\\\/om-oss\\\/cmc-finland\\\/historia\\\/\",\"url\":\"https:\\\/\\\/www.cmcfinland.fi\\\/sv\\\/om-oss\\\/cmc-finland\\\/historia\\\/\",\"name\":\"Historia - CMC Finland\",\"isPartOf\":{\"@id\":\"https:\\\/\\\/www.cmcfinland.fi\\\/#website\"},\"datePublished\":\"2017-01-27T12:19:03+00:00\",\"dateModified\":\"2024-04-16T06:32:26+00:00\",\"breadcrumb\":{\"@id\":\"https:\\\/\\\/www.cmcfinland.fi\\\/sv\\\/om-oss\\\/cmc-finland\\\/historia\\\/#breadcrumb\"},\"inLanguage\":\"sv-SE\",\"potentialAction\":[{\"@type\":\"ReadAction\",\"target\":[\"https:\\\/\\\/www.cmcfinland.fi\\\/sv\\\/om-oss\\\/cmc-finland\\\/historia\\\/\"]}]},{\"@type\":\"BreadcrumbList\",\"@id\":\"https:\\\/\\\/www.cmcfinland.fi\\\/sv\\\/om-oss\\\/cmc-finland\\\/historia\\\/#breadcrumb\",\"itemListElement\":[{\"@type\":\"ListItem\",\"position\":1,\"name\":\"Framsida\",\"item\":\"https:\\\/\\\/www.cmcfinland.fi\\\/sv\\\/\"},{\"@type\":\"ListItem\",\"position\":2,\"name\":\"Om oss\",\"item\":\"https:\\\/\\\/www.cmcfinland.fi\\\/sv\\\/om-oss\\\/\"},{\"@type\":\"ListItem\",\"position\":3,\"name\":\"CMC Finland\",\"item\":\"https:\\\/\\\/www.cmcfinland.fi\\\/sv\\\/om-oss\\\/cmc-finland\\\/\"},{\"@type\":\"ListItem\",\"position\":4,\"name\":\"Historia\"}]},{\"@type\":\"WebSite\",\"@id\":\"https:\\\/\\\/www.cmcfinland.fi\\\/#website\",\"url\":\"https:\\\/\\\/www.cmcfinland.fi\\\/\",\"name\":\"CMC Finland\",\"description\":\"Kriisinhallintakeskus\",\"publisher\":{\"@id\":\"https:\\\/\\\/www.cmcfinland.fi\\\/#organization\"},\"potentialAction\":[{\"@type\":\"SearchAction\",\"target\":{\"@type\":\"EntryPoint\",\"urlTemplate\":\"https:\\\/\\\/www.cmcfinland.fi\\\/?s={search_term_string}\"},\"query-input\":{\"@type\":\"PropertyValueSpecification\",\"valueRequired\":true,\"valueName\":\"search_term_string\"}}],\"inLanguage\":\"sv-SE\"},{\"@type\":\"Organization\",\"@id\":\"https:\\\/\\\/www.cmcfinland.fi\\\/#organization\",\"name\":\"CMC Finland\",\"url\":\"https:\\\/\\\/www.cmcfinland.fi\\\/\",\"logo\":{\"@type\":\"ImageObject\",\"inLanguage\":\"sv-SE\",\"@id\":\"https:\\\/\\\/www.cmcfinland.fi\\\/#\\\/schema\\\/logo\\\/image\\\/\",\"url\":\"https:\\\/\\\/www.cmcfinland.fi\\\/wp-content\\\/uploads\\\/2024\\\/01\\\/CMC_finland_logo_musta.png\",\"contentUrl\":\"https:\\\/\\\/www.cmcfinland.fi\\\/wp-content\\\/uploads\\\/2024\\\/01\\\/CMC_finland_logo_musta.png\",\"width\":272,\"height\":88,\"caption\":\"CMC Finland\"},\"image\":{\"@id\":\"https:\\\/\\\/www.cmcfinland.fi\\\/#\\\/schema\\\/logo\\\/image\\\/\"},\"sameAs\":[\"https:\\\/\\\/www.facebook.com\\\/cmc.finland\\\/\",\"https:\\\/\\\/x.com\\\/CMCFinland\",\"https:\\\/\\\/www.instagram.com\\\/cmc.finland\\\/\",\"https:\\\/\\\/www.youtube.com\\\/channel\\\/UC49g1WmKq81Amw1ZUa5ZRKA\",\"https:\\\/\\\/www.linkedin.com\\\/company\\\/crisis-management-centre-cmc-finland\\\/\"]}]}<\/script>\n<!-- \/ Yoast SEO plugin. -->","yoast_head_json":{"title":"Historia - CMC Finland","robots":{"index":"index","follow":"follow","max-snippet":"max-snippet:-1","max-image-preview":"max-image-preview:large","max-video-preview":"max-video-preview:-1"},"canonical":"https:\/\/www.cmcfinland.fi\/sv\/om-oss\/cmc-finland\/historia\/","og_locale":"sv_SE","og_type":"article","og_title":"Historia - CMC Finland","og_url":"https:\/\/www.cmcfinland.fi\/sv\/om-oss\/cmc-finland\/historia\/","og_site_name":"CMC Finland","article_publisher":"https:\/\/www.facebook.com\/cmc.finland\/","article_modified_time":"2024-04-16T06:32:26+00:00","twitter_card":"summary_large_image","twitter_site":"@CMCFinland","twitter_misc":{"Est. reading time":"3 minutes"},"schema":{"@context":"https:\/\/schema.org","@graph":[{"@type":"WebPage","@id":"https:\/\/www.cmcfinland.fi\/sv\/om-oss\/cmc-finland\/historia\/","url":"https:\/\/www.cmcfinland.fi\/sv\/om-oss\/cmc-finland\/historia\/","name":"Historia - CMC Finland","isPartOf":{"@id":"https:\/\/www.cmcfinland.fi\/#website"},"datePublished":"2017-01-27T12:19:03+00:00","dateModified":"2024-04-16T06:32:26+00:00","breadcrumb":{"@id":"https:\/\/www.cmcfinland.fi\/sv\/om-oss\/cmc-finland\/historia\/#breadcrumb"},"inLanguage":"sv-SE","potentialAction":[{"@type":"ReadAction","target":["https:\/\/www.cmcfinland.fi\/sv\/om-oss\/cmc-finland\/historia\/"]}]},{"@type":"BreadcrumbList","@id":"https:\/\/www.cmcfinland.fi\/sv\/om-oss\/cmc-finland\/historia\/#breadcrumb","itemListElement":[{"@type":"ListItem","position":1,"name":"Framsida","item":"https:\/\/www.cmcfinland.fi\/sv\/"},{"@type":"ListItem","position":2,"name":"Om oss","item":"https:\/\/www.cmcfinland.fi\/sv\/om-oss\/"},{"@type":"ListItem","position":3,"name":"CMC Finland","item":"https:\/\/www.cmcfinland.fi\/sv\/om-oss\/cmc-finland\/"},{"@type":"ListItem","position":4,"name":"Historia"}]},{"@type":"WebSite","@id":"https:\/\/www.cmcfinland.fi\/#website","url":"https:\/\/www.cmcfinland.fi\/","name":"CMC Finland","description":"Kriisinhallintakeskus","publisher":{"@id":"https:\/\/www.cmcfinland.fi\/#organization"},"potentialAction":[{"@type":"SearchAction","target":{"@type":"EntryPoint","urlTemplate":"https:\/\/www.cmcfinland.fi\/?s={search_term_string}"},"query-input":{"@type":"PropertyValueSpecification","valueRequired":true,"valueName":"search_term_string"}}],"inLanguage":"sv-SE"},{"@type":"Organization","@id":"https:\/\/www.cmcfinland.fi\/#organization","name":"CMC Finland","url":"https:\/\/www.cmcfinland.fi\/","logo":{"@type":"ImageObject","inLanguage":"sv-SE","@id":"https:\/\/www.cmcfinland.fi\/#\/schema\/logo\/image\/","url":"https:\/\/www.cmcfinland.fi\/wp-content\/uploads\/2024\/01\/CMC_finland_logo_musta.png","contentUrl":"https:\/\/www.cmcfinland.fi\/wp-content\/uploads\/2024\/01\/CMC_finland_logo_musta.png","width":272,"height":88,"caption":"CMC Finland"},"image":{"@id":"https:\/\/www.cmcfinland.fi\/#\/schema\/logo\/image\/"},"sameAs":["https:\/\/www.facebook.com\/cmc.finland\/","https:\/\/x.com\/CMCFinland","https:\/\/www.instagram.com\/cmc.finland\/","https:\/\/www.youtube.com\/channel\/UC49g1WmKq81Amw1ZUa5ZRKA","https:\/\/www.linkedin.com\/company\/crisis-management-centre-cmc-finland\/"]}]}},"_links":{"self":[{"href":"https:\/\/www.cmcfinland.fi\/sv\/wp-json\/wp\/v2\/pages\/21545","targetHints":{"allow":["GET"]}}],"collection":[{"href":"https:\/\/www.cmcfinland.fi\/sv\/wp-json\/wp\/v2\/pages"}],"about":[{"href":"https:\/\/www.cmcfinland.fi\/sv\/wp-json\/wp\/v2\/types\/page"}],"author":[{"embeddable":true,"href":"https:\/\/www.cmcfinland.fi\/sv\/wp-json\/wp\/v2\/users\/1"}],"replies":[{"embeddable":true,"href":"https:\/\/www.cmcfinland.fi\/sv\/wp-json\/wp\/v2\/comments?post=21545"}],"version-history":[{"count":3,"href":"https:\/\/www.cmcfinland.fi\/sv\/wp-json\/wp\/v2\/pages\/21545\/revisions"}],"predecessor-version":[{"id":21632,"href":"https:\/\/www.cmcfinland.fi\/sv\/wp-json\/wp\/v2\/pages\/21545\/revisions\/21632"}],"up":[{"embeddable":true,"href":"https:\/\/www.cmcfinland.fi\/sv\/wp-json\/wp\/v2\/pages\/21088"}],"wp:attachment":[{"href":"https:\/\/www.cmcfinland.fi\/sv\/wp-json\/wp\/v2\/media?parent=21545"}],"curies":[{"name":"wp","href":"https:\/\/api.w.org\/{rel}","templated":true}]}}