{"id":21551,"date":"2021-10-27T10:45:38","date_gmt":"2021-10-27T07:45:38","guid":{"rendered":"https:\/\/cmc.iwn.co\/information-om-oss\/cmc-finland\/kestava-kehitys\/"},"modified":"2025-07-23T12:57:47","modified_gmt":"2025-07-23T09:57:47","slug":"hallbar-utveckling","status":"publish","type":"page","link":"https:\/\/www.cmcfinland.fi\/sv\/om-oss\/cmc-finland\/hallbar-utveckling\/","title":{"rendered":"H\u00e5llbar utveckling"},"content":{"rendered":"\n<section id=\"gm73841eb\" class=\"wp-block-gutentor-m3 alignfull section-gm73841eb gutentor-module gutentor-container-cover has-image-bg has-custom-bg g-c-r-valign-mobile g-c-r-valign-tablet g-valign-c-desktop alasivu-top\"><div class=\"grid-container\">\n<section id=\"gm94772cd\" class=\"wp-block-gutentor-m4 section-gm94772cd gutentor-module gutentor-advanced-columns\"><div class=\"grid-container\"><div class=\"grid-row\">\n<div id=\"col-gmd159d7\" class=\"wp-block-gutentor-m4-col col-gmd159d7 gutentor-single-column  grid-lg-6 grid-md-12 grid-12 header-breadcrumbs\"><div id=\"section-gmd159d7\" class=\"section-gmd159d7 gutentor-col-wrap\">\n<div id=\"section-gf98811\" class=\"wp-block-gutentor-e1 section-gf98811 gutentor-element gutentor-element-advanced-text\"><div class=\"gutentor-text-wrap\"><h1 class=\"gutentor-text\"><strong>H\u00e5llbar utveckling<\/strong><\/h1><\/div><\/div>\n\n\n<span><span><a href=\"https:\/\/www.cmcfinland.fi\/sv\/\">Framsida<\/a><\/span><\/span>\n<\/div><\/div>\n\n\n\n<div id=\"col-gm9f866b\" class=\"wp-block-gutentor-m4-col col-gm9f866b gutentor-single-column  grid-lg-6 grid-md-12 grid-12\"><div id=\"section-gm9f866b\" class=\"section-gm9f866b gutentor-col-wrap\"><\/div><\/div>\n<\/div><\/div><\/section>\n<\/div><\/section>\n\n\n\n<section id=\"gm947c3a8\" class=\"wp-block-gutentor-m3 alignwide section-gm947c3a8 gutentor-module gutentor-container-cover\"><div class=\"grid-container\"><ul class=\"sivulistaus wp-block-page-list\"><li class=\"wp-block-pages-list__item\"><a class=\"wp-block-pages-list__item__link\" href=\"https:\/\/www.cmcfinland.fi\/sv\/om-oss\/cmc-finland\/actuella-handelser\/\">Aktuella h\u00e4ndelser<\/a><\/li><li class=\"wp-block-pages-list__item\"><a class=\"wp-block-pages-list__item__link\" href=\"https:\/\/www.cmcfinland.fi\/sv\/om-oss\/cmc-finland\/toimintamme-vuonna-2025\/\">Toimintamme vuonna 2025<\/a><\/li><li class=\"wp-block-pages-list__item\"><a class=\"wp-block-pages-list__item__link\" href=\"https:\/\/www.cmcfinland.fi\/sv\/om-oss\/cmc-finland\/handlingar-som-styr-verksamheten\/\">Handlingar som styr verksamheten<\/a><\/li><li class=\"wp-block-pages-list__item\"><a class=\"wp-block-pages-list__item__link\" href=\"https:\/\/www.cmcfinland.fi\/sv\/om-oss\/cmc-finland\/hallbar-utveckling\/\">H\u00e5llbar utveckling<\/a><\/li><li class=\"wp-block-pages-list__item\"><a class=\"wp-block-pages-list__item__link\" href=\"https:\/\/www.cmcfinland.fi\/sv\/om-oss\/cmc-finland\/historia\/\">Historia<\/a><\/li><\/ul>\n\n\n<p><\/p>\n<\/div><\/section>\n\n\n\n<section id=\"kestava-kehitys\" class=\"wp-block-gutentor-m3 section-gm2452edf gutentor-module gutentor-container-cover\"><div class=\"grid-container\">\n<h2 class=\"wp-block-heading\">H\u00e5llbar utveckling<\/h2>\n\n\n\n<p>Med h\u00e5llbar utveckling avses en styrd global och lokal f\u00f6r\u00e4ndring vars m\u00e5l \u00e4r att uppn\u00e5 goda levnadsm\u00f6jligheter f\u00f6r nuvarande och kommande generationer p\u00e5 ett s\u00e4tt som \u00e4r gynnsamt och h\u00e5llbart med tanke p\u00e5 milj\u00f6n och klimatet. \u00c5r 2015 f\u00f6rband sig FN:s medlemsstater genom m\u00e5lprogrammet Agenda 2030 till att utrota extrem fattigdom samt till andra gemensamma m\u00e5l f\u00f6r h\u00e5llbar utveckling. Agenda 2030 inneh\u00e5ller 17 m\u00e5l f\u00f6r h\u00e5llbar utveckling, vilka har preciserats i delm\u00e5l och f\u00f6ljs upp med hj\u00e4lp av globala och landsspecifika indikatorer.<\/p>\n\n\n\n<p>Finland har f\u00f6rbundit sig till m\u00e5lprogrammet b\u00e5de i hemlandet och i det internationella samarbetet. M\u00e5nga av m\u00e5len f\u00f6r h\u00e5llbar utveckling har anknytning till civil krishantering.<\/p>\n\n\n\n<p>I Finland fr\u00e4mjar Krishanteringscentret h\u00e5llbar utveckling med hj\u00e4lp av sin egen strategi f\u00f6r h\u00e5llbar utveckling. Dessutom deltar vi i kampanjen \u00c5tagande2050 och utarbetar en \u00e5rlig ansvarsrapport (p\u00e5 finska).&nbsp;<\/p>\n\n\n\n<h3 class=\"wp-block-heading\"><strong>Ansvarsrapportering<\/strong><\/h3>\n\n\n\n<p>H\u00e4r kan du l\u00e4sa Krishanteringscentrets ansvarsrapporter p\u00e5 finska: <a href=\"https:\/\/www.cmcfinland.fi\/wp-content\/uploads\/2025\/06\/CMC_Finland_Kestavyysraportti_2024.pdf\">2024<\/a>, <a href=\"https:\/\/www.cmcfinland.fi\/wp-content\/uploads\/2024\/06\/Vastuullisuusraportti_2023.pdf\">2023<\/a>, <a href=\"\/wp-content\/uploads\/2023\/06\/Vastuullisuusraportti_2022.pdf\">2022<\/a>, <a href=\"\/wp-content\/uploads\/2024\/04\/Vastuullisuusraportti_2021.pdf\">2021<\/a>.<\/p>\n\n\n\n<p>I ansvarsrapporteringen har vi identifierat f\u00f6ljande av Agenda 2030-m\u00e5len som de mest v\u00e4sentliga f\u00f6r Krishanteringscentret:<\/p>\n\n\n\n<ul class=\"wp-block-list\">\n<li>J\u00e4mst\u00e4lldhet (SDG 5)<\/li>\n\n\n\n<li>Minska oj\u00e4mlikheter inom och mellan l\u00e4nder (SDG 10)<\/li>\n\n\n\n<li>H\u00e5llbar konsumtion och produktion (SDG 12)<\/li>\n\n\n\n<li>Bek\u00e4mpa klimatf\u00f6r\u00e4ndringen (SDG 13)<\/li>\n\n\n\n<li>Fred, r\u00e4ttvisa och god f\u00f6rvaltning (SDG 16)<\/li>\n\n\n\n<li>Globalt partnerskap f\u00f6r h\u00e5llbar utveckling (SDG 17)<\/li>\n<\/ul>\n\n\n\n<p><\/p>\n\n\n\n<p><\/p>\n\n\n\n<p><\/p>\n\n\n\n<p><\/p>\n\n\n\n<p><\/p>\n\n\n\n<p><\/p>\n<\/div><\/section>\n\n\n\n<p><\/p>\n","protected":false},"excerpt":{"rendered":"","protected":false},"author":2,"featured_media":0,"parent":21088,"menu_order":4,"comment_status":"closed","ping_status":"closed","template":"","meta":{"_acf_changed":false,"_relevanssi_hide_post":"","_relevanssi_hide_content":"","_relevanssi_pin_for_all":"","_relevanssi_pin_keywords":"","_relevanssi_unpin_keywords":"","_relevanssi_related_keywords":"","_relevanssi_related_include_ids":"","_relevanssi_related_exclude_ids":"","_relevanssi_related_no_append":"","_relevanssi_related_not_related":"","_relevanssi_related_posts":"14371,14359,17083,11422,18198,17234","_relevanssi_noindex_reason":"","footnotes":""},"class_list":["post-21551","page","type-page","status-publish"],"acf":[],"yoast_head":"<!-- This site is optimized with the Yoast SEO plugin v27.4 - https:\/\/yoast.com\/product\/yoast-seo-wordpress\/ -->\n<title>H\u00e5llbar utveckling - CMC Finland<\/title>\n<meta name=\"robots\" content=\"index, follow, max-snippet:-1, max-image-preview:large, max-video-preview:-1\" \/>\n<link rel=\"canonical\" href=\"https:\/\/www.cmcfinland.fi\/sv\/om-oss\/cmc-finland\/hallbar-utveckling\/\" \/>\n<meta property=\"og:locale\" content=\"sv_SE\" \/>\n<meta property=\"og:type\" content=\"article\" \/>\n<meta property=\"og:title\" content=\"H\u00e5llbar utveckling - CMC Finland\" \/>\n<meta property=\"og:url\" content=\"https:\/\/www.cmcfinland.fi\/sv\/om-oss\/cmc-finland\/hallbar-utveckling\/\" \/>\n<meta property=\"og:site_name\" content=\"CMC Finland\" \/>\n<meta property=\"article:publisher\" content=\"https:\/\/www.facebook.com\/cmc.finland\/\" \/>\n<meta property=\"article:modified_time\" content=\"2025-07-23T09:57:47+00:00\" \/>\n<meta name=\"twitter:card\" content=\"summary_large_image\" \/>\n<meta name=\"twitter:site\" content=\"@CMCFinland\" \/>\n<meta name=\"twitter:label1\" content=\"Est. reading time\" \/>\n\t<meta name=\"twitter:data1\" content=\"2 minutes\" \/>\n<script type=\"application\/ld+json\" class=\"yoast-schema-graph\">{\"@context\":\"https:\\\/\\\/schema.org\",\"@graph\":[{\"@type\":\"WebPage\",\"@id\":\"https:\\\/\\\/www.cmcfinland.fi\\\/sv\\\/om-oss\\\/cmc-finland\\\/hallbar-utveckling\\\/\",\"url\":\"https:\\\/\\\/www.cmcfinland.fi\\\/sv\\\/om-oss\\\/cmc-finland\\\/hallbar-utveckling\\\/\",\"name\":\"H\u00e5llbar utveckling - CMC Finland\",\"isPartOf\":{\"@id\":\"https:\\\/\\\/www.cmcfinland.fi\\\/#website\"},\"datePublished\":\"2021-10-27T07:45:38+00:00\",\"dateModified\":\"2025-07-23T09:57:47+00:00\",\"breadcrumb\":{\"@id\":\"https:\\\/\\\/www.cmcfinland.fi\\\/sv\\\/om-oss\\\/cmc-finland\\\/hallbar-utveckling\\\/#breadcrumb\"},\"inLanguage\":\"sv-SE\",\"potentialAction\":[{\"@type\":\"ReadAction\",\"target\":[\"https:\\\/\\\/www.cmcfinland.fi\\\/sv\\\/om-oss\\\/cmc-finland\\\/hallbar-utveckling\\\/\"]}]},{\"@type\":\"BreadcrumbList\",\"@id\":\"https:\\\/\\\/www.cmcfinland.fi\\\/sv\\\/om-oss\\\/cmc-finland\\\/hallbar-utveckling\\\/#breadcrumb\",\"itemListElement\":[{\"@type\":\"ListItem\",\"position\":1,\"name\":\"Framsida\",\"item\":\"https:\\\/\\\/www.cmcfinland.fi\\\/sv\\\/\"},{\"@type\":\"ListItem\",\"position\":2,\"name\":\"Om oss\",\"item\":\"https:\\\/\\\/www.cmcfinland.fi\\\/sv\\\/om-oss\\\/\"},{\"@type\":\"ListItem\",\"position\":3,\"name\":\"CMC Finland\",\"item\":\"https:\\\/\\\/www.cmcfinland.fi\\\/sv\\\/om-oss\\\/cmc-finland\\\/\"},{\"@type\":\"ListItem\",\"position\":4,\"name\":\"H\u00e5llbar utveckling\"}]},{\"@type\":\"WebSite\",\"@id\":\"https:\\\/\\\/www.cmcfinland.fi\\\/#website\",\"url\":\"https:\\\/\\\/www.cmcfinland.fi\\\/\",\"name\":\"CMC Finland\",\"description\":\"Kriisinhallintakeskus\",\"publisher\":{\"@id\":\"https:\\\/\\\/www.cmcfinland.fi\\\/#organization\"},\"potentialAction\":[{\"@type\":\"SearchAction\",\"target\":{\"@type\":\"EntryPoint\",\"urlTemplate\":\"https:\\\/\\\/www.cmcfinland.fi\\\/?s={search_term_string}\"},\"query-input\":{\"@type\":\"PropertyValueSpecification\",\"valueRequired\":true,\"valueName\":\"search_term_string\"}}],\"inLanguage\":\"sv-SE\"},{\"@type\":\"Organization\",\"@id\":\"https:\\\/\\\/www.cmcfinland.fi\\\/#organization\",\"name\":\"CMC Finland\",\"url\":\"https:\\\/\\\/www.cmcfinland.fi\\\/\",\"logo\":{\"@type\":\"ImageObject\",\"inLanguage\":\"sv-SE\",\"@id\":\"https:\\\/\\\/www.cmcfinland.fi\\\/#\\\/schema\\\/logo\\\/image\\\/\",\"url\":\"https:\\\/\\\/www.cmcfinland.fi\\\/wp-content\\\/uploads\\\/2024\\\/01\\\/CMC_finland_logo_musta.png\",\"contentUrl\":\"https:\\\/\\\/www.cmcfinland.fi\\\/wp-content\\\/uploads\\\/2024\\\/01\\\/CMC_finland_logo_musta.png\",\"width\":272,\"height\":88,\"caption\":\"CMC Finland\"},\"image\":{\"@id\":\"https:\\\/\\\/www.cmcfinland.fi\\\/#\\\/schema\\\/logo\\\/image\\\/\"},\"sameAs\":[\"https:\\\/\\\/www.facebook.com\\\/cmc.finland\\\/\",\"https:\\\/\\\/x.com\\\/CMCFinland\",\"https:\\\/\\\/www.instagram.com\\\/cmc.finland\\\/\",\"https:\\\/\\\/www.youtube.com\\\/channel\\\/UC49g1WmKq81Amw1ZUa5ZRKA\",\"https:\\\/\\\/www.linkedin.com\\\/company\\\/crisis-management-centre-cmc-finland\\\/\"]}]}<\/script>\n<!-- \/ Yoast SEO plugin. -->","yoast_head_json":{"title":"H\u00e5llbar utveckling - CMC Finland","robots":{"index":"index","follow":"follow","max-snippet":"max-snippet:-1","max-image-preview":"max-image-preview:large","max-video-preview":"max-video-preview:-1"},"canonical":"https:\/\/www.cmcfinland.fi\/sv\/om-oss\/cmc-finland\/hallbar-utveckling\/","og_locale":"sv_SE","og_type":"article","og_title":"H\u00e5llbar utveckling - CMC Finland","og_url":"https:\/\/www.cmcfinland.fi\/sv\/om-oss\/cmc-finland\/hallbar-utveckling\/","og_site_name":"CMC Finland","article_publisher":"https:\/\/www.facebook.com\/cmc.finland\/","article_modified_time":"2025-07-23T09:57:47+00:00","twitter_card":"summary_large_image","twitter_site":"@CMCFinland","twitter_misc":{"Est. reading time":"2 minutes"},"schema":{"@context":"https:\/\/schema.org","@graph":[{"@type":"WebPage","@id":"https:\/\/www.cmcfinland.fi\/sv\/om-oss\/cmc-finland\/hallbar-utveckling\/","url":"https:\/\/www.cmcfinland.fi\/sv\/om-oss\/cmc-finland\/hallbar-utveckling\/","name":"H\u00e5llbar utveckling - CMC Finland","isPartOf":{"@id":"https:\/\/www.cmcfinland.fi\/#website"},"datePublished":"2021-10-27T07:45:38+00:00","dateModified":"2025-07-23T09:57:47+00:00","breadcrumb":{"@id":"https:\/\/www.cmcfinland.fi\/sv\/om-oss\/cmc-finland\/hallbar-utveckling\/#breadcrumb"},"inLanguage":"sv-SE","potentialAction":[{"@type":"ReadAction","target":["https:\/\/www.cmcfinland.fi\/sv\/om-oss\/cmc-finland\/hallbar-utveckling\/"]}]},{"@type":"BreadcrumbList","@id":"https:\/\/www.cmcfinland.fi\/sv\/om-oss\/cmc-finland\/hallbar-utveckling\/#breadcrumb","itemListElement":[{"@type":"ListItem","position":1,"name":"Framsida","item":"https:\/\/www.cmcfinland.fi\/sv\/"},{"@type":"ListItem","position":2,"name":"Om oss","item":"https:\/\/www.cmcfinland.fi\/sv\/om-oss\/"},{"@type":"ListItem","position":3,"name":"CMC Finland","item":"https:\/\/www.cmcfinland.fi\/sv\/om-oss\/cmc-finland\/"},{"@type":"ListItem","position":4,"name":"H\u00e5llbar utveckling"}]},{"@type":"WebSite","@id":"https:\/\/www.cmcfinland.fi\/#website","url":"https:\/\/www.cmcfinland.fi\/","name":"CMC Finland","description":"Kriisinhallintakeskus","publisher":{"@id":"https:\/\/www.cmcfinland.fi\/#organization"},"potentialAction":[{"@type":"SearchAction","target":{"@type":"EntryPoint","urlTemplate":"https:\/\/www.cmcfinland.fi\/?s={search_term_string}"},"query-input":{"@type":"PropertyValueSpecification","valueRequired":true,"valueName":"search_term_string"}}],"inLanguage":"sv-SE"},{"@type":"Organization","@id":"https:\/\/www.cmcfinland.fi\/#organization","name":"CMC Finland","url":"https:\/\/www.cmcfinland.fi\/","logo":{"@type":"ImageObject","inLanguage":"sv-SE","@id":"https:\/\/www.cmcfinland.fi\/#\/schema\/logo\/image\/","url":"https:\/\/www.cmcfinland.fi\/wp-content\/uploads\/2024\/01\/CMC_finland_logo_musta.png","contentUrl":"https:\/\/www.cmcfinland.fi\/wp-content\/uploads\/2024\/01\/CMC_finland_logo_musta.png","width":272,"height":88,"caption":"CMC Finland"},"image":{"@id":"https:\/\/www.cmcfinland.fi\/#\/schema\/logo\/image\/"},"sameAs":["https:\/\/www.facebook.com\/cmc.finland\/","https:\/\/x.com\/CMCFinland","https:\/\/www.instagram.com\/cmc.finland\/","https:\/\/www.youtube.com\/channel\/UC49g1WmKq81Amw1ZUa5ZRKA","https:\/\/www.linkedin.com\/company\/crisis-management-centre-cmc-finland\/"]}]}},"_links":{"self":[{"href":"https:\/\/www.cmcfinland.fi\/sv\/wp-json\/wp\/v2\/pages\/21551","targetHints":{"allow":["GET"]}}],"collection":[{"href":"https:\/\/www.cmcfinland.fi\/sv\/wp-json\/wp\/v2\/pages"}],"about":[{"href":"https:\/\/www.cmcfinland.fi\/sv\/wp-json\/wp\/v2\/types\/page"}],"author":[{"embeddable":true,"href":"https:\/\/www.cmcfinland.fi\/sv\/wp-json\/wp\/v2\/users\/2"}],"replies":[{"embeddable":true,"href":"https:\/\/www.cmcfinland.fi\/sv\/wp-json\/wp\/v2\/comments?post=21551"}],"version-history":[{"count":5,"href":"https:\/\/www.cmcfinland.fi\/sv\/wp-json\/wp\/v2\/pages\/21551\/revisions"}],"predecessor-version":[{"id":27038,"href":"https:\/\/www.cmcfinland.fi\/sv\/wp-json\/wp\/v2\/pages\/21551\/revisions\/27038"}],"up":[{"embeddable":true,"href":"https:\/\/www.cmcfinland.fi\/sv\/wp-json\/wp\/v2\/pages\/21088"}],"wp:attachment":[{"href":"https:\/\/www.cmcfinland.fi\/sv\/wp-json\/wp\/v2\/media?parent=21551"}],"curies":[{"name":"wp","href":"https:\/\/api.w.org\/{rel}","templated":true}]}}