{"id":21599,"date":"2021-12-30T09:50:17","date_gmt":"2021-12-30T07:50:17","guid":{"rendered":"https:\/\/cmc.iwn.co\/internationella-uppdrag\/valobservationsuppdrag\/etyjin-tehtaviin-hakeutuminen\/"},"modified":"2024-04-18T14:27:20","modified_gmt":"2024-04-18T11:27:20","slug":"ansokan-till-osse-uppdrag","status":"publish","type":"page","link":"https:\/\/www.cmcfinland.fi\/sv\/internationella-uppdrag\/valobservationsuppdrag\/ansokan-till-osse-uppdrag\/","title":{"rendered":"Ans\u00f6kan till OSSE-uppdrag"},"content":{"rendered":"\n<section id=\"gma226fe2\" class=\"wp-block-gutentor-m3 alignfull section-gma226fe2 gutentor-module gutentor-container-cover has-image-bg has-custom-bg g-c-r-valign-mobile g-c-r-valign-tablet g-valign-c-desktop alasivu-top\"><div class=\"grid-container\">\n<section id=\"gm24bfa83\" class=\"wp-block-gutentor-m4 section-gm24bfa83 gutentor-module gutentor-advanced-columns\"><div class=\"grid-container\"><div class=\"grid-row\">\n<div id=\"col-gma9a007\" class=\"wp-block-gutentor-m4-col col-gma9a007 gutentor-single-column  grid-lg-6 grid-md-12 grid-12 header-breadcrumbs\"><div id=\"section-gma9a007\" class=\"section-gma9a007 gutentor-col-wrap\">\n<div id=\"section-g9d80ff\" class=\"wp-block-gutentor-e1 section-g9d80ff gutentor-element gutentor-element-advanced-text\"><div class=\"gutentor-text-wrap\"><h1 class=\"gutentor-text\">Ans\u00f6kan till <br>OSSE-uppdrag<\/h1><\/div><\/div>\n\n\n<span><span><a href=\"https:\/\/www.cmcfinland.fi\/sv\/\">Framsida<\/a><\/span><\/span>\n<\/div><\/div>\n\n\n\n<div id=\"col-gm711a9d\" class=\"wp-block-gutentor-m4-col col-gm711a9d gutentor-single-column  grid-lg-6 grid-md-12 grid-12\"><div id=\"section-gm711a9d\" class=\"section-gm711a9d gutentor-col-wrap\"><\/div><\/div>\n<\/div><\/div><\/section>\n<\/div><\/section>\n\n\n\n<section id=\"gm0df6ceb\" class=\"wp-block-gutentor-m3 section-gm0df6ceb gutentor-module gutentor-container-cover d-none\"><div class=\"grid-container\">\n<div class=\"ankkuri-linkit\"><a href=\"#Teht\u00e4vist\u00e4-ilmoittaminen\">Teht\u00e4vist\u00e4 ilmoittaminen<\/a><a href=\"#Teht\u00e4v\u00e4nkuvaus-ja-vaatimukset\">Teht\u00e4v\u00e4nkuvaus ja vaatimukset<\/a><a href=\"#Miten-hakeudun\">Miten hakeudun Etyjin vaalitarkkailuteht\u00e4viin?<\/a><a href=\"#valintamenettely\">LTO- ja STO-teht\u00e4v\u00e4t: valintamenettely<\/a><a href=\"#Ik\u00e4raja\">Ik\u00e4raja<\/a><a href=\"#Asiantuntijarekisteri\">Asiantuntijarekisteri<\/a><\/div>\n<\/div><\/section>\n\n\n\n<section id=\"gm0404d65\" class=\"wp-block-gutentor-m3 section-gm0404d65 gutentor-module gutentor-container-cover\"><div class=\"grid-container\">\n<h2 class=\"wp-block-heading\">Om du \u00e4r intresserad av OSSE\/ODIHR- valobservation<\/h2>\n\n\n\n<ol class=\"wp-block-list\">\n<li>F\u00f6rst genomf\u00f6r OSSE\/ODIHR:s omfattande <a href=\"https:\/\/www.odihrobserver.org\/\">webbkurs f\u00f6r observat\u00f6rer<\/a>.<\/li>\n\n\n\n<li>Registrera dig i OSSE\/ODIHR Election Expert Database och skapa din egen CV\/profil.<\/li>\n\n\n\n<li>Skicka en f\u00f6rfr\u00e5gan till Krishanteringscentret p\u00e5 adressen elections@cmcfinland.fi f\u00f6r att ansluta till Krishanteringscentrets e-postlista f\u00f6r OSSE\/ODIHR- valobservation. Bifoga ett intyg om avslutad OSSE\/ODIHR-webbkurs (pdf) till f\u00f6rfr\u00e5gan. Kom ih\u00e5g att ange ditt namn och din e-postadress i meddelandef\u00e4ltet, d\u00e4r du vill ta emot Krishanteringscentrets meddelanden om \u00f6ppna OSSE\/ODIHR- valobservationuppdrag. Vi skickar ett bekr\u00e4ftelsemeddelande om anslutningen till e-postlistan.<\/li>\n\n\n\n<li>Krishanteringscentret skickar ut anm\u00e4lningar om \u00f6ppna OSSE\/ODIHR- valobservationuppdrag till e-postlistans deltagare. I anm\u00e4lan finns detaljerade instruktioner om uppdraget och ans\u00f6kningsprocessen.<\/li>\n<\/ol>\n\n\n\n<p>Mer information om valobservation utbildning, ans\u00f6kan till uppgifter och tj\u00e4nstg\u00f6ring i uppdragen finns p\u00e5 v\u00e5ra<a href=\"\/kansainvaliset-tehtavat\/kansainvaliset-vaalitarkkailutehtavat\/\"> finsk webbsidor.<\/a><\/p>\n<\/div><\/section>\n","protected":false},"excerpt":{"rendered":"","protected":false},"author":2,"featured_media":0,"parent":21120,"menu_order":0,"comment_status":"closed","ping_status":"closed","template":"","meta":{"_acf_changed":false,"_relevanssi_hide_post":"","_relevanssi_hide_content":"","_relevanssi_pin_for_all":"","_relevanssi_pin_keywords":"","_relevanssi_unpin_keywords":"","_relevanssi_related_keywords":"","_relevanssi_related_include_ids":"","_relevanssi_related_exclude_ids":"","_relevanssi_related_no_append":"","_relevanssi_related_not_related":"","_relevanssi_related_posts":"2856,2870,15618,5514,5752,7845","_relevanssi_noindex_reason":"","footnotes":""},"class_list":["post-21599","page","type-page","status-publish"],"acf":[],"yoast_head":"<!-- This site is optimized with the Yoast SEO plugin v27.5 - https:\/\/yoast.com\/product\/yoast-seo-wordpress\/ -->\n<title>Ans\u00f6kan till OSSE-uppdrag - CMC Finland<\/title>\n<meta name=\"robots\" content=\"index, follow, max-snippet:-1, max-image-preview:large, max-video-preview:-1\" \/>\n<link rel=\"canonical\" href=\"https:\/\/www.cmcfinland.fi\/sv\/internationella-uppdrag\/valobservationsuppdrag\/ansokan-till-osse-uppdrag\/\" \/>\n<meta property=\"og:locale\" content=\"sv_SE\" \/>\n<meta property=\"og:type\" content=\"article\" \/>\n<meta property=\"og:title\" content=\"Ans\u00f6kan till OSSE-uppdrag - CMC Finland\" \/>\n<meta property=\"og:url\" content=\"https:\/\/www.cmcfinland.fi\/sv\/internationella-uppdrag\/valobservationsuppdrag\/ansokan-till-osse-uppdrag\/\" \/>\n<meta property=\"og:site_name\" content=\"CMC Finland\" \/>\n<meta property=\"article:publisher\" content=\"https:\/\/www.facebook.com\/cmc.finland\/\" \/>\n<meta property=\"article:modified_time\" content=\"2024-04-18T11:27:20+00:00\" \/>\n<meta name=\"twitter:card\" content=\"summary_large_image\" \/>\n<meta name=\"twitter:site\" content=\"@CMCFinland\" \/>\n<meta name=\"twitter:label1\" content=\"Est. reading time\" \/>\n\t<meta name=\"twitter:data1\" content=\"1 minute\" \/>\n<script type=\"application\/ld+json\" class=\"yoast-schema-graph\">{\"@context\":\"https:\\\/\\\/schema.org\",\"@graph\":[{\"@type\":\"WebPage\",\"@id\":\"https:\\\/\\\/www.cmcfinland.fi\\\/sv\\\/internationella-uppdrag\\\/valobservationsuppdrag\\\/ansokan-till-osse-uppdrag\\\/\",\"url\":\"https:\\\/\\\/www.cmcfinland.fi\\\/sv\\\/internationella-uppdrag\\\/valobservationsuppdrag\\\/ansokan-till-osse-uppdrag\\\/\",\"name\":\"Ans\u00f6kan till OSSE-uppdrag - CMC Finland\",\"isPartOf\":{\"@id\":\"https:\\\/\\\/www.cmcfinland.fi\\\/#website\"},\"datePublished\":\"2021-12-30T07:50:17+00:00\",\"dateModified\":\"2024-04-18T11:27:20+00:00\",\"breadcrumb\":{\"@id\":\"https:\\\/\\\/www.cmcfinland.fi\\\/sv\\\/internationella-uppdrag\\\/valobservationsuppdrag\\\/ansokan-till-osse-uppdrag\\\/#breadcrumb\"},\"inLanguage\":\"sv-SE\",\"potentialAction\":[{\"@type\":\"ReadAction\",\"target\":[\"https:\\\/\\\/www.cmcfinland.fi\\\/sv\\\/internationella-uppdrag\\\/valobservationsuppdrag\\\/ansokan-till-osse-uppdrag\\\/\"]}]},{\"@type\":\"BreadcrumbList\",\"@id\":\"https:\\\/\\\/www.cmcfinland.fi\\\/sv\\\/internationella-uppdrag\\\/valobservationsuppdrag\\\/ansokan-till-osse-uppdrag\\\/#breadcrumb\",\"itemListElement\":[{\"@type\":\"ListItem\",\"position\":1,\"name\":\"Framsida\",\"item\":\"https:\\\/\\\/www.cmcfinland.fi\\\/sv\\\/\"},{\"@type\":\"ListItem\",\"position\":2,\"name\":\"Internationella uppdrag\",\"item\":\"https:\\\/\\\/www.cmcfinland.fi\\\/sv\\\/internationella-uppdrag\\\/\"},{\"@type\":\"ListItem\",\"position\":3,\"name\":\"Valobservationsuppdrag\",\"item\":\"https:\\\/\\\/www.cmcfinland.fi\\\/sv\\\/internationella-uppdrag\\\/valobservationsuppdrag\\\/\"},{\"@type\":\"ListItem\",\"position\":4,\"name\":\"Ans\u00f6kan till OSSE-uppdrag\"}]},{\"@type\":\"WebSite\",\"@id\":\"https:\\\/\\\/www.cmcfinland.fi\\\/#website\",\"url\":\"https:\\\/\\\/www.cmcfinland.fi\\\/\",\"name\":\"CMC Finland\",\"description\":\"Kriisinhallintakeskus\",\"publisher\":{\"@id\":\"https:\\\/\\\/www.cmcfinland.fi\\\/#organization\"},\"potentialAction\":[{\"@type\":\"SearchAction\",\"target\":{\"@type\":\"EntryPoint\",\"urlTemplate\":\"https:\\\/\\\/www.cmcfinland.fi\\\/?s={search_term_string}\"},\"query-input\":{\"@type\":\"PropertyValueSpecification\",\"valueRequired\":true,\"valueName\":\"search_term_string\"}}],\"inLanguage\":\"sv-SE\"},{\"@type\":\"Organization\",\"@id\":\"https:\\\/\\\/www.cmcfinland.fi\\\/#organization\",\"name\":\"CMC Finland\",\"url\":\"https:\\\/\\\/www.cmcfinland.fi\\\/\",\"logo\":{\"@type\":\"ImageObject\",\"inLanguage\":\"sv-SE\",\"@id\":\"https:\\\/\\\/www.cmcfinland.fi\\\/#\\\/schema\\\/logo\\\/image\\\/\",\"url\":\"https:\\\/\\\/www.cmcfinland.fi\\\/wp-content\\\/uploads\\\/2024\\\/01\\\/CMC_finland_logo_musta.png\",\"contentUrl\":\"https:\\\/\\\/www.cmcfinland.fi\\\/wp-content\\\/uploads\\\/2024\\\/01\\\/CMC_finland_logo_musta.png\",\"width\":272,\"height\":88,\"caption\":\"CMC Finland\"},\"image\":{\"@id\":\"https:\\\/\\\/www.cmcfinland.fi\\\/#\\\/schema\\\/logo\\\/image\\\/\"},\"sameAs\":[\"https:\\\/\\\/www.facebook.com\\\/cmc.finland\\\/\",\"https:\\\/\\\/x.com\\\/CMCFinland\",\"https:\\\/\\\/www.instagram.com\\\/cmc.finland\\\/\",\"https:\\\/\\\/www.youtube.com\\\/channel\\\/UC49g1WmKq81Amw1ZUa5ZRKA\",\"https:\\\/\\\/www.linkedin.com\\\/company\\\/crisis-management-centre-cmc-finland\\\/\"]}]}<\/script>\n<!-- \/ Yoast SEO plugin. -->","yoast_head_json":{"title":"Ans\u00f6kan till OSSE-uppdrag - CMC Finland","robots":{"index":"index","follow":"follow","max-snippet":"max-snippet:-1","max-image-preview":"max-image-preview:large","max-video-preview":"max-video-preview:-1"},"canonical":"https:\/\/www.cmcfinland.fi\/sv\/internationella-uppdrag\/valobservationsuppdrag\/ansokan-till-osse-uppdrag\/","og_locale":"sv_SE","og_type":"article","og_title":"Ans\u00f6kan till OSSE-uppdrag - CMC Finland","og_url":"https:\/\/www.cmcfinland.fi\/sv\/internationella-uppdrag\/valobservationsuppdrag\/ansokan-till-osse-uppdrag\/","og_site_name":"CMC Finland","article_publisher":"https:\/\/www.facebook.com\/cmc.finland\/","article_modified_time":"2024-04-18T11:27:20+00:00","twitter_card":"summary_large_image","twitter_site":"@CMCFinland","twitter_misc":{"Est. reading time":"1 minute"},"schema":{"@context":"https:\/\/schema.org","@graph":[{"@type":"WebPage","@id":"https:\/\/www.cmcfinland.fi\/sv\/internationella-uppdrag\/valobservationsuppdrag\/ansokan-till-osse-uppdrag\/","url":"https:\/\/www.cmcfinland.fi\/sv\/internationella-uppdrag\/valobservationsuppdrag\/ansokan-till-osse-uppdrag\/","name":"Ans\u00f6kan till OSSE-uppdrag - CMC Finland","isPartOf":{"@id":"https:\/\/www.cmcfinland.fi\/#website"},"datePublished":"2021-12-30T07:50:17+00:00","dateModified":"2024-04-18T11:27:20+00:00","breadcrumb":{"@id":"https:\/\/www.cmcfinland.fi\/sv\/internationella-uppdrag\/valobservationsuppdrag\/ansokan-till-osse-uppdrag\/#breadcrumb"},"inLanguage":"sv-SE","potentialAction":[{"@type":"ReadAction","target":["https:\/\/www.cmcfinland.fi\/sv\/internationella-uppdrag\/valobservationsuppdrag\/ansokan-till-osse-uppdrag\/"]}]},{"@type":"BreadcrumbList","@id":"https:\/\/www.cmcfinland.fi\/sv\/internationella-uppdrag\/valobservationsuppdrag\/ansokan-till-osse-uppdrag\/#breadcrumb","itemListElement":[{"@type":"ListItem","position":1,"name":"Framsida","item":"https:\/\/www.cmcfinland.fi\/sv\/"},{"@type":"ListItem","position":2,"name":"Internationella uppdrag","item":"https:\/\/www.cmcfinland.fi\/sv\/internationella-uppdrag\/"},{"@type":"ListItem","position":3,"name":"Valobservationsuppdrag","item":"https:\/\/www.cmcfinland.fi\/sv\/internationella-uppdrag\/valobservationsuppdrag\/"},{"@type":"ListItem","position":4,"name":"Ans\u00f6kan till OSSE-uppdrag"}]},{"@type":"WebSite","@id":"https:\/\/www.cmcfinland.fi\/#website","url":"https:\/\/www.cmcfinland.fi\/","name":"CMC Finland","description":"Kriisinhallintakeskus","publisher":{"@id":"https:\/\/www.cmcfinland.fi\/#organization"},"potentialAction":[{"@type":"SearchAction","target":{"@type":"EntryPoint","urlTemplate":"https:\/\/www.cmcfinland.fi\/?s={search_term_string}"},"query-input":{"@type":"PropertyValueSpecification","valueRequired":true,"valueName":"search_term_string"}}],"inLanguage":"sv-SE"},{"@type":"Organization","@id":"https:\/\/www.cmcfinland.fi\/#organization","name":"CMC Finland","url":"https:\/\/www.cmcfinland.fi\/","logo":{"@type":"ImageObject","inLanguage":"sv-SE","@id":"https:\/\/www.cmcfinland.fi\/#\/schema\/logo\/image\/","url":"https:\/\/www.cmcfinland.fi\/wp-content\/uploads\/2024\/01\/CMC_finland_logo_musta.png","contentUrl":"https:\/\/www.cmcfinland.fi\/wp-content\/uploads\/2024\/01\/CMC_finland_logo_musta.png","width":272,"height":88,"caption":"CMC Finland"},"image":{"@id":"https:\/\/www.cmcfinland.fi\/#\/schema\/logo\/image\/"},"sameAs":["https:\/\/www.facebook.com\/cmc.finland\/","https:\/\/x.com\/CMCFinland","https:\/\/www.instagram.com\/cmc.finland\/","https:\/\/www.youtube.com\/channel\/UC49g1WmKq81Amw1ZUa5ZRKA","https:\/\/www.linkedin.com\/company\/crisis-management-centre-cmc-finland\/"]}]}},"_links":{"self":[{"href":"https:\/\/www.cmcfinland.fi\/sv\/wp-json\/wp\/v2\/pages\/21599","targetHints":{"allow":["GET"]}}],"collection":[{"href":"https:\/\/www.cmcfinland.fi\/sv\/wp-json\/wp\/v2\/pages"}],"about":[{"href":"https:\/\/www.cmcfinland.fi\/sv\/wp-json\/wp\/v2\/types\/page"}],"author":[{"embeddable":true,"href":"https:\/\/www.cmcfinland.fi\/sv\/wp-json\/wp\/v2\/users\/2"}],"replies":[{"embeddable":true,"href":"https:\/\/www.cmcfinland.fi\/sv\/wp-json\/wp\/v2\/comments?post=21599"}],"version-history":[{"count":5,"href":"https:\/\/www.cmcfinland.fi\/sv\/wp-json\/wp\/v2\/pages\/21599\/revisions"}],"predecessor-version":[{"id":22114,"href":"https:\/\/www.cmcfinland.fi\/sv\/wp-json\/wp\/v2\/pages\/21599\/revisions\/22114"}],"up":[{"embeddable":true,"href":"https:\/\/www.cmcfinland.fi\/sv\/wp-json\/wp\/v2\/pages\/21120"}],"wp:attachment":[{"href":"https:\/\/www.cmcfinland.fi\/sv\/wp-json\/wp\/v2\/media?parent=21599"}],"curies":[{"name":"wp","href":"https:\/\/api.w.org\/{rel}","templated":true}]}}