{"id":21600,"date":"2021-12-30T09:54:53","date_gmt":"2021-12-30T07:54:53","guid":{"rendered":"https:\/\/cmc.iwn.co\/internationella-uppdrag\/valobservationsuppdrag\/eun-tehtaviin-hakeutuminen\/"},"modified":"2024-04-19T09:59:40","modified_gmt":"2024-04-19T06:59:40","slug":"ansokan-till-eu-uppdrag","status":"publish","type":"page","link":"https:\/\/www.cmcfinland.fi\/sv\/internationella-uppdrag\/valobservationsuppdrag\/ansokan-till-eu-uppdrag\/","title":{"rendered":"Ans\u00f6kan till EU-uppdrag"},"content":{"rendered":"\n<section id=\"gm18bca05\" class=\"wp-block-gutentor-m3 alignfull section-gm18bca05 gutentor-module gutentor-container-cover has-image-bg has-custom-bg g-c-r-valign-mobile g-c-r-valign-tablet g-valign-c-desktop alasivu-top\"><div class=\"grid-container\">\n<section id=\"gmec3a5f3\" class=\"wp-block-gutentor-m4 section-gmec3a5f3 gutentor-module gutentor-advanced-columns\"><div class=\"grid-container\"><div class=\"grid-row\">\n<div id=\"col-gm6d7ba3\" class=\"wp-block-gutentor-m4-col col-gm6d7ba3 gutentor-single-column  grid-lg-6 grid-md-12 grid-12 header-breadcrumbs\"><div id=\"section-gm6d7ba3\" class=\"section-gm6d7ba3 gutentor-col-wrap\">\n<div id=\"section-g53c554\" class=\"wp-block-gutentor-e1 section-g53c554 gutentor-element gutentor-element-advanced-text\"><div class=\"gutentor-text-wrap\"><h1 class=\"gutentor-text\">Ans\u00f6kan till <br>EU-uppdrag<\/h1><\/div><\/div>\n\n\n<span><span><a href=\"https:\/\/www.cmcfinland.fi\/sv\/\">Framsida<\/a><\/span><\/span>\n<\/div><\/div>\n\n\n\n<div id=\"col-gm6e6bc8\" class=\"wp-block-gutentor-m4-col col-gm6e6bc8 gutentor-single-column  grid-lg-6 grid-md-12 grid-12\"><div id=\"section-gm6e6bc8\" class=\"section-gm6e6bc8 gutentor-col-wrap\"><\/div><\/div>\n<\/div><\/div><\/section>\n<\/div><\/section>\n\n\n\n<section id=\"gm2d991e5\" class=\"wp-block-gutentor-m3 section-gm2d991e5 gutentor-module gutentor-container-cover d-none\"><div class=\"grid-container\">\n<div class=\"ankkuri-linkit\">\n<a href=\"#Teht\u00e4vist\u00e4-ilmoittaminen\">Teht\u00e4vist\u00e4 ilmoittaminen<\/a>\n<a href=\"#Teht\u00e4v\u00e4nkuvaus-ja-vaatimukset\">Teht\u00e4v\u00e4nkuvaus ja vaatimukset<\/a>\n<a href=\"#Miten-hakeudun\">Miten hakeudun EU:n vaalitarkkailuteht\u00e4viin? <\/a>\n<a href=\"#valintamenettely\">LTO- ja STO-teht\u00e4v\u00e4t: valintamenettely<\/a>\n<a href=\"#Ik\u00e4raja\">Ik\u00e4raja<\/a>\n<a href=\"#Asiantuntijarekisteri\">Asiantuntijarekisteri<\/a>\n<\/div>\n<\/div><\/section>\n\n\n\n<section id=\"gm350f2ab\" class=\"wp-block-gutentor-m3 section-gm350f2ab gutentor-module gutentor-container-cover\"><div class=\"grid-container\">\n<h2 class=\"wp-block-heading\">Om du \u00e4r intresserad av EU-valobservation:<\/h2>\n\n\n\n<ol class=\"wp-block-list\">\n<li>B\u00f6rja med att genomf\u00f6ra EU:s obligatoriska <a href=\"https:\/\/www.eods.eu\/posts\/elearning\">webbkurser f\u00f6r valobservation<\/a>, Short Term Observers Course och Safety and Security Course. S\u00e4kerhetskurserna m\u00e5ste f\u00f6rnyas var femte \u00e5r.<\/li>\n\n\n\n<li>Skapa din egen CV i EU:s valobservationsdatabas. N\u00e4r du har fyllt i de kr\u00e4vda uppgifterna i din CV, kom ih\u00e5g att spara den genom att klicka p\u00e5 submit-ikonen.<\/li>\n\n\n\n<li>Efter registreringen, skicka en f\u00f6rfr\u00e5gan till Krishanteringscentret p\u00e5 adressen elections@cmcfinland.fi f\u00f6r att ansluta till Krishanteringscentret e-postlista f\u00f6r EU-valobservation. Kom ih\u00e5g att ocks\u00e5 ange ditt namn och din e-postadress i meddelandef\u00e4ltet, d\u00e4r du vill ta emot Krishanteringscentret meddelanden om \u00f6ppna EU- valobservationsuppdrag. Vi skickar ett bekr\u00e4ftelsemeddelande om anslutningen till e-postlistan.<\/li>\n\n\n\n<li>Krishanteringscentret skickar ut anm\u00e4lningar om \u00f6ppna EU- valobservationsuppdrag till e-postlistans deltagare. N\u00e4r du har f\u00e5tt anm\u00e4lan, skicka in din ans\u00f6kan f\u00f6r valobservationsuppdrag. I anm\u00e4lan finns detaljerade instruktioner om uppdraget och ans\u00f6kningsprocessen.<\/li>\n<\/ol>\n\n\n\n<p>Mer information om valobservation utbildning, ans\u00f6kan till uppgifter och tj\u00e4nstg\u00f6ring i uppdragen finns p\u00e5 v\u00e5ra <a href=\"\/kansainvaliset-tehtavat\/kansainvaliset-vaalitarkkailutehtavat\/\">finsk webbsidor.<\/a><\/p>\n<\/div><\/section>\n\n\n\n<section id=\"gmbdeeea4\" class=\"wp-block-gutentor-m3 alignfull section-gmbdeeea4 gutentor-module gutentor-container-cover has-color-bg has-custom-bg kuva-ja-teksti\"><div class=\"grid-container\">\n<section id=\"gm03ee7f3\" class=\"wp-block-gutentor-m4 alignfull section-gm03ee7f3 gutentor-module gutentor-advanced-columns gutentor-equal-column-height\"><div class=\"grid-container\"><div class=\"grid-row\">\n<div id=\"col-gm8ee68e\" class=\"wp-block-gutentor-m4-col col-gm8ee68e gutentor-single-column  grid-lg-6 grid-md-12 grid-12\"><div id=\"section-gm8ee68e\" class=\"section-gm8ee68e gutentor-col-wrap has-image-bg has-custom-bg\">\n<div id=\"section-g7d0580\" class=\"wp-block-gutentor-e1 section-g7d0580 gutentor-element gutentor-element-advanced-text\"><div class=\"gutentor-text-wrap\"><h2 class=\"gutentor-text\">EU-valobservation<\/h2><\/div><\/div>\n\n\n\n<div id=\"section-ga2be06\" class=\"wp-block-gutentor-e1 section-ga2be06 gutentor-element gutentor-element-advanced-text\"><div class=\"gutentor-text-wrap\"><p class=\"gutentor-text\">EU:s egna webbplatser erbjuder mer information om EU:s valobservationsuppdrag och observat\u00f6rens uppgifter:<\/p><\/div><\/div>\n\n\n\n<div id=\"section-g02a1de\" class=\"wp-block-gutentor-e2 section-g02a1de gutentor-element gutentor-element-button\"><span class=\"gutentor-button-wrap\"><a class=\"gutentor-button gutentor-block-button gutentor-icon-after\" href=\"https:\/\/www.eods.eu\/index.html\"><i class=\"gutentor-button-icon fas fa-arrow-right\"><\/i><span>L\u00e4s mer<\/span><\/a><\/span><\/div>\n<\/div><\/div>\n\n\n\n<div id=\"col-gm95f737\" class=\"wp-block-gutentor-m4-col col-gm95f737 gutentor-single-column  grid-lg-6 grid-md-12 grid-12 bg-image-custom\"><div id=\"section-gm95f737\" class=\"section-gm95f737 gutentor-col-wrap has-image-bg has-custom-bg\"><\/div><\/div>\n<\/div><\/div><\/section>\n<\/div><\/section>\n","protected":false},"excerpt":{"rendered":"","protected":false},"author":2,"featured_media":0,"parent":21120,"menu_order":0,"comment_status":"closed","ping_status":"closed","template":"","meta":{"_acf_changed":false,"_relevanssi_hide_post":"","_relevanssi_hide_content":"","_relevanssi_pin_for_all":"","_relevanssi_pin_keywords":"","_relevanssi_unpin_keywords":"","_relevanssi_related_keywords":"","_relevanssi_related_include_ids":"","_relevanssi_related_exclude_ids":"","_relevanssi_related_no_append":"","_relevanssi_related_not_related":"","_relevanssi_related_posts":"15618,13245,17651,16076,16846,7338","_relevanssi_noindex_reason":"","footnotes":""},"class_list":["post-21600","page","type-page","status-publish"],"acf":[],"yoast_head":"<!-- This site is optimized with the Yoast SEO plugin v27.4 - https:\/\/yoast.com\/product\/yoast-seo-wordpress\/ -->\n<title>Ans\u00f6kan till EU-uppdrag - CMC Finland<\/title>\n<meta name=\"robots\" content=\"index, follow, max-snippet:-1, max-image-preview:large, max-video-preview:-1\" \/>\n<link rel=\"canonical\" href=\"https:\/\/www.cmcfinland.fi\/sv\/internationella-uppdrag\/valobservationsuppdrag\/ansokan-till-eu-uppdrag\/\" \/>\n<meta property=\"og:locale\" content=\"sv_SE\" \/>\n<meta property=\"og:type\" content=\"article\" \/>\n<meta property=\"og:title\" content=\"Ans\u00f6kan till EU-uppdrag - CMC Finland\" \/>\n<meta property=\"og:url\" content=\"https:\/\/www.cmcfinland.fi\/sv\/internationella-uppdrag\/valobservationsuppdrag\/ansokan-till-eu-uppdrag\/\" \/>\n<meta property=\"og:site_name\" content=\"CMC Finland\" \/>\n<meta property=\"article:publisher\" content=\"https:\/\/www.facebook.com\/cmc.finland\/\" \/>\n<meta property=\"article:modified_time\" content=\"2024-04-19T06:59:40+00:00\" \/>\n<meta name=\"twitter:card\" content=\"summary_large_image\" \/>\n<meta name=\"twitter:site\" content=\"@CMCFinland\" \/>\n<meta name=\"twitter:label1\" content=\"Est. reading time\" \/>\n\t<meta name=\"twitter:data1\" content=\"2 minutes\" \/>\n<script type=\"application\/ld+json\" class=\"yoast-schema-graph\">{\"@context\":\"https:\\\/\\\/schema.org\",\"@graph\":[{\"@type\":\"WebPage\",\"@id\":\"https:\\\/\\\/www.cmcfinland.fi\\\/sv\\\/internationella-uppdrag\\\/valobservationsuppdrag\\\/ansokan-till-eu-uppdrag\\\/\",\"url\":\"https:\\\/\\\/www.cmcfinland.fi\\\/sv\\\/internationella-uppdrag\\\/valobservationsuppdrag\\\/ansokan-till-eu-uppdrag\\\/\",\"name\":\"Ans\u00f6kan till EU-uppdrag - CMC Finland\",\"isPartOf\":{\"@id\":\"https:\\\/\\\/www.cmcfinland.fi\\\/#website\"},\"datePublished\":\"2021-12-30T07:54:53+00:00\",\"dateModified\":\"2024-04-19T06:59:40+00:00\",\"breadcrumb\":{\"@id\":\"https:\\\/\\\/www.cmcfinland.fi\\\/sv\\\/internationella-uppdrag\\\/valobservationsuppdrag\\\/ansokan-till-eu-uppdrag\\\/#breadcrumb\"},\"inLanguage\":\"sv-SE\",\"potentialAction\":[{\"@type\":\"ReadAction\",\"target\":[\"https:\\\/\\\/www.cmcfinland.fi\\\/sv\\\/internationella-uppdrag\\\/valobservationsuppdrag\\\/ansokan-till-eu-uppdrag\\\/\"]}]},{\"@type\":\"BreadcrumbList\",\"@id\":\"https:\\\/\\\/www.cmcfinland.fi\\\/sv\\\/internationella-uppdrag\\\/valobservationsuppdrag\\\/ansokan-till-eu-uppdrag\\\/#breadcrumb\",\"itemListElement\":[{\"@type\":\"ListItem\",\"position\":1,\"name\":\"Framsida\",\"item\":\"https:\\\/\\\/www.cmcfinland.fi\\\/sv\\\/\"},{\"@type\":\"ListItem\",\"position\":2,\"name\":\"Internationella uppdrag\",\"item\":\"https:\\\/\\\/www.cmcfinland.fi\\\/sv\\\/internationella-uppdrag\\\/\"},{\"@type\":\"ListItem\",\"position\":3,\"name\":\"Valobservationsuppdrag\",\"item\":\"https:\\\/\\\/www.cmcfinland.fi\\\/sv\\\/internationella-uppdrag\\\/valobservationsuppdrag\\\/\"},{\"@type\":\"ListItem\",\"position\":4,\"name\":\"Ans\u00f6kan till EU-uppdrag\"}]},{\"@type\":\"WebSite\",\"@id\":\"https:\\\/\\\/www.cmcfinland.fi\\\/#website\",\"url\":\"https:\\\/\\\/www.cmcfinland.fi\\\/\",\"name\":\"CMC Finland\",\"description\":\"Kriisinhallintakeskus\",\"publisher\":{\"@id\":\"https:\\\/\\\/www.cmcfinland.fi\\\/#organization\"},\"potentialAction\":[{\"@type\":\"SearchAction\",\"target\":{\"@type\":\"EntryPoint\",\"urlTemplate\":\"https:\\\/\\\/www.cmcfinland.fi\\\/?s={search_term_string}\"},\"query-input\":{\"@type\":\"PropertyValueSpecification\",\"valueRequired\":true,\"valueName\":\"search_term_string\"}}],\"inLanguage\":\"sv-SE\"},{\"@type\":\"Organization\",\"@id\":\"https:\\\/\\\/www.cmcfinland.fi\\\/#organization\",\"name\":\"CMC Finland\",\"url\":\"https:\\\/\\\/www.cmcfinland.fi\\\/\",\"logo\":{\"@type\":\"ImageObject\",\"inLanguage\":\"sv-SE\",\"@id\":\"https:\\\/\\\/www.cmcfinland.fi\\\/#\\\/schema\\\/logo\\\/image\\\/\",\"url\":\"https:\\\/\\\/www.cmcfinland.fi\\\/wp-content\\\/uploads\\\/2024\\\/01\\\/CMC_finland_logo_musta.png\",\"contentUrl\":\"https:\\\/\\\/www.cmcfinland.fi\\\/wp-content\\\/uploads\\\/2024\\\/01\\\/CMC_finland_logo_musta.png\",\"width\":272,\"height\":88,\"caption\":\"CMC Finland\"},\"image\":{\"@id\":\"https:\\\/\\\/www.cmcfinland.fi\\\/#\\\/schema\\\/logo\\\/image\\\/\"},\"sameAs\":[\"https:\\\/\\\/www.facebook.com\\\/cmc.finland\\\/\",\"https:\\\/\\\/x.com\\\/CMCFinland\",\"https:\\\/\\\/www.instagram.com\\\/cmc.finland\\\/\",\"https:\\\/\\\/www.youtube.com\\\/channel\\\/UC49g1WmKq81Amw1ZUa5ZRKA\",\"https:\\\/\\\/www.linkedin.com\\\/company\\\/crisis-management-centre-cmc-finland\\\/\"]}]}<\/script>\n<!-- \/ Yoast SEO plugin. -->","yoast_head_json":{"title":"Ans\u00f6kan till EU-uppdrag - CMC Finland","robots":{"index":"index","follow":"follow","max-snippet":"max-snippet:-1","max-image-preview":"max-image-preview:large","max-video-preview":"max-video-preview:-1"},"canonical":"https:\/\/www.cmcfinland.fi\/sv\/internationella-uppdrag\/valobservationsuppdrag\/ansokan-till-eu-uppdrag\/","og_locale":"sv_SE","og_type":"article","og_title":"Ans\u00f6kan till EU-uppdrag - CMC Finland","og_url":"https:\/\/www.cmcfinland.fi\/sv\/internationella-uppdrag\/valobservationsuppdrag\/ansokan-till-eu-uppdrag\/","og_site_name":"CMC Finland","article_publisher":"https:\/\/www.facebook.com\/cmc.finland\/","article_modified_time":"2024-04-19T06:59:40+00:00","twitter_card":"summary_large_image","twitter_site":"@CMCFinland","twitter_misc":{"Est. reading time":"2 minutes"},"schema":{"@context":"https:\/\/schema.org","@graph":[{"@type":"WebPage","@id":"https:\/\/www.cmcfinland.fi\/sv\/internationella-uppdrag\/valobservationsuppdrag\/ansokan-till-eu-uppdrag\/","url":"https:\/\/www.cmcfinland.fi\/sv\/internationella-uppdrag\/valobservationsuppdrag\/ansokan-till-eu-uppdrag\/","name":"Ans\u00f6kan till EU-uppdrag - CMC Finland","isPartOf":{"@id":"https:\/\/www.cmcfinland.fi\/#website"},"datePublished":"2021-12-30T07:54:53+00:00","dateModified":"2024-04-19T06:59:40+00:00","breadcrumb":{"@id":"https:\/\/www.cmcfinland.fi\/sv\/internationella-uppdrag\/valobservationsuppdrag\/ansokan-till-eu-uppdrag\/#breadcrumb"},"inLanguage":"sv-SE","potentialAction":[{"@type":"ReadAction","target":["https:\/\/www.cmcfinland.fi\/sv\/internationella-uppdrag\/valobservationsuppdrag\/ansokan-till-eu-uppdrag\/"]}]},{"@type":"BreadcrumbList","@id":"https:\/\/www.cmcfinland.fi\/sv\/internationella-uppdrag\/valobservationsuppdrag\/ansokan-till-eu-uppdrag\/#breadcrumb","itemListElement":[{"@type":"ListItem","position":1,"name":"Framsida","item":"https:\/\/www.cmcfinland.fi\/sv\/"},{"@type":"ListItem","position":2,"name":"Internationella uppdrag","item":"https:\/\/www.cmcfinland.fi\/sv\/internationella-uppdrag\/"},{"@type":"ListItem","position":3,"name":"Valobservationsuppdrag","item":"https:\/\/www.cmcfinland.fi\/sv\/internationella-uppdrag\/valobservationsuppdrag\/"},{"@type":"ListItem","position":4,"name":"Ans\u00f6kan till EU-uppdrag"}]},{"@type":"WebSite","@id":"https:\/\/www.cmcfinland.fi\/#website","url":"https:\/\/www.cmcfinland.fi\/","name":"CMC Finland","description":"Kriisinhallintakeskus","publisher":{"@id":"https:\/\/www.cmcfinland.fi\/#organization"},"potentialAction":[{"@type":"SearchAction","target":{"@type":"EntryPoint","urlTemplate":"https:\/\/www.cmcfinland.fi\/?s={search_term_string}"},"query-input":{"@type":"PropertyValueSpecification","valueRequired":true,"valueName":"search_term_string"}}],"inLanguage":"sv-SE"},{"@type":"Organization","@id":"https:\/\/www.cmcfinland.fi\/#organization","name":"CMC Finland","url":"https:\/\/www.cmcfinland.fi\/","logo":{"@type":"ImageObject","inLanguage":"sv-SE","@id":"https:\/\/www.cmcfinland.fi\/#\/schema\/logo\/image\/","url":"https:\/\/www.cmcfinland.fi\/wp-content\/uploads\/2024\/01\/CMC_finland_logo_musta.png","contentUrl":"https:\/\/www.cmcfinland.fi\/wp-content\/uploads\/2024\/01\/CMC_finland_logo_musta.png","width":272,"height":88,"caption":"CMC Finland"},"image":{"@id":"https:\/\/www.cmcfinland.fi\/#\/schema\/logo\/image\/"},"sameAs":["https:\/\/www.facebook.com\/cmc.finland\/","https:\/\/x.com\/CMCFinland","https:\/\/www.instagram.com\/cmc.finland\/","https:\/\/www.youtube.com\/channel\/UC49g1WmKq81Amw1ZUa5ZRKA","https:\/\/www.linkedin.com\/company\/crisis-management-centre-cmc-finland\/"]}]}},"_links":{"self":[{"href":"https:\/\/www.cmcfinland.fi\/sv\/wp-json\/wp\/v2\/pages\/21600","targetHints":{"allow":["GET"]}}],"collection":[{"href":"https:\/\/www.cmcfinland.fi\/sv\/wp-json\/wp\/v2\/pages"}],"about":[{"href":"https:\/\/www.cmcfinland.fi\/sv\/wp-json\/wp\/v2\/types\/page"}],"author":[{"embeddable":true,"href":"https:\/\/www.cmcfinland.fi\/sv\/wp-json\/wp\/v2\/users\/2"}],"replies":[{"embeddable":true,"href":"https:\/\/www.cmcfinland.fi\/sv\/wp-json\/wp\/v2\/comments?post=21600"}],"version-history":[{"count":7,"href":"https:\/\/www.cmcfinland.fi\/sv\/wp-json\/wp\/v2\/pages\/21600\/revisions"}],"predecessor-version":[{"id":22213,"href":"https:\/\/www.cmcfinland.fi\/sv\/wp-json\/wp\/v2\/pages\/21600\/revisions\/22213"}],"up":[{"embeddable":true,"href":"https:\/\/www.cmcfinland.fi\/sv\/wp-json\/wp\/v2\/pages\/21120"}],"wp:attachment":[{"href":"https:\/\/www.cmcfinland.fi\/sv\/wp-json\/wp\/v2\/media?parent=21600"}],"curies":[{"name":"wp","href":"https:\/\/api.w.org\/{rel}","templated":true}]}}