{"id":21662,"date":"2017-01-27T15:51:13","date_gmt":"2017-01-27T13:51:13","guid":{"rendered":"https:\/\/cmc.iwn.co\/vad-vi-gor\/forskning-och-utveckling\/julkaisut\/"},"modified":"2024-04-23T11:24:23","modified_gmt":"2024-04-23T08:24:23","slug":"publikationer","status":"publish","type":"page","link":"https:\/\/www.cmcfinland.fi\/sv\/vad-vi-gor\/forskning-och-utveckling\/publikationer\/","title":{"rendered":"Publikationer"},"content":{"rendered":"\n<section id=\"gmfc6cfb0\" class=\"wp-block-gutentor-m3 alignfull section-gmfc6cfb0 gutentor-module gutentor-container-cover has-image-bg has-custom-bg g-c-r-valign-mobile g-c-r-valign-tablet g-valign-c-desktop alasivu-top top-area mita-teemme\"><div class=\"grid-container\">\n<section id=\"gmd4403f2\" class=\"wp-block-gutentor-m4 section-gmd4403f2 gutentor-module gutentor-advanced-columns\"><div class=\"grid-container\"><div class=\"grid-row\">\n<div id=\"col-gm937519\" class=\"wp-block-gutentor-m4-col col-gm937519 gutentor-single-column  grid-lg-6 grid-md-12 grid-12 header-breadcrumbs\"><div id=\"section-gm937519\" class=\"section-gm937519 gutentor-col-wrap\">\n<div id=\"section-g436185\" class=\"wp-block-gutentor-e1 section-g436185 gutentor-element gutentor-element-advanced-text\"><div class=\"gutentor-text-wrap\"><h1 class=\"gutentor-text\"><strong>Publikationer<\/strong><\/h1><\/div><\/div>\n\n\n<span><span><a href=\"https:\/\/www.cmcfinland.fi\/sv\/\">Framsida<\/a><\/span><\/span>\n<\/div><\/div>\n\n\n\n<div id=\"col-gmc40848\" class=\"wp-block-gutentor-m4-col col-gmc40848 gutentor-single-column  grid-lg-6 grid-md-12 grid-12\"><div id=\"section-gmc40848\" class=\"section-gmc40848 gutentor-col-wrap\"><\/div><\/div>\n<\/div><\/div><\/section>\n<\/div><\/section>\n\n\n\n<section id=\"gmee79ee6\" class=\"wp-block-gutentor-m3 section-gmee79ee6 gutentor-module gutentor-container-cover\"><div class=\"grid-container\">\n<p>P\u00e5 v\u00e5ra <a href=\"\/mita-teemme\/tutkimus-ja-kehittaminen\/julkaisut\/\">finska<\/a> och <a href=\"\/en\/what-we-do\/research-and-development\/projects\/\">engelska<\/a> sidor hittar du en lista p\u00e5 CMC Finlands egna publikationer och andra publikationer d\u00e4r Krishanteringscentrets personal \u00e4r f\u00f6rfattare. V\u00e5r huvudpublikation \u00e4r serien CMC Working Papers, d\u00e4r vi analyserar fenomen i anslutning till krishantering och fredsoperationer och presenterar rekommendationer f\u00f6r att utveckla verksamheten. Till serien i fr\u00e5ga tar vi \u00e4ven emot manus av f\u00f6rfattare utanf\u00f6r CMC, vilka f\u00e5r n\u00e4rmare anvisningar om deltagande via adressen <a href=\"https:\/\/www.cmcfinland.fi\/wp-content\/uploads\/2017\/01\/66391_CMC_Yearbook_2009_Ylanko.pdf\">research@cmcfinland.fi<\/a>.<\/p>\n<\/div><\/section>\n\n\n\n<section id=\"gm3365dfa\" class=\"wp-block-gutentor-m3 alignfull section-gm3365dfa gutentor-module gutentor-container-cover has-color-bg has-custom-bg sitaatti\"><div class=\"grid-container\">\n<div id=\"section-g6147d3\" class=\"wp-block-gutentor-e6 section-g6147d3 gutentor-element gutentor-element-image gutentor-enabled-width text-align-center-mobile\"><div class=\"gutentor-element-image-box\"><div class=\"gutentor-image-thumb\"><img decoding=\"async\" class=\"normal-image\" src=\"https:\/\/www.cmcfinland.fi\/wp-content\/uploads\/2024\/02\/CMC_finland_grafiikka_mita-teemme.png\" \/><\/div><\/div><\/div>\n\n\n\n<blockquote class=\"wp-block-quote has-text-align-center has-base-3-color has-text-color has-link-color wp-elements-8af320fc9474f3d6b32874ae166eca8f is-layout-flow wp-block-quote-is-layout-flow\">\n<p>&#8220;I de internationella politiska riktlinjerna konstateras att det utan delaktighet inte heller finns n\u00e5gon fredsmedling eller n\u00e5got fredsbyggande, inga h\u00e5llbara politiska system och inget effektivt s\u00e4tt att f\u00f6rhindra v\u00e5ld\u201d<\/p>\n<cite>Valtonen &amp; Doty, 2023<\/cite><\/blockquote>\n<\/div><\/section>\n","protected":false},"excerpt":{"rendered":"","protected":false},"author":1,"featured_media":0,"parent":7760,"menu_order":0,"comment_status":"closed","ping_status":"closed","template":"","meta":{"_acf_changed":false,"_relevanssi_hide_post":"","_relevanssi_hide_content":"","_relevanssi_pin_for_all":"","_relevanssi_pin_keywords":"","_relevanssi_unpin_keywords":"","_relevanssi_related_keywords":"","_relevanssi_related_include_ids":"","_relevanssi_related_exclude_ids":"","_relevanssi_related_no_append":"","_relevanssi_related_not_related":"","_relevanssi_related_posts":"17637,8726,10897,8310,14388,18258","_relevanssi_noindex_reason":"","footnotes":""},"class_list":["post-21662","page","type-page","status-publish"],"acf":[],"yoast_head":"<!-- This site is optimized with the Yoast SEO plugin v27.4 - https:\/\/yoast.com\/product\/yoast-seo-wordpress\/ -->\n<title>Julkaisut ja artikkelit | Siviilikriisinhallinnan oppaat | CMC Finland<\/title>\n<meta name=\"description\" content=\"Tutustu Kriisinhallintakeskuksen julkaisemiin julkaisuihin, sek\u00e4 julkaisuihin ja artikkeleihin, joiden tuottamista CMC Finland on tukenut.\" \/>\n<meta name=\"robots\" content=\"index, follow, max-snippet:-1, max-image-preview:large, max-video-preview:-1\" \/>\n<link rel=\"canonical\" href=\"https:\/\/www.cmcfinland.fi\/sv\/vad-vi-gor\/forskning-och-utveckling\/publikationer\/\" \/>\n<meta property=\"og:locale\" content=\"sv_SE\" \/>\n<meta property=\"og:type\" content=\"article\" \/>\n<meta property=\"og:title\" content=\"Julkaisut ja artikkelit | Siviilikriisinhallinnan oppaat | CMC Finland\" \/>\n<meta property=\"og:description\" content=\"Tutustu Kriisinhallintakeskuksen julkaisemiin julkaisuihin, sek\u00e4 julkaisuihin ja artikkeleihin, joiden tuottamista CMC Finland on tukenut.\" \/>\n<meta property=\"og:url\" content=\"https:\/\/www.cmcfinland.fi\/sv\/vad-vi-gor\/forskning-och-utveckling\/publikationer\/\" \/>\n<meta property=\"og:site_name\" content=\"CMC Finland\" \/>\n<meta property=\"article:publisher\" content=\"https:\/\/www.facebook.com\/cmc.finland\/\" \/>\n<meta property=\"article:modified_time\" content=\"2024-04-23T08:24:23+00:00\" \/>\n<meta property=\"og:image\" content=\"https:\/\/www.cmcfinland.fi\/wp-content\/uploads\/2024\/02\/CMC_finland_grafiikka_mita-teemme.png\" \/>\n<meta name=\"twitter:card\" content=\"summary_large_image\" \/>\n<meta name=\"twitter:site\" content=\"@CMCFinland\" \/>\n<meta name=\"twitter:label1\" content=\"Est. reading time\" \/>\n\t<meta name=\"twitter:data1\" content=\"1 minute\" \/>\n<script type=\"application\/ld+json\" class=\"yoast-schema-graph\">{\"@context\":\"https:\\\/\\\/schema.org\",\"@graph\":[{\"@type\":\"WebPage\",\"@id\":\"https:\\\/\\\/www.cmcfinland.fi\\\/sv\\\/vad-vi-gor\\\/forskning-och-utveckling\\\/publikationer\\\/\",\"url\":\"https:\\\/\\\/www.cmcfinland.fi\\\/sv\\\/vad-vi-gor\\\/forskning-och-utveckling\\\/publikationer\\\/\",\"name\":\"Julkaisut ja artikkelit | Siviilikriisinhallinnan oppaat | CMC Finland\",\"isPartOf\":{\"@id\":\"https:\\\/\\\/www.cmcfinland.fi\\\/#website\"},\"primaryImageOfPage\":{\"@id\":\"https:\\\/\\\/www.cmcfinland.fi\\\/sv\\\/vad-vi-gor\\\/forskning-och-utveckling\\\/publikationer\\\/#primaryimage\"},\"image\":{\"@id\":\"https:\\\/\\\/www.cmcfinland.fi\\\/sv\\\/vad-vi-gor\\\/forskning-och-utveckling\\\/publikationer\\\/#primaryimage\"},\"thumbnailUrl\":\"https:\\\/\\\/www.cmcfinland.fi\\\/wp-content\\\/uploads\\\/2024\\\/02\\\/CMC_finland_grafiikka_mita-teemme.png\",\"datePublished\":\"2017-01-27T13:51:13+00:00\",\"dateModified\":\"2024-04-23T08:24:23+00:00\",\"description\":\"Tutustu Kriisinhallintakeskuksen julkaisemiin julkaisuihin, sek\u00e4 julkaisuihin ja artikkeleihin, joiden tuottamista CMC Finland on tukenut.\",\"breadcrumb\":{\"@id\":\"https:\\\/\\\/www.cmcfinland.fi\\\/sv\\\/vad-vi-gor\\\/forskning-och-utveckling\\\/publikationer\\\/#breadcrumb\"},\"inLanguage\":\"sv-SE\",\"potentialAction\":[{\"@type\":\"ReadAction\",\"target\":[\"https:\\\/\\\/www.cmcfinland.fi\\\/sv\\\/vad-vi-gor\\\/forskning-och-utveckling\\\/publikationer\\\/\"]}]},{\"@type\":\"ImageObject\",\"inLanguage\":\"sv-SE\",\"@id\":\"https:\\\/\\\/www.cmcfinland.fi\\\/sv\\\/vad-vi-gor\\\/forskning-och-utveckling\\\/publikationer\\\/#primaryimage\",\"url\":\"https:\\\/\\\/www.cmcfinland.fi\\\/wp-content\\\/uploads\\\/2024\\\/02\\\/CMC_finland_grafiikka_mita-teemme.png\",\"contentUrl\":\"https:\\\/\\\/www.cmcfinland.fi\\\/wp-content\\\/uploads\\\/2024\\\/02\\\/CMC_finland_grafiikka_mita-teemme.png\"},{\"@type\":\"BreadcrumbList\",\"@id\":\"https:\\\/\\\/www.cmcfinland.fi\\\/sv\\\/vad-vi-gor\\\/forskning-och-utveckling\\\/publikationer\\\/#breadcrumb\",\"itemListElement\":[{\"@type\":\"ListItem\",\"position\":1,\"name\":\"Framsida\",\"item\":\"https:\\\/\\\/www.cmcfinland.fi\\\/sv\\\/\"},{\"@type\":\"ListItem\",\"position\":2,\"name\":\"Vad vi g\u00f6r\",\"item\":\"https:\\\/\\\/www.cmcfinland.fi\\\/sv\\\/vad-vi-gor\\\/\"},{\"@type\":\"ListItem\",\"position\":3,\"name\":\"Forskning och utveckling\",\"item\":\"https:\\\/\\\/www.cmcfinland.fi\\\/sv\\\/vad-vi-gor\\\/forskning-och-utveckling\\\/\"},{\"@type\":\"ListItem\",\"position\":4,\"name\":\"Publikationer\"}]},{\"@type\":\"WebSite\",\"@id\":\"https:\\\/\\\/www.cmcfinland.fi\\\/#website\",\"url\":\"https:\\\/\\\/www.cmcfinland.fi\\\/\",\"name\":\"CMC Finland\",\"description\":\"Kriisinhallintakeskus\",\"publisher\":{\"@id\":\"https:\\\/\\\/www.cmcfinland.fi\\\/#organization\"},\"potentialAction\":[{\"@type\":\"SearchAction\",\"target\":{\"@type\":\"EntryPoint\",\"urlTemplate\":\"https:\\\/\\\/www.cmcfinland.fi\\\/?s={search_term_string}\"},\"query-input\":{\"@type\":\"PropertyValueSpecification\",\"valueRequired\":true,\"valueName\":\"search_term_string\"}}],\"inLanguage\":\"sv-SE\"},{\"@type\":\"Organization\",\"@id\":\"https:\\\/\\\/www.cmcfinland.fi\\\/#organization\",\"name\":\"CMC Finland\",\"url\":\"https:\\\/\\\/www.cmcfinland.fi\\\/\",\"logo\":{\"@type\":\"ImageObject\",\"inLanguage\":\"sv-SE\",\"@id\":\"https:\\\/\\\/www.cmcfinland.fi\\\/#\\\/schema\\\/logo\\\/image\\\/\",\"url\":\"https:\\\/\\\/www.cmcfinland.fi\\\/wp-content\\\/uploads\\\/2024\\\/01\\\/CMC_finland_logo_musta.png\",\"contentUrl\":\"https:\\\/\\\/www.cmcfinland.fi\\\/wp-content\\\/uploads\\\/2024\\\/01\\\/CMC_finland_logo_musta.png\",\"width\":272,\"height\":88,\"caption\":\"CMC Finland\"},\"image\":{\"@id\":\"https:\\\/\\\/www.cmcfinland.fi\\\/#\\\/schema\\\/logo\\\/image\\\/\"},\"sameAs\":[\"https:\\\/\\\/www.facebook.com\\\/cmc.finland\\\/\",\"https:\\\/\\\/x.com\\\/CMCFinland\",\"https:\\\/\\\/www.instagram.com\\\/cmc.finland\\\/\",\"https:\\\/\\\/www.youtube.com\\\/channel\\\/UC49g1WmKq81Amw1ZUa5ZRKA\",\"https:\\\/\\\/www.linkedin.com\\\/company\\\/crisis-management-centre-cmc-finland\\\/\"]}]}<\/script>\n<!-- \/ Yoast SEO plugin. -->","yoast_head_json":{"title":"Julkaisut ja artikkelit | Siviilikriisinhallinnan oppaat | CMC Finland","description":"Tutustu Kriisinhallintakeskuksen julkaisemiin julkaisuihin, sek\u00e4 julkaisuihin ja artikkeleihin, joiden tuottamista CMC Finland on tukenut.","robots":{"index":"index","follow":"follow","max-snippet":"max-snippet:-1","max-image-preview":"max-image-preview:large","max-video-preview":"max-video-preview:-1"},"canonical":"https:\/\/www.cmcfinland.fi\/sv\/vad-vi-gor\/forskning-och-utveckling\/publikationer\/","og_locale":"sv_SE","og_type":"article","og_title":"Julkaisut ja artikkelit | Siviilikriisinhallinnan oppaat | CMC Finland","og_description":"Tutustu Kriisinhallintakeskuksen julkaisemiin julkaisuihin, sek\u00e4 julkaisuihin ja artikkeleihin, joiden tuottamista CMC Finland on tukenut.","og_url":"https:\/\/www.cmcfinland.fi\/sv\/vad-vi-gor\/forskning-och-utveckling\/publikationer\/","og_site_name":"CMC Finland","article_publisher":"https:\/\/www.facebook.com\/cmc.finland\/","article_modified_time":"2024-04-23T08:24:23+00:00","og_image":[{"url":"https:\/\/www.cmcfinland.fi\/wp-content\/uploads\/2024\/02\/CMC_finland_grafiikka_mita-teemme.png","type":"","width":"","height":""}],"twitter_card":"summary_large_image","twitter_site":"@CMCFinland","twitter_misc":{"Est. reading time":"1 minute"},"schema":{"@context":"https:\/\/schema.org","@graph":[{"@type":"WebPage","@id":"https:\/\/www.cmcfinland.fi\/sv\/vad-vi-gor\/forskning-och-utveckling\/publikationer\/","url":"https:\/\/www.cmcfinland.fi\/sv\/vad-vi-gor\/forskning-och-utveckling\/publikationer\/","name":"Julkaisut ja artikkelit | Siviilikriisinhallinnan oppaat | CMC Finland","isPartOf":{"@id":"https:\/\/www.cmcfinland.fi\/#website"},"primaryImageOfPage":{"@id":"https:\/\/www.cmcfinland.fi\/sv\/vad-vi-gor\/forskning-och-utveckling\/publikationer\/#primaryimage"},"image":{"@id":"https:\/\/www.cmcfinland.fi\/sv\/vad-vi-gor\/forskning-och-utveckling\/publikationer\/#primaryimage"},"thumbnailUrl":"https:\/\/www.cmcfinland.fi\/wp-content\/uploads\/2024\/02\/CMC_finland_grafiikka_mita-teemme.png","datePublished":"2017-01-27T13:51:13+00:00","dateModified":"2024-04-23T08:24:23+00:00","description":"Tutustu Kriisinhallintakeskuksen julkaisemiin julkaisuihin, sek\u00e4 julkaisuihin ja artikkeleihin, joiden tuottamista CMC Finland on tukenut.","breadcrumb":{"@id":"https:\/\/www.cmcfinland.fi\/sv\/vad-vi-gor\/forskning-och-utveckling\/publikationer\/#breadcrumb"},"inLanguage":"sv-SE","potentialAction":[{"@type":"ReadAction","target":["https:\/\/www.cmcfinland.fi\/sv\/vad-vi-gor\/forskning-och-utveckling\/publikationer\/"]}]},{"@type":"ImageObject","inLanguage":"sv-SE","@id":"https:\/\/www.cmcfinland.fi\/sv\/vad-vi-gor\/forskning-och-utveckling\/publikationer\/#primaryimage","url":"https:\/\/www.cmcfinland.fi\/wp-content\/uploads\/2024\/02\/CMC_finland_grafiikka_mita-teemme.png","contentUrl":"https:\/\/www.cmcfinland.fi\/wp-content\/uploads\/2024\/02\/CMC_finland_grafiikka_mita-teemme.png"},{"@type":"BreadcrumbList","@id":"https:\/\/www.cmcfinland.fi\/sv\/vad-vi-gor\/forskning-och-utveckling\/publikationer\/#breadcrumb","itemListElement":[{"@type":"ListItem","position":1,"name":"Framsida","item":"https:\/\/www.cmcfinland.fi\/sv\/"},{"@type":"ListItem","position":2,"name":"Vad vi g\u00f6r","item":"https:\/\/www.cmcfinland.fi\/sv\/vad-vi-gor\/"},{"@type":"ListItem","position":3,"name":"Forskning och utveckling","item":"https:\/\/www.cmcfinland.fi\/sv\/vad-vi-gor\/forskning-och-utveckling\/"},{"@type":"ListItem","position":4,"name":"Publikationer"}]},{"@type":"WebSite","@id":"https:\/\/www.cmcfinland.fi\/#website","url":"https:\/\/www.cmcfinland.fi\/","name":"CMC Finland","description":"Kriisinhallintakeskus","publisher":{"@id":"https:\/\/www.cmcfinland.fi\/#organization"},"potentialAction":[{"@type":"SearchAction","target":{"@type":"EntryPoint","urlTemplate":"https:\/\/www.cmcfinland.fi\/?s={search_term_string}"},"query-input":{"@type":"PropertyValueSpecification","valueRequired":true,"valueName":"search_term_string"}}],"inLanguage":"sv-SE"},{"@type":"Organization","@id":"https:\/\/www.cmcfinland.fi\/#organization","name":"CMC Finland","url":"https:\/\/www.cmcfinland.fi\/","logo":{"@type":"ImageObject","inLanguage":"sv-SE","@id":"https:\/\/www.cmcfinland.fi\/#\/schema\/logo\/image\/","url":"https:\/\/www.cmcfinland.fi\/wp-content\/uploads\/2024\/01\/CMC_finland_logo_musta.png","contentUrl":"https:\/\/www.cmcfinland.fi\/wp-content\/uploads\/2024\/01\/CMC_finland_logo_musta.png","width":272,"height":88,"caption":"CMC Finland"},"image":{"@id":"https:\/\/www.cmcfinland.fi\/#\/schema\/logo\/image\/"},"sameAs":["https:\/\/www.facebook.com\/cmc.finland\/","https:\/\/x.com\/CMCFinland","https:\/\/www.instagram.com\/cmc.finland\/","https:\/\/www.youtube.com\/channel\/UC49g1WmKq81Amw1ZUa5ZRKA","https:\/\/www.linkedin.com\/company\/crisis-management-centre-cmc-finland\/"]}]}},"_links":{"self":[{"href":"https:\/\/www.cmcfinland.fi\/sv\/wp-json\/wp\/v2\/pages\/21662","targetHints":{"allow":["GET"]}}],"collection":[{"href":"https:\/\/www.cmcfinland.fi\/sv\/wp-json\/wp\/v2\/pages"}],"about":[{"href":"https:\/\/www.cmcfinland.fi\/sv\/wp-json\/wp\/v2\/types\/page"}],"author":[{"embeddable":true,"href":"https:\/\/www.cmcfinland.fi\/sv\/wp-json\/wp\/v2\/users\/1"}],"replies":[{"embeddable":true,"href":"https:\/\/www.cmcfinland.fi\/sv\/wp-json\/wp\/v2\/comments?post=21662"}],"version-history":[{"count":9,"href":"https:\/\/www.cmcfinland.fi\/sv\/wp-json\/wp\/v2\/pages\/21662\/revisions"}],"predecessor-version":[{"id":22558,"href":"https:\/\/www.cmcfinland.fi\/sv\/wp-json\/wp\/v2\/pages\/21662\/revisions\/22558"}],"up":[{"embeddable":true,"href":"https:\/\/www.cmcfinland.fi\/sv\/wp-json\/wp\/v2\/pages\/7760"}],"wp:attachment":[{"href":"https:\/\/www.cmcfinland.fi\/sv\/wp-json\/wp\/v2\/media?parent=21662"}],"curies":[{"name":"wp","href":"https:\/\/api.w.org\/{rel}","templated":true}]}}