{"id":7750,"date":"2020-06-02T09:41:43","date_gmt":"2020-06-02T06:41:43","guid":{"rendered":"https:\/\/vzz6xbx06cc.c.updraftclone.com?page_id=7750"},"modified":"2024-01-15T09:47:32","modified_gmt":"2024-01-15T07:47:32","slug":"operationer","status":"publish","type":"page","link":"https:\/\/www.cmcfinland.fi\/sv\/om-oss\/operationer\/","title":{"rendered":"Operationer"},"content":{"rendered":"<p><a href=\"https:\/\/um.fi\/krishantering#Civil_krishantering\" target=\"_blank\" rel=\"noopener noreferrer\">Utrikesministeriet<\/a> ansvarar f\u00f6r den civila krishanteringens politiska styrning och beslutar i vilka insatser finl\u00e4ndska sakkunniga ska delta.<\/p>\n<p><a href=\"https:\/\/intermin.fi\/sv\/civil-krishantering\" target=\"_blank\" rel=\"noopener noreferrer\">Inrikesministeriet<\/a> ansvarar f\u00f6r att uppr\u00e4tth\u00e5lla, utveckla och samordna den nationella beredskapen f\u00f6r civil krishantering.<\/p>\n<h2 id=\"tw-target-text\" class=\"tw-data-text tw-text-large XcVN5d tw-ta\" dir=\"ltr\" data-placeholder=\"K\u00e4\u00e4nn\u00f6s\"><span class=\"Y2IQFc\" lang=\"sv\">Internationella dom\u00e4ner och sekretariat<\/span><\/h2>\n<p><a href=\"https:\/\/www.cmcfinland.fi\/wp-content\/uploads\/2024\/01\/Asiantuntijakartta_15-1-2024_SV.png\"><img loading=\"lazy\" decoding=\"async\" class=\"alignnone wp-image-18476 size-large\" src=\"https:\/\/www.cmcfinland.fi\/wp-content\/uploads\/2024\/01\/Asiantuntijakartta_15-1-2024_SV-1024x576.png\" alt=\"\" width=\"1024\" height=\"576\" srcset=\"https:\/\/www.cmcfinland.fi\/wp-content\/uploads\/2024\/01\/Asiantuntijakartta_15-1-2024_SV-1024x576.png 1024w, https:\/\/www.cmcfinland.fi\/wp-content\/uploads\/2024\/01\/Asiantuntijakartta_15-1-2024_SV-300x169.png 300w, https:\/\/www.cmcfinland.fi\/wp-content\/uploads\/2024\/01\/Asiantuntijakartta_15-1-2024_SV-768x432.png 768w, https:\/\/www.cmcfinland.fi\/wp-content\/uploads\/2024\/01\/Asiantuntijakartta_15-1-2024_SV-1536x864.png 1536w, https:\/\/www.cmcfinland.fi\/wp-content\/uploads\/2024\/01\/Asiantuntijakartta_15-1-2024_SV.png 1920w\" sizes=\"auto, (max-width: 1024px) 100vw, 1024px\" \/><\/a><\/p>\n<p><span style=\"font-size: 10pt;\">GVB = Gransbevakningsv\u00e4sendet<br \/>\nRISE = Brottsp\u00e5f\u00f6ljdsmyndigheten<\/span><\/p>\n<h3><small>Klicka p\u00e5 bilden f\u00f6r att g\u00f6ra den st\u00f6rre.<\/small><\/h3>\n<p><small><span style=\"font-size: 12pt;\"><a href=\"https:\/\/www.cmcfinland.fi\/wp-content\/uploads\/2024\/01\/Expertkarta.pdf\">Expertkarta<\/a> p\u00e5 en list format 15.1.2024 (<span class=\"VIiyi\" lang=\"sv\"><span class=\"JLqJ4b ChMk0b\" data-language-for-alternatives=\"sv\" data-language-to-translate-into=\"fi\" data-phrase-index=\"0\">pdf, notera: <\/span><span class=\"JLqJ4b ChMk0b\" data-language-for-alternatives=\"sv\" data-language-to-translate-into=\"fi\" data-phrase-index=\"1\">ladda ner filen till din dator om du vill lyssna p\u00e5 den med ett l\u00e4sprogram)<\/span><\/span><\/span><br \/>\n<\/small><\/p>\n","protected":false},"excerpt":{"rendered":"<p>Utrikesministeriet ansvarar f\u00f6r den civila krishanteringens politiska styrning och beslutar i vilka insatser finl\u00e4ndska sakkunniga ska delta. Inrikesministeriet ansvarar f\u00f6r att uppr\u00e4tth\u00e5lla, utveckla och samordna den nationella beredskapen f\u00f6r civil krishantering. Internationella dom\u00e4ner och sekretariat GVB = Gransbevakningsv\u00e4sendet RISE = Brottsp\u00e5f\u00f6ljdsmyndigheten Klicka p\u00e5 bilden f\u00f6r att g\u00f6ra den st\u00f6rre. Expertkarta p\u00e5 en list format 15.1.2024 &#8230; <a title=\"Operationer\" class=\"read-more\" href=\"https:\/\/www.cmcfinland.fi\/sv\/om-oss\/operationer\/\" aria-label=\"Read more about Operationer\">L\u00e4s mer<\/a><\/p>\n","protected":false},"author":1,"featured_media":0,"parent":406,"menu_order":0,"comment_status":"closed","ping_status":"closed","template":"","meta":{"_acf_changed":false,"_relevanssi_hide_post":"","_relevanssi_hide_content":"","_relevanssi_pin_for_all":"","_relevanssi_pin_keywords":"","_relevanssi_unpin_keywords":"","_relevanssi_related_keywords":"","_relevanssi_related_include_ids":"","_relevanssi_related_exclude_ids":"","_relevanssi_related_no_append":"","_relevanssi_related_not_related":"","_relevanssi_related_posts":"","_relevanssi_noindex_reason":"","footnotes":""},"class_list":["post-7750","page","type-page","status-publish"],"acf":[],"yoast_head":"<!-- This site is optimized with the Yoast SEO plugin v27.4 - https:\/\/yoast.com\/product\/yoast-seo-wordpress\/ -->\n<title>Operationer - CMC Finland<\/title>\n<meta name=\"robots\" content=\"index, follow, max-snippet:-1, max-image-preview:large, max-video-preview:-1\" \/>\n<link rel=\"canonical\" href=\"https:\/\/www.cmcfinland.fi\/sv\/om-oss\/operationer\/\" \/>\n<meta property=\"og:locale\" content=\"sv_SE\" \/>\n<meta property=\"og:type\" content=\"article\" \/>\n<meta property=\"og:title\" content=\"Operationer - CMC Finland\" \/>\n<meta property=\"og:description\" content=\"Utrikesministeriet ansvarar f\u00f6r den civila krishanteringens politiska styrning och beslutar i vilka insatser finl\u00e4ndska sakkunniga ska delta. Inrikesministeriet ansvarar f\u00f6r att uppr\u00e4tth\u00e5lla, utveckla och samordna den nationella beredskapen f\u00f6r civil krishantering. Internationella dom\u00e4ner och sekretariat GVB = Gransbevakningsv\u00e4sendet RISE = Brottsp\u00e5f\u00f6ljdsmyndigheten Klicka p\u00e5 bilden f\u00f6r att g\u00f6ra den st\u00f6rre. Expertkarta p\u00e5 en list format 15.1.2024 ... L\u00e4s mer\" \/>\n<meta property=\"og:url\" content=\"https:\/\/www.cmcfinland.fi\/sv\/om-oss\/operationer\/\" \/>\n<meta property=\"og:site_name\" content=\"CMC Finland\" \/>\n<meta property=\"article:publisher\" content=\"https:\/\/www.facebook.com\/cmc.finland\/\" \/>\n<meta property=\"article:modified_time\" content=\"2024-01-15T07:47:32+00:00\" \/>\n<meta property=\"og:image\" content=\"https:\/\/www.cmcfinland.fi\/wp-content\/uploads\/2024\/01\/Asiantuntijakartta_15-1-2024_SV-1024x576.png\" \/>\n<meta name=\"twitter:card\" content=\"summary_large_image\" \/>\n<meta name=\"twitter:site\" content=\"@CMCFinland\" \/>\n<meta name=\"twitter:label1\" content=\"Est. reading time\" \/>\n\t<meta name=\"twitter:data1\" content=\"1 minute\" \/>\n<script type=\"application\/ld+json\" class=\"yoast-schema-graph\">{\"@context\":\"https:\\\/\\\/schema.org\",\"@graph\":[{\"@type\":\"WebPage\",\"@id\":\"https:\\\/\\\/www.cmcfinland.fi\\\/sv\\\/om-oss\\\/operationer\\\/\",\"url\":\"https:\\\/\\\/www.cmcfinland.fi\\\/sv\\\/om-oss\\\/operationer\\\/\",\"name\":\"Operationer - CMC Finland\",\"isPartOf\":{\"@id\":\"https:\\\/\\\/www.cmcfinland.fi\\\/#website\"},\"primaryImageOfPage\":{\"@id\":\"https:\\\/\\\/www.cmcfinland.fi\\\/sv\\\/om-oss\\\/operationer\\\/#primaryimage\"},\"image\":{\"@id\":\"https:\\\/\\\/www.cmcfinland.fi\\\/sv\\\/om-oss\\\/operationer\\\/#primaryimage\"},\"thumbnailUrl\":\"https:\\\/\\\/www.cmcfinland.fi\\\/wp-content\\\/uploads\\\/2024\\\/01\\\/Asiantuntijakartta_15-1-2024_SV-1024x576.png\",\"datePublished\":\"2020-06-02T06:41:43+00:00\",\"dateModified\":\"2024-01-15T07:47:32+00:00\",\"breadcrumb\":{\"@id\":\"https:\\\/\\\/www.cmcfinland.fi\\\/sv\\\/om-oss\\\/operationer\\\/#breadcrumb\"},\"inLanguage\":\"sv-SE\",\"potentialAction\":[{\"@type\":\"ReadAction\",\"target\":[\"https:\\\/\\\/www.cmcfinland.fi\\\/sv\\\/om-oss\\\/operationer\\\/\"]}]},{\"@type\":\"ImageObject\",\"inLanguage\":\"sv-SE\",\"@id\":\"https:\\\/\\\/www.cmcfinland.fi\\\/sv\\\/om-oss\\\/operationer\\\/#primaryimage\",\"url\":\"https:\\\/\\\/www.cmcfinland.fi\\\/wp-content\\\/uploads\\\/2024\\\/01\\\/Asiantuntijakartta_15-1-2024_SV-1024x576.png\",\"contentUrl\":\"https:\\\/\\\/www.cmcfinland.fi\\\/wp-content\\\/uploads\\\/2024\\\/01\\\/Asiantuntijakartta_15-1-2024_SV-1024x576.png\"},{\"@type\":\"BreadcrumbList\",\"@id\":\"https:\\\/\\\/www.cmcfinland.fi\\\/sv\\\/om-oss\\\/operationer\\\/#breadcrumb\",\"itemListElement\":[{\"@type\":\"ListItem\",\"position\":1,\"name\":\"Framsida\",\"item\":\"https:\\\/\\\/www.cmcfinland.fi\\\/sv\\\/\"},{\"@type\":\"ListItem\",\"position\":2,\"name\":\"Om oss\",\"item\":\"https:\\\/\\\/www.cmcfinland.fi\\\/sv\\\/om-oss\\\/\"},{\"@type\":\"ListItem\",\"position\":3,\"name\":\"Operationer\"}]},{\"@type\":\"WebSite\",\"@id\":\"https:\\\/\\\/www.cmcfinland.fi\\\/#website\",\"url\":\"https:\\\/\\\/www.cmcfinland.fi\\\/\",\"name\":\"CMC Finland\",\"description\":\"Kriisinhallintakeskus\",\"publisher\":{\"@id\":\"https:\\\/\\\/www.cmcfinland.fi\\\/#organization\"},\"potentialAction\":[{\"@type\":\"SearchAction\",\"target\":{\"@type\":\"EntryPoint\",\"urlTemplate\":\"https:\\\/\\\/www.cmcfinland.fi\\\/?s={search_term_string}\"},\"query-input\":{\"@type\":\"PropertyValueSpecification\",\"valueRequired\":true,\"valueName\":\"search_term_string\"}}],\"inLanguage\":\"sv-SE\"},{\"@type\":\"Organization\",\"@id\":\"https:\\\/\\\/www.cmcfinland.fi\\\/#organization\",\"name\":\"CMC Finland\",\"url\":\"https:\\\/\\\/www.cmcfinland.fi\\\/\",\"logo\":{\"@type\":\"ImageObject\",\"inLanguage\":\"sv-SE\",\"@id\":\"https:\\\/\\\/www.cmcfinland.fi\\\/#\\\/schema\\\/logo\\\/image\\\/\",\"url\":\"https:\\\/\\\/www.cmcfinland.fi\\\/wp-content\\\/uploads\\\/2024\\\/01\\\/CMC_finland_logo_musta.png\",\"contentUrl\":\"https:\\\/\\\/www.cmcfinland.fi\\\/wp-content\\\/uploads\\\/2024\\\/01\\\/CMC_finland_logo_musta.png\",\"width\":272,\"height\":88,\"caption\":\"CMC Finland\"},\"image\":{\"@id\":\"https:\\\/\\\/www.cmcfinland.fi\\\/#\\\/schema\\\/logo\\\/image\\\/\"},\"sameAs\":[\"https:\\\/\\\/www.facebook.com\\\/cmc.finland\\\/\",\"https:\\\/\\\/x.com\\\/CMCFinland\",\"https:\\\/\\\/www.instagram.com\\\/cmc.finland\\\/\",\"https:\\\/\\\/www.youtube.com\\\/channel\\\/UC49g1WmKq81Amw1ZUa5ZRKA\",\"https:\\\/\\\/www.linkedin.com\\\/company\\\/crisis-management-centre-cmc-finland\\\/\"]}]}<\/script>\n<!-- \/ Yoast SEO plugin. -->","yoast_head_json":{"title":"Operationer - CMC Finland","robots":{"index":"index","follow":"follow","max-snippet":"max-snippet:-1","max-image-preview":"max-image-preview:large","max-video-preview":"max-video-preview:-1"},"canonical":"https:\/\/www.cmcfinland.fi\/sv\/om-oss\/operationer\/","og_locale":"sv_SE","og_type":"article","og_title":"Operationer - CMC Finland","og_description":"Utrikesministeriet ansvarar f\u00f6r den civila krishanteringens politiska styrning och beslutar i vilka insatser finl\u00e4ndska sakkunniga ska delta. Inrikesministeriet ansvarar f\u00f6r att uppr\u00e4tth\u00e5lla, utveckla och samordna den nationella beredskapen f\u00f6r civil krishantering. Internationella dom\u00e4ner och sekretariat GVB = Gransbevakningsv\u00e4sendet RISE = Brottsp\u00e5f\u00f6ljdsmyndigheten Klicka p\u00e5 bilden f\u00f6r att g\u00f6ra den st\u00f6rre. Expertkarta p\u00e5 en list format 15.1.2024 ... L\u00e4s mer","og_url":"https:\/\/www.cmcfinland.fi\/sv\/om-oss\/operationer\/","og_site_name":"CMC Finland","article_publisher":"https:\/\/www.facebook.com\/cmc.finland\/","article_modified_time":"2024-01-15T07:47:32+00:00","og_image":[{"url":"https:\/\/www.cmcfinland.fi\/wp-content\/uploads\/2024\/01\/Asiantuntijakartta_15-1-2024_SV-1024x576.png","type":"","width":"","height":""}],"twitter_card":"summary_large_image","twitter_site":"@CMCFinland","twitter_misc":{"Est. reading time":"1 minute"},"schema":{"@context":"https:\/\/schema.org","@graph":[{"@type":"WebPage","@id":"https:\/\/www.cmcfinland.fi\/sv\/om-oss\/operationer\/","url":"https:\/\/www.cmcfinland.fi\/sv\/om-oss\/operationer\/","name":"Operationer - CMC Finland","isPartOf":{"@id":"https:\/\/www.cmcfinland.fi\/#website"},"primaryImageOfPage":{"@id":"https:\/\/www.cmcfinland.fi\/sv\/om-oss\/operationer\/#primaryimage"},"image":{"@id":"https:\/\/www.cmcfinland.fi\/sv\/om-oss\/operationer\/#primaryimage"},"thumbnailUrl":"https:\/\/www.cmcfinland.fi\/wp-content\/uploads\/2024\/01\/Asiantuntijakartta_15-1-2024_SV-1024x576.png","datePublished":"2020-06-02T06:41:43+00:00","dateModified":"2024-01-15T07:47:32+00:00","breadcrumb":{"@id":"https:\/\/www.cmcfinland.fi\/sv\/om-oss\/operationer\/#breadcrumb"},"inLanguage":"sv-SE","potentialAction":[{"@type":"ReadAction","target":["https:\/\/www.cmcfinland.fi\/sv\/om-oss\/operationer\/"]}]},{"@type":"ImageObject","inLanguage":"sv-SE","@id":"https:\/\/www.cmcfinland.fi\/sv\/om-oss\/operationer\/#primaryimage","url":"https:\/\/www.cmcfinland.fi\/wp-content\/uploads\/2024\/01\/Asiantuntijakartta_15-1-2024_SV-1024x576.png","contentUrl":"https:\/\/www.cmcfinland.fi\/wp-content\/uploads\/2024\/01\/Asiantuntijakartta_15-1-2024_SV-1024x576.png"},{"@type":"BreadcrumbList","@id":"https:\/\/www.cmcfinland.fi\/sv\/om-oss\/operationer\/#breadcrumb","itemListElement":[{"@type":"ListItem","position":1,"name":"Framsida","item":"https:\/\/www.cmcfinland.fi\/sv\/"},{"@type":"ListItem","position":2,"name":"Om oss","item":"https:\/\/www.cmcfinland.fi\/sv\/om-oss\/"},{"@type":"ListItem","position":3,"name":"Operationer"}]},{"@type":"WebSite","@id":"https:\/\/www.cmcfinland.fi\/#website","url":"https:\/\/www.cmcfinland.fi\/","name":"CMC Finland","description":"Kriisinhallintakeskus","publisher":{"@id":"https:\/\/www.cmcfinland.fi\/#organization"},"potentialAction":[{"@type":"SearchAction","target":{"@type":"EntryPoint","urlTemplate":"https:\/\/www.cmcfinland.fi\/?s={search_term_string}"},"query-input":{"@type":"PropertyValueSpecification","valueRequired":true,"valueName":"search_term_string"}}],"inLanguage":"sv-SE"},{"@type":"Organization","@id":"https:\/\/www.cmcfinland.fi\/#organization","name":"CMC Finland","url":"https:\/\/www.cmcfinland.fi\/","logo":{"@type":"ImageObject","inLanguage":"sv-SE","@id":"https:\/\/www.cmcfinland.fi\/#\/schema\/logo\/image\/","url":"https:\/\/www.cmcfinland.fi\/wp-content\/uploads\/2024\/01\/CMC_finland_logo_musta.png","contentUrl":"https:\/\/www.cmcfinland.fi\/wp-content\/uploads\/2024\/01\/CMC_finland_logo_musta.png","width":272,"height":88,"caption":"CMC Finland"},"image":{"@id":"https:\/\/www.cmcfinland.fi\/#\/schema\/logo\/image\/"},"sameAs":["https:\/\/www.facebook.com\/cmc.finland\/","https:\/\/x.com\/CMCFinland","https:\/\/www.instagram.com\/cmc.finland\/","https:\/\/www.youtube.com\/channel\/UC49g1WmKq81Amw1ZUa5ZRKA","https:\/\/www.linkedin.com\/company\/crisis-management-centre-cmc-finland\/"]}]}},"_links":{"self":[{"href":"https:\/\/www.cmcfinland.fi\/sv\/wp-json\/wp\/v2\/pages\/7750","targetHints":{"allow":["GET"]}}],"collection":[{"href":"https:\/\/www.cmcfinland.fi\/sv\/wp-json\/wp\/v2\/pages"}],"about":[{"href":"https:\/\/www.cmcfinland.fi\/sv\/wp-json\/wp\/v2\/types\/page"}],"author":[{"embeddable":true,"href":"https:\/\/www.cmcfinland.fi\/sv\/wp-json\/wp\/v2\/users\/1"}],"replies":[{"embeddable":true,"href":"https:\/\/www.cmcfinland.fi\/sv\/wp-json\/wp\/v2\/comments?post=7750"}],"version-history":[{"count":64,"href":"https:\/\/www.cmcfinland.fi\/sv\/wp-json\/wp\/v2\/pages\/7750\/revisions"}],"predecessor-version":[{"id":18489,"href":"https:\/\/www.cmcfinland.fi\/sv\/wp-json\/wp\/v2\/pages\/7750\/revisions\/18489"}],"up":[{"embeddable":true,"href":"https:\/\/www.cmcfinland.fi\/sv\/wp-json\/wp\/v2\/pages\/406"}],"wp:attachment":[{"href":"https:\/\/www.cmcfinland.fi\/sv\/wp-json\/wp\/v2\/media?parent=7750"}],"curies":[{"name":"wp","href":"https:\/\/api.w.org\/{rel}","templated":true}]}}