{"id":7752,"date":"2020-06-02T09:45:16","date_gmt":"2020-06-02T06:45:16","guid":{"rendered":"https:\/\/vzz6xbx06cc.c.updraftclone.com?page_id=7752"},"modified":"2026-02-10T09:03:08","modified_gmt":"2026-02-10T07:03:08","slug":"utbildning","status":"publish","type":"page","link":"https:\/\/www.cmcfinland.fi\/sv\/vad-vi-gor\/utbildning\/","title":{"rendered":"Utbildning"},"content":{"rendered":"\n<section id=\"gmb3a038c\" class=\"wp-block-gutentor-m3 alignfull section-gmb3a038c gutentor-module gutentor-container-cover has-image-bg has-custom-bg g-c-r-valign-mobile g-c-r-valign-tablet g-valign-c-desktop alasivu-top\"><div class=\"grid-container\">\n<section id=\"gm3b4010b\" class=\"wp-block-gutentor-m4 section-gm3b4010b gutentor-module gutentor-advanced-columns\"><div class=\"grid-container\"><div class=\"grid-row\">\n<div id=\"col-gmb44cad\" class=\"wp-block-gutentor-m4-col col-gmb44cad gutentor-single-column  grid-lg-6 grid-md-12 grid-12 header-breadcrumbs\"><div id=\"section-gmb44cad\" class=\"section-gmb44cad gutentor-col-wrap\">\n<div id=\"section-g601658\" class=\"wp-block-gutentor-e1 section-g601658 gutentor-element gutentor-element-advanced-text\"><div class=\"gutentor-text-wrap\"><h1 class=\"gutentor-text\"><strong>Utbildning<\/strong><\/h1><\/div><\/div>\n\n\n<span><span><a href=\"https:\/\/www.cmcfinland.fi\/sv\/\">Framsida<\/a><\/span><\/span>\n<\/div><\/div>\n\n\n\n<div id=\"col-gm547633\" class=\"wp-block-gutentor-m4-col col-gm547633 gutentor-single-column  grid-lg-6 grid-md-12 grid-12\"><div id=\"section-gm547633\" class=\"section-gm547633 gutentor-col-wrap\"><\/div><\/div>\n<\/div><\/div><\/section>\n<\/div><\/section>\n\n\n\n<section id=\"gm7857f39\" class=\"wp-block-gutentor-m3 section-gm7857f39 gutentor-module gutentor-container-cover\"><div class=\"grid-container\">\n<h2 class=\"wp-block-heading\"><strong>H\u00f6gkvalitativ utbildning<\/strong><\/h2>\n\n\n\n<p>Krishanteringscentret ansvarar f\u00f6r utbildningen av experter som skickas till uppdrag inom b\u00e5de civil krishantering och valobservation. Vi ser till att de finl\u00e4ndska experterna har genomg\u00e5tt de utbildningar som operationerna f\u00f6ruts\u00e4tter. Vi svarar p\u00e5 de finl\u00e4ndska experternas utbildningsbehov antingen genom att sj\u00e4lva ordna den utbildning som beh\u00f6vs eller genom att dra nytta av partnerorganisationernas utbildningar.<\/p>\n\n\n\n<p>Krishanteringscentret f\u00f6ljer i f\u00f6rv\u00e4g fastst\u00e4llda processer i all sin utbildningsverksamhet. P\u00e5 detta s\u00e4tt str\u00e4var centret efter att s\u00e4kerst\u00e4lla att kundernas krav och behov har beaktats i utbildningsverksamheten och att verksamheten vid behov utvecklas utifr\u00e5n responsen. <\/p>\n<\/div><\/section>\n\n\n\n<section id=\"gmf34bda4\" class=\"wp-block-gutentor-m3 alignfull section-gmf34bda4 gutentor-module gutentor-container-cover d-none koulutukset\"><div class=\"grid-container\">\n<section id=\"gm0ed5040\" class=\"wp-block-gutentor-m4 section-gm0ed5040 gutentor-module gutentor-advanced-columns gutentor-equal-column-height\"><div class=\"grid-container\"><div class=\"grid-row\">\n<div id=\"col-gmabe157\" class=\"wp-block-gutentor-m4-col col-gmabe157 gutentor-single-column  grid-lg-9 grid-md-12 grid-12\"><div id=\"section-gmabe157\" class=\"section-gmabe157 gutentor-col-wrap\">\n<div id=\"section-gf17f63\" class=\"wp-block-gutentor-e1 section-gf17f63 gutentor-element gutentor-element-advanced-text\"><div class=\"gutentor-text-wrap\"><h2 class=\"gutentor-text\"><strong><strong>Kurskalender<\/strong><\/strong><\/h2><\/div><\/div>\n<\/div><\/div>\n\n\n\n<div id=\"col-gm33c9df\" class=\"wp-block-gutentor-m4-col col-gm33c9df gutentor-single-column  grid-lg-3 grid-md-12 grid-12\"><div id=\"section-gm33c9df\" class=\"section-gm33c9df gutentor-col-wrap\">\n<div id=\"section-gdd7072\" class=\"wp-block-gutentor-e2 section-gdd7072 gutentor-element gutentor-element-button button-align-right-desktop button-align-left-tablet button-align-left-mobile kurssikalenteri-button\"><span class=\"gutentor-button-wrap\"><a class=\"gutentor-button gutentor-block-button gutentor-icon-after\" href=\"https:\/\/www.cmcfinland.fi\/sv\/vad-vi-gor\/utbildning\/kurskalender\/\"><i class=\"gutentor-button-icon fas fa-arrow-right\"><\/i><span><strong>Kurskalender<\/strong><\/span><\/a><\/span><\/div>\n<\/div><\/div>\n<\/div><\/div><\/section>\n\n\n\n<section id=\"gmb751ae9\" class=\"wp-block-gutentor-m4 section-gmb751ae9 gutentor-module gutentor-advanced-columns gutentor-equal-column-height\"><div class=\"grid-container\"><div class=\"grid-row\">\n<div id=\"col-gm290f99\" class=\"wp-block-gutentor-m4-col col-gm290f99 gutentor-single-column  grid-lg-6 grid-md-12 grid-12 kurssit-kuva\"><div id=\"section-gm290f99\" class=\"section-gm290f99 gutentor-col-wrap has-image-bg has-custom-bg\"><\/div><\/div>\n\n\n\n<div id=\"col-gm1f2c62\" class=\"wp-block-gutentor-m4-col col-gm1f2c62 gutentor-single-column  grid-lg-6 grid-md-12 grid-12 koulutukset-infot\"><div id=\"section-gm1f2c62\" class=\"section-gm1f2c62 gutentor-col-wrap\"><div class=\"wpv-view-output\" data-toolset-views-view-editor=\"048b8abad1ff8446f022c2a889c99cc2\">\n<div class=\"wp-block-toolset-views-view-editor\">\n\n\n<div id=\"wpv-view-layout-1914\" class=\"js-wpv-view-layout js-wpv-layout-responsive js-wpv-view-layout-1914\" data-viewnumber=\"1914\" data-pagination=\"{&quot;id&quot;:1914,&quot;query&quot;:&quot;normal&quot;,&quot;type&quot;:&quot;disabled&quot;,&quot;effect&quot;:&quot;fade&quot;,&quot;duration&quot;:500,&quot;speed&quot;:5,&quot;pause_on_hover&quot;:&quot;disabled&quot;,&quot;stop_rollover&quot;:&quot;false&quot;,&quot;cache_pages&quot;:&quot;enabled&quot;,&quot;preload_images&quot;:&quot;enabled&quot;,&quot;preload_pages&quot;:&quot;enabled&quot;,&quot;preload_reach&quot;:1,&quot;spinner&quot;:&quot;builtin&quot;,&quot;spinner_image&quot;:&quot;https:\/\/cmcfinland.iwn.co\/wp-content\/plugins\/wp-views\/res\/img\/ajax-loader.gif&quot;,&quot;callback_next&quot;:&quot;&quot;,&quot;manage_history&quot;:&quot;enabled&quot;,&quot;has_controls_in_form&quot;:&quot;disabled&quot;,&quot;infinite_tolerance&quot;:&quot;0&quot;,&quot;max_pages&quot;:1,&quot;page&quot;:1,&quot;base_permalink&quot;:&quot;\/sv\/wp-json\/wp\/v2\/pages\/7752?wpv_view_count=1914&amp;wpv_paged=WPV_PAGE_NUM&quot;,&quot;loop&quot;:{&quot;type&quot;:&quot;&quot;,&quot;name&quot;:&quot;&quot;,&quot;data&quot;:[],&quot;id&quot;:0}}\" data-permalink=\"\/sv\/wp-json\/wp\/v2\/pages\/7752?wpv_view_count=1914\">\n\n\t\n\t\n\t<div class=\"wpv-loop js-wpv-loop calender\">\n\t\t\n          <div onclick=\"location.href='https:\/\/www.cmcfinland.fi\/sv\/mediation-negotiation-and-dialogue-skills-for-the-csdp-course\/';\" style=\"cursor:pointer;\" id=\"wrapper\" class=\"clearfix koulutukset-fp\">\n              <div class=\"pvm\"><h3><strong>11.5. - 15.5.2026<\/strong><\/h3><\/div>    \n              <div class=\"header\"><h4 class=\"kurssit-title\"><a href=\"https:\/\/www.cmcfinland.fi\/sv\/mediation-negotiation-and-dialogue-skills-for-the-csdp-course\/\">Mediation, Negotiation and Dialogue Skills for the CSDP<\/a><\/h4>\n                <a class=\"fin-view\" href=\"https:\/\/www.cmcfinland.fi\/sv\/mediation-negotiation-and-dialogue-skills-for-the-csdp-course\/\">Hae 6.4.2026 menness\u00e4 \u203a<\/a>\n                <a class=\"eng-view\" href=\"https:\/\/www.cmcfinland.fi\/sv\/mediation-negotiation-and-dialogue-skills-for-the-csdp-course\/\">Apply by 6.4.2026<\/a>\n                <a class=\"sv-view\" href=\"https:\/\/www.cmcfinland.fi\/sv\/mediation-negotiation-and-dialogue-skills-for-the-csdp-course\/\">Ans\u00f6k senast 6.4.2026<\/a>\n              <\/div>       \n          <\/div>\n\t\t\n          <div onclick=\"location.href='https:\/\/www.cmcfinland.fi\/sv\/hostile-environment-awareness-training-heat-2026-1\/';\" style=\"cursor:pointer;\" id=\"wrapper\" class=\"clearfix koulutukset-fp\">\n              <div class=\"pvm\"><h3><strong>11.6. - 15.6.2026<\/strong><\/h3><\/div>    \n              <div class=\"header\"><h4 class=\"kurssit-title\"><a href=\"https:\/\/www.cmcfinland.fi\/sv\/hostile-environment-awareness-training-heat-2026-1\/\">Hostile Environment Awareness Training (HEAT) 2026-1<\/a><\/h4>\n                <a class=\"fin-view\" href=\"https:\/\/www.cmcfinland.fi\/sv\/hostile-environment-awareness-training-heat-2026-1\/\">Hae 12.4.2026 menness\u00e4 \u203a<\/a>\n                <a class=\"eng-view\" href=\"https:\/\/www.cmcfinland.fi\/sv\/hostile-environment-awareness-training-heat-2026-1\/\">Apply by 12.4.2026<\/a>\n                <a class=\"sv-view\" href=\"https:\/\/www.cmcfinland.fi\/sv\/hostile-environment-awareness-training-heat-2026-1\/\">Ans\u00f6k senast 12.4.2026<\/a>\n              <\/div>       \n          <\/div>\n\t\t\n          <div onclick=\"location.href='https:\/\/www.cmcfinland.fi\/sv\/basic-course-on-civilian-crisis-management-bcccm-2-2026\/';\" style=\"cursor:pointer;\" id=\"wrapper\" class=\"clearfix koulutukset-fp\">\n              <div class=\"pvm\"><h3><strong>7.9. - 12.9.2026<\/strong><\/h3><\/div>    \n              <div class=\"header\"><h4 class=\"kurssit-title\"><a href=\"https:\/\/www.cmcfinland.fi\/sv\/basic-course-on-civilian-crisis-management-bcccm-2-2026\/\">Basic Course on Civilian Crisis Management (BCCCM) 2-2026<\/a><\/h4>\n                <a class=\"fin-view\" href=\"https:\/\/www.cmcfinland.fi\/sv\/basic-course-on-civilian-crisis-management-bcccm-2-2026\/\">Hae 5.10.2025 menness\u00e4 \u203a<\/a>\n                <a class=\"eng-view\" href=\"https:\/\/www.cmcfinland.fi\/sv\/basic-course-on-civilian-crisis-management-bcccm-2-2026\/\">Apply by 5.10.2025<\/a>\n                <a class=\"sv-view\" href=\"https:\/\/www.cmcfinland.fi\/sv\/basic-course-on-civilian-crisis-management-bcccm-2-2026\/\">Ans\u00f6k senast 5.10.2025<\/a>\n              <\/div>       \n          <\/div>\n\t\t\n\t<\/div>\n\t\n\t\n\t\n<\/div>\n<\/div>\n<\/div><\/div><\/div>\n<\/div><\/div><\/section>\n<\/div><\/section>\n\n\n\n<section id=\"gmf7b5b67\" class=\"wp-block-gutentor-m3 alignfull section-gmf7b5b67 gutentor-module gutentor-container-cover has-color-bg has-custom-bg kuva-ja-teksti\"><div class=\"grid-container\">\n<section id=\"gmad1e9fd\" class=\"wp-block-gutentor-m4 alignfull section-gmad1e9fd gutentor-module gutentor-advanced-columns gutentor-equal-column-height\"><div class=\"grid-container\"><div class=\"grid-row\">\n<div id=\"col-gm4a7aaa\" class=\"wp-block-gutentor-m4-col col-gm4a7aaa gutentor-single-column  grid-lg-6 grid-md-12 grid-12\"><div id=\"section-gm4a7aaa\" class=\"section-gm4a7aaa gutentor-col-wrap\">\n<div id=\"section-g7ae5ab\" class=\"wp-block-gutentor-e1 section-g7ae5ab gutentor-element gutentor-element-advanced-text\"><div class=\"gutentor-text-wrap\"><h2 class=\"gutentor-text\"><strong><strong><strong>Kurskalender<\/strong><\/strong><\/strong><\/h2><\/div><\/div>\n\n\n\n<div id=\"section-g9739b2\" class=\"wp-block-gutentor-e1 section-g9739b2 gutentor-element gutentor-element-advanced-text\"><div class=\"gutentor-text-wrap\"><p class=\"gutentor-text\">H\u00e4r hittar du v\u00e5rt kommande kursutbud och tidigare kurser.<\/p><\/div><\/div>\n\n\n\n<div id=\"section-g40adb4\" class=\"wp-block-gutentor-e2 section-g40adb4 gutentor-element gutentor-element-button\"><span class=\"gutentor-button-wrap\"><a class=\"gutentor-button gutentor-block-button gutentor-icon-after\" href=\"https:\/\/www.cmcfinland.fi\/sv\/vad-vi-gor\/utbildning\/kurskalender\/\"><i class=\"gutentor-button-icon fas fa-arrow-right\"><\/i><span>L\u00e4s mer<\/span><\/a><\/span><\/div>\n<\/div><\/div>\n\n\n\n<div id=\"col-gmee2fbc\" class=\"wp-block-gutentor-m4-col col-gmee2fbc gutentor-single-column  grid-lg-6 grid-md-12 grid-12 bg-image-custom\"><div id=\"section-gmee2fbc\" class=\"section-gmee2fbc gutentor-col-wrap has-image-bg has-custom-bg\"><\/div><\/div>\n<\/div><\/div><\/section>\n\n\n\n<section id=\"gm70ad614\" class=\"wp-block-gutentor-m4 alignfull section-gm70ad614 gutentor-module gutentor-advanced-columns gutentor-equal-column-height\"><div class=\"grid-container\"><div class=\"grid-row\">\n<div id=\"col-gm6176f1\" class=\"wp-block-gutentor-m4-col col-gm6176f1 gutentor-single-column  grid-lg-6 grid-md-12 grid-12 bg-image-custom\"><div id=\"section-gm6176f1\" class=\"section-gm6176f1 gutentor-col-wrap has-image-bg has-custom-bg\"><\/div><\/div>\n\n\n\n<div id=\"col-gme747c7\" class=\"wp-block-gutentor-m4-col col-gme747c7 gutentor-single-column  grid-lg-6 grid-md-12 grid-12\"><div id=\"section-gme747c7\" class=\"section-gme747c7 gutentor-col-wrap has-image-bg has-custom-bg\">\n<div id=\"section-g81fd64\" class=\"wp-block-gutentor-e1 section-g81fd64 gutentor-element gutentor-element-advanced-text\"><div class=\"gutentor-text-wrap\"><h2 class=\"gutentor-text\"><strong><strong>Vill du ha aktuell information om v\u00e5ra utbildningar<\/strong>?<\/strong><\/h2><\/div><\/div>\n\n\n\n<div id=\"section-g716d43\" class=\"wp-block-gutentor-e1 section-g716d43 gutentor-element gutentor-element-advanced-text\"><div class=\"gutentor-text-wrap\"><p class=\"gutentor-text\">Du kan best\u00e4lla meddelanden om v\u00e5ra nya utbildningsm\u00f6jligheter till din e-post.<\/p><\/div><\/div>\n\n\n\n<div id=\"section-g86fb74\" class=\"wp-block-gutentor-e2 section-g86fb74 gutentor-element gutentor-element-button\"><span class=\"gutentor-button-wrap\"><a class=\"gutentor-button gutentor-block-button gutentor-icon-after\" href=\"\/sv\/information-om-oss\/prenumerera-pa-nyhetsbrevet\/\"><i class=\"gutentor-button-icon fas fa-arrow-right\"><\/i><span>Prenumerera<\/span><\/a><\/span><\/div>\n<\/div><\/div>\n<\/div><\/div><\/section>\n<\/div><\/section>\n","protected":false},"excerpt":{"rendered":"","protected":false},"author":1,"featured_media":0,"parent":21064,"menu_order":0,"comment_status":"closed","ping_status":"closed","template":"","meta":{"_acf_changed":false,"_relevanssi_hide_post":"","_relevanssi_hide_content":"","_relevanssi_pin_for_all":"","_relevanssi_pin_keywords":"","_relevanssi_unpin_keywords":"","_relevanssi_related_keywords":"","_relevanssi_related_include_ids":"","_relevanssi_related_exclude_ids":"","_relevanssi_related_no_append":"","_relevanssi_related_not_related":"","_relevanssi_related_posts":"10557,11011,15216,9528,10625,11554","_relevanssi_noindex_reason":"","footnotes":""},"class_list":["post-7752","page","type-page","status-publish"],"acf":[],"yoast_head":"<!-- This site is optimized with the Yoast SEO plugin v27.4 - https:\/\/yoast.com\/product\/yoast-seo-wordpress\/ -->\n<title>Utbildning - CMC Finland<\/title>\n<meta name=\"robots\" content=\"index, follow, max-snippet:-1, max-image-preview:large, max-video-preview:-1\" \/>\n<link rel=\"canonical\" href=\"https:\/\/www.cmcfinland.fi\/sv\/vad-vi-gor\/utbildning\/\" \/>\n<meta property=\"og:locale\" content=\"sv_SE\" \/>\n<meta property=\"og:type\" content=\"article\" \/>\n<meta property=\"og:title\" content=\"Utbildning - CMC Finland\" \/>\n<meta property=\"og:url\" content=\"https:\/\/www.cmcfinland.fi\/sv\/vad-vi-gor\/utbildning\/\" \/>\n<meta property=\"og:site_name\" content=\"CMC Finland\" \/>\n<meta property=\"article:publisher\" content=\"https:\/\/www.facebook.com\/cmc.finland\/\" \/>\n<meta property=\"article:modified_time\" content=\"2026-02-10T07:03:08+00:00\" \/>\n<meta name=\"twitter:card\" content=\"summary_large_image\" \/>\n<meta name=\"twitter:site\" content=\"@CMCFinland\" \/>\n<meta name=\"twitter:label1\" content=\"Est. reading time\" \/>\n\t<meta name=\"twitter:data1\" content=\"1 minute\" \/>\n<script type=\"application\/ld+json\" class=\"yoast-schema-graph\">{\"@context\":\"https:\\\/\\\/schema.org\",\"@graph\":[{\"@type\":\"WebPage\",\"@id\":\"https:\\\/\\\/www.cmcfinland.fi\\\/sv\\\/vad-vi-gor\\\/utbildning\\\/\",\"url\":\"https:\\\/\\\/www.cmcfinland.fi\\\/sv\\\/vad-vi-gor\\\/utbildning\\\/\",\"name\":\"Utbildning - CMC Finland\",\"isPartOf\":{\"@id\":\"https:\\\/\\\/www.cmcfinland.fi\\\/#website\"},\"datePublished\":\"2020-06-02T06:45:16+00:00\",\"dateModified\":\"2026-02-10T07:03:08+00:00\",\"breadcrumb\":{\"@id\":\"https:\\\/\\\/www.cmcfinland.fi\\\/sv\\\/vad-vi-gor\\\/utbildning\\\/#breadcrumb\"},\"inLanguage\":\"sv-SE\",\"potentialAction\":[{\"@type\":\"ReadAction\",\"target\":[\"https:\\\/\\\/www.cmcfinland.fi\\\/sv\\\/vad-vi-gor\\\/utbildning\\\/\"]}]},{\"@type\":\"BreadcrumbList\",\"@id\":\"https:\\\/\\\/www.cmcfinland.fi\\\/sv\\\/vad-vi-gor\\\/utbildning\\\/#breadcrumb\",\"itemListElement\":[{\"@type\":\"ListItem\",\"position\":1,\"name\":\"Framsida\",\"item\":\"https:\\\/\\\/www.cmcfinland.fi\\\/sv\\\/\"},{\"@type\":\"ListItem\",\"position\":2,\"name\":\"Vad vi g\u00f6r\",\"item\":\"https:\\\/\\\/www.cmcfinland.fi\\\/sv\\\/vad-vi-gor\\\/\"},{\"@type\":\"ListItem\",\"position\":3,\"name\":\"Utbildning\"}]},{\"@type\":\"WebSite\",\"@id\":\"https:\\\/\\\/www.cmcfinland.fi\\\/#website\",\"url\":\"https:\\\/\\\/www.cmcfinland.fi\\\/\",\"name\":\"CMC Finland\",\"description\":\"Kriisinhallintakeskus\",\"publisher\":{\"@id\":\"https:\\\/\\\/www.cmcfinland.fi\\\/#organization\"},\"potentialAction\":[{\"@type\":\"SearchAction\",\"target\":{\"@type\":\"EntryPoint\",\"urlTemplate\":\"https:\\\/\\\/www.cmcfinland.fi\\\/?s={search_term_string}\"},\"query-input\":{\"@type\":\"PropertyValueSpecification\",\"valueRequired\":true,\"valueName\":\"search_term_string\"}}],\"inLanguage\":\"sv-SE\"},{\"@type\":\"Organization\",\"@id\":\"https:\\\/\\\/www.cmcfinland.fi\\\/#organization\",\"name\":\"CMC Finland\",\"url\":\"https:\\\/\\\/www.cmcfinland.fi\\\/\",\"logo\":{\"@type\":\"ImageObject\",\"inLanguage\":\"sv-SE\",\"@id\":\"https:\\\/\\\/www.cmcfinland.fi\\\/#\\\/schema\\\/logo\\\/image\\\/\",\"url\":\"https:\\\/\\\/www.cmcfinland.fi\\\/wp-content\\\/uploads\\\/2024\\\/01\\\/CMC_finland_logo_musta.png\",\"contentUrl\":\"https:\\\/\\\/www.cmcfinland.fi\\\/wp-content\\\/uploads\\\/2024\\\/01\\\/CMC_finland_logo_musta.png\",\"width\":272,\"height\":88,\"caption\":\"CMC Finland\"},\"image\":{\"@id\":\"https:\\\/\\\/www.cmcfinland.fi\\\/#\\\/schema\\\/logo\\\/image\\\/\"},\"sameAs\":[\"https:\\\/\\\/www.facebook.com\\\/cmc.finland\\\/\",\"https:\\\/\\\/x.com\\\/CMCFinland\",\"https:\\\/\\\/www.instagram.com\\\/cmc.finland\\\/\",\"https:\\\/\\\/www.youtube.com\\\/channel\\\/UC49g1WmKq81Amw1ZUa5ZRKA\",\"https:\\\/\\\/www.linkedin.com\\\/company\\\/crisis-management-centre-cmc-finland\\\/\"]}]}<\/script>\n<!-- \/ Yoast SEO plugin. -->","yoast_head_json":{"title":"Utbildning - CMC Finland","robots":{"index":"index","follow":"follow","max-snippet":"max-snippet:-1","max-image-preview":"max-image-preview:large","max-video-preview":"max-video-preview:-1"},"canonical":"https:\/\/www.cmcfinland.fi\/sv\/vad-vi-gor\/utbildning\/","og_locale":"sv_SE","og_type":"article","og_title":"Utbildning - CMC Finland","og_url":"https:\/\/www.cmcfinland.fi\/sv\/vad-vi-gor\/utbildning\/","og_site_name":"CMC Finland","article_publisher":"https:\/\/www.facebook.com\/cmc.finland\/","article_modified_time":"2026-02-10T07:03:08+00:00","twitter_card":"summary_large_image","twitter_site":"@CMCFinland","twitter_misc":{"Est. reading time":"1 minute"},"schema":{"@context":"https:\/\/schema.org","@graph":[{"@type":"WebPage","@id":"https:\/\/www.cmcfinland.fi\/sv\/vad-vi-gor\/utbildning\/","url":"https:\/\/www.cmcfinland.fi\/sv\/vad-vi-gor\/utbildning\/","name":"Utbildning - CMC Finland","isPartOf":{"@id":"https:\/\/www.cmcfinland.fi\/#website"},"datePublished":"2020-06-02T06:45:16+00:00","dateModified":"2026-02-10T07:03:08+00:00","breadcrumb":{"@id":"https:\/\/www.cmcfinland.fi\/sv\/vad-vi-gor\/utbildning\/#breadcrumb"},"inLanguage":"sv-SE","potentialAction":[{"@type":"ReadAction","target":["https:\/\/www.cmcfinland.fi\/sv\/vad-vi-gor\/utbildning\/"]}]},{"@type":"BreadcrumbList","@id":"https:\/\/www.cmcfinland.fi\/sv\/vad-vi-gor\/utbildning\/#breadcrumb","itemListElement":[{"@type":"ListItem","position":1,"name":"Framsida","item":"https:\/\/www.cmcfinland.fi\/sv\/"},{"@type":"ListItem","position":2,"name":"Vad vi g\u00f6r","item":"https:\/\/www.cmcfinland.fi\/sv\/vad-vi-gor\/"},{"@type":"ListItem","position":3,"name":"Utbildning"}]},{"@type":"WebSite","@id":"https:\/\/www.cmcfinland.fi\/#website","url":"https:\/\/www.cmcfinland.fi\/","name":"CMC Finland","description":"Kriisinhallintakeskus","publisher":{"@id":"https:\/\/www.cmcfinland.fi\/#organization"},"potentialAction":[{"@type":"SearchAction","target":{"@type":"EntryPoint","urlTemplate":"https:\/\/www.cmcfinland.fi\/?s={search_term_string}"},"query-input":{"@type":"PropertyValueSpecification","valueRequired":true,"valueName":"search_term_string"}}],"inLanguage":"sv-SE"},{"@type":"Organization","@id":"https:\/\/www.cmcfinland.fi\/#organization","name":"CMC Finland","url":"https:\/\/www.cmcfinland.fi\/","logo":{"@type":"ImageObject","inLanguage":"sv-SE","@id":"https:\/\/www.cmcfinland.fi\/#\/schema\/logo\/image\/","url":"https:\/\/www.cmcfinland.fi\/wp-content\/uploads\/2024\/01\/CMC_finland_logo_musta.png","contentUrl":"https:\/\/www.cmcfinland.fi\/wp-content\/uploads\/2024\/01\/CMC_finland_logo_musta.png","width":272,"height":88,"caption":"CMC Finland"},"image":{"@id":"https:\/\/www.cmcfinland.fi\/#\/schema\/logo\/image\/"},"sameAs":["https:\/\/www.facebook.com\/cmc.finland\/","https:\/\/x.com\/CMCFinland","https:\/\/www.instagram.com\/cmc.finland\/","https:\/\/www.youtube.com\/channel\/UC49g1WmKq81Amw1ZUa5ZRKA","https:\/\/www.linkedin.com\/company\/crisis-management-centre-cmc-finland\/"]}]}},"_links":{"self":[{"href":"https:\/\/www.cmcfinland.fi\/sv\/wp-json\/wp\/v2\/pages\/7752","targetHints":{"allow":["GET"]}}],"collection":[{"href":"https:\/\/www.cmcfinland.fi\/sv\/wp-json\/wp\/v2\/pages"}],"about":[{"href":"https:\/\/www.cmcfinland.fi\/sv\/wp-json\/wp\/v2\/types\/page"}],"author":[{"embeddable":true,"href":"https:\/\/www.cmcfinland.fi\/sv\/wp-json\/wp\/v2\/users\/1"}],"replies":[{"embeddable":true,"href":"https:\/\/www.cmcfinland.fi\/sv\/wp-json\/wp\/v2\/comments?post=7752"}],"version-history":[{"count":13,"href":"https:\/\/www.cmcfinland.fi\/sv\/wp-json\/wp\/v2\/pages\/7752\/revisions"}],"predecessor-version":[{"id":28767,"href":"https:\/\/www.cmcfinland.fi\/sv\/wp-json\/wp\/v2\/pages\/7752\/revisions\/28767"}],"up":[{"embeddable":true,"href":"https:\/\/www.cmcfinland.fi\/sv\/wp-json\/wp\/v2\/pages\/21064"}],"wp:attachment":[{"href":"https:\/\/www.cmcfinland.fi\/sv\/wp-json\/wp\/v2\/media?parent=7752"}],"curies":[{"name":"wp","href":"https:\/\/api.w.org\/{rel}","templated":true}]}}