{"id":7760,"date":"2020-06-02T10:00:49","date_gmt":"2020-06-02T07:00:49","guid":{"rendered":"https:\/\/vzz6xbx06cc.c.updraftclone.com?page_id=7760"},"modified":"2026-02-10T09:04:26","modified_gmt":"2026-02-10T07:04:26","slug":"forskning-och-utveckling","status":"publish","type":"page","link":"https:\/\/www.cmcfinland.fi\/sv\/vad-vi-gor\/forskning-och-utveckling\/","title":{"rendered":"Forskning och utveckling"},"content":{"rendered":"\n<section id=\"gm7056008\" class=\"wp-block-gutentor-m3 alignfull section-gm7056008 gutentor-module gutentor-container-cover has-image-bg has-custom-bg g-c-r-valign-mobile g-c-r-valign-tablet g-valign-c-desktop alasivu-top\"><div class=\"grid-container\">\n<section id=\"gm0c1bbf0\" class=\"wp-block-gutentor-m4 section-gm0c1bbf0 gutentor-module gutentor-advanced-columns\"><div class=\"grid-container\"><div class=\"grid-row\">\n<div id=\"col-gm9f5942\" class=\"wp-block-gutentor-m4-col col-gm9f5942 gutentor-single-column  grid-lg-6 grid-md-12 grid-12 header-breadcrumbs\"><div id=\"section-gm9f5942\" class=\"section-gm9f5942 gutentor-col-wrap\">\n<div id=\"section-g31b783\" class=\"wp-block-gutentor-e1 section-g31b783 gutentor-element gutentor-element-advanced-text\"><div class=\"gutentor-text-wrap\"><h1 class=\"gutentor-text\">Forskning och <br>utveckling<\/h1><\/div><\/div>\n\n\n<span><span><a href=\"https:\/\/www.cmcfinland.fi\/sv\/\">Framsida<\/a><\/span><\/span>\n<\/div><\/div>\n\n\n\n<div id=\"col-gm719252\" class=\"wp-block-gutentor-m4-col col-gm719252 gutentor-single-column  grid-lg-6 grid-md-12 grid-12\"><div id=\"section-gm719252\" class=\"section-gm719252 gutentor-col-wrap\"><\/div><\/div>\n<\/div><\/div><\/section>\n<\/div><\/section>\n\n\n\n<section id=\"gm00b2c1c\" class=\"wp-block-gutentor-m3 alignwide section-gm00b2c1c gutentor-module gutentor-container-cover\"><div class=\"grid-container\"><ul class=\"sivulistaus wp-block-page-list\"><li class=\"wp-block-pages-list__item\"><a class=\"wp-block-pages-list__item__link\" href=\"https:\/\/www.cmcfinland.fi\/sv\/vad-vi-gor\/forskning-och-utveckling\/publikationer\/\">Publikationer<\/a><\/li><li class=\"wp-block-pages-list__item\"><a class=\"wp-block-pages-list__item__link\" href=\"https:\/\/www.cmcfinland.fi\/sv\/vad-vi-gor\/forskning-och-utveckling\/projekt\/\">Projekt<\/a><\/li><\/ul>\n\n\n<p><\/p>\n<\/div><\/section>\n\n\n\n<section id=\"gmb1382d2\" class=\"wp-block-gutentor-m3 section-gmb1382d2 gutentor-module gutentor-container-cover\"><div class=\"grid-container\">\n<h2 class=\"wp-block-heading\"><strong>Forskning som grund f\u00f6r utvecklingsarbetet<\/strong><\/h2>\n\n\n\n<p>Forskning och utveckling \u00e4r en av CMC Finlands lagstadgade uppgifter. Den forskning vi genomf\u00f6r \u00e4r praktiskt inriktad och betj\u00e4nar utvecklingen av Finlands nationella krishanteringsberedskap, till exempel genom att producera forskningsbaserad information om v\u00e5r verksamhetsmilj\u00f6 och f\u00f6r\u00e4ndringar i den. Ofta genomf\u00f6rs v\u00e5ra forskningsprojekt tillsammans med samarbetspartner, som kan vara universitet, f\u00f6retag, tankesmedjor eller forskningsinstitut i Finland och utomlands.<\/p>\n\n\n\n<p>I v\u00e5r utvecklingsverksamhet f\u00f6ljer vi till exempel upp hurdana experter vi v\u00e4ljer till v\u00e5ra utbildningar och skickar till internationella uppdrag. Kunskap om hur experterna rekryteras och bygger upp sina karri\u00e4rv\u00e4gar st\u00f6der oss i framtida val samt ger de nationella bakgrundsorganisationerna information som de kan anv\u00e4nda f\u00f6r att utveckla sina organisationer och sin personal.<\/p>\n\n\n\n<p>Forsknings- och utvecklingsenheten samordnar CMC Finlands interna l\u00e4rande, vilket inneb\u00e4r en kontinuerlig utveckling av alla v\u00e5ra funktioner. <\/p>\n<\/div><\/section>\n\n\n\n<section id=\"gm1502b77\" class=\"wp-block-gutentor-m3 alignfull section-gm1502b77 gutentor-module gutentor-container-cover d-none\"><div class=\"grid-container\">\n<h2 class=\"wp-block-heading has-text-align-center\">Blogi<\/h2>\n\n\n<section class=\"gutentor-post-module section-1ebea202-3754-488c-87e3-08b71ce4ad72 gutentor-post-module-p1 gutentor_p1_template1 wp-block-gutentor-p1 blogi-postaukset-layout g-equal-height gutentor-blog-grid\" id=\"1ebea202-3754-488c-87e3-08b71ce4ad72\" data-gbid=\"1ebea202-3754-488c-87e3-08b71ce4ad72\">\n<div class='grid-container'><div class='grid-row'><header class=\"g-n-f-t-1\"><h2 class=\"g-n-f-title\">Nothing Found<\/h2><\/header><\/div><\/div><\/section><\/div><\/section>\n","protected":false},"excerpt":{"rendered":"","protected":false},"author":1,"featured_media":0,"parent":21064,"menu_order":1,"comment_status":"closed","ping_status":"closed","template":"","meta":{"_acf_changed":false,"_relevanssi_hide_post":"","_relevanssi_hide_content":"","_relevanssi_pin_for_all":"","_relevanssi_pin_keywords":"","_relevanssi_unpin_keywords":"","_relevanssi_related_keywords":"","_relevanssi_related_include_ids":"","_relevanssi_related_exclude_ids":"","_relevanssi_related_no_append":"","_relevanssi_related_not_related":"","_relevanssi_related_posts":"11685,10625,11011,9528,10557,15216","_relevanssi_noindex_reason":"","footnotes":""},"class_list":["post-7760","page","type-page","status-publish"],"acf":[],"yoast_head":"<!-- This site is optimized with the Yoast SEO plugin v27.4 - https:\/\/yoast.com\/product\/yoast-seo-wordpress\/ -->\n<title>Forskning och utveckling - CMC Finland<\/title>\n<meta name=\"robots\" content=\"index, follow, max-snippet:-1, max-image-preview:large, max-video-preview:-1\" \/>\n<link rel=\"canonical\" href=\"https:\/\/www.cmcfinland.fi\/sv\/vad-vi-gor\/forskning-och-utveckling\/\" \/>\n<meta property=\"og:locale\" content=\"sv_SE\" \/>\n<meta property=\"og:type\" content=\"article\" \/>\n<meta property=\"og:title\" content=\"Forskning och utveckling - CMC Finland\" \/>\n<meta property=\"og:url\" content=\"https:\/\/www.cmcfinland.fi\/sv\/vad-vi-gor\/forskning-och-utveckling\/\" \/>\n<meta property=\"og:site_name\" content=\"CMC Finland\" \/>\n<meta property=\"article:publisher\" content=\"https:\/\/www.facebook.com\/cmc.finland\/\" \/>\n<meta property=\"article:modified_time\" content=\"2026-02-10T07:04:26+00:00\" \/>\n<meta name=\"twitter:card\" content=\"summary_large_image\" \/>\n<meta name=\"twitter:site\" content=\"@CMCFinland\" \/>\n<meta name=\"twitter:label1\" content=\"Est. reading time\" \/>\n\t<meta name=\"twitter:data1\" content=\"1 minute\" \/>\n<script type=\"application\/ld+json\" class=\"yoast-schema-graph\">{\"@context\":\"https:\\\/\\\/schema.org\",\"@graph\":[{\"@type\":\"WebPage\",\"@id\":\"https:\\\/\\\/www.cmcfinland.fi\\\/sv\\\/vad-vi-gor\\\/forskning-och-utveckling\\\/\",\"url\":\"https:\\\/\\\/www.cmcfinland.fi\\\/sv\\\/vad-vi-gor\\\/forskning-och-utveckling\\\/\",\"name\":\"Forskning och utveckling - CMC Finland\",\"isPartOf\":{\"@id\":\"https:\\\/\\\/www.cmcfinland.fi\\\/#website\"},\"datePublished\":\"2020-06-02T07:00:49+00:00\",\"dateModified\":\"2026-02-10T07:04:26+00:00\",\"breadcrumb\":{\"@id\":\"https:\\\/\\\/www.cmcfinland.fi\\\/sv\\\/vad-vi-gor\\\/forskning-och-utveckling\\\/#breadcrumb\"},\"inLanguage\":\"sv-SE\",\"potentialAction\":[{\"@type\":\"ReadAction\",\"target\":[\"https:\\\/\\\/www.cmcfinland.fi\\\/sv\\\/vad-vi-gor\\\/forskning-och-utveckling\\\/\"]}]},{\"@type\":\"BreadcrumbList\",\"@id\":\"https:\\\/\\\/www.cmcfinland.fi\\\/sv\\\/vad-vi-gor\\\/forskning-och-utveckling\\\/#breadcrumb\",\"itemListElement\":[{\"@type\":\"ListItem\",\"position\":1,\"name\":\"Framsida\",\"item\":\"https:\\\/\\\/www.cmcfinland.fi\\\/sv\\\/\"},{\"@type\":\"ListItem\",\"position\":2,\"name\":\"Vad vi g\u00f6r\",\"item\":\"https:\\\/\\\/www.cmcfinland.fi\\\/sv\\\/vad-vi-gor\\\/\"},{\"@type\":\"ListItem\",\"position\":3,\"name\":\"Forskning och utveckling\"}]},{\"@type\":\"WebSite\",\"@id\":\"https:\\\/\\\/www.cmcfinland.fi\\\/#website\",\"url\":\"https:\\\/\\\/www.cmcfinland.fi\\\/\",\"name\":\"CMC Finland\",\"description\":\"Kriisinhallintakeskus\",\"publisher\":{\"@id\":\"https:\\\/\\\/www.cmcfinland.fi\\\/#organization\"},\"potentialAction\":[{\"@type\":\"SearchAction\",\"target\":{\"@type\":\"EntryPoint\",\"urlTemplate\":\"https:\\\/\\\/www.cmcfinland.fi\\\/?s={search_term_string}\"},\"query-input\":{\"@type\":\"PropertyValueSpecification\",\"valueRequired\":true,\"valueName\":\"search_term_string\"}}],\"inLanguage\":\"sv-SE\"},{\"@type\":\"Organization\",\"@id\":\"https:\\\/\\\/www.cmcfinland.fi\\\/#organization\",\"name\":\"CMC Finland\",\"url\":\"https:\\\/\\\/www.cmcfinland.fi\\\/\",\"logo\":{\"@type\":\"ImageObject\",\"inLanguage\":\"sv-SE\",\"@id\":\"https:\\\/\\\/www.cmcfinland.fi\\\/#\\\/schema\\\/logo\\\/image\\\/\",\"url\":\"https:\\\/\\\/www.cmcfinland.fi\\\/wp-content\\\/uploads\\\/2024\\\/01\\\/CMC_finland_logo_musta.png\",\"contentUrl\":\"https:\\\/\\\/www.cmcfinland.fi\\\/wp-content\\\/uploads\\\/2024\\\/01\\\/CMC_finland_logo_musta.png\",\"width\":272,\"height\":88,\"caption\":\"CMC Finland\"},\"image\":{\"@id\":\"https:\\\/\\\/www.cmcfinland.fi\\\/#\\\/schema\\\/logo\\\/image\\\/\"},\"sameAs\":[\"https:\\\/\\\/www.facebook.com\\\/cmc.finland\\\/\",\"https:\\\/\\\/x.com\\\/CMCFinland\",\"https:\\\/\\\/www.instagram.com\\\/cmc.finland\\\/\",\"https:\\\/\\\/www.youtube.com\\\/channel\\\/UC49g1WmKq81Amw1ZUa5ZRKA\",\"https:\\\/\\\/www.linkedin.com\\\/company\\\/crisis-management-centre-cmc-finland\\\/\"]}]}<\/script>\n<!-- \/ Yoast SEO plugin. -->","yoast_head_json":{"title":"Forskning och utveckling - CMC Finland","robots":{"index":"index","follow":"follow","max-snippet":"max-snippet:-1","max-image-preview":"max-image-preview:large","max-video-preview":"max-video-preview:-1"},"canonical":"https:\/\/www.cmcfinland.fi\/sv\/vad-vi-gor\/forskning-och-utveckling\/","og_locale":"sv_SE","og_type":"article","og_title":"Forskning och utveckling - CMC Finland","og_url":"https:\/\/www.cmcfinland.fi\/sv\/vad-vi-gor\/forskning-och-utveckling\/","og_site_name":"CMC Finland","article_publisher":"https:\/\/www.facebook.com\/cmc.finland\/","article_modified_time":"2026-02-10T07:04:26+00:00","twitter_card":"summary_large_image","twitter_site":"@CMCFinland","twitter_misc":{"Est. reading time":"1 minute"},"schema":{"@context":"https:\/\/schema.org","@graph":[{"@type":"WebPage","@id":"https:\/\/www.cmcfinland.fi\/sv\/vad-vi-gor\/forskning-och-utveckling\/","url":"https:\/\/www.cmcfinland.fi\/sv\/vad-vi-gor\/forskning-och-utveckling\/","name":"Forskning och utveckling - CMC Finland","isPartOf":{"@id":"https:\/\/www.cmcfinland.fi\/#website"},"datePublished":"2020-06-02T07:00:49+00:00","dateModified":"2026-02-10T07:04:26+00:00","breadcrumb":{"@id":"https:\/\/www.cmcfinland.fi\/sv\/vad-vi-gor\/forskning-och-utveckling\/#breadcrumb"},"inLanguage":"sv-SE","potentialAction":[{"@type":"ReadAction","target":["https:\/\/www.cmcfinland.fi\/sv\/vad-vi-gor\/forskning-och-utveckling\/"]}]},{"@type":"BreadcrumbList","@id":"https:\/\/www.cmcfinland.fi\/sv\/vad-vi-gor\/forskning-och-utveckling\/#breadcrumb","itemListElement":[{"@type":"ListItem","position":1,"name":"Framsida","item":"https:\/\/www.cmcfinland.fi\/sv\/"},{"@type":"ListItem","position":2,"name":"Vad vi g\u00f6r","item":"https:\/\/www.cmcfinland.fi\/sv\/vad-vi-gor\/"},{"@type":"ListItem","position":3,"name":"Forskning och utveckling"}]},{"@type":"WebSite","@id":"https:\/\/www.cmcfinland.fi\/#website","url":"https:\/\/www.cmcfinland.fi\/","name":"CMC Finland","description":"Kriisinhallintakeskus","publisher":{"@id":"https:\/\/www.cmcfinland.fi\/#organization"},"potentialAction":[{"@type":"SearchAction","target":{"@type":"EntryPoint","urlTemplate":"https:\/\/www.cmcfinland.fi\/?s={search_term_string}"},"query-input":{"@type":"PropertyValueSpecification","valueRequired":true,"valueName":"search_term_string"}}],"inLanguage":"sv-SE"},{"@type":"Organization","@id":"https:\/\/www.cmcfinland.fi\/#organization","name":"CMC Finland","url":"https:\/\/www.cmcfinland.fi\/","logo":{"@type":"ImageObject","inLanguage":"sv-SE","@id":"https:\/\/www.cmcfinland.fi\/#\/schema\/logo\/image\/","url":"https:\/\/www.cmcfinland.fi\/wp-content\/uploads\/2024\/01\/CMC_finland_logo_musta.png","contentUrl":"https:\/\/www.cmcfinland.fi\/wp-content\/uploads\/2024\/01\/CMC_finland_logo_musta.png","width":272,"height":88,"caption":"CMC Finland"},"image":{"@id":"https:\/\/www.cmcfinland.fi\/#\/schema\/logo\/image\/"},"sameAs":["https:\/\/www.facebook.com\/cmc.finland\/","https:\/\/x.com\/CMCFinland","https:\/\/www.instagram.com\/cmc.finland\/","https:\/\/www.youtube.com\/channel\/UC49g1WmKq81Amw1ZUa5ZRKA","https:\/\/www.linkedin.com\/company\/crisis-management-centre-cmc-finland\/"]}]}},"_links":{"self":[{"href":"https:\/\/www.cmcfinland.fi\/sv\/wp-json\/wp\/v2\/pages\/7760","targetHints":{"allow":["GET"]}}],"collection":[{"href":"https:\/\/www.cmcfinland.fi\/sv\/wp-json\/wp\/v2\/pages"}],"about":[{"href":"https:\/\/www.cmcfinland.fi\/sv\/wp-json\/wp\/v2\/types\/page"}],"author":[{"embeddable":true,"href":"https:\/\/www.cmcfinland.fi\/sv\/wp-json\/wp\/v2\/users\/1"}],"replies":[{"embeddable":true,"href":"https:\/\/www.cmcfinland.fi\/sv\/wp-json\/wp\/v2\/comments?post=7760"}],"version-history":[{"count":8,"href":"https:\/\/www.cmcfinland.fi\/sv\/wp-json\/wp\/v2\/pages\/7760\/revisions"}],"predecessor-version":[{"id":28768,"href":"https:\/\/www.cmcfinland.fi\/sv\/wp-json\/wp\/v2\/pages\/7760\/revisions\/28768"}],"up":[{"embeddable":true,"href":"https:\/\/www.cmcfinland.fi\/sv\/wp-json\/wp\/v2\/pages\/21064"}],"wp:attachment":[{"href":"https:\/\/www.cmcfinland.fi\/sv\/wp-json\/wp\/v2\/media?parent=7760"}],"curies":[{"name":"wp","href":"https:\/\/api.w.org\/{rel}","templated":true}]}}