{"id":7769,"date":"2020-06-02T10:07:29","date_gmt":"2020-06-02T07:07:29","guid":{"rendered":"https:\/\/vzz6xbx06cc.c.updraftclone.com?page_id=7769"},"modified":"2020-06-02T10:07:29","modified_gmt":"2020-06-02T07:07:29","slug":"overgripande-krishantering","status":"publish","type":"page","link":"https:\/\/www.cmcfinland.fi\/sv\/samarbete\/overgripande-krishantering\/","title":{"rendered":"\u00d6vergripande krishantering"},"content":{"rendered":"<p><img loading=\"lazy\" decoding=\"async\" class=\"aligncenter wp-image-2721 size-large\" src=\"https:\/\/www.cmcfinland.fiwp-content\/uploads\/2017\/01\/IMG_20170131_193214-1024x768.jpg\" alt=\"\" width=\"1024\" height=\"768\" srcset=\"https:\/\/www.cmcfinland.fi\/wp-content\/uploads\/2017\/01\/IMG_20170131_193214-1024x768.jpg 1024w, https:\/\/www.cmcfinland.fi\/wp-content\/uploads\/2017\/01\/IMG_20170131_193214-300x225.jpg 300w, https:\/\/www.cmcfinland.fi\/wp-content\/uploads\/2017\/01\/IMG_20170131_193214-768x576.jpg 768w\" sizes=\"auto, (max-width: 1024px) 100vw, 1024px\" \/><\/p>\n<h2>Kompetenscentrum f\u00f6r \u00f6vergripande krishantering<\/h2>\n<p>Krishanteringscentret (CMC Finland), F\u00f6rsvarsmaktens internationella center (FINCENT), Polisyrkesh\u00f6gskolan (Polamk) och Gr\u00e4ns- och sj\u00f6bevakningsskolan (RMVK) bildar tillsammans ett kompetenscentrum f\u00f6r \u00f6vergripande krishantering (The Finnish Centre of Expertise in Comprehensive Crisis Management).<\/p>\n<p>Kompetenscentrumet str\u00e4var efter att utveckla en gemensam krishanteringsutbildning och att fr\u00e4mja f\u00f6rst\u00e5elsen f\u00f6r \u00f6vergripande krishantering. F\u00f6rutom utbildning ordnar kompetenscentrumet seminarier och bedriver forsknings- och publikationsverksamhet.<\/p>\n","protected":false},"excerpt":{"rendered":"<p>Kompetenscentrum f\u00f6r \u00f6vergripande krishantering Krishanteringscentret (CMC Finland), F\u00f6rsvarsmaktens internationella center (FINCENT), Polisyrkesh\u00f6gskolan (Polamk) och Gr\u00e4ns- och sj\u00f6bevakningsskolan (RMVK) bildar tillsammans ett kompetenscentrum f\u00f6r \u00f6vergripande krishantering (The Finnish Centre of Expertise in Comprehensive Crisis Management). Kompetenscentrumet str\u00e4var efter att utveckla en gemensam krishanteringsutbildning och att fr\u00e4mja f\u00f6rst\u00e5elsen f\u00f6r \u00f6vergripande krishantering. F\u00f6rutom utbildning ordnar kompetenscentrumet seminarier och &#8230; <a title=\"\u00d6vergripande krishantering\" class=\"read-more\" href=\"https:\/\/www.cmcfinland.fi\/sv\/samarbete\/overgripande-krishantering\/\" aria-label=\"Read more about \u00d6vergripande krishantering\">L\u00e4s mer<\/a><\/p>\n","protected":false},"author":1,"featured_media":0,"parent":7766,"menu_order":0,"comment_status":"closed","ping_status":"closed","template":"","meta":{"_acf_changed":false,"_relevanssi_hide_post":"","_relevanssi_hide_content":"","_relevanssi_pin_for_all":"","_relevanssi_pin_keywords":"","_relevanssi_unpin_keywords":"","_relevanssi_related_keywords":"","_relevanssi_related_include_ids":"","_relevanssi_related_exclude_ids":"","_relevanssi_related_no_append":"","_relevanssi_related_not_related":"","_relevanssi_related_posts":"","_relevanssi_noindex_reason":"","footnotes":""},"class_list":["post-7769","page","type-page","status-publish"],"acf":[],"yoast_head":"<!-- This site is optimized with the Yoast SEO plugin v27.4 - https:\/\/yoast.com\/product\/yoast-seo-wordpress\/ -->\n<title>\u00d6vergripande krishantering - CMC Finland<\/title>\n<meta name=\"robots\" content=\"index, follow, max-snippet:-1, max-image-preview:large, max-video-preview:-1\" \/>\n<link rel=\"canonical\" href=\"https:\/\/www.cmcfinland.fi\/sv\/samarbete\/overgripande-krishantering\/\" \/>\n<meta property=\"og:locale\" content=\"sv_SE\" \/>\n<meta property=\"og:type\" content=\"article\" \/>\n<meta property=\"og:title\" content=\"\u00d6vergripande krishantering - CMC Finland\" \/>\n<meta property=\"og:description\" content=\"Kompetenscentrum f\u00f6r \u00f6vergripande krishantering Krishanteringscentret (CMC Finland), F\u00f6rsvarsmaktens internationella center (FINCENT), Polisyrkesh\u00f6gskolan (Polamk) och Gr\u00e4ns- och sj\u00f6bevakningsskolan (RMVK) bildar tillsammans ett kompetenscentrum f\u00f6r \u00f6vergripande krishantering (The Finnish Centre of Expertise in Comprehensive Crisis Management). Kompetenscentrumet str\u00e4var efter att utveckla en gemensam krishanteringsutbildning och att fr\u00e4mja f\u00f6rst\u00e5elsen f\u00f6r \u00f6vergripande krishantering. F\u00f6rutom utbildning ordnar kompetenscentrumet seminarier och ... L\u00e4s mer\" \/>\n<meta property=\"og:url\" content=\"https:\/\/www.cmcfinland.fi\/sv\/samarbete\/overgripande-krishantering\/\" \/>\n<meta property=\"og:site_name\" content=\"CMC Finland\" \/>\n<meta property=\"article:publisher\" content=\"https:\/\/www.facebook.com\/cmc.finland\/\" \/>\n<meta property=\"og:image\" content=\"https:\/\/www.cmcfinland.fiwp-content\/uploads\/2017\/01\/IMG_20170131_193214-1024x768.jpg\" \/>\n<meta name=\"twitter:card\" content=\"summary_large_image\" \/>\n<meta name=\"twitter:site\" content=\"@CMCFinland\" \/>\n<script type=\"application\/ld+json\" class=\"yoast-schema-graph\">{\"@context\":\"https:\\\/\\\/schema.org\",\"@graph\":[{\"@type\":\"WebPage\",\"@id\":\"https:\\\/\\\/www.cmcfinland.fi\\\/sv\\\/samarbete\\\/overgripande-krishantering\\\/\",\"url\":\"https:\\\/\\\/www.cmcfinland.fi\\\/sv\\\/samarbete\\\/overgripande-krishantering\\\/\",\"name\":\"\u00d6vergripande krishantering - CMC Finland\",\"isPartOf\":{\"@id\":\"https:\\\/\\\/www.cmcfinland.fi\\\/#website\"},\"primaryImageOfPage\":{\"@id\":\"https:\\\/\\\/www.cmcfinland.fi\\\/sv\\\/samarbete\\\/overgripande-krishantering\\\/#primaryimage\"},\"image\":{\"@id\":\"https:\\\/\\\/www.cmcfinland.fi\\\/sv\\\/samarbete\\\/overgripande-krishantering\\\/#primaryimage\"},\"thumbnailUrl\":\"https:\\\/\\\/www.cmcfinland.fiwp-content\\\/uploads\\\/2017\\\/01\\\/IMG_20170131_193214-1024x768.jpg\",\"datePublished\":\"2020-06-02T07:07:29+00:00\",\"breadcrumb\":{\"@id\":\"https:\\\/\\\/www.cmcfinland.fi\\\/sv\\\/samarbete\\\/overgripande-krishantering\\\/#breadcrumb\"},\"inLanguage\":\"sv-SE\",\"potentialAction\":[{\"@type\":\"ReadAction\",\"target\":[\"https:\\\/\\\/www.cmcfinland.fi\\\/sv\\\/samarbete\\\/overgripande-krishantering\\\/\"]}]},{\"@type\":\"ImageObject\",\"inLanguage\":\"sv-SE\",\"@id\":\"https:\\\/\\\/www.cmcfinland.fi\\\/sv\\\/samarbete\\\/overgripande-krishantering\\\/#primaryimage\",\"url\":\"https:\\\/\\\/www.cmcfinland.fiwp-content\\\/uploads\\\/2017\\\/01\\\/IMG_20170131_193214-1024x768.jpg\",\"contentUrl\":\"https:\\\/\\\/www.cmcfinland.fiwp-content\\\/uploads\\\/2017\\\/01\\\/IMG_20170131_193214-1024x768.jpg\"},{\"@type\":\"BreadcrumbList\",\"@id\":\"https:\\\/\\\/www.cmcfinland.fi\\\/sv\\\/samarbete\\\/overgripande-krishantering\\\/#breadcrumb\",\"itemListElement\":[{\"@type\":\"ListItem\",\"position\":1,\"name\":\"Framsida\",\"item\":\"https:\\\/\\\/www.cmcfinland.fi\\\/sv\\\/\"},{\"@type\":\"ListItem\",\"position\":2,\"name\":\"Samarbete\",\"item\":\"https:\\\/\\\/www.cmcfinland.fi\\\/sv\\\/samarbete\\\/\"},{\"@type\":\"ListItem\",\"position\":3,\"name\":\"\u00d6vergripande krishantering\"}]},{\"@type\":\"WebSite\",\"@id\":\"https:\\\/\\\/www.cmcfinland.fi\\\/#website\",\"url\":\"https:\\\/\\\/www.cmcfinland.fi\\\/\",\"name\":\"CMC Finland\",\"description\":\"Kriisinhallintakeskus\",\"publisher\":{\"@id\":\"https:\\\/\\\/www.cmcfinland.fi\\\/#organization\"},\"potentialAction\":[{\"@type\":\"SearchAction\",\"target\":{\"@type\":\"EntryPoint\",\"urlTemplate\":\"https:\\\/\\\/www.cmcfinland.fi\\\/?s={search_term_string}\"},\"query-input\":{\"@type\":\"PropertyValueSpecification\",\"valueRequired\":true,\"valueName\":\"search_term_string\"}}],\"inLanguage\":\"sv-SE\"},{\"@type\":\"Organization\",\"@id\":\"https:\\\/\\\/www.cmcfinland.fi\\\/#organization\",\"name\":\"CMC Finland\",\"url\":\"https:\\\/\\\/www.cmcfinland.fi\\\/\",\"logo\":{\"@type\":\"ImageObject\",\"inLanguage\":\"sv-SE\",\"@id\":\"https:\\\/\\\/www.cmcfinland.fi\\\/#\\\/schema\\\/logo\\\/image\\\/\",\"url\":\"https:\\\/\\\/www.cmcfinland.fi\\\/wp-content\\\/uploads\\\/2024\\\/01\\\/CMC_finland_logo_musta.png\",\"contentUrl\":\"https:\\\/\\\/www.cmcfinland.fi\\\/wp-content\\\/uploads\\\/2024\\\/01\\\/CMC_finland_logo_musta.png\",\"width\":272,\"height\":88,\"caption\":\"CMC Finland\"},\"image\":{\"@id\":\"https:\\\/\\\/www.cmcfinland.fi\\\/#\\\/schema\\\/logo\\\/image\\\/\"},\"sameAs\":[\"https:\\\/\\\/www.facebook.com\\\/cmc.finland\\\/\",\"https:\\\/\\\/x.com\\\/CMCFinland\",\"https:\\\/\\\/www.instagram.com\\\/cmc.finland\\\/\",\"https:\\\/\\\/www.youtube.com\\\/channel\\\/UC49g1WmKq81Amw1ZUa5ZRKA\",\"https:\\\/\\\/www.linkedin.com\\\/company\\\/crisis-management-centre-cmc-finland\\\/\"]}]}<\/script>\n<!-- \/ Yoast SEO plugin. -->","yoast_head_json":{"title":"\u00d6vergripande krishantering - CMC Finland","robots":{"index":"index","follow":"follow","max-snippet":"max-snippet:-1","max-image-preview":"max-image-preview:large","max-video-preview":"max-video-preview:-1"},"canonical":"https:\/\/www.cmcfinland.fi\/sv\/samarbete\/overgripande-krishantering\/","og_locale":"sv_SE","og_type":"article","og_title":"\u00d6vergripande krishantering - CMC Finland","og_description":"Kompetenscentrum f\u00f6r \u00f6vergripande krishantering Krishanteringscentret (CMC Finland), F\u00f6rsvarsmaktens internationella center (FINCENT), Polisyrkesh\u00f6gskolan (Polamk) och Gr\u00e4ns- och sj\u00f6bevakningsskolan (RMVK) bildar tillsammans ett kompetenscentrum f\u00f6r \u00f6vergripande krishantering (The Finnish Centre of Expertise in Comprehensive Crisis Management). Kompetenscentrumet str\u00e4var efter att utveckla en gemensam krishanteringsutbildning och att fr\u00e4mja f\u00f6rst\u00e5elsen f\u00f6r \u00f6vergripande krishantering. F\u00f6rutom utbildning ordnar kompetenscentrumet seminarier och ... L\u00e4s mer","og_url":"https:\/\/www.cmcfinland.fi\/sv\/samarbete\/overgripande-krishantering\/","og_site_name":"CMC Finland","article_publisher":"https:\/\/www.facebook.com\/cmc.finland\/","og_image":[{"url":"https:\/\/www.cmcfinland.fiwp-content\/uploads\/2017\/01\/IMG_20170131_193214-1024x768.jpg","type":"","width":"","height":""}],"twitter_card":"summary_large_image","twitter_site":"@CMCFinland","schema":{"@context":"https:\/\/schema.org","@graph":[{"@type":"WebPage","@id":"https:\/\/www.cmcfinland.fi\/sv\/samarbete\/overgripande-krishantering\/","url":"https:\/\/www.cmcfinland.fi\/sv\/samarbete\/overgripande-krishantering\/","name":"\u00d6vergripande krishantering - CMC Finland","isPartOf":{"@id":"https:\/\/www.cmcfinland.fi\/#website"},"primaryImageOfPage":{"@id":"https:\/\/www.cmcfinland.fi\/sv\/samarbete\/overgripande-krishantering\/#primaryimage"},"image":{"@id":"https:\/\/www.cmcfinland.fi\/sv\/samarbete\/overgripande-krishantering\/#primaryimage"},"thumbnailUrl":"https:\/\/www.cmcfinland.fiwp-content\/uploads\/2017\/01\/IMG_20170131_193214-1024x768.jpg","datePublished":"2020-06-02T07:07:29+00:00","breadcrumb":{"@id":"https:\/\/www.cmcfinland.fi\/sv\/samarbete\/overgripande-krishantering\/#breadcrumb"},"inLanguage":"sv-SE","potentialAction":[{"@type":"ReadAction","target":["https:\/\/www.cmcfinland.fi\/sv\/samarbete\/overgripande-krishantering\/"]}]},{"@type":"ImageObject","inLanguage":"sv-SE","@id":"https:\/\/www.cmcfinland.fi\/sv\/samarbete\/overgripande-krishantering\/#primaryimage","url":"https:\/\/www.cmcfinland.fiwp-content\/uploads\/2017\/01\/IMG_20170131_193214-1024x768.jpg","contentUrl":"https:\/\/www.cmcfinland.fiwp-content\/uploads\/2017\/01\/IMG_20170131_193214-1024x768.jpg"},{"@type":"BreadcrumbList","@id":"https:\/\/www.cmcfinland.fi\/sv\/samarbete\/overgripande-krishantering\/#breadcrumb","itemListElement":[{"@type":"ListItem","position":1,"name":"Framsida","item":"https:\/\/www.cmcfinland.fi\/sv\/"},{"@type":"ListItem","position":2,"name":"Samarbete","item":"https:\/\/www.cmcfinland.fi\/sv\/samarbete\/"},{"@type":"ListItem","position":3,"name":"\u00d6vergripande krishantering"}]},{"@type":"WebSite","@id":"https:\/\/www.cmcfinland.fi\/#website","url":"https:\/\/www.cmcfinland.fi\/","name":"CMC Finland","description":"Kriisinhallintakeskus","publisher":{"@id":"https:\/\/www.cmcfinland.fi\/#organization"},"potentialAction":[{"@type":"SearchAction","target":{"@type":"EntryPoint","urlTemplate":"https:\/\/www.cmcfinland.fi\/?s={search_term_string}"},"query-input":{"@type":"PropertyValueSpecification","valueRequired":true,"valueName":"search_term_string"}}],"inLanguage":"sv-SE"},{"@type":"Organization","@id":"https:\/\/www.cmcfinland.fi\/#organization","name":"CMC Finland","url":"https:\/\/www.cmcfinland.fi\/","logo":{"@type":"ImageObject","inLanguage":"sv-SE","@id":"https:\/\/www.cmcfinland.fi\/#\/schema\/logo\/image\/","url":"https:\/\/www.cmcfinland.fi\/wp-content\/uploads\/2024\/01\/CMC_finland_logo_musta.png","contentUrl":"https:\/\/www.cmcfinland.fi\/wp-content\/uploads\/2024\/01\/CMC_finland_logo_musta.png","width":272,"height":88,"caption":"CMC Finland"},"image":{"@id":"https:\/\/www.cmcfinland.fi\/#\/schema\/logo\/image\/"},"sameAs":["https:\/\/www.facebook.com\/cmc.finland\/","https:\/\/x.com\/CMCFinland","https:\/\/www.instagram.com\/cmc.finland\/","https:\/\/www.youtube.com\/channel\/UC49g1WmKq81Amw1ZUa5ZRKA","https:\/\/www.linkedin.com\/company\/crisis-management-centre-cmc-finland\/"]}]}},"_links":{"self":[{"href":"https:\/\/www.cmcfinland.fi\/sv\/wp-json\/wp\/v2\/pages\/7769","targetHints":{"allow":["GET"]}}],"collection":[{"href":"https:\/\/www.cmcfinland.fi\/sv\/wp-json\/wp\/v2\/pages"}],"about":[{"href":"https:\/\/www.cmcfinland.fi\/sv\/wp-json\/wp\/v2\/types\/page"}],"author":[{"embeddable":true,"href":"https:\/\/www.cmcfinland.fi\/sv\/wp-json\/wp\/v2\/users\/1"}],"replies":[{"embeddable":true,"href":"https:\/\/www.cmcfinland.fi\/sv\/wp-json\/wp\/v2\/comments?post=7769"}],"version-history":[{"count":1,"href":"https:\/\/www.cmcfinland.fi\/sv\/wp-json\/wp\/v2\/pages\/7769\/revisions"}],"predecessor-version":[{"id":7770,"href":"https:\/\/www.cmcfinland.fi\/sv\/wp-json\/wp\/v2\/pages\/7769\/revisions\/7770"}],"up":[{"embeddable":true,"href":"https:\/\/www.cmcfinland.fi\/sv\/wp-json\/wp\/v2\/pages\/7766"}],"wp:attachment":[{"href":"https:\/\/www.cmcfinland.fi\/sv\/wp-json\/wp\/v2\/media?parent=7769"}],"curies":[{"name":"wp","href":"https:\/\/api.w.org\/{rel}","templated":true}]}}