{"id":7771,"date":"2020-06-02T10:08:33","date_gmt":"2020-06-02T07:08:33","guid":{"rendered":"https:\/\/vzz6xbx06cc.c.updraftclone.com?page_id=7771"},"modified":"2021-05-27T12:40:09","modified_gmt":"2021-05-27T09:40:09","slug":"internationellt-samarbete","status":"publish","type":"page","link":"https:\/\/www.cmcfinland.fi\/sv\/samarbete\/internationellt-samarbete\/","title":{"rendered":"Internationella samarbetspartner"},"content":{"rendered":"<h2>Krishanteringscentrets internationella samarbetspartner inom civil krishantering<\/h2>\n<h3>Europeiska unionen<\/h3>\n<p>Den mest centrala akt\u00f6ren inom internationell civil krishantering ur finl\u00e4ndskt perspektiv \u00e4r Europeiska unionen. Finland st\u00f6der st\u00e4rkandet av Europeiska unionen i form av s\u00e4kerhetssamarbete och som en global akt\u00f6r med hj\u00e4lp av EU:s gemensamma utrikes- och s\u00e4kerhetspolitik (Gusp) och EU:s gemensamma s\u00e4kerhets- och f\u00f6rsvarspolitik (GSFP). Finland deltar i civila krishanteringsoperationer som \u00e4r underordnade Europeiska unionens gemensamma s\u00e4kerhets- och f\u00f6rsvarspolitik (GSFP). Experter kan dessutom s\u00e4ndas ut till Europeiska unionens specialrepresentanters byr\u00e5er och sekretariat. Verksamheten str\u00e4cker sig fr\u00e5n observations- och utbildningsuppdrag till vikariat f\u00f6r olika myndighetsfunktioner, s\u00e5som uppdrag inom polisen eller r\u00e4ttsv\u00e4sendet.<br \/>\n<a href=\"https:\/\/eeas.europa.eu\/topics\/common-security-and-defence-policy-csdp_en\">Europeiska unionens civila krishanteringsoperationer<\/a><\/p>\n<h3>F\u00f6renta nationerna (FN)<\/h3>\n<p>FN har genomf\u00f6rt fredsbevarande operationer sedan 1948. I de flesta av FN:s fredsbevarande operationer ing\u00e5r civil krishantering och flera av FN:s program och specialorganisationer verkst\u00e4ller projekt inom civil krishantering. Inom den \u00f6vergripande krishanteringsstrategin understryks betydelsen av att st\u00e4rka FN:s \u00f6vergripande approach. Finland deltar FN-operationer med civil och milit\u00e4r personal genom att st\u00f6dja utvecklingen av FN:s krishanteringsstrukturer, innefattande f\u00f6rb\u00e4ttrad polis- och r\u00e4ttstatskapacitet.<br \/>\n<a href=\"https:\/\/peacekeeping.un.org\/en\">FN:s fredsbevarande operationer<\/a><\/p>\n<h3>Organisationen f\u00f6r s\u00e4kerhet och samarbete i Europa (OSSE)<\/h3>\n<p>Organisationen f\u00f6r s\u00e4kerhet och samarbete i Europa (OSSE) \u00e4r en av v\u00e4rldens st\u00f6rsta regionala s\u00e4kerhetsorganisationer. I organisationens operationer ute p\u00e5 f\u00e4ltet ing\u00e5r ut\u00f6ver konfliktf\u00f6rebyggande fr\u00e4mjande av r\u00e4ttsstatsprincipen, demokrati och m\u00e4nskliga r\u00e4ttigheter samt st\u00f6d f\u00f6r minoriteters st\u00e4llning. Beslut om nominering f\u00f6r OSSE-uppdrag fattas fr\u00e5n fall till fall i enlighet med r\u00e5dande politiska och kvantitativa riktlinjer.<br \/>\n<a href=\"https:\/\/www.osce.org\/where-we-are\">OSSE-operationer<\/a><\/p>\n<h3>Europar\u00e5det<\/h3>\n<p>Europar\u00e5det \u00e4r den \u00e4ldsta organisationen f\u00f6r samarbete och m\u00e4nskliga r\u00e4ttigheter i Europa. Europar\u00e5dets grundl\u00e4ggande uppgift \u00e4r att st\u00e4rka m\u00e4nskliga r\u00e4ttigheter och s\u00e4kerheten i Europa genom att fr\u00e4mja demokrati och r\u00e4ttstatsverksamhet i Europa. Europar\u00e5det samordnar sin verksamhet ute p\u00e5 f\u00e4ltet med andra organisationer, s\u00e5som OSSE. Med tanke p\u00e5 civil krishantering \u00e4r Europar\u00e5det en producent av standarder och inneh\u00e5ll f\u00f6r krishanteringsverksamheten snarare \u00e4n en operativ akt\u00f6r.<\/p>\n<h3>Nordatlantiska f\u00f6rdragsunionen (Nato)<\/h3>\n<p>Utg\u00e5ende fr\u00e5n fredspartnerskapet samarbetar Finland med Nordatlantiska f\u00f6rdragsunionen (Nato). I den s\u00e4kerhets- och f\u00f6rsvarspolitiska redog\u00f6relsen fastst\u00e4lls att Finland deltar aktivt i utvecklingen av partnerskaps- och samarbetsprogram som \u00e4r \u00f6ppna f\u00f6r Natos partnerl\u00e4nder. Finland st\u00f6der Natos arbete med att fr\u00e4mja stabilitet och f\u00f6rnya f\u00f6rsvarssektorn i Natos samarbetsl\u00e4nder och deltar forts\u00e4ttningsvis i Natos civila verksamhet och r\u00e4ddningstj\u00e4nstverksamhet.<br \/>\n<a href=\"https:\/\/www.nato.int\/cps\/en\/natolive\/topics_49192.htm\">Natos krishanteringsoperationer<\/a><\/p>\n","protected":false},"excerpt":{"rendered":"<p>Krishanteringscentrets internationella samarbetspartner inom civil krishantering Europeiska unionen Den mest centrala akt\u00f6ren inom internationell civil krishantering ur finl\u00e4ndskt perspektiv \u00e4r Europeiska unionen. Finland st\u00f6der st\u00e4rkandet av Europeiska unionen i form av s\u00e4kerhetssamarbete och som en global akt\u00f6r med hj\u00e4lp av EU:s gemensamma utrikes- och s\u00e4kerhetspolitik (Gusp) och EU:s gemensamma s\u00e4kerhets- och f\u00f6rsvarspolitik (GSFP). Finland deltar &#8230; <a title=\"Internationella samarbetspartner\" class=\"read-more\" href=\"https:\/\/www.cmcfinland.fi\/sv\/samarbete\/internationellt-samarbete\/\" aria-label=\"Read more about Internationella samarbetspartner\">L\u00e4s mer<\/a><\/p>\n","protected":false},"author":1,"featured_media":0,"parent":7766,"menu_order":0,"comment_status":"closed","ping_status":"closed","template":"","meta":{"_acf_changed":false,"_relevanssi_hide_post":"","_relevanssi_hide_content":"","_relevanssi_pin_for_all":"","_relevanssi_pin_keywords":"","_relevanssi_unpin_keywords":"","_relevanssi_related_keywords":"","_relevanssi_related_include_ids":"","_relevanssi_related_exclude_ids":"","_relevanssi_related_no_append":"","_relevanssi_related_not_related":"","_relevanssi_related_posts":"","_relevanssi_noindex_reason":"","footnotes":""},"class_list":["post-7771","page","type-page","status-publish"],"acf":[],"yoast_head":"<!-- This site is optimized with the Yoast SEO plugin v27.3 - https:\/\/yoast.com\/product\/yoast-seo-wordpress\/ -->\n<title>Internationella samarbetspartner - CMC Finland<\/title>\n<meta name=\"robots\" content=\"index, follow, max-snippet:-1, max-image-preview:large, max-video-preview:-1\" \/>\n<link rel=\"canonical\" href=\"https:\/\/www.cmcfinland.fi\/sv\/samarbete\/internationellt-samarbete\/\" \/>\n<meta property=\"og:locale\" content=\"sv_SE\" \/>\n<meta property=\"og:type\" content=\"article\" \/>\n<meta property=\"og:title\" content=\"Internationella samarbetspartner - CMC Finland\" \/>\n<meta property=\"og:description\" content=\"Krishanteringscentrets internationella samarbetspartner inom civil krishantering Europeiska unionen Den mest centrala akt\u00f6ren inom internationell civil krishantering ur finl\u00e4ndskt perspektiv \u00e4r Europeiska unionen. Finland st\u00f6der st\u00e4rkandet av Europeiska unionen i form av s\u00e4kerhetssamarbete och som en global akt\u00f6r med hj\u00e4lp av EU:s gemensamma utrikes- och s\u00e4kerhetspolitik (Gusp) och EU:s gemensamma s\u00e4kerhets- och f\u00f6rsvarspolitik (GSFP). Finland deltar ... L\u00e4s mer\" \/>\n<meta property=\"og:url\" content=\"https:\/\/www.cmcfinland.fi\/sv\/samarbete\/internationellt-samarbete\/\" \/>\n<meta property=\"og:site_name\" content=\"CMC Finland\" \/>\n<meta property=\"article:publisher\" content=\"https:\/\/www.facebook.com\/cmc.finland\/\" \/>\n<meta property=\"article:modified_time\" content=\"2021-05-27T09:40:09+00:00\" \/>\n<meta name=\"twitter:card\" content=\"summary_large_image\" \/>\n<meta name=\"twitter:site\" content=\"@CMCFinland\" \/>\n<meta name=\"twitter:label1\" content=\"Est. reading time\" \/>\n\t<meta name=\"twitter:data1\" content=\"2 minutes\" \/>\n<script type=\"application\/ld+json\" class=\"yoast-schema-graph\">{\"@context\":\"https:\\\/\\\/schema.org\",\"@graph\":[{\"@type\":\"WebPage\",\"@id\":\"https:\\\/\\\/www.cmcfinland.fi\\\/sv\\\/samarbete\\\/internationellt-samarbete\\\/\",\"url\":\"https:\\\/\\\/www.cmcfinland.fi\\\/sv\\\/samarbete\\\/internationellt-samarbete\\\/\",\"name\":\"Internationella samarbetspartner - CMC Finland\",\"isPartOf\":{\"@id\":\"https:\\\/\\\/www.cmcfinland.fi\\\/#website\"},\"datePublished\":\"2020-06-02T07:08:33+00:00\",\"dateModified\":\"2021-05-27T09:40:09+00:00\",\"breadcrumb\":{\"@id\":\"https:\\\/\\\/www.cmcfinland.fi\\\/sv\\\/samarbete\\\/internationellt-samarbete\\\/#breadcrumb\"},\"inLanguage\":\"sv-SE\",\"potentialAction\":[{\"@type\":\"ReadAction\",\"target\":[\"https:\\\/\\\/www.cmcfinland.fi\\\/sv\\\/samarbete\\\/internationellt-samarbete\\\/\"]}]},{\"@type\":\"BreadcrumbList\",\"@id\":\"https:\\\/\\\/www.cmcfinland.fi\\\/sv\\\/samarbete\\\/internationellt-samarbete\\\/#breadcrumb\",\"itemListElement\":[{\"@type\":\"ListItem\",\"position\":1,\"name\":\"Framsida\",\"item\":\"https:\\\/\\\/www.cmcfinland.fi\\\/sv\\\/\"},{\"@type\":\"ListItem\",\"position\":2,\"name\":\"Samarbete\",\"item\":\"https:\\\/\\\/www.cmcfinland.fi\\\/sv\\\/samarbete\\\/\"},{\"@type\":\"ListItem\",\"position\":3,\"name\":\"Internationella samarbetspartner\"}]},{\"@type\":\"WebSite\",\"@id\":\"https:\\\/\\\/www.cmcfinland.fi\\\/#website\",\"url\":\"https:\\\/\\\/www.cmcfinland.fi\\\/\",\"name\":\"CMC Finland\",\"description\":\"Kriisinhallintakeskus\",\"publisher\":{\"@id\":\"https:\\\/\\\/www.cmcfinland.fi\\\/#organization\"},\"potentialAction\":[{\"@type\":\"SearchAction\",\"target\":{\"@type\":\"EntryPoint\",\"urlTemplate\":\"https:\\\/\\\/www.cmcfinland.fi\\\/?s={search_term_string}\"},\"query-input\":{\"@type\":\"PropertyValueSpecification\",\"valueRequired\":true,\"valueName\":\"search_term_string\"}}],\"inLanguage\":\"sv-SE\"},{\"@type\":\"Organization\",\"@id\":\"https:\\\/\\\/www.cmcfinland.fi\\\/#organization\",\"name\":\"CMC Finland\",\"url\":\"https:\\\/\\\/www.cmcfinland.fi\\\/\",\"logo\":{\"@type\":\"ImageObject\",\"inLanguage\":\"sv-SE\",\"@id\":\"https:\\\/\\\/www.cmcfinland.fi\\\/#\\\/schema\\\/logo\\\/image\\\/\",\"url\":\"https:\\\/\\\/www.cmcfinland.fi\\\/wp-content\\\/uploads\\\/2024\\\/01\\\/CMC_finland_logo_musta.png\",\"contentUrl\":\"https:\\\/\\\/www.cmcfinland.fi\\\/wp-content\\\/uploads\\\/2024\\\/01\\\/CMC_finland_logo_musta.png\",\"width\":272,\"height\":88,\"caption\":\"CMC Finland\"},\"image\":{\"@id\":\"https:\\\/\\\/www.cmcfinland.fi\\\/#\\\/schema\\\/logo\\\/image\\\/\"},\"sameAs\":[\"https:\\\/\\\/www.facebook.com\\\/cmc.finland\\\/\",\"https:\\\/\\\/x.com\\\/CMCFinland\",\"https:\\\/\\\/www.instagram.com\\\/cmc.finland\\\/\",\"https:\\\/\\\/www.youtube.com\\\/channel\\\/UC49g1WmKq81Amw1ZUa5ZRKA\",\"https:\\\/\\\/www.linkedin.com\\\/company\\\/crisis-management-centre-cmc-finland\\\/\"]}]}<\/script>\n<!-- \/ Yoast SEO plugin. -->","yoast_head_json":{"title":"Internationella samarbetspartner - CMC Finland","robots":{"index":"index","follow":"follow","max-snippet":"max-snippet:-1","max-image-preview":"max-image-preview:large","max-video-preview":"max-video-preview:-1"},"canonical":"https:\/\/www.cmcfinland.fi\/sv\/samarbete\/internationellt-samarbete\/","og_locale":"sv_SE","og_type":"article","og_title":"Internationella samarbetspartner - CMC Finland","og_description":"Krishanteringscentrets internationella samarbetspartner inom civil krishantering Europeiska unionen Den mest centrala akt\u00f6ren inom internationell civil krishantering ur finl\u00e4ndskt perspektiv \u00e4r Europeiska unionen. Finland st\u00f6der st\u00e4rkandet av Europeiska unionen i form av s\u00e4kerhetssamarbete och som en global akt\u00f6r med hj\u00e4lp av EU:s gemensamma utrikes- och s\u00e4kerhetspolitik (Gusp) och EU:s gemensamma s\u00e4kerhets- och f\u00f6rsvarspolitik (GSFP). Finland deltar ... L\u00e4s mer","og_url":"https:\/\/www.cmcfinland.fi\/sv\/samarbete\/internationellt-samarbete\/","og_site_name":"CMC Finland","article_publisher":"https:\/\/www.facebook.com\/cmc.finland\/","article_modified_time":"2021-05-27T09:40:09+00:00","twitter_card":"summary_large_image","twitter_site":"@CMCFinland","twitter_misc":{"Est. reading time":"2 minutes"},"schema":{"@context":"https:\/\/schema.org","@graph":[{"@type":"WebPage","@id":"https:\/\/www.cmcfinland.fi\/sv\/samarbete\/internationellt-samarbete\/","url":"https:\/\/www.cmcfinland.fi\/sv\/samarbete\/internationellt-samarbete\/","name":"Internationella samarbetspartner - CMC Finland","isPartOf":{"@id":"https:\/\/www.cmcfinland.fi\/#website"},"datePublished":"2020-06-02T07:08:33+00:00","dateModified":"2021-05-27T09:40:09+00:00","breadcrumb":{"@id":"https:\/\/www.cmcfinland.fi\/sv\/samarbete\/internationellt-samarbete\/#breadcrumb"},"inLanguage":"sv-SE","potentialAction":[{"@type":"ReadAction","target":["https:\/\/www.cmcfinland.fi\/sv\/samarbete\/internationellt-samarbete\/"]}]},{"@type":"BreadcrumbList","@id":"https:\/\/www.cmcfinland.fi\/sv\/samarbete\/internationellt-samarbete\/#breadcrumb","itemListElement":[{"@type":"ListItem","position":1,"name":"Framsida","item":"https:\/\/www.cmcfinland.fi\/sv\/"},{"@type":"ListItem","position":2,"name":"Samarbete","item":"https:\/\/www.cmcfinland.fi\/sv\/samarbete\/"},{"@type":"ListItem","position":3,"name":"Internationella samarbetspartner"}]},{"@type":"WebSite","@id":"https:\/\/www.cmcfinland.fi\/#website","url":"https:\/\/www.cmcfinland.fi\/","name":"CMC Finland","description":"Kriisinhallintakeskus","publisher":{"@id":"https:\/\/www.cmcfinland.fi\/#organization"},"potentialAction":[{"@type":"SearchAction","target":{"@type":"EntryPoint","urlTemplate":"https:\/\/www.cmcfinland.fi\/?s={search_term_string}"},"query-input":{"@type":"PropertyValueSpecification","valueRequired":true,"valueName":"search_term_string"}}],"inLanguage":"sv-SE"},{"@type":"Organization","@id":"https:\/\/www.cmcfinland.fi\/#organization","name":"CMC Finland","url":"https:\/\/www.cmcfinland.fi\/","logo":{"@type":"ImageObject","inLanguage":"sv-SE","@id":"https:\/\/www.cmcfinland.fi\/#\/schema\/logo\/image\/","url":"https:\/\/www.cmcfinland.fi\/wp-content\/uploads\/2024\/01\/CMC_finland_logo_musta.png","contentUrl":"https:\/\/www.cmcfinland.fi\/wp-content\/uploads\/2024\/01\/CMC_finland_logo_musta.png","width":272,"height":88,"caption":"CMC Finland"},"image":{"@id":"https:\/\/www.cmcfinland.fi\/#\/schema\/logo\/image\/"},"sameAs":["https:\/\/www.facebook.com\/cmc.finland\/","https:\/\/x.com\/CMCFinland","https:\/\/www.instagram.com\/cmc.finland\/","https:\/\/www.youtube.com\/channel\/UC49g1WmKq81Amw1ZUa5ZRKA","https:\/\/www.linkedin.com\/company\/crisis-management-centre-cmc-finland\/"]}]}},"_links":{"self":[{"href":"https:\/\/www.cmcfinland.fi\/sv\/wp-json\/wp\/v2\/pages\/7771","targetHints":{"allow":["GET"]}}],"collection":[{"href":"https:\/\/www.cmcfinland.fi\/sv\/wp-json\/wp\/v2\/pages"}],"about":[{"href":"https:\/\/www.cmcfinland.fi\/sv\/wp-json\/wp\/v2\/types\/page"}],"author":[{"embeddable":true,"href":"https:\/\/www.cmcfinland.fi\/sv\/wp-json\/wp\/v2\/users\/1"}],"replies":[{"embeddable":true,"href":"https:\/\/www.cmcfinland.fi\/sv\/wp-json\/wp\/v2\/comments?post=7771"}],"version-history":[{"count":6,"href":"https:\/\/www.cmcfinland.fi\/sv\/wp-json\/wp\/v2\/pages\/7771\/revisions"}],"predecessor-version":[{"id":11505,"href":"https:\/\/www.cmcfinland.fi\/sv\/wp-json\/wp\/v2\/pages\/7771\/revisions\/11505"}],"up":[{"embeddable":true,"href":"https:\/\/www.cmcfinland.fi\/sv\/wp-json\/wp\/v2\/pages\/7766"}],"wp:attachment":[{"href":"https:\/\/www.cmcfinland.fi\/sv\/wp-json\/wp\/v2\/media?parent=7771"}],"curies":[{"name":"wp","href":"https:\/\/api.w.org\/{rel}","templated":true}]}}