{"id":9573,"date":"2021-02-01T13:26:19","date_gmt":"2021-02-01T11:26:19","guid":{"rendered":"https:\/\/www.cmcfinland.fi\/?page_id=9573"},"modified":"2021-02-01T13:27:45","modified_gmt":"2021-02-01T11:27:45","slug":"ankomst-tillganglighet","status":"publish","type":"page","link":"https:\/\/www.cmcfinland.fi\/sv\/om-oss\/ankomst-tillganglighet\/","title":{"rendered":"Ankomst &#038; Tillg\u00e4nglighet"},"content":{"rendered":"<h2>Ankomst<\/h2>\n<p>Adress: Krishanteringscentret CMC Finland, <a href=\"https:\/\/www.google.fi\/maps\/place\/Ratapihantie+9,+00520+Helsinki\/@60.2001025,24.9322716,17z\/data=!3m1!4b1!4m5!3m4!1s0x4692098e1e1f5637:0xaec6526a07c31a78!8m2!3d60.2000999!4d24.9344602\" target=\"_blank\" rel=\"noopener\">Bang\u00e5rdsv\u00e4gen 9, 00520 Helsingfors<\/a>.<\/p>\n<p>Krishanteringscentrets lokaler finns i B\u00f6le, p\u00e5 sj\u00e4tte v\u00e5ningen i kontorskvarteret. Ing\u00e5ngen \u00e4r fr\u00e5n Bang\u00e5rdsv\u00e4gen.<\/p>\n<p>Kontorsbyggnadens reception finns p\u00e5 v\u00e5ning -1 i fastigheten och den \u00e4r \u00f6ppen p\u00e5 vardagar kl. 8.00\u201316.15. Alla bes\u00f6kare ombeds komma \u00f6verens om sitt bes\u00f6k p\u00e5 f\u00f6rhand med sin kontaktperson vid CMC. Efter att bes\u00f6karna har anm\u00e4lt sig vid receptionen h\u00e4mtas de till Krishanteringscentrets lokaler.<\/p>\n<p>De n\u00e4rmaste h\u00e5llplatserna f\u00f6r lokaltrafiken \u00e4r sp\u00e5rvagnsh\u00e5llplatserna vid Bang\u00e5rdsv\u00e4gen och bussh\u00e5llplatserna p\u00e5 B\u00f6le station, d\u00e4r \u00e4ven n\u00e4r- och fj\u00e4rrt\u00e5gen stannar. N\u00e4rmare information om sp\u00e5rvagns- och busslinjerna och tidtabellerna finns <a href=\"http:\/\/www.hsl.fi\/sv\" target=\"_blank\" rel=\"noopener\">p\u00e5 lokaltrafikens webbplats<\/a>.<\/p>\n<p>De n\u00e4rmaste avgiftsbelagda parkeringsplatserna finns p\u00e5 Pasilan Asema Parkki.<\/p>\n<p>P\u00e5 kontorsbyggnadens f\u00f6rsta v\u00e5ning finns lunchcaf\u00e9et Vaunu.<\/p>\n<p>Krishanteringscentret \u00e4r en r\u00f6k- och doftfri arbetsplats.<\/p>\n<h2>Tillg\u00e4nglighet<\/h2>\n<p>Krishanteringscentret CMC Finlands lokaler \u00e4r tillg\u00e4ngliga.<\/p>\n<p>Bes\u00f6kare med nedsatt r\u00f6rlighet kommer in via huvuding\u00e5ngens skjutd\u00f6rrar (Bang\u00e5rdsv\u00e4gen 9, Helsingfors). Med handikapphissen kommer bes\u00f6karen till entr\u00e9v\u00e5ningen och receptionen, och d\u00e4rifr\u00e5n guidas bes\u00f6karna vidare. F\u00f6rflyttningen mellan v\u00e5ningarna sker med hiss.<\/p>\n<p>Handikapptoaletterna p\u00e5 sj\u00e4tte v\u00e5ningen finns i hisshallen bredvid n\u00f6dutg\u00e5ngen.<\/p>\n<p>Ledarhundar \u00e4r till\u00e5tna.<\/p>\n","protected":false},"excerpt":{"rendered":"<p>Ankomst Adress: Krishanteringscentret CMC Finland, Bang\u00e5rdsv\u00e4gen 9, 00520 Helsingfors. Krishanteringscentrets lokaler finns i B\u00f6le, p\u00e5 sj\u00e4tte v\u00e5ningen i kontorskvarteret. Ing\u00e5ngen \u00e4r fr\u00e5n Bang\u00e5rdsv\u00e4gen. Kontorsbyggnadens reception finns p\u00e5 v\u00e5ning -1 i fastigheten och den \u00e4r \u00f6ppen p\u00e5 vardagar kl. 8.00\u201316.15. Alla bes\u00f6kare ombeds komma \u00f6verens om sitt bes\u00f6k p\u00e5 f\u00f6rhand med sin kontaktperson vid CMC. Efter &#8230; <a title=\"Ankomst &#038; Tillg\u00e4nglighet\" class=\"read-more\" href=\"https:\/\/www.cmcfinland.fi\/sv\/om-oss\/ankomst-tillganglighet\/\" aria-label=\"Read more about Ankomst &#038; Tillg\u00e4nglighet\">L\u00e4s mer<\/a><\/p>\n","protected":false},"author":19,"featured_media":0,"parent":406,"menu_order":0,"comment_status":"closed","ping_status":"closed","template":"","meta":{"_acf_changed":false,"_relevanssi_hide_post":"","_relevanssi_hide_content":"","_relevanssi_pin_for_all":"","_relevanssi_pin_keywords":"","_relevanssi_unpin_keywords":"","_relevanssi_related_keywords":"","_relevanssi_related_include_ids":"","_relevanssi_related_exclude_ids":"","_relevanssi_related_no_append":"","_relevanssi_related_not_related":"","_relevanssi_related_posts":"","_relevanssi_noindex_reason":"","footnotes":""},"class_list":["post-9573","page","type-page","status-publish"],"acf":[],"yoast_head":"<!-- This site is optimized with the Yoast SEO plugin v27.5 - https:\/\/yoast.com\/product\/yoast-seo-wordpress\/ -->\n<title>Ankomst &amp; Tillg\u00e4nglighet - CMC Finland<\/title>\n<meta name=\"robots\" content=\"index, follow, max-snippet:-1, max-image-preview:large, max-video-preview:-1\" \/>\n<link rel=\"canonical\" href=\"https:\/\/www.cmcfinland.fi\/sv\/om-oss\/ankomst-tillganglighet\/\" \/>\n<meta property=\"og:locale\" content=\"sv_SE\" \/>\n<meta property=\"og:type\" content=\"article\" \/>\n<meta property=\"og:title\" content=\"Ankomst &amp; Tillg\u00e4nglighet - CMC Finland\" \/>\n<meta property=\"og:description\" content=\"Ankomst Adress: Krishanteringscentret CMC Finland, Bang\u00e5rdsv\u00e4gen 9, 00520 Helsingfors. Krishanteringscentrets lokaler finns i B\u00f6le, p\u00e5 sj\u00e4tte v\u00e5ningen i kontorskvarteret. Ing\u00e5ngen \u00e4r fr\u00e5n Bang\u00e5rdsv\u00e4gen. Kontorsbyggnadens reception finns p\u00e5 v\u00e5ning -1 i fastigheten och den \u00e4r \u00f6ppen p\u00e5 vardagar kl. 8.00\u201316.15. Alla bes\u00f6kare ombeds komma \u00f6verens om sitt bes\u00f6k p\u00e5 f\u00f6rhand med sin kontaktperson vid CMC. Efter ... L\u00e4s mer\" \/>\n<meta property=\"og:url\" content=\"https:\/\/www.cmcfinland.fi\/sv\/om-oss\/ankomst-tillganglighet\/\" \/>\n<meta property=\"og:site_name\" content=\"CMC Finland\" \/>\n<meta property=\"article:publisher\" content=\"https:\/\/www.facebook.com\/cmc.finland\/\" \/>\n<meta property=\"article:modified_time\" content=\"2021-02-01T11:27:45+00:00\" \/>\n<meta name=\"twitter:card\" content=\"summary_large_image\" \/>\n<meta name=\"twitter:site\" content=\"@CMCFinland\" \/>\n<meta name=\"twitter:label1\" content=\"Est. reading time\" \/>\n\t<meta name=\"twitter:data1\" content=\"1 minute\" \/>\n<script type=\"application\/ld+json\" class=\"yoast-schema-graph\">{\"@context\":\"https:\\\/\\\/schema.org\",\"@graph\":[{\"@type\":\"WebPage\",\"@id\":\"https:\\\/\\\/www.cmcfinland.fi\\\/sv\\\/om-oss\\\/ankomst-tillganglighet\\\/\",\"url\":\"https:\\\/\\\/www.cmcfinland.fi\\\/sv\\\/om-oss\\\/ankomst-tillganglighet\\\/\",\"name\":\"Ankomst & Tillg\u00e4nglighet - CMC Finland\",\"isPartOf\":{\"@id\":\"https:\\\/\\\/www.cmcfinland.fi\\\/#website\"},\"datePublished\":\"2021-02-01T11:26:19+00:00\",\"dateModified\":\"2021-02-01T11:27:45+00:00\",\"breadcrumb\":{\"@id\":\"https:\\\/\\\/www.cmcfinland.fi\\\/sv\\\/om-oss\\\/ankomst-tillganglighet\\\/#breadcrumb\"},\"inLanguage\":\"sv-SE\",\"potentialAction\":[{\"@type\":\"ReadAction\",\"target\":[\"https:\\\/\\\/www.cmcfinland.fi\\\/sv\\\/om-oss\\\/ankomst-tillganglighet\\\/\"]}]},{\"@type\":\"BreadcrumbList\",\"@id\":\"https:\\\/\\\/www.cmcfinland.fi\\\/sv\\\/om-oss\\\/ankomst-tillganglighet\\\/#breadcrumb\",\"itemListElement\":[{\"@type\":\"ListItem\",\"position\":1,\"name\":\"Framsida\",\"item\":\"https:\\\/\\\/www.cmcfinland.fi\\\/sv\\\/\"},{\"@type\":\"ListItem\",\"position\":2,\"name\":\"Om oss\",\"item\":\"https:\\\/\\\/www.cmcfinland.fi\\\/sv\\\/om-oss\\\/\"},{\"@type\":\"ListItem\",\"position\":3,\"name\":\"Ankomst &#038; Tillg\u00e4nglighet\"}]},{\"@type\":\"WebSite\",\"@id\":\"https:\\\/\\\/www.cmcfinland.fi\\\/#website\",\"url\":\"https:\\\/\\\/www.cmcfinland.fi\\\/\",\"name\":\"CMC Finland\",\"description\":\"Kriisinhallintakeskus\",\"publisher\":{\"@id\":\"https:\\\/\\\/www.cmcfinland.fi\\\/#organization\"},\"potentialAction\":[{\"@type\":\"SearchAction\",\"target\":{\"@type\":\"EntryPoint\",\"urlTemplate\":\"https:\\\/\\\/www.cmcfinland.fi\\\/?s={search_term_string}\"},\"query-input\":{\"@type\":\"PropertyValueSpecification\",\"valueRequired\":true,\"valueName\":\"search_term_string\"}}],\"inLanguage\":\"sv-SE\"},{\"@type\":\"Organization\",\"@id\":\"https:\\\/\\\/www.cmcfinland.fi\\\/#organization\",\"name\":\"CMC Finland\",\"url\":\"https:\\\/\\\/www.cmcfinland.fi\\\/\",\"logo\":{\"@type\":\"ImageObject\",\"inLanguage\":\"sv-SE\",\"@id\":\"https:\\\/\\\/www.cmcfinland.fi\\\/#\\\/schema\\\/logo\\\/image\\\/\",\"url\":\"https:\\\/\\\/www.cmcfinland.fi\\\/wp-content\\\/uploads\\\/2024\\\/01\\\/CMC_finland_logo_musta.png\",\"contentUrl\":\"https:\\\/\\\/www.cmcfinland.fi\\\/wp-content\\\/uploads\\\/2024\\\/01\\\/CMC_finland_logo_musta.png\",\"width\":272,\"height\":88,\"caption\":\"CMC Finland\"},\"image\":{\"@id\":\"https:\\\/\\\/www.cmcfinland.fi\\\/#\\\/schema\\\/logo\\\/image\\\/\"},\"sameAs\":[\"https:\\\/\\\/www.facebook.com\\\/cmc.finland\\\/\",\"https:\\\/\\\/x.com\\\/CMCFinland\",\"https:\\\/\\\/www.instagram.com\\\/cmc.finland\\\/\",\"https:\\\/\\\/www.youtube.com\\\/channel\\\/UC49g1WmKq81Amw1ZUa5ZRKA\",\"https:\\\/\\\/www.linkedin.com\\\/company\\\/crisis-management-centre-cmc-finland\\\/\"]}]}<\/script>\n<!-- \/ Yoast SEO plugin. -->","yoast_head_json":{"title":"Ankomst & Tillg\u00e4nglighet - CMC Finland","robots":{"index":"index","follow":"follow","max-snippet":"max-snippet:-1","max-image-preview":"max-image-preview:large","max-video-preview":"max-video-preview:-1"},"canonical":"https:\/\/www.cmcfinland.fi\/sv\/om-oss\/ankomst-tillganglighet\/","og_locale":"sv_SE","og_type":"article","og_title":"Ankomst & Tillg\u00e4nglighet - CMC Finland","og_description":"Ankomst Adress: Krishanteringscentret CMC Finland, Bang\u00e5rdsv\u00e4gen 9, 00520 Helsingfors. Krishanteringscentrets lokaler finns i B\u00f6le, p\u00e5 sj\u00e4tte v\u00e5ningen i kontorskvarteret. Ing\u00e5ngen \u00e4r fr\u00e5n Bang\u00e5rdsv\u00e4gen. Kontorsbyggnadens reception finns p\u00e5 v\u00e5ning -1 i fastigheten och den \u00e4r \u00f6ppen p\u00e5 vardagar kl. 8.00\u201316.15. Alla bes\u00f6kare ombeds komma \u00f6verens om sitt bes\u00f6k p\u00e5 f\u00f6rhand med sin kontaktperson vid CMC. Efter ... L\u00e4s mer","og_url":"https:\/\/www.cmcfinland.fi\/sv\/om-oss\/ankomst-tillganglighet\/","og_site_name":"CMC Finland","article_publisher":"https:\/\/www.facebook.com\/cmc.finland\/","article_modified_time":"2021-02-01T11:27:45+00:00","twitter_card":"summary_large_image","twitter_site":"@CMCFinland","twitter_misc":{"Est. reading time":"1 minute"},"schema":{"@context":"https:\/\/schema.org","@graph":[{"@type":"WebPage","@id":"https:\/\/www.cmcfinland.fi\/sv\/om-oss\/ankomst-tillganglighet\/","url":"https:\/\/www.cmcfinland.fi\/sv\/om-oss\/ankomst-tillganglighet\/","name":"Ankomst & Tillg\u00e4nglighet - CMC Finland","isPartOf":{"@id":"https:\/\/www.cmcfinland.fi\/#website"},"datePublished":"2021-02-01T11:26:19+00:00","dateModified":"2021-02-01T11:27:45+00:00","breadcrumb":{"@id":"https:\/\/www.cmcfinland.fi\/sv\/om-oss\/ankomst-tillganglighet\/#breadcrumb"},"inLanguage":"sv-SE","potentialAction":[{"@type":"ReadAction","target":["https:\/\/www.cmcfinland.fi\/sv\/om-oss\/ankomst-tillganglighet\/"]}]},{"@type":"BreadcrumbList","@id":"https:\/\/www.cmcfinland.fi\/sv\/om-oss\/ankomst-tillganglighet\/#breadcrumb","itemListElement":[{"@type":"ListItem","position":1,"name":"Framsida","item":"https:\/\/www.cmcfinland.fi\/sv\/"},{"@type":"ListItem","position":2,"name":"Om oss","item":"https:\/\/www.cmcfinland.fi\/sv\/om-oss\/"},{"@type":"ListItem","position":3,"name":"Ankomst &#038; Tillg\u00e4nglighet"}]},{"@type":"WebSite","@id":"https:\/\/www.cmcfinland.fi\/#website","url":"https:\/\/www.cmcfinland.fi\/","name":"CMC Finland","description":"Kriisinhallintakeskus","publisher":{"@id":"https:\/\/www.cmcfinland.fi\/#organization"},"potentialAction":[{"@type":"SearchAction","target":{"@type":"EntryPoint","urlTemplate":"https:\/\/www.cmcfinland.fi\/?s={search_term_string}"},"query-input":{"@type":"PropertyValueSpecification","valueRequired":true,"valueName":"search_term_string"}}],"inLanguage":"sv-SE"},{"@type":"Organization","@id":"https:\/\/www.cmcfinland.fi\/#organization","name":"CMC Finland","url":"https:\/\/www.cmcfinland.fi\/","logo":{"@type":"ImageObject","inLanguage":"sv-SE","@id":"https:\/\/www.cmcfinland.fi\/#\/schema\/logo\/image\/","url":"https:\/\/www.cmcfinland.fi\/wp-content\/uploads\/2024\/01\/CMC_finland_logo_musta.png","contentUrl":"https:\/\/www.cmcfinland.fi\/wp-content\/uploads\/2024\/01\/CMC_finland_logo_musta.png","width":272,"height":88,"caption":"CMC Finland"},"image":{"@id":"https:\/\/www.cmcfinland.fi\/#\/schema\/logo\/image\/"},"sameAs":["https:\/\/www.facebook.com\/cmc.finland\/","https:\/\/x.com\/CMCFinland","https:\/\/www.instagram.com\/cmc.finland\/","https:\/\/www.youtube.com\/channel\/UC49g1WmKq81Amw1ZUa5ZRKA","https:\/\/www.linkedin.com\/company\/crisis-management-centre-cmc-finland\/"]}]}},"_links":{"self":[{"href":"https:\/\/www.cmcfinland.fi\/sv\/wp-json\/wp\/v2\/pages\/9573","targetHints":{"allow":["GET"]}}],"collection":[{"href":"https:\/\/www.cmcfinland.fi\/sv\/wp-json\/wp\/v2\/pages"}],"about":[{"href":"https:\/\/www.cmcfinland.fi\/sv\/wp-json\/wp\/v2\/types\/page"}],"author":[{"embeddable":true,"href":"https:\/\/www.cmcfinland.fi\/sv\/wp-json\/wp\/v2\/users\/19"}],"replies":[{"embeddable":true,"href":"https:\/\/www.cmcfinland.fi\/sv\/wp-json\/wp\/v2\/comments?post=9573"}],"version-history":[{"count":1,"href":"https:\/\/www.cmcfinland.fi\/sv\/wp-json\/wp\/v2\/pages\/9573\/revisions"}],"predecessor-version":[{"id":9574,"href":"https:\/\/www.cmcfinland.fi\/sv\/wp-json\/wp\/v2\/pages\/9573\/revisions\/9574"}],"up":[{"embeddable":true,"href":"https:\/\/www.cmcfinland.fi\/sv\/wp-json\/wp\/v2\/pages\/406"}],"wp:attachment":[{"href":"https:\/\/www.cmcfinland.fi\/sv\/wp-json\/wp\/v2\/media?parent=9573"}],"curies":[{"name":"wp","href":"https:\/\/api.w.org\/{rel}","templated":true}]}}